{"id":914,"date":"2022-10-11T15:16:49","date_gmt":"2022-10-11T20:16:49","guid":{"rendered":"https:\/\/insixsigma.com.mx\/?page_id=914"},"modified":"2023-02-13T13:52:00","modified_gmt":"2023-02-13T19:52:00","slug":"sachet","status":"publish","type":"page","link":"https:\/\/insixsigma.com.mx\/en\/envasamos-tus-productos\/sachet\/","title":{"rendered":"Sachet"},"content":{"rendered":"<p>El <strong>Sachet<\/strong> que ofrece <strong><mark style=\"background-color:rgba(0, 0, 0, 0)\" class=\"has-inline-color has-vivid-cyan-blue-color\">Food Insixsigma<\/mark><\/strong> es una bolsa o sobre impreso o no impreso termosellable con tres o cuatro fuelles laterales planos. Las medidas que se pueden manejar en <strong>Sachet<\/strong> son:<\/p>\n\n\n\n<div class=\"wp-block-columns is-layout-flex wp-container-core-columns-is-layout-1 wp-block-columns-is-layout-flex\">\n<div class=\"wp-block-column is-layout-flow wp-block-column-is-layout-flow\">\n<blockquote class=\"wp-block-quote is-layout-flow wp-block-quote-is-layout-flow\" style=\"font-style:normal;font-weight:600\">\n<p>M\u00ednimas:<\/p>\n\n\n\n<p>Ancho: 4.5cm<br>Alto: 5cm<br>Gramos: 2<br>Mililitros: 2<\/p>\n<\/blockquote>\n<\/div>\n\n\n\n<div class=\"wp-block-column is-layout-flow wp-block-column-is-layout-flow\">\n<blockquote class=\"wp-block-quote is-layout-flow wp-block-quote-is-layout-flow\" style=\"font-style:normal;font-weight:600\">\n<p>M\u00e1ximas:<\/p>\n\n\n\n<p>Ancho: 20cm<br>Alto: 20cm<br>Gramos: 1000<br>Mililitros: 500<\/p>\n<\/blockquote>\n<\/div>\n<\/div>\n\n\n\n<p>El <strong>Sachet<\/strong> es uno de los envases m\u00e1s utilizados por la industria ya que al ser un envase de un solo uso brinda practicidad al consumidor. <strong><mark style=\"background-color:rgba(0, 0, 0, 0)\" class=\"has-inline-color has-vivid-cyan-blue-color\">Food Insixsigma<\/mark><\/strong> cuenta con m\u00e1s de 20 a\u00f1os de experiencia en este tipo de envase en diferentes estructuras de materiales y diversos productos, con este se ha envasado crema de cacahuate, catsup, caramelo, miel, bolis, gelatina, etc. El <strong>sachet<\/strong> es un envase versatil de un solo uso que se puede utilizar con cualquier producto, sin impresi\u00f3n o con cualquier impresi\u00f3n. Usualmente se utiliza dentro de display o con tira de impulso para una mejor presentaci\u00f3n de producto.<\/p>\n\n\n\n<h2 id=\"wp-block-themeisle-blocks-advanced-heading-85a2ef17\" class=\"wp-block-themeisle-blocks-advanced-heading wp-block-themeisle-blocks-advanced-heading-85a2ef17\"><strong>Ventajas competitivas de el Sachet<\/strong><\/h2>\n\n\n\n<blockquote class=\"wp-block-quote is-layout-flow wp-block-quote-is-layout-flow\">\n<p>1. Material de empaque<br>2. Econom\u00eda de espacio<br>3. Presencia en punto de venta<br>4. Multifuncionalidad<br>5. Personalizaci\u00f3n<\/p>\n<\/blockquote>\n\n\n\n<h3 id=\"wp-block-themeisle-blocks-advanced-heading-f4d15030\" class=\"wp-block-themeisle-blocks-advanced-heading wp-block-themeisle-blocks-advanced-heading-f4d15030\"><strong>1. Costo de material de empaque<\/strong><\/h3>\n\n\n\n<div class=\"wp-block-columns is-layout-flex wp-container-core-columns-is-layout-2 wp-block-columns-is-layout-flex\">\n<div class=\"wp-block-column is-layout-flow wp-block-column-is-layout-flow\">\n<figure class=\"wp-block-image size-full\"><img loading=\"lazy\" decoding=\"async\" width=\"509\" height=\"318\" src=\"https:\/\/insixsigma.com.mx\/wp-content\/uploads\/2022\/10\/flexografia.jpg\" alt=\"\" class=\"wp-image-897\" srcset=\"https:\/\/insixsigma.com.mx\/wp-content\/uploads\/2022\/10\/flexografia.jpg 509w, https:\/\/insixsigma.com.mx\/wp-content\/uploads\/2022\/10\/flexografia-300x187.jpg 300w\" sizes=\"auto, (max-width: 509px) 100vw, 509px\" \/><\/figure>\n\n\n\n<p>Tambi\u00e9n este material presenta caracter\u00edsticas que lo hacen resistente a sustancias qu\u00edmicas y agentes f\u00edsicos. El material de envase es resistente a perforaciones, grietas por flexi\u00f3n, un amplio rango de temperaturas y golpes. Este material agrega 6 meses de vida \u00fatil a productos alimenticios y si se combina con otros materiales aumenta exponencialmente la vida de los productos. Adem\u00e1s de ser un material resistente a microondas, pasteurizaci\u00f3n, envasado al vac\u00edo y otros procesos de cocinado y seguridad alimentaria.<\/p>\n\n\n\n<h3 id=\"wp-block-themeisle-blocks-advanced-heading-f9b18634\" class=\"wp-block-themeisle-blocks-advanced-heading wp-block-themeisle-blocks-advanced-heading-f9b18634\"><strong>2. Econom\u00eda de espacio<\/strong> <strong>y peso<\/strong><\/h3>\n\n\n\n<p>El <strong>sachet <\/strong>al ser resistente a tantos eventos que se dan durante el almacenaje y la transportaci\u00f3n es un envase \u00f3ptimo para el proceso productivo de alimentos adem\u00e1s de ahorrar hasta un 20% de espacio en comparaci\u00f3n a otros envases, ya que al ser deformable y resistente al mismo tiempo, permite un empaquetado m\u00e1s eficiente en cajas o display. En el punto de venta permite ahorrar espacio con tiras de impulso o display.<\/p>\n\n\n\n<figure class=\"wp-block-image size-full\"><img loading=\"lazy\" decoding=\"async\" width=\"436\" height=\"199\" src=\"https:\/\/insixsigma.com.mx\/wp-content\/uploads\/2022\/10\/TiraImpulsachet.png\" alt=\"\" class=\"wp-image-948\" srcset=\"https:\/\/insixsigma.com.mx\/wp-content\/uploads\/2022\/10\/TiraImpulsachet.png 436w, https:\/\/insixsigma.com.mx\/wp-content\/uploads\/2022\/10\/TiraImpulsachet-300x137.png 300w\" sizes=\"auto, (max-width: 436px) 100vw, 436px\" \/><\/figure>\n<\/div>\n\n\n\n<div class=\"wp-block-column is-layout-flow wp-block-column-is-layout-flow\">\n<p>El <strong>sachet<\/strong> usualmente se fabrica a partir de una bobina de BOPP(polipropileno biorientado) que es un material  un 80 % m\u00e1s econ\u00f3mico en comparaci\u00f3n a otros materiales de envase. Pero mantiene las propiedades de otros materiales c\u00f3mo la seguridad alimentaria gracias a la barrera resistente al oxigeno y a la humedad adem\u00e1s de protecci\u00f3n contra rayos violeta seg\u00fan la estructura de bobina que se formule.<\/p>\n\n\n\n<figure class=\"wp-block-image size-full\"><img loading=\"lazy\" decoding=\"async\" width=\"509\" height=\"369\" src=\"https:\/\/insixsigma.com.mx\/wp-content\/uploads\/2022\/10\/Sachets-1.png\" alt=\"\" class=\"wp-image-947\" srcset=\"https:\/\/insixsigma.com.mx\/wp-content\/uploads\/2022\/10\/Sachets-1.png 509w, https:\/\/insixsigma.com.mx\/wp-content\/uploads\/2022\/10\/Sachets-1-300x217.png 300w\" sizes=\"auto, (max-width: 509px) 100vw, 509px\" \/><\/figure>\n\n\n\n<h3 id=\"wp-block-themeisle-blocks-advanced-heading-5204d560\" class=\"wp-block-themeisle-blocks-advanced-heading wp-block-themeisle-blocks-advanced-heading-5204d560\"><strong>3. Practicidad<\/strong><\/h3>\n\n\n\n<p>El <strong>sachet <\/strong>esta dise\u00f1ado para ser utilizado una vez por su tama\u00f1o y tambi\u00e9n su dise\u00f1o de abre f\u00e1cil. Es muy utilizado para las cadenas de autoservicios para envasar catsup, mayonesa y otras salsas. Para el consumidor final este envase suele utilizarse para azucar, t\u00e9, miel y muchos otros productos. El <strong>sachet<\/strong> de <strong><mark style=\"background-color:rgba(0, 0, 0, 0)\" class=\"has-inline-color has-vivid-cyan-blue-color\">Food Insixsigma<\/mark><\/strong> es perfecto para productos que se van a utilizar en un solo consumo.<\/p>\n\n\n\n<h3 id=\"wp-block-themeisle-blocks-advanced-heading-406cd329\" class=\"wp-block-themeisle-blocks-advanced-heading wp-block-themeisle-blocks-advanced-heading-406cd329\"><strong>4.<\/strong> <strong>Multifuncionalidad<\/strong><\/h3>\n\n\n\n<p>En<strong><mark style=\"background-color:rgba(0, 0, 0, 0)\" class=\"has-inline-color has-vivid-cyan-blue-color\"> Food Insixsigma<\/mark><\/strong> contamos con la capacidad productiva para <strong>procesar y envasar productos alimenticios en polvo, l\u00edquido, s\u00f3lido y granulado en Sachet.<\/strong> Existe una inmensidad de productos que ya se envasan en este envase como catsup, jarabe de chocolate, gelatina, sustituto para crema, caf\u00e9 y muchos otros. <strong><mark style=\"background-color:rgba(0, 0, 0, 0)\" class=\"has-inline-color has-vivid-cyan-blue-color\">Food insixsigma<\/mark><\/strong> ofrece la posibilidad de envasar casi cualquier producto en <strong>sachet<\/strong>.<\/p>\n<\/div>\n<\/div>\n\n\n\n<h3 id=\"wp-block-themeisle-blocks-advanced-heading-11c33174\" class=\"wp-block-themeisle-blocks-advanced-heading wp-block-themeisle-blocks-advanced-heading-11c33174\"><strong>5. Personalizaci\u00f3n<\/strong><\/h3>\n\n\n\n<p>Con <strong><mark style=\"background-color:rgba(0, 0, 0, 0)\" class=\"has-inline-color has-vivid-cyan-blue-color\">Food Insixsigma<\/mark><\/strong> puedes dise\u00f1ar cualquier tipo de envase, la ventaja que nos ofrecen el <strong>sachet<\/strong> de tener un empaque totalmente personalizable y dise\u00f1able al 100% es una gran oportunidad de ganar mercado por el dise\u00f1o de nuestros empaques y con la creatividad agregando tiras de impulso o displays podemos impactar al consumidor de diversas maneras.<\/p>\n\n\n\n<figure class=\"wp-block-image size-large\"><img loading=\"lazy\" decoding=\"async\" width=\"1024\" height=\"209\" src=\"https:\/\/insixsigma.com.mx\/wp-content\/uploads\/2022\/10\/SachetPErsonalizado-1024x209.jpg\" alt=\"\" class=\"wp-image-951\" srcset=\"https:\/\/insixsigma.com.mx\/wp-content\/uploads\/2022\/10\/SachetPErsonalizado-1024x209.jpg 1024w, https:\/\/insixsigma.com.mx\/wp-content\/uploads\/2022\/10\/SachetPErsonalizado-300x61.jpg 300w, https:\/\/insixsigma.com.mx\/wp-content\/uploads\/2022\/10\/SachetPErsonalizado-768x157.jpg 768w, https:\/\/insixsigma.com.mx\/wp-content\/uploads\/2022\/10\/SachetPErsonalizado-600x123.jpg 600w, https:\/\/insixsigma.com.mx\/wp-content\/uploads\/2022\/10\/SachetPErsonalizado.jpg 1365w\" sizes=\"auto, (max-width: 1024px) 100vw, 1024px\" \/><\/figure>\n\n\n\n<div class=\"wp-block-buttons is-layout-flex wp-block-buttons-is-layout-flex\">\n<div class=\"wp-block-button has-custom-width wp-block-button__width-100\"><a class=\"wp-block-button__link has-vivid-cyan-blue-background-color has-background wp-element-button\">Quote your product<\/a><\/div>\n<\/div>","protected":false},"excerpt":{"rendered":"<p>El Sachet que ofrece Food Insixsigma es una bolsa o sobre impreso o no impreso termosellable con tres o cuatro fuelles laterales planos. Las medidas&hellip;<\/p>","protected":false},"author":1,"featured_media":932,"parent":416,"menu_order":0,"comment_status":"closed","ping_status":"closed","template":"","meta":{"_themeisle_gutenberg_block_has_review":false,"_joinchat":[],"footnotes":""},"class_list":["post-914","page","type-page","status-publish","has-post-thumbnail","hentry"],"yoast_head":"<!-- This site is optimized with the Yoast SEO plugin v26.8 - https:\/\/yoast.com\/product\/yoast-seo-wordpress\/ -->\n<title>Sachet - Food insixsigma<\/title>\n<meta name=\"description\" content=\"Food Insixsigma cuenta con m\u00e1s de 20 a\u00f1os de experiencia trabajando con el sachet en diferentes estructuras de materiales y diversos productos\" \/>\n<meta name=\"robots\" content=\"index, follow, max-snippet:-1, max-image-preview:large, max-video-preview:-1\" \/>\n<link rel=\"canonical\" href=\"https:\/\/insixsigma.com.mx\/en\/envasamos-tus-productos\/sachet\/\" \/>\n<meta property=\"og:locale\" content=\"en_US\" \/>\n<meta property=\"og:type\" content=\"article\" \/>\n<meta property=\"og:title\" content=\"Sachet - Food insixsigma\" \/>\n<meta property=\"og:description\" content=\"Food Insixsigma cuenta con m\u00e1s de 20 a\u00f1os de experiencia trabajando con el sachet en diferentes estructuras de materiales y diversos productos\" \/>\n<meta property=\"og:url\" content=\"https:\/\/insixsigma.com.mx\/en\/envasamos-tus-productos\/sachet\/\" \/>\n<meta property=\"og:site_name\" content=\"Food insixsigma\" \/>\n<meta property=\"article:publisher\" content=\"https:\/\/www.facebook.com\/p\/Food-Insixsigma-sa-de-cv-100079939892505\/\" \/>\n<meta property=\"article:modified_time\" content=\"2023-02-13T19:52:00+00:00\" \/>\n<meta property=\"og:image\" content=\"https:\/\/insixsigma.com.mx\/wp-content\/uploads\/2022\/10\/SachetPortada.png\" \/>\n\t<meta property=\"og:image:width\" content=\"926\" \/>\n\t<meta property=\"og:image:height\" content=\"152\" \/>\n\t<meta property=\"og:image:type\" content=\"image\/png\" \/>\n<meta name=\"twitter:card\" content=\"summary_large_image\" \/>\n<meta name=\"twitter:label1\" content=\"Est. reading time\" \/>\n\t<meta name=\"twitter:data1\" content=\"4 minutes\" \/>\n<script type=\"application\/ld+json\" class=\"yoast-schema-graph\">{\"@context\":\"https:\/\/schema.org\",\"@graph\":[{\"@type\":\"WebPage\",\"@id\":\"https:\/\/insixsigma.com.mx\/envasamos-tus-productos\/sachet\/\",\"url\":\"https:\/\/insixsigma.com.mx\/envasamos-tus-productos\/sachet\/\",\"name\":\"Sachet - Food insixsigma\",\"isPartOf\":{\"@id\":\"https:\/\/insixsigma.com.mx\/#website\"},\"primaryImageOfPage\":{\"@id\":\"https:\/\/insixsigma.com.mx\/envasamos-tus-productos\/sachet\/#primaryimage\"},\"image\":{\"@id\":\"https:\/\/insixsigma.com.mx\/envasamos-tus-productos\/sachet\/#primaryimage\"},\"thumbnailUrl\":\"https:\/\/insixsigma.com.mx\/wp-content\/uploads\/2022\/10\/SachetPortada.png\",\"datePublished\":\"2022-10-11T20:16:49+00:00\",\"dateModified\":\"2023-02-13T19:52:00+00:00\",\"description\":\"Food Insixsigma cuenta con m\u00e1s de 20 a\u00f1os de experiencia trabajando con el sachet en diferentes estructuras de materiales y diversos productos\",\"breadcrumb\":{\"@id\":\"https:\/\/insixsigma.com.mx\/envasamos-tus-productos\/sachet\/#breadcrumb\"},\"inLanguage\":\"en-US\",\"potentialAction\":[{\"@type\":\"ReadAction\",\"target\":[\"https:\/\/insixsigma.com.mx\/envasamos-tus-productos\/sachet\/\"]}]},{\"@type\":\"ImageObject\",\"inLanguage\":\"en-US\",\"@id\":\"https:\/\/insixsigma.com.mx\/envasamos-tus-productos\/sachet\/#primaryimage\",\"url\":\"https:\/\/insixsigma.com.mx\/wp-content\/uploads\/2022\/10\/SachetPortada.png\",\"contentUrl\":\"https:\/\/insixsigma.com.mx\/wp-content\/uploads\/2022\/10\/SachetPortada.png\",\"width\":926,\"height\":152,\"caption\":\"SACHET\"},{\"@type\":\"BreadcrumbList\",\"@id\":\"https:\/\/insixsigma.com.mx\/envasamos-tus-productos\/sachet\/#breadcrumb\",\"itemListElement\":[{\"@type\":\"ListItem\",\"position\":1,\"name\":\"Home\",\"item\":\"https:\/\/insixsigma.com.mx\/\"},{\"@type\":\"ListItem\",\"position\":2,\"name\":\"Envasamos tus productos\",\"item\":\"https:\/\/insixsigma.com.mx\/envasamos-tus-productos\/\"},{\"@type\":\"ListItem\",\"position\":3,\"name\":\"Sachet\"}]},{\"@type\":\"WebSite\",\"@id\":\"https:\/\/insixsigma.com.mx\/#website\",\"url\":\"https:\/\/insixsigma.com.mx\/\",\"name\":\"Food insixsigma\",\"description\":\"Maquila de envasado y producci\u00f3n.\",\"publisher\":{\"@id\":\"https:\/\/insixsigma.com.mx\/#organization\"},\"potentialAction\":[{\"@type\":\"SearchAction\",\"target\":{\"@type\":\"EntryPoint\",\"urlTemplate\":\"https:\/\/insixsigma.com.mx\/?s={search_term_string}\"},\"query-input\":{\"@type\":\"PropertyValueSpecification\",\"valueRequired\":true,\"valueName\":\"search_term_string\"}}],\"inLanguage\":\"en-US\"},{\"@type\":\"Organization\",\"@id\":\"https:\/\/insixsigma.com.mx\/#organization\",\"name\":\"Food insixsigma\",\"url\":\"https:\/\/insixsigma.com.mx\/\",\"logo\":{\"@type\":\"ImageObject\",\"inLanguage\":\"en-US\",\"@id\":\"https:\/\/insixsigma.com.mx\/#\/schema\/logo\/image\/\",\"url\":\"https:\/\/insixsigma.com.mx\/wp-content\/uploads\/2022\/09\/LOGOtipo.png\",\"contentUrl\":\"https:\/\/insixsigma.com.mx\/wp-content\/uploads\/2022\/09\/LOGOtipo.png\",\"width\":150,\"height\":100,\"caption\":\"Food insixsigma\"},\"image\":{\"@id\":\"https:\/\/insixsigma.com.mx\/#\/schema\/logo\/image\/\"},\"sameAs\":[\"https:\/\/www.facebook.com\/p\/Food-Insixsigma-sa-de-cv-100079939892505\/\"]}]}<\/script>\n<!-- \/ Yoast SEO plugin. -->","yoast_head_json":{"title":"Sachet - Food insixsigma","description":"Food Insixsigma cuenta con m\u00e1s de 20 a\u00f1os de experiencia trabajando con el sachet en diferentes estructuras de materiales y diversos productos","robots":{"index":"index","follow":"follow","max-snippet":"max-snippet:-1","max-image-preview":"max-image-preview:large","max-video-preview":"max-video-preview:-1"},"canonical":"https:\/\/insixsigma.com.mx\/en\/envasamos-tus-productos\/sachet\/","og_locale":"en_US","og_type":"article","og_title":"Sachet - Food insixsigma","og_description":"Food Insixsigma cuenta con m\u00e1s de 20 a\u00f1os de experiencia trabajando con el sachet en diferentes estructuras de materiales y diversos productos","og_url":"https:\/\/insixsigma.com.mx\/en\/envasamos-tus-productos\/sachet\/","og_site_name":"Food insixsigma","article_publisher":"https:\/\/www.facebook.com\/p\/Food-Insixsigma-sa-de-cv-100079939892505\/","article_modified_time":"2023-02-13T19:52:00+00:00","og_image":[{"width":926,"height":152,"url":"https:\/\/insixsigma.com.mx\/wp-content\/uploads\/2022\/10\/SachetPortada.png","type":"image\/png"}],"twitter_card":"summary_large_image","twitter_misc":{"Est. reading time":"4 minutes"},"schema":{"@context":"https:\/\/schema.org","@graph":[{"@type":"WebPage","@id":"https:\/\/insixsigma.com.mx\/envasamos-tus-productos\/sachet\/","url":"https:\/\/insixsigma.com.mx\/envasamos-tus-productos\/sachet\/","name":"Sachet - Food insixsigma","isPartOf":{"@id":"https:\/\/insixsigma.com.mx\/#website"},"primaryImageOfPage":{"@id":"https:\/\/insixsigma.com.mx\/envasamos-tus-productos\/sachet\/#primaryimage"},"image":{"@id":"https:\/\/insixsigma.com.mx\/envasamos-tus-productos\/sachet\/#primaryimage"},"thumbnailUrl":"https:\/\/insixsigma.com.mx\/wp-content\/uploads\/2022\/10\/SachetPortada.png","datePublished":"2022-10-11T20:16:49+00:00","dateModified":"2023-02-13T19:52:00+00:00","description":"Food Insixsigma cuenta con m\u00e1s de 20 a\u00f1os de experiencia trabajando con el sachet en diferentes estructuras de materiales y diversos productos","breadcrumb":{"@id":"https:\/\/insixsigma.com.mx\/envasamos-tus-productos\/sachet\/#breadcrumb"},"inLanguage":"en-US","potentialAction":[{"@type":"ReadAction","target":["https:\/\/insixsigma.com.mx\/envasamos-tus-productos\/sachet\/"]}]},{"@type":"ImageObject","inLanguage":"en-US","@id":"https:\/\/insixsigma.com.mx\/envasamos-tus-productos\/sachet\/#primaryimage","url":"https:\/\/insixsigma.com.mx\/wp-content\/uploads\/2022\/10\/SachetPortada.png","contentUrl":"https:\/\/insixsigma.com.mx\/wp-content\/uploads\/2022\/10\/SachetPortada.png","width":926,"height":152,"caption":"SACHET"},{"@type":"BreadcrumbList","@id":"https:\/\/insixsigma.com.mx\/envasamos-tus-productos\/sachet\/#breadcrumb","itemListElement":[{"@type":"ListItem","position":1,"name":"Home","item":"https:\/\/insixsigma.com.mx\/"},{"@type":"ListItem","position":2,"name":"Envasamos tus productos","item":"https:\/\/insixsigma.com.mx\/envasamos-tus-productos\/"},{"@type":"ListItem","position":3,"name":"Sachet"}]},{"@type":"WebSite","@id":"https:\/\/insixsigma.com.mx\/#website","url":"https:\/\/insixsigma.com.mx\/","name":"Food insixsigma","description":"Maquila de envasado y producci\u00f3n.","publisher":{"@id":"https:\/\/insixsigma.com.mx\/#organization"},"potentialAction":[{"@type":"SearchAction","target":{"@type":"EntryPoint","urlTemplate":"https:\/\/insixsigma.com.mx\/?s={search_term_string}"},"query-input":{"@type":"PropertyValueSpecification","valueRequired":true,"valueName":"search_term_string"}}],"inLanguage":"en-US"},{"@type":"Organization","@id":"https:\/\/insixsigma.com.mx\/#organization","name":"Food insixsigma","url":"https:\/\/insixsigma.com.mx\/","logo":{"@type":"ImageObject","inLanguage":"en-US","@id":"https:\/\/insixsigma.com.mx\/#\/schema\/logo\/image\/","url":"https:\/\/insixsigma.com.mx\/wp-content\/uploads\/2022\/09\/LOGOtipo.png","contentUrl":"https:\/\/insixsigma.com.mx\/wp-content\/uploads\/2022\/09\/LOGOtipo.png","width":150,"height":100,"caption":"Food insixsigma"},"image":{"@id":"https:\/\/insixsigma.com.mx\/#\/schema\/logo\/image\/"},"sameAs":["https:\/\/www.facebook.com\/p\/Food-Insixsigma-sa-de-cv-100079939892505\/"]}]}},"_links":{"self":[{"href":"https:\/\/insixsigma.com.mx\/en\/wp-json\/wp\/v2\/pages\/914","targetHints":{"allow":["GET"]}}],"collection":[{"href":"https:\/\/insixsigma.com.mx\/en\/wp-json\/wp\/v2\/pages"}],"about":[{"href":"https:\/\/insixsigma.com.mx\/en\/wp-json\/wp\/v2\/types\/page"}],"author":[{"embeddable":true,"href":"https:\/\/insixsigma.com.mx\/en\/wp-json\/wp\/v2\/users\/1"}],"replies":[{"embeddable":true,"href":"https:\/\/insixsigma.com.mx\/en\/wp-json\/wp\/v2\/comments?post=914"}],"version-history":[{"count":13,"href":"https:\/\/insixsigma.com.mx\/en\/wp-json\/wp\/v2\/pages\/914\/revisions"}],"predecessor-version":[{"id":1177,"href":"https:\/\/insixsigma.com.mx\/en\/wp-json\/wp\/v2\/pages\/914\/revisions\/1177"}],"up":[{"embeddable":true,"href":"https:\/\/insixsigma.com.mx\/en\/wp-json\/wp\/v2\/pages\/416"}],"wp:featuredmedia":[{"embeddable":true,"href":"https:\/\/insixsigma.com.mx\/en\/wp-json\/wp\/v2\/media\/932"}],"wp:attachment":[{"href":"https:\/\/insixsigma.com.mx\/en\/wp-json\/wp\/v2\/media?parent=914"}],"curies":[{"name":"wp","href":"https:\/\/api.w.org\/{rel}","templated":true}]}}