{"id":809,"date":"2018-03-02T09:25:15","date_gmt":"2018-03-02T09:25:15","guid":{"rendered":"http:\/\/offshorethemes.com\/demo\/sparkconstruction\/?page_id=240"},"modified":"2023-02-28T11:11:42","modified_gmt":"2023-02-28T17:11:42","slug":"doy-pack","status":"publish","type":"page","link":"https:\/\/insixsigma.com.mx\/en\/envasamos-tus-productos\/doy-pack\/","title":{"rendered":"Doy Pack"},"content":{"rendered":"<p>El <strong>Doy Pack o &#8220;stand up pouch&#8221;<\/strong> que ofrece <strong><mark style=\"background-color:rgba(0, 0, 0, 0)\" class=\"has-inline-color has-vivid-cyan-blue-color\">Food Insixsigma<\/mark><\/strong> es una bolsa impresa o no impresa termosellable con fuelles laterales planos y fuelle de fondo curvado que permite al producto estar &#8220;de pie&#8221; y se mantenga en posici\u00f3n vertical sobre su propio peso una vez llenado el sobre.<\/p>\n\n\n\n<p>El <strong>Doy Pack<\/strong> es un empaque muy vers\u00e1til que puede ser utilizado con tap\u00f3n, zipper, euro hole y tambi\u00e9n puede ser usado con forma y abre f\u00e1cil, lo que lo vuelve un empaque muy competitivo y llamativo dentro del mercado.<\/p>\n\n\n\n<p>El <strong>&#8220;stand up pouch&#8221; o Doy Pack<\/strong> es un empaque en tendencia que presenta varias ventajas competitivas en comparaci\u00f3n a los empaques flexibles tradicionales y por su estructura es capaz de sustituir a los empaques r\u00edgidos. Algunas de las caracter\u00edsticas competitivas de este empaque son las siguientes<\/p>\n\n\n\n<p>Las medidas de <strong>&#8220;stand up pouch&#8221; <\/strong> con las que podemos operar son:<\/p>\n\n\n\n<div class=\"wp-block-columns is-layout-flex wp-container-core-columns-is-layout-2 wp-block-columns-is-layout-flex\">\n<div class=\"wp-block-column is-layout-flow wp-block-column-is-layout-flow\" style=\"flex-basis:100%\">\n<div class=\"wp-block-columns is-layout-flex wp-container-core-columns-is-layout-1 wp-block-columns-is-layout-flex\">\n<div class=\"wp-block-column is-layout-flow wp-block-column-is-layout-flow\">\n<blockquote class=\"wp-block-quote is-layout-flow wp-block-quote-is-layout-flow\">\n<p>M\u00ednimas:<\/p>\n\n\n\n<p>Ancho: 10cm<br>Alto: 6cm<br>Polvos: 30g<br>Liquidos: 5ml<\/p>\n<\/blockquote>\n<\/div>\n\n\n\n<div class=\"wp-block-column is-layout-flow wp-block-column-is-layout-flow\">\n<blockquote class=\"wp-block-quote is-layout-flow wp-block-quote-is-layout-flow\">\n<p>M\u00e1ximas:<\/p>\n\n\n\n<p>Ancho: 30cm<br>Alto: 18cm<br>Kilogramos: 3<br>Litros: 3<\/p>\n<\/blockquote>\n<\/div>\n<\/div>\n<\/div>\n<\/div>\n\n\n\n<p class=\"has-medium-font-size\"><strong>Ventajas competitivas de el Doy Pack o &#8220;stand up pouch&#8221;<\/strong><\/p>\n\n\n\n<blockquote class=\"wp-block-quote is-layout-flow wp-block-quote-is-layout-flow\">\n<p>1. Material de empaque<br>2. Econom\u00eda de espacio<br>3. Presencia en punto de venta<br>4. Multifuncionalidad<br>5. Personalizaci\u00f3n<\/p>\n<\/blockquote>\n\n\n\n<p><strong>1. Costo de material de empaque<\/strong><\/p>\n\n\n\n<div class=\"wp-block-columns is-layout-flex wp-container-core-columns-is-layout-3 wp-block-columns-is-layout-flex\">\n<div class=\"wp-block-column is-layout-flow wp-block-column-is-layout-flow\">\n<figure class=\"wp-block-image size-full\"><img loading=\"lazy\" decoding=\"async\" width=\"509\" height=\"318\" src=\"https:\/\/insixsigma.com.mx\/wp-content\/uploads\/2022\/10\/flexografia.jpg\" alt=\"\" class=\"wp-image-897\" srcset=\"https:\/\/insixsigma.com.mx\/wp-content\/uploads\/2022\/10\/flexografia.jpg 509w, https:\/\/insixsigma.com.mx\/wp-content\/uploads\/2022\/10\/flexografia-300x187.jpg 300w\" sizes=\"auto, (max-width: 509px) 100vw, 509px\" \/><\/figure>\n\n\n\n<p>Tambi\u00e9n este material presenta caracter\u00edsticas que lo hacen resistente a sustancias qu\u00edmicas y agentes f\u00edsicos. El material de envase es resistente a perforaciones, grietas por flexi\u00f3n, un amplio rango de temperaturas y golpes. Este material agrega 6 meses de vida \u00fatil a productos alimenticios y si se combina con otros materiales aumenta exponencialmente la vida de los productos. Adem\u00e1s de ser un material resistente a microondas, pasteurizaci\u00f3n, envasado al vac\u00edo y otros procesos de cocinado y seguridad alimentaria.<\/p>\n\n\n\n<p><strong>2. Econom\u00eda de espacio<\/strong> <strong>y peso<\/strong><\/p>\n\n\n\n<p>El <strong>Doy Pack o &#8220;stand up pouch&#8221; <\/strong>al ser resistente a tantos eventos que se dan durante el almacenaje y la transportaci\u00f3n es un envase \u00f3ptimo para el proceso productivo de alimentos adem\u00e1s de ahorrar hasta un 20% de espacio en comparaci\u00f3n a otros envases, ya que al ser deformable y resistente al mismo tiempo, permite un empaquetado m\u00e1s eficiente en cajas o display.<\/p>\n\n\n\n<figure class=\"wp-block-image size-full is-resized\"><img loading=\"lazy\" decoding=\"async\" src=\"https:\/\/insixsigma.com.mx\/wp-content\/uploads\/2022\/10\/DoyPAck.jpg\" alt=\"\" class=\"wp-image-903\" width=\"403\" height=\"403\" srcset=\"https:\/\/insixsigma.com.mx\/wp-content\/uploads\/2022\/10\/DoyPAck.jpg 600w, https:\/\/insixsigma.com.mx\/wp-content\/uploads\/2022\/10\/DoyPAck-300x300.jpg 300w, https:\/\/insixsigma.com.mx\/wp-content\/uploads\/2022\/10\/DoyPAck-150x150.jpg 150w, https:\/\/insixsigma.com.mx\/wp-content\/uploads\/2022\/10\/DoyPAck-475x475.jpg 475w, https:\/\/insixsigma.com.mx\/wp-content\/uploads\/2022\/10\/DoyPAck-100x100.jpg 100w\" sizes=\"auto, (max-width: 403px) 100vw, 403px\" \/><\/figure>\n<\/div>\n\n\n\n<div class=\"wp-block-column is-layout-flow wp-block-column-is-layout-flow\">\n<p>El Doy Pack o &#8220;stand up pouch&#8221; usualmente se fabrica a partir de una bobina de BOPP(polipropileno biorientado) que es un material  un 80 % m\u00e1s econ\u00f3mico en comparaci\u00f3n a otros materiales de envase. Pero mantiene las propiedades de otros materiales c\u00f3mo la seguridad alimentaria gracias a la barrera resistente al oxigeno y a la humedad adem\u00e1s de protecci\u00f3n contra rayos violeta seg\u00fan la estructura de bobina que se formule.<\/p>\n\n\n\n<figure class=\"wp-block-image size-full\"><img loading=\"lazy\" decoding=\"async\" width=\"520\" height=\"550\" src=\"https:\/\/insixsigma.com.mx\/wp-content\/uploads\/2022\/10\/MaterialesDoyPAck.png\" alt=\"\" class=\"wp-image-900\" srcset=\"https:\/\/insixsigma.com.mx\/wp-content\/uploads\/2022\/10\/MaterialesDoyPAck.png 520w, https:\/\/insixsigma.com.mx\/wp-content\/uploads\/2022\/10\/MaterialesDoyPAck-284x300.png 284w\" sizes=\"auto, (max-width: 520px) 100vw, 520px\" \/><\/figure>\n\n\n\n<p><strong>3. Presencia en punto de venta<\/strong><\/p>\n\n\n\n<p>El dise\u00f1o y presencia en punto de venta es una caracter\u00edstica  muy importante al evaluar cu\u00e1l es el envase \u00f3ptimo para tu producto. El <strong>Doy Pack<\/strong> o &#8220;stand up pouch&#8221; es una herramienta muy vers\u00e1til que presenta una superficie totalmente imprimible y abierta a cualquier dise\u00f1o que se busque y modificable hasta cierto punto para dejar volar la creatividad al utilizarlo.<\/p>\n\n\n\n<p><strong>4.<\/strong> <strong>Multifuncionalidad<\/strong><\/p>\n\n\n\n<p>En<strong><mark style=\"background-color:rgba(0, 0, 0, 0)\" class=\"has-inline-color has-vivid-cyan-blue-color\"> Food Insixsigma<\/mark><\/strong> contamos con la capacidad productiva para <strong>procesar y envasar productos alimenticios en polvo, l\u00edquido, s\u00f3lido y granulado en Doy Pack-&#8220;stand up pouch&#8221;.<\/strong> Existe una inmensidad de productos que ya se envasan en este envase como catsup, jarabe de chocolate, gelatina, sustituto para crema, caf\u00e9 y muchos otros. <\/p>\n<\/div>\n<\/div>\n\n\n\n<p><strong>5. Personalizaci\u00f3n<\/strong><\/p>\n\n\n\n<p>Con <strong><mark style=\"background-color:rgba(0, 0, 0, 0)\" class=\"has-inline-color has-vivid-cyan-blue-color\">Food Insixsigma<\/mark><\/strong> puedes dise\u00f1ar cualquier tipo de envase, la ventaja que nos ofrecen los Doy Pack  de tener un empaque totalmente personalizable y dise\u00f1able al 100% es una gran oportunidad de ganar mercado por el dise\u00f1o de nuestros empaques.<\/p>\n\n\n\n<figure class=\"wp-block-image size-full is-resized\"><img loading=\"lazy\" decoding=\"async\" src=\"https:\/\/insixsigma.com.mx\/wp-content\/uploads\/2022\/10\/DisenosDoyPAck.png\" alt=\"\" class=\"wp-image-905\" width=\"855\" height=\"295\" srcset=\"https:\/\/insixsigma.com.mx\/wp-content\/uploads\/2022\/10\/DisenosDoyPAck.png 824w, https:\/\/insixsigma.com.mx\/wp-content\/uploads\/2022\/10\/DisenosDoyPAck-300x103.png 300w, https:\/\/insixsigma.com.mx\/wp-content\/uploads\/2022\/10\/DisenosDoyPAck-768x265.png 768w, https:\/\/insixsigma.com.mx\/wp-content\/uploads\/2022\/10\/DisenosDoyPAck-600x207.png 600w\" sizes=\"auto, (max-width: 855px) 100vw, 855px\" \/><\/figure>\n\n\n\n<div class=\"wp-block-buttons is-layout-flex wp-block-buttons-is-layout-flex\">\n<div class=\"wp-block-button has-custom-width wp-block-button__width-100\"><a class=\"wp-block-button__link has-white-color has-vivid-cyan-blue-background-color has-text-color has-background wp-element-button\" href=\"https:\/\/insixsigma.com.mx\/en\/cotiza-maquila-alimentos\/\" target=\"_blank\" rel=\"noreferrer noopener\">Quote your product<\/a><\/div>\n<\/div>","protected":false},"excerpt":{"rendered":"<p>El Doy Pack o &#8220;stand up pouch&#8221; que ofrece Food Insixsigma es una bolsa impresa o no impresa termosellable con fuelles laterales planos y fuelle&hellip;<\/p>","protected":false},"author":1,"featured_media":929,"parent":416,"menu_order":0,"comment_status":"closed","ping_status":"closed","template":"","meta":{"_themeisle_gutenberg_block_has_review":false,"_joinchat":[],"footnotes":""},"class_list":["post-809","page","type-page","status-publish","has-post-thumbnail","hentry"],"yoast_head":"<!-- This site is optimized with the Yoast SEO plugin v26.8 - https:\/\/yoast.com\/product\/yoast-seo-wordpress\/ -->\n<title>Doy Pack - Food insixsigma<\/title>\n<meta name=\"description\" content=\"Food Insixsigma te ofrece la posibilidad de envasar alimentos en polvo, l\u00edquido, s\u00f3lido y granulado en Doy Pack &quot;stand up pouch&quot;\" \/>\n<meta name=\"robots\" content=\"index, follow, max-snippet:-1, max-image-preview:large, max-video-preview:-1\" \/>\n<link rel=\"canonical\" href=\"https:\/\/insixsigma.com.mx\/en\/envasamos-tus-productos\/doy-pack\/\" \/>\n<meta property=\"og:locale\" content=\"en_US\" \/>\n<meta property=\"og:type\" content=\"article\" \/>\n<meta property=\"og:title\" content=\"Doy Pack - Food insixsigma\" \/>\n<meta property=\"og:description\" content=\"Food Insixsigma te ofrece la posibilidad de envasar alimentos en polvo, l\u00edquido, s\u00f3lido y granulado en Doy Pack &quot;stand up pouch&quot;\" \/>\n<meta property=\"og:url\" content=\"https:\/\/insixsigma.com.mx\/en\/envasamos-tus-productos\/doy-pack\/\" \/>\n<meta property=\"og:site_name\" content=\"Food insixsigma\" \/>\n<meta property=\"article:publisher\" content=\"https:\/\/www.facebook.com\/p\/Food-Insixsigma-sa-de-cv-100079939892505\/\" \/>\n<meta property=\"article:modified_time\" content=\"2023-02-28T17:11:42+00:00\" \/>\n<meta property=\"og:image\" content=\"https:\/\/insixsigma.com.mx\/wp-content\/uploads\/2022\/10\/DoyPortada.png\" \/>\n\t<meta property=\"og:image:width\" content=\"926\" \/>\n\t<meta property=\"og:image:height\" content=\"152\" \/>\n\t<meta property=\"og:image:type\" content=\"image\/png\" \/>\n<meta name=\"twitter:card\" content=\"summary_large_image\" \/>\n<meta name=\"twitter:label1\" content=\"Est. reading time\" \/>\n\t<meta name=\"twitter:data1\" content=\"4 minutes\" \/>\n<script type=\"application\/ld+json\" class=\"yoast-schema-graph\">{\"@context\":\"https:\/\/schema.org\",\"@graph\":[{\"@type\":\"WebPage\",\"@id\":\"https:\/\/insixsigma.com.mx\/envasamos-tus-productos\/doy-pack\/\",\"url\":\"https:\/\/insixsigma.com.mx\/envasamos-tus-productos\/doy-pack\/\",\"name\":\"Doy Pack - Food insixsigma\",\"isPartOf\":{\"@id\":\"https:\/\/insixsigma.com.mx\/#website\"},\"primaryImageOfPage\":{\"@id\":\"https:\/\/insixsigma.com.mx\/envasamos-tus-productos\/doy-pack\/#primaryimage\"},\"image\":{\"@id\":\"https:\/\/insixsigma.com.mx\/envasamos-tus-productos\/doy-pack\/#primaryimage\"},\"thumbnailUrl\":\"https:\/\/insixsigma.com.mx\/wp-content\/uploads\/2022\/10\/DoyPortada.png\",\"datePublished\":\"2018-03-02T09:25:15+00:00\",\"dateModified\":\"2023-02-28T17:11:42+00:00\",\"description\":\"Food Insixsigma te ofrece la posibilidad de envasar alimentos en polvo, l\u00edquido, s\u00f3lido y granulado en Doy Pack \\\"stand up pouch\\\"\",\"breadcrumb\":{\"@id\":\"https:\/\/insixsigma.com.mx\/envasamos-tus-productos\/doy-pack\/#breadcrumb\"},\"inLanguage\":\"en-US\",\"potentialAction\":[{\"@type\":\"ReadAction\",\"target\":[\"https:\/\/insixsigma.com.mx\/envasamos-tus-productos\/doy-pack\/\"]}]},{\"@type\":\"ImageObject\",\"inLanguage\":\"en-US\",\"@id\":\"https:\/\/insixsigma.com.mx\/envasamos-tus-productos\/doy-pack\/#primaryimage\",\"url\":\"https:\/\/insixsigma.com.mx\/wp-content\/uploads\/2022\/10\/DoyPortada.png\",\"contentUrl\":\"https:\/\/insixsigma.com.mx\/wp-content\/uploads\/2022\/10\/DoyPortada.png\",\"width\":926,\"height\":152,\"caption\":\"Bolsa Doy PAck\"},{\"@type\":\"BreadcrumbList\",\"@id\":\"https:\/\/insixsigma.com.mx\/envasamos-tus-productos\/doy-pack\/#breadcrumb\",\"itemListElement\":[{\"@type\":\"ListItem\",\"position\":1,\"name\":\"Home\",\"item\":\"https:\/\/insixsigma.com.mx\/\"},{\"@type\":\"ListItem\",\"position\":2,\"name\":\"Envasamos tus productos\",\"item\":\"https:\/\/insixsigma.com.mx\/envasamos-tus-productos\/\"},{\"@type\":\"ListItem\",\"position\":3,\"name\":\"Doy Pack\"}]},{\"@type\":\"WebSite\",\"@id\":\"https:\/\/insixsigma.com.mx\/#website\",\"url\":\"https:\/\/insixsigma.com.mx\/\",\"name\":\"Food insixsigma\",\"description\":\"Maquila de envasado y producci\u00f3n.\",\"publisher\":{\"@id\":\"https:\/\/insixsigma.com.mx\/#organization\"},\"potentialAction\":[{\"@type\":\"SearchAction\",\"target\":{\"@type\":\"EntryPoint\",\"urlTemplate\":\"https:\/\/insixsigma.com.mx\/?s={search_term_string}\"},\"query-input\":{\"@type\":\"PropertyValueSpecification\",\"valueRequired\":true,\"valueName\":\"search_term_string\"}}],\"inLanguage\":\"en-US\"},{\"@type\":\"Organization\",\"@id\":\"https:\/\/insixsigma.com.mx\/#organization\",\"name\":\"Food insixsigma\",\"url\":\"https:\/\/insixsigma.com.mx\/\",\"logo\":{\"@type\":\"ImageObject\",\"inLanguage\":\"en-US\",\"@id\":\"https:\/\/insixsigma.com.mx\/#\/schema\/logo\/image\/\",\"url\":\"https:\/\/insixsigma.com.mx\/wp-content\/uploads\/2022\/09\/LOGOtipo.png\",\"contentUrl\":\"https:\/\/insixsigma.com.mx\/wp-content\/uploads\/2022\/09\/LOGOtipo.png\",\"width\":150,\"height\":100,\"caption\":\"Food insixsigma\"},\"image\":{\"@id\":\"https:\/\/insixsigma.com.mx\/#\/schema\/logo\/image\/\"},\"sameAs\":[\"https:\/\/www.facebook.com\/p\/Food-Insixsigma-sa-de-cv-100079939892505\/\"]}]}<\/script>\n<!-- \/ Yoast SEO plugin. -->","yoast_head_json":{"title":"Doy Pack - Food insixsigma","description":"Food Insixsigma te ofrece la posibilidad de envasar alimentos en polvo, l\u00edquido, s\u00f3lido y granulado en Doy Pack \"stand up pouch\"","robots":{"index":"index","follow":"follow","max-snippet":"max-snippet:-1","max-image-preview":"max-image-preview:large","max-video-preview":"max-video-preview:-1"},"canonical":"https:\/\/insixsigma.com.mx\/en\/envasamos-tus-productos\/doy-pack\/","og_locale":"en_US","og_type":"article","og_title":"Doy Pack - Food insixsigma","og_description":"Food Insixsigma te ofrece la posibilidad de envasar alimentos en polvo, l\u00edquido, s\u00f3lido y granulado en Doy Pack \"stand up pouch\"","og_url":"https:\/\/insixsigma.com.mx\/en\/envasamos-tus-productos\/doy-pack\/","og_site_name":"Food insixsigma","article_publisher":"https:\/\/www.facebook.com\/p\/Food-Insixsigma-sa-de-cv-100079939892505\/","article_modified_time":"2023-02-28T17:11:42+00:00","og_image":[{"width":926,"height":152,"url":"https:\/\/insixsigma.com.mx\/wp-content\/uploads\/2022\/10\/DoyPortada.png","type":"image\/png"}],"twitter_card":"summary_large_image","twitter_misc":{"Est. reading time":"4 minutes"},"schema":{"@context":"https:\/\/schema.org","@graph":[{"@type":"WebPage","@id":"https:\/\/insixsigma.com.mx\/envasamos-tus-productos\/doy-pack\/","url":"https:\/\/insixsigma.com.mx\/envasamos-tus-productos\/doy-pack\/","name":"Doy Pack - Food insixsigma","isPartOf":{"@id":"https:\/\/insixsigma.com.mx\/#website"},"primaryImageOfPage":{"@id":"https:\/\/insixsigma.com.mx\/envasamos-tus-productos\/doy-pack\/#primaryimage"},"image":{"@id":"https:\/\/insixsigma.com.mx\/envasamos-tus-productos\/doy-pack\/#primaryimage"},"thumbnailUrl":"https:\/\/insixsigma.com.mx\/wp-content\/uploads\/2022\/10\/DoyPortada.png","datePublished":"2018-03-02T09:25:15+00:00","dateModified":"2023-02-28T17:11:42+00:00","description":"Food Insixsigma te ofrece la posibilidad de envasar alimentos en polvo, l\u00edquido, s\u00f3lido y granulado en Doy Pack \"stand up pouch\"","breadcrumb":{"@id":"https:\/\/insixsigma.com.mx\/envasamos-tus-productos\/doy-pack\/#breadcrumb"},"inLanguage":"en-US","potentialAction":[{"@type":"ReadAction","target":["https:\/\/insixsigma.com.mx\/envasamos-tus-productos\/doy-pack\/"]}]},{"@type":"ImageObject","inLanguage":"en-US","@id":"https:\/\/insixsigma.com.mx\/envasamos-tus-productos\/doy-pack\/#primaryimage","url":"https:\/\/insixsigma.com.mx\/wp-content\/uploads\/2022\/10\/DoyPortada.png","contentUrl":"https:\/\/insixsigma.com.mx\/wp-content\/uploads\/2022\/10\/DoyPortada.png","width":926,"height":152,"caption":"Bolsa Doy PAck"},{"@type":"BreadcrumbList","@id":"https:\/\/insixsigma.com.mx\/envasamos-tus-productos\/doy-pack\/#breadcrumb","itemListElement":[{"@type":"ListItem","position":1,"name":"Home","item":"https:\/\/insixsigma.com.mx\/"},{"@type":"ListItem","position":2,"name":"Envasamos tus productos","item":"https:\/\/insixsigma.com.mx\/envasamos-tus-productos\/"},{"@type":"ListItem","position":3,"name":"Doy Pack"}]},{"@type":"WebSite","@id":"https:\/\/insixsigma.com.mx\/#website","url":"https:\/\/insixsigma.com.mx\/","name":"Food insixsigma","description":"Maquila de envasado y producci\u00f3n.","publisher":{"@id":"https:\/\/insixsigma.com.mx\/#organization"},"potentialAction":[{"@type":"SearchAction","target":{"@type":"EntryPoint","urlTemplate":"https:\/\/insixsigma.com.mx\/?s={search_term_string}"},"query-input":{"@type":"PropertyValueSpecification","valueRequired":true,"valueName":"search_term_string"}}],"inLanguage":"en-US"},{"@type":"Organization","@id":"https:\/\/insixsigma.com.mx\/#organization","name":"Food insixsigma","url":"https:\/\/insixsigma.com.mx\/","logo":{"@type":"ImageObject","inLanguage":"en-US","@id":"https:\/\/insixsigma.com.mx\/#\/schema\/logo\/image\/","url":"https:\/\/insixsigma.com.mx\/wp-content\/uploads\/2022\/09\/LOGOtipo.png","contentUrl":"https:\/\/insixsigma.com.mx\/wp-content\/uploads\/2022\/09\/LOGOtipo.png","width":150,"height":100,"caption":"Food insixsigma"},"image":{"@id":"https:\/\/insixsigma.com.mx\/#\/schema\/logo\/image\/"},"sameAs":["https:\/\/www.facebook.com\/p\/Food-Insixsigma-sa-de-cv-100079939892505\/"]}]}},"_links":{"self":[{"href":"https:\/\/insixsigma.com.mx\/en\/wp-json\/wp\/v2\/pages\/809","targetHints":{"allow":["GET"]}}],"collection":[{"href":"https:\/\/insixsigma.com.mx\/en\/wp-json\/wp\/v2\/pages"}],"about":[{"href":"https:\/\/insixsigma.com.mx\/en\/wp-json\/wp\/v2\/types\/page"}],"author":[{"embeddable":true,"href":"https:\/\/insixsigma.com.mx\/en\/wp-json\/wp\/v2\/users\/1"}],"replies":[{"embeddable":true,"href":"https:\/\/insixsigma.com.mx\/en\/wp-json\/wp\/v2\/comments?post=809"}],"version-history":[{"count":13,"href":"https:\/\/insixsigma.com.mx\/en\/wp-json\/wp\/v2\/pages\/809\/revisions"}],"predecessor-version":[{"id":1279,"href":"https:\/\/insixsigma.com.mx\/en\/wp-json\/wp\/v2\/pages\/809\/revisions\/1279"}],"up":[{"embeddable":true,"href":"https:\/\/insixsigma.com.mx\/en\/wp-json\/wp\/v2\/pages\/416"}],"wp:featuredmedia":[{"embeddable":true,"href":"https:\/\/insixsigma.com.mx\/en\/wp-json\/wp\/v2\/media\/929"}],"wp:attachment":[{"href":"https:\/\/insixsigma.com.mx\/en\/wp-json\/wp\/v2\/media?parent=809"}],"curies":[{"name":"wp","href":"https:\/\/api.w.org\/{rel}","templated":true}]}}