{"id":556,"date":"2019-04-21T06:38:28","date_gmt":"2019-04-21T06:38:28","guid":{"rendered":"http:\/\/demo.sparklewpthemes.com\/constructionlight\/?page_id=556"},"modified":"2019-04-21T06:38:28","modified_gmt":"2019-04-21T06:38:28","slug":"our-services","status":"publish","type":"page","link":"https:\/\/insixsigma.com.mx\/en\/our-services\/","title":{"rendered":"Our Services"},"content":{"rendered":"<div id=\"pl-gb556-69e9a7f6c85a6\"  class=\"panel-layout\" ><div id=\"pg-gb556-69e9a7f6c85a6-0\"  class=\"panel-grid panel-no-style\" ><div id=\"pgc-gb556-69e9a7f6c85a6-0-0\"  class=\"panel-grid-cell\" ><div id=\"panel-gb556-69e9a7f6c85a6-0-0-0\" class=\"so-panel widget widget_construction_light_service panel-first-child panel-last-child\" data-index=\"0\" >            \r\n                <section class=\"cons_light_feature layout_one\">\r\n                    <div class=\"container\">\r\n\r\n                        \r\n                        <div class=\"row\">\r\n                                                            <div class=\"col-lg-4 col-md-4 col-sm-6 col-xs-12 feature-list\">\r\n                                    <div class=\"box\">\r\n                                        <figure>\r\n                                            <a href=\"https:\/\/insixsigma.com.mx\/en\/reducciondecostosdeproduccion\/\"><img loading=\"lazy\" decoding=\"async\" width=\"350\" height=\"280\" src=\"https:\/\/insixsigma.com.mx\/wp-content\/uploads\/2023\/02\/costos-350x280.png\" class=\"attachment-construction-light-medium size-construction-light-medium wp-post-image\" alt=\"Reduce costos maquilando tus productos\" \/><\/a>\r\n                                        <\/figure>\r\n\r\n                                        <div class=\"bottom-content\">\r\n                                            <h3><a href=\"https:\/\/insixsigma.com.mx\/en\/reducciondecostosdeproduccion\/\">Cost reduction<\/a><\/h3>\r\n                                            <p>Elimina costos fijos, elimina mermas, evita costos ocultos. La reducci\u00f3n de costos en producci\u00f3n es un factor muy importante para el crecimiento de una empresa.&hellip;<\/p>\n                                                <a href=\"https:\/\/insixsigma.com.mx\/en\/reducciondecostosdeproduccion\/\" class=\"btn btn-primary\">Read More<i class=\"fas fa-arrow-right\"><\/i><\/a>\r\n                                                                                    <\/div>\r\n                                    <\/div>\r\n                                <\/div>\r\n                                                            <div class=\"col-lg-4 col-md-4 col-sm-6 col-xs-12 feature-list\">\r\n                                    <div class=\"box\">\r\n                                        <figure>\r\n                                            <a href=\"https:\/\/insixsigma.com.mx\/en\/maximiza-eficiencia-produccion\/\"><img loading=\"lazy\" decoding=\"async\" width=\"350\" height=\"280\" src=\"https:\/\/insixsigma.com.mx\/wp-content\/uploads\/2023\/02\/Eficiencia-350x280.png\" class=\"attachment-construction-light-medium size-construction-light-medium wp-post-image\" alt=\"Aumenta la eficiencia de tu producci\u00f3n, tu presupuesto para producci\u00f3n va a ser directamente proporcional al producto terminado.\" \/><\/a>\r\n                                        <\/figure>\r\n\r\n                                        <div class=\"bottom-content\">\r\n                                            <h3><a href=\"https:\/\/insixsigma.com.mx\/en\/maximiza-eficiencia-produccion\/\">Production efficiency<\/a><\/h3>\r\n                                            <p>En Food Insixsigma te entregamos las piezas que cotizaste, maximizando as\u00ed la eficiencia de tu producci\u00f3n. Maquilando tu producci\u00f3n con nosotros evitas mermas y fugas&hellip;<\/p>\n                                                <a href=\"https:\/\/insixsigma.com.mx\/en\/maximiza-eficiencia-produccion\/\" class=\"btn btn-primary\">Read More<i class=\"fas fa-arrow-right\"><\/i><\/a>\r\n                                                                                    <\/div>\r\n                                    <\/div>\r\n                                <\/div>\r\n                                                            <div class=\"col-lg-4 col-md-4 col-sm-6 col-xs-12 feature-list\">\r\n                                    <div class=\"box\">\r\n                                        <figure>\r\n                                            <a href=\"https:\/\/insixsigma.com.mx\/en\/envasamos-tus-productos\/\"><img loading=\"lazy\" decoding=\"async\" width=\"350\" height=\"280\" src=\"https:\/\/insixsigma.com.mx\/wp-content\/uploads\/2022\/09\/51-9111.00-350x280.jpg\" class=\"attachment-construction-light-medium size-construction-light-medium wp-post-image\" alt=\"Envase flexible\" \/><\/a>\r\n                                        <\/figure>\r\n\r\n                                        <div class=\"bottom-content\">\r\n                                            <h3><a href=\"https:\/\/insixsigma.com.mx\/en\/envasamos-tus-productos\/\">Co-Packing<\/a><\/h3>\r\n                                            <p>Envasamos tus productos l\u00edquidos, en polvo, s\u00f3lidos o granulados. Nos especializamos en envases flexibles con impresi\u00f3n y\/o forma para brindarte un envase llamativo, seguro y&hellip;<\/p>\n                                                <a href=\"https:\/\/insixsigma.com.mx\/en\/envasamos-tus-productos\/\" class=\"btn btn-primary\">Read More<i class=\"fas fa-arrow-right\"><\/i><\/a>\r\n                                                                                    <\/div>\r\n                                    <\/div>\r\n                                <\/div>\r\n                                                            <div class=\"col-lg-4 col-md-4 col-sm-6 col-xs-12 feature-list\">\r\n                                    <div class=\"box\">\r\n                                        <figure>\r\n                                            <a href=\"https:\/\/insixsigma.com.mx\/en\/justo-a-tiempo\/\"><img loading=\"lazy\" decoding=\"async\" width=\"350\" height=\"280\" src=\"https:\/\/insixsigma.com.mx\/wp-content\/uploads\/2023\/02\/justoatiempo-350x280.png\" class=\"attachment-construction-light-medium size-construction-light-medium wp-post-image\" alt=\"Recibe tu produccion justo a tiempo\" \/><\/a>\r\n                                        <\/figure>\r\n\r\n                                        <div class=\"bottom-content\">\r\n                                            <h3><a href=\"https:\/\/insixsigma.com.mx\/en\/justo-a-tiempo\/\">Just on time<\/a><\/h3>\r\n                                            <p>Nuestro sistema justo a tiempo tiene como objetivo entregar el producto terminado justo cuando es necesario. Para esto es necesario cumplir con ciertas condiciones como&hellip;<\/p>\n                                                <a href=\"https:\/\/insixsigma.com.mx\/en\/justo-a-tiempo\/\" class=\"btn btn-primary\">Read More<i class=\"fas fa-arrow-right\"><\/i><\/a>\r\n                                                                                    <\/div>\r\n                                    <\/div>\r\n                                <\/div>\r\n                                                    <\/div>\r\n                    <\/div>\r\n                <\/section>\r\n            <\/div><\/div><\/div><\/div>","protected":false},"excerpt":{"rendered":"","protected":false},"author":1,"featured_media":0,"parent":0,"menu_order":0,"comment_status":"closed","ping_status":"closed","template":"template-pagebuilder.php","meta":{"_themeisle_gutenberg_block_has_review":false,"_joinchat":[],"footnotes":""},"class_list":["post-556","page","type-page","status-publish","hentry"],"yoast_head":"<!-- This site is optimized with the Yoast SEO plugin v26.8 - https:\/\/yoast.com\/product\/yoast-seo-wordpress\/ -->\n<title>Our Services - Food insixsigma<\/title>\n<meta name=\"robots\" content=\"index, follow, max-snippet:-1, max-image-preview:large, max-video-preview:-1\" \/>\n<link rel=\"canonical\" href=\"https:\/\/insixsigma.com.mx\/en\/our-services\/\" \/>\n<meta property=\"og:locale\" content=\"en_US\" \/>\n<meta property=\"og:type\" content=\"article\" \/>\n<meta property=\"og:title\" content=\"Our Services - Food insixsigma\" \/>\n<meta property=\"og:url\" content=\"https:\/\/insixsigma.com.mx\/en\/our-services\/\" \/>\n<meta property=\"og:site_name\" content=\"Food insixsigma\" \/>\n<meta property=\"article:publisher\" content=\"https:\/\/www.facebook.com\/p\/Food-Insixsigma-sa-de-cv-100079939892505\/\" \/>\n<meta name=\"twitter:card\" content=\"summary_large_image\" \/>\n<script type=\"application\/ld+json\" class=\"yoast-schema-graph\">{\"@context\":\"https:\/\/schema.org\",\"@graph\":[{\"@type\":\"WebPage\",\"@id\":\"https:\/\/insixsigma.com.mx\/our-services\/\",\"url\":\"https:\/\/insixsigma.com.mx\/our-services\/\",\"name\":\"Our Services - Food insixsigma\",\"isPartOf\":{\"@id\":\"https:\/\/insixsigma.com.mx\/#website\"},\"datePublished\":\"2019-04-21T06:38:28+00:00\",\"breadcrumb\":{\"@id\":\"https:\/\/insixsigma.com.mx\/our-services\/#breadcrumb\"},\"inLanguage\":\"en-US\",\"potentialAction\":[{\"@type\":\"ReadAction\",\"target\":[\"https:\/\/insixsigma.com.mx\/our-services\/\"]}]},{\"@type\":\"BreadcrumbList\",\"@id\":\"https:\/\/insixsigma.com.mx\/our-services\/#breadcrumb\",\"itemListElement\":[{\"@type\":\"ListItem\",\"position\":1,\"name\":\"Home\",\"item\":\"https:\/\/insixsigma.com.mx\/\"},{\"@type\":\"ListItem\",\"position\":2,\"name\":\"Our Services\"}]},{\"@type\":\"WebSite\",\"@id\":\"https:\/\/insixsigma.com.mx\/#website\",\"url\":\"https:\/\/insixsigma.com.mx\/\",\"name\":\"Food insixsigma\",\"description\":\"Maquila de envasado y producci\u00f3n.\",\"publisher\":{\"@id\":\"https:\/\/insixsigma.com.mx\/#organization\"},\"potentialAction\":[{\"@type\":\"SearchAction\",\"target\":{\"@type\":\"EntryPoint\",\"urlTemplate\":\"https:\/\/insixsigma.com.mx\/?s={search_term_string}\"},\"query-input\":{\"@type\":\"PropertyValueSpecification\",\"valueRequired\":true,\"valueName\":\"search_term_string\"}}],\"inLanguage\":\"en-US\"},{\"@type\":\"Organization\",\"@id\":\"https:\/\/insixsigma.com.mx\/#organization\",\"name\":\"Food insixsigma\",\"url\":\"https:\/\/insixsigma.com.mx\/\",\"logo\":{\"@type\":\"ImageObject\",\"inLanguage\":\"en-US\",\"@id\":\"https:\/\/insixsigma.com.mx\/#\/schema\/logo\/image\/\",\"url\":\"https:\/\/insixsigma.com.mx\/wp-content\/uploads\/2022\/09\/LOGOtipo.png\",\"contentUrl\":\"https:\/\/insixsigma.com.mx\/wp-content\/uploads\/2022\/09\/LOGOtipo.png\",\"width\":150,\"height\":100,\"caption\":\"Food insixsigma\"},\"image\":{\"@id\":\"https:\/\/insixsigma.com.mx\/#\/schema\/logo\/image\/\"},\"sameAs\":[\"https:\/\/www.facebook.com\/p\/Food-Insixsigma-sa-de-cv-100079939892505\/\"]}]}<\/script>\n<!-- \/ Yoast SEO plugin. -->","yoast_head_json":{"title":"Our Services - Food insixsigma","robots":{"index":"index","follow":"follow","max-snippet":"max-snippet:-1","max-image-preview":"max-image-preview:large","max-video-preview":"max-video-preview:-1"},"canonical":"https:\/\/insixsigma.com.mx\/en\/our-services\/","og_locale":"en_US","og_type":"article","og_title":"Our Services - Food insixsigma","og_url":"https:\/\/insixsigma.com.mx\/en\/our-services\/","og_site_name":"Food insixsigma","article_publisher":"https:\/\/www.facebook.com\/p\/Food-Insixsigma-sa-de-cv-100079939892505\/","twitter_card":"summary_large_image","schema":{"@context":"https:\/\/schema.org","@graph":[{"@type":"WebPage","@id":"https:\/\/insixsigma.com.mx\/our-services\/","url":"https:\/\/insixsigma.com.mx\/our-services\/","name":"Our Services - Food insixsigma","isPartOf":{"@id":"https:\/\/insixsigma.com.mx\/#website"},"datePublished":"2019-04-21T06:38:28+00:00","breadcrumb":{"@id":"https:\/\/insixsigma.com.mx\/our-services\/#breadcrumb"},"inLanguage":"en-US","potentialAction":[{"@type":"ReadAction","target":["https:\/\/insixsigma.com.mx\/our-services\/"]}]},{"@type":"BreadcrumbList","@id":"https:\/\/insixsigma.com.mx\/our-services\/#breadcrumb","itemListElement":[{"@type":"ListItem","position":1,"name":"Home","item":"https:\/\/insixsigma.com.mx\/"},{"@type":"ListItem","position":2,"name":"Our Services"}]},{"@type":"WebSite","@id":"https:\/\/insixsigma.com.mx\/#website","url":"https:\/\/insixsigma.com.mx\/","name":"Food insixsigma","description":"Maquila de envasado y producci\u00f3n.","publisher":{"@id":"https:\/\/insixsigma.com.mx\/#organization"},"potentialAction":[{"@type":"SearchAction","target":{"@type":"EntryPoint","urlTemplate":"https:\/\/insixsigma.com.mx\/?s={search_term_string}"},"query-input":{"@type":"PropertyValueSpecification","valueRequired":true,"valueName":"search_term_string"}}],"inLanguage":"en-US"},{"@type":"Organization","@id":"https:\/\/insixsigma.com.mx\/#organization","name":"Food insixsigma","url":"https:\/\/insixsigma.com.mx\/","logo":{"@type":"ImageObject","inLanguage":"en-US","@id":"https:\/\/insixsigma.com.mx\/#\/schema\/logo\/image\/","url":"https:\/\/insixsigma.com.mx\/wp-content\/uploads\/2022\/09\/LOGOtipo.png","contentUrl":"https:\/\/insixsigma.com.mx\/wp-content\/uploads\/2022\/09\/LOGOtipo.png","width":150,"height":100,"caption":"Food insixsigma"},"image":{"@id":"https:\/\/insixsigma.com.mx\/#\/schema\/logo\/image\/"},"sameAs":["https:\/\/www.facebook.com\/p\/Food-Insixsigma-sa-de-cv-100079939892505\/"]}]}},"_links":{"self":[{"href":"https:\/\/insixsigma.com.mx\/en\/wp-json\/wp\/v2\/pages\/556","targetHints":{"allow":["GET"]}}],"collection":[{"href":"https:\/\/insixsigma.com.mx\/en\/wp-json\/wp\/v2\/pages"}],"about":[{"href":"https:\/\/insixsigma.com.mx\/en\/wp-json\/wp\/v2\/types\/page"}],"author":[{"embeddable":true,"href":"https:\/\/insixsigma.com.mx\/en\/wp-json\/wp\/v2\/users\/1"}],"replies":[{"embeddable":true,"href":"https:\/\/insixsigma.com.mx\/en\/wp-json\/wp\/v2\/comments?post=556"}],"version-history":[{"count":0,"href":"https:\/\/insixsigma.com.mx\/en\/wp-json\/wp\/v2\/pages\/556\/revisions"}],"wp:attachment":[{"href":"https:\/\/insixsigma.com.mx\/en\/wp-json\/wp\/v2\/media?parent=556"}],"curies":[{"name":"wp","href":"https:\/\/api.w.org\/{rel}","templated":true}]}}