{"id":423,"date":"2019-04-19T07:12:24","date_gmt":"2019-04-19T07:12:24","guid":{"rendered":"http:\/\/demo.sparklewpthemes.com\/constructionlight\/?page_id=423"},"modified":"2022-10-27T10:18:03","modified_gmt":"2022-10-27T15:18:03","slug":"logistica","status":"publish","type":"page","link":"https:\/\/insixsigma.com.mx\/en\/logistica\/","title":{"rendered":"Logistics"},"content":{"rendered":"<p><strong><mark style=\"background-color:rgba(0, 0, 0, 0)\" class=\"has-inline-color has-vivid-cyan-blue-color\">Food Insixsigma<\/mark><\/strong> cuenta con almacenes \u00f3ptimos para el <strong>almacenamiento<\/strong> de materia prima y producto terminado seg\u00fan las necesidades de sus socios comerciales para facilitarles la operaci\u00f3n <strong>log\u00edstica<\/strong>. Tambi\u00e9n cuenta con<strong> flotilla de transportes<\/strong> disponible 24\/7 seg\u00fan las necesidades de cada cliente.<\/p>\n\n\n\n<p>El CEDIS de <strong><mark style=\"background-color:rgba(0, 0, 0, 0)\" class=\"has-inline-color has-vivid-cyan-blue-color\">Food Insixsigma<\/mark><\/strong> tiene una ubicaci\u00f3n estrat\u00e9gica, situado en Morelia, Michoac\u00e1n a una distancia de 310 KM de la Ciudad de M\u00e9xico y a 289 KM de la ciudad de Guadalajara.  Facilitando la<strong> log\u00edstica<\/strong> de tus productos poniendo a tus disposici\u00f3n los 2 centros de consumo m\u00e1s grandes del pa\u00eds. <\/p>\n\n\n\n<p><strong><mark style=\"background-color:rgba(0, 0, 0, 0)\" class=\"has-inline-color has-vivid-cyan-blue-color\">Food Insixsigma<\/mark><\/strong> al estar situado en Morelia, el coraz\u00f3n del llamado diamante de M\u00e9xico tiene un r\u00e1pido, econ\u00f3mico y f\u00e1cil acceso a 7 de los 8 ciudades m\u00e1s importantes de M\u00e9xico. Tambi\u00e9n cuenta con ruta directa hasta la frontera con Estados Unidos, este ha sido un punto favorable para sus socios comerciales, puesto que todas las producciones que pasan por planta contar\u00e1n con <strong>certificado FDA<\/strong> lo que permitir\u00e1 que sus productos puedan competir en el mercado estadounidense.<\/p>\n\n\n\n<figure class=\"wp-block-image size-full\"><img loading=\"lazy\" decoding=\"async\" width=\"800\" height=\"400\" src=\"https:\/\/insixsigma.com.mx\/wp-content\/uploads\/2022\/10\/0-grande.jpg\" alt=\"\" class=\"wp-image-963\" srcset=\"https:\/\/insixsigma.com.mx\/wp-content\/uploads\/2022\/10\/0-grande.jpg 800w, https:\/\/insixsigma.com.mx\/wp-content\/uploads\/2022\/10\/0-grande-300x150.jpg 300w, https:\/\/insixsigma.com.mx\/wp-content\/uploads\/2022\/10\/0-grande-768x384.jpg 768w, https:\/\/insixsigma.com.mx\/wp-content\/uploads\/2022\/10\/0-grande-600x300.jpg 600w\" sizes=\"auto, (max-width: 800px) 100vw, 800px\" \/><\/figure>\n\n\n\n<p>La <strong><mark style=\"background-color:rgba(0, 0, 0, 0)\" class=\"has-inline-color has-black-color\">log\u00edstica<\/mark><\/strong> que ofrece <strong><mark style=\"background-color:rgba(0, 0, 0, 0)\" class=\"has-inline-color has-vivid-cyan-blue-color\">Food Insixsigma<\/mark><\/strong> le permite a sus socios comerciales tener acceso a los mercados nacionales m\u00e1s importantes y a Estados Unidos que es el m\u00e1s importante del mundo. <\/p>","protected":false},"excerpt":{"rendered":"<p>Food Insixsigma cuenta con almacenes \u00f3ptimos para el almacenamiento de materia prima y producto terminado seg\u00fan las necesidades de sus socios comerciales para facilitarles la&hellip;<\/p>","protected":false},"author":1,"featured_media":962,"parent":0,"menu_order":0,"comment_status":"closed","ping_status":"closed","template":"","meta":{"_themeisle_gutenberg_block_has_review":false,"_joinchat":[],"footnotes":""},"class_list":["post-423","page","type-page","status-publish","has-post-thumbnail","hentry"],"yoast_head":"<!-- This site is optimized with the Yoast SEO plugin v26.8 - https:\/\/yoast.com\/product\/yoast-seo-wordpress\/ -->\n<title>Log\u00edstica - Food insixsigma<\/title>\n<meta name=\"description\" content=\"La log\u00edstica de Food Insixsigma permite a sus socios comerciales tener acceso a los mercados m\u00e1s importantes.\" \/>\n<meta name=\"robots\" content=\"index, follow, max-snippet:-1, max-image-preview:large, max-video-preview:-1\" \/>\n<link rel=\"canonical\" href=\"https:\/\/insixsigma.com.mx\/en\/logistica\/\" \/>\n<meta property=\"og:locale\" content=\"en_US\" \/>\n<meta property=\"og:type\" content=\"article\" \/>\n<meta property=\"og:title\" content=\"Log\u00edstica - Food insixsigma\" \/>\n<meta property=\"og:description\" content=\"La log\u00edstica de Food Insixsigma permite a sus socios comerciales tener acceso a los mercados m\u00e1s importantes.\" \/>\n<meta property=\"og:url\" content=\"https:\/\/insixsigma.com.mx\/en\/logistica\/\" \/>\n<meta property=\"og:site_name\" content=\"Food insixsigma\" \/>\n<meta property=\"article:publisher\" content=\"https:\/\/www.facebook.com\/p\/Food-Insixsigma-sa-de-cv-100079939892505\/\" \/>\n<meta property=\"article:modified_time\" content=\"2022-10-27T15:18:03+00:00\" \/>\n<meta property=\"og:image\" content=\"https:\/\/insixsigma.com.mx\/wp-content\/uploads\/2022\/10\/Sin-titulo-1024x440.png\" \/>\n\t<meta property=\"og:image:width\" content=\"1024\" \/>\n\t<meta property=\"og:image:height\" content=\"440\" \/>\n\t<meta property=\"og:image:type\" content=\"image\/png\" \/>\n<meta name=\"twitter:card\" content=\"summary_large_image\" \/>\n<meta name=\"twitter:label1\" content=\"Est. reading time\" \/>\n\t<meta name=\"twitter:data1\" content=\"2 minutes\" \/>\n<script type=\"application\/ld+json\" class=\"yoast-schema-graph\">{\"@context\":\"https:\/\/schema.org\",\"@graph\":[{\"@type\":\"WebPage\",\"@id\":\"https:\/\/insixsigma.com.mx\/logistica\/\",\"url\":\"https:\/\/insixsigma.com.mx\/logistica\/\",\"name\":\"Log\u00edstica - Food insixsigma\",\"isPartOf\":{\"@id\":\"https:\/\/insixsigma.com.mx\/#website\"},\"primaryImageOfPage\":{\"@id\":\"https:\/\/insixsigma.com.mx\/logistica\/#primaryimage\"},\"image\":{\"@id\":\"https:\/\/insixsigma.com.mx\/logistica\/#primaryimage\"},\"thumbnailUrl\":\"https:\/\/insixsigma.com.mx\/wp-content\/uploads\/2022\/10\/Sin-titulo.png\",\"datePublished\":\"2019-04-19T07:12:24+00:00\",\"dateModified\":\"2022-10-27T15:18:03+00:00\",\"description\":\"La log\u00edstica de Food Insixsigma permite a sus socios comerciales tener acceso a los mercados m\u00e1s importantes.\",\"breadcrumb\":{\"@id\":\"https:\/\/insixsigma.com.mx\/logistica\/#breadcrumb\"},\"inLanguage\":\"en-US\",\"potentialAction\":[{\"@type\":\"ReadAction\",\"target\":[\"https:\/\/insixsigma.com.mx\/logistica\/\"]}]},{\"@type\":\"ImageObject\",\"inLanguage\":\"en-US\",\"@id\":\"https:\/\/insixsigma.com.mx\/logistica\/#primaryimage\",\"url\":\"https:\/\/insixsigma.com.mx\/wp-content\/uploads\/2022\/10\/Sin-titulo.png\",\"contentUrl\":\"https:\/\/insixsigma.com.mx\/wp-content\/uploads\/2022\/10\/Sin-titulo.png\",\"width\":1703,\"height\":731,\"caption\":\"Centros de distribuci\u00f3n CDMX Ciudad de MExico GUadlajara Estados Unidos\"},{\"@type\":\"BreadcrumbList\",\"@id\":\"https:\/\/insixsigma.com.mx\/logistica\/#breadcrumb\",\"itemListElement\":[{\"@type\":\"ListItem\",\"position\":1,\"name\":\"Home\",\"item\":\"https:\/\/insixsigma.com.mx\/\"},{\"@type\":\"ListItem\",\"position\":2,\"name\":\"Log\u00edstica\"}]},{\"@type\":\"WebSite\",\"@id\":\"https:\/\/insixsigma.com.mx\/#website\",\"url\":\"https:\/\/insixsigma.com.mx\/\",\"name\":\"Food insixsigma\",\"description\":\"Maquila de envasado y producci\u00f3n.\",\"publisher\":{\"@id\":\"https:\/\/insixsigma.com.mx\/#organization\"},\"potentialAction\":[{\"@type\":\"SearchAction\",\"target\":{\"@type\":\"EntryPoint\",\"urlTemplate\":\"https:\/\/insixsigma.com.mx\/?s={search_term_string}\"},\"query-input\":{\"@type\":\"PropertyValueSpecification\",\"valueRequired\":true,\"valueName\":\"search_term_string\"}}],\"inLanguage\":\"en-US\"},{\"@type\":\"Organization\",\"@id\":\"https:\/\/insixsigma.com.mx\/#organization\",\"name\":\"Food insixsigma\",\"url\":\"https:\/\/insixsigma.com.mx\/\",\"logo\":{\"@type\":\"ImageObject\",\"inLanguage\":\"en-US\",\"@id\":\"https:\/\/insixsigma.com.mx\/#\/schema\/logo\/image\/\",\"url\":\"https:\/\/insixsigma.com.mx\/wp-content\/uploads\/2022\/09\/LOGOtipo.png\",\"contentUrl\":\"https:\/\/insixsigma.com.mx\/wp-content\/uploads\/2022\/09\/LOGOtipo.png\",\"width\":150,\"height\":100,\"caption\":\"Food insixsigma\"},\"image\":{\"@id\":\"https:\/\/insixsigma.com.mx\/#\/schema\/logo\/image\/\"},\"sameAs\":[\"https:\/\/www.facebook.com\/p\/Food-Insixsigma-sa-de-cv-100079939892505\/\"]}]}<\/script>\n<!-- \/ Yoast SEO plugin. -->","yoast_head_json":{"title":"Log\u00edstica - Food insixsigma","description":"La log\u00edstica de Food Insixsigma permite a sus socios comerciales tener acceso a los mercados m\u00e1s importantes.","robots":{"index":"index","follow":"follow","max-snippet":"max-snippet:-1","max-image-preview":"max-image-preview:large","max-video-preview":"max-video-preview:-1"},"canonical":"https:\/\/insixsigma.com.mx\/en\/logistica\/","og_locale":"en_US","og_type":"article","og_title":"Log\u00edstica - Food insixsigma","og_description":"La log\u00edstica de Food Insixsigma permite a sus socios comerciales tener acceso a los mercados m\u00e1s importantes.","og_url":"https:\/\/insixsigma.com.mx\/en\/logistica\/","og_site_name":"Food insixsigma","article_publisher":"https:\/\/www.facebook.com\/p\/Food-Insixsigma-sa-de-cv-100079939892505\/","article_modified_time":"2022-10-27T15:18:03+00:00","og_image":[{"width":1024,"height":440,"url":"https:\/\/insixsigma.com.mx\/wp-content\/uploads\/2022\/10\/Sin-titulo-1024x440.png","type":"image\/png"}],"twitter_card":"summary_large_image","twitter_misc":{"Est. reading time":"2 minutes"},"schema":{"@context":"https:\/\/schema.org","@graph":[{"@type":"WebPage","@id":"https:\/\/insixsigma.com.mx\/logistica\/","url":"https:\/\/insixsigma.com.mx\/logistica\/","name":"Log\u00edstica - Food insixsigma","isPartOf":{"@id":"https:\/\/insixsigma.com.mx\/#website"},"primaryImageOfPage":{"@id":"https:\/\/insixsigma.com.mx\/logistica\/#primaryimage"},"image":{"@id":"https:\/\/insixsigma.com.mx\/logistica\/#primaryimage"},"thumbnailUrl":"https:\/\/insixsigma.com.mx\/wp-content\/uploads\/2022\/10\/Sin-titulo.png","datePublished":"2019-04-19T07:12:24+00:00","dateModified":"2022-10-27T15:18:03+00:00","description":"La log\u00edstica de Food Insixsigma permite a sus socios comerciales tener acceso a los mercados m\u00e1s importantes.","breadcrumb":{"@id":"https:\/\/insixsigma.com.mx\/logistica\/#breadcrumb"},"inLanguage":"en-US","potentialAction":[{"@type":"ReadAction","target":["https:\/\/insixsigma.com.mx\/logistica\/"]}]},{"@type":"ImageObject","inLanguage":"en-US","@id":"https:\/\/insixsigma.com.mx\/logistica\/#primaryimage","url":"https:\/\/insixsigma.com.mx\/wp-content\/uploads\/2022\/10\/Sin-titulo.png","contentUrl":"https:\/\/insixsigma.com.mx\/wp-content\/uploads\/2022\/10\/Sin-titulo.png","width":1703,"height":731,"caption":"Centros de distribuci\u00f3n CDMX Ciudad de MExico GUadlajara Estados Unidos"},{"@type":"BreadcrumbList","@id":"https:\/\/insixsigma.com.mx\/logistica\/#breadcrumb","itemListElement":[{"@type":"ListItem","position":1,"name":"Home","item":"https:\/\/insixsigma.com.mx\/"},{"@type":"ListItem","position":2,"name":"Log\u00edstica"}]},{"@type":"WebSite","@id":"https:\/\/insixsigma.com.mx\/#website","url":"https:\/\/insixsigma.com.mx\/","name":"Food insixsigma","description":"Maquila de envasado y producci\u00f3n.","publisher":{"@id":"https:\/\/insixsigma.com.mx\/#organization"},"potentialAction":[{"@type":"SearchAction","target":{"@type":"EntryPoint","urlTemplate":"https:\/\/insixsigma.com.mx\/?s={search_term_string}"},"query-input":{"@type":"PropertyValueSpecification","valueRequired":true,"valueName":"search_term_string"}}],"inLanguage":"en-US"},{"@type":"Organization","@id":"https:\/\/insixsigma.com.mx\/#organization","name":"Food insixsigma","url":"https:\/\/insixsigma.com.mx\/","logo":{"@type":"ImageObject","inLanguage":"en-US","@id":"https:\/\/insixsigma.com.mx\/#\/schema\/logo\/image\/","url":"https:\/\/insixsigma.com.mx\/wp-content\/uploads\/2022\/09\/LOGOtipo.png","contentUrl":"https:\/\/insixsigma.com.mx\/wp-content\/uploads\/2022\/09\/LOGOtipo.png","width":150,"height":100,"caption":"Food insixsigma"},"image":{"@id":"https:\/\/insixsigma.com.mx\/#\/schema\/logo\/image\/"},"sameAs":["https:\/\/www.facebook.com\/p\/Food-Insixsigma-sa-de-cv-100079939892505\/"]}]}},"_links":{"self":[{"href":"https:\/\/insixsigma.com.mx\/en\/wp-json\/wp\/v2\/pages\/423","targetHints":{"allow":["GET"]}}],"collection":[{"href":"https:\/\/insixsigma.com.mx\/en\/wp-json\/wp\/v2\/pages"}],"about":[{"href":"https:\/\/insixsigma.com.mx\/en\/wp-json\/wp\/v2\/types\/page"}],"author":[{"embeddable":true,"href":"https:\/\/insixsigma.com.mx\/en\/wp-json\/wp\/v2\/users\/1"}],"replies":[{"embeddable":true,"href":"https:\/\/insixsigma.com.mx\/en\/wp-json\/wp\/v2\/comments?post=423"}],"version-history":[{"count":3,"href":"https:\/\/insixsigma.com.mx\/en\/wp-json\/wp\/v2\/pages\/423\/revisions"}],"predecessor-version":[{"id":967,"href":"https:\/\/insixsigma.com.mx\/en\/wp-json\/wp\/v2\/pages\/423\/revisions\/967"}],"wp:featuredmedia":[{"embeddable":true,"href":"https:\/\/insixsigma.com.mx\/en\/wp-json\/wp\/v2\/media\/962"}],"wp:attachment":[{"href":"https:\/\/insixsigma.com.mx\/en\/wp-json\/wp\/v2\/media?parent=423"}],"curies":[{"name":"wp","href":"https:\/\/api.w.org\/{rel}","templated":true}]}}