{"id":422,"date":"2019-04-19T07:11:47","date_gmt":"2019-04-19T07:11:47","guid":{"rendered":"http:\/\/demo.sparklewpthemes.com\/constructionlight\/?page_id=422"},"modified":"2023-05-25T15:49:32","modified_gmt":"2023-05-25T21:49:32","slug":"maquila-alimentos","status":"publish","type":"page","link":"https:\/\/insixsigma.com.mx\/en\/maquila-alimentos\/","title":{"rendered":"Co-making"},"content":{"rendered":"<p><strong>We co-manufacture your white label products,<\/strong>we can&nbsp;<strong>cook, blend, grind, blend, homogeneize and pasteurize<\/strong>&nbsp;your products with industrial quality and quantities. We co-manufacture your products with your own formulation and packaging.<\/p>\n\n\n\n<p><strong><mark style=\"background-color:rgba(0, 0, 0, 0)\" class=\"has-inline-color has-vivid-cyan-blue-color\">Food Insixsigma<\/mark><\/strong> also can develop or sharpen your <strong>formula<\/strong> so you get a better quality, price or make a change on your product.<\/p>\n\n\n\n<figure class=\"wp-block-gallery has-nested-images columns-default is-cropped wp-block-gallery-1 is-layout-flex wp-block-gallery-is-layout-flex\">\n<figure class=\"wp-block-image size-large\"><a href=\"https:\/\/insixsigma.com.mx\/en\/maquila-alimentos\/cocinado-industrial-2\/\"><img loading=\"lazy\" decoding=\"async\" width=\"1024\" height=\"683\" data-id=\"958\" src=\"https:\/\/insixsigma.com.mx\/wp-content\/uploads\/2022\/10\/tipos-de-marmitas-1024x683.jpg\" alt=\"calentado para pasterurizado de alimentos\" class=\"wp-image-958\" srcset=\"https:\/\/insixsigma.com.mx\/wp-content\/uploads\/2022\/10\/tipos-de-marmitas-1024x683.jpg 1024w, https:\/\/insixsigma.com.mx\/wp-content\/uploads\/2022\/10\/tipos-de-marmitas-300x200.jpg 300w, https:\/\/insixsigma.com.mx\/wp-content\/uploads\/2022\/10\/tipos-de-marmitas-768x512.jpg 768w, https:\/\/insixsigma.com.mx\/wp-content\/uploads\/2022\/10\/tipos-de-marmitas-600x400.jpg 600w, https:\/\/insixsigma.com.mx\/wp-content\/uploads\/2022\/10\/tipos-de-marmitas-272x182.jpg 272w, https:\/\/insixsigma.com.mx\/wp-content\/uploads\/2022\/10\/tipos-de-marmitas.jpg 1200w\" sizes=\"auto, (max-width: 1024px) 100vw, 1024px\" \/><\/a><figcaption class=\"wp-element-caption\">Industrial Cooking<\/figcaption><\/figure>\n\n\n\n<figure class=\"wp-block-image size-large\"><a href=\"https:\/\/insixsigma.com.mx\/en\/maquila-alimentos\/mezclado-industrial\/\"><img loading=\"lazy\" decoding=\"async\" width=\"1024\" height=\"783\" data-id=\"1393\" src=\"https:\/\/insixsigma.com.mx\/wp-content\/uploads\/2023\/03\/Mezcla-catsup-1024x783.png\" alt=\"Mezclado industrial de alimentos liquidos y viscosos\" class=\"wp-image-1393\" srcset=\"https:\/\/insixsigma.com.mx\/wp-content\/uploads\/2023\/03\/Mezcla-catsup-1024x783.png 1024w, https:\/\/insixsigma.com.mx\/wp-content\/uploads\/2023\/03\/Mezcla-catsup-300x229.png 300w, https:\/\/insixsigma.com.mx\/wp-content\/uploads\/2023\/03\/Mezcla-catsup-768x587.png 768w, https:\/\/insixsigma.com.mx\/wp-content\/uploads\/2023\/03\/Mezcla-catsup.png 1400w\" sizes=\"auto, (max-width: 1024px) 100vw, 1024px\" \/><\/a><figcaption class=\"wp-element-caption\">Mezclado industrial de alimentos liquidos y viscosos<\/figcaption><\/figure>\n\n\n\n<figure class=\"wp-block-image size-full\"><a href=\"https:\/\/insixsigma.com.mx\/en\/maquila-alimentos\/filtrado-alimentos\/\"><img loading=\"lazy\" decoding=\"async\" width=\"625\" height=\"286\" data-id=\"1466\" src=\"https:\/\/insixsigma.com.mx\/wp-content\/uploads\/2023\/05\/Filtro-de-miel.jpg\" alt=\"Filtrado de alimentos liquidos y viscosos\" class=\"wp-image-1466\" srcset=\"https:\/\/insixsigma.com.mx\/wp-content\/uploads\/2023\/05\/Filtro-de-miel.jpg 625w, https:\/\/insixsigma.com.mx\/wp-content\/uploads\/2023\/05\/Filtro-de-miel-300x137.jpg 300w\" sizes=\"auto, (max-width: 625px) 100vw, 625px\" \/><\/a><figcaption class=\"wp-element-caption\">Filtrado de alimentos liquidos y viscosos<\/figcaption><\/figure>\n\n\n\n<figure class=\"wp-block-image size-full\"><a href=\"https:\/\/insixsigma.com.mx\/en\/maquila-alimentos\/molienda-industrial\/\"><img loading=\"lazy\" decoding=\"async\" width=\"800\" height=\"600\" data-id=\"1433\" src=\"https:\/\/insixsigma.com.mx\/wp-content\/uploads\/2023\/04\/Molido.jpg\" alt=\"Molido industrial\" class=\"wp-image-1433\" srcset=\"https:\/\/insixsigma.com.mx\/wp-content\/uploads\/2023\/04\/Molido.jpg 800w, https:\/\/insixsigma.com.mx\/wp-content\/uploads\/2023\/04\/Molido-300x225.jpg 300w, https:\/\/insixsigma.com.mx\/wp-content\/uploads\/2023\/04\/Molido-768x576.jpg 768w\" sizes=\"auto, (max-width: 800px) 100vw, 800px\" \/><\/a><figcaption class=\"wp-element-caption\">Molienda de productos solidos y en polvo<\/figcaption><\/figure>\n\n\n\n<figure class=\"wp-block-image size-large\"><a href=\"https:\/\/insixsigma.com.mx\/en\/maquila-alimentos\/cernido-tamizado\/\"><img loading=\"lazy\" decoding=\"async\" width=\"710\" height=\"750\" data-id=\"1480\" src=\"https:\/\/insixsigma.com.mx\/wp-content\/uploads\/2023\/05\/CernidoTamizado-1.png\" alt=\"Tamizado de alimentos en polvo\" class=\"wp-image-1480\" srcset=\"https:\/\/insixsigma.com.mx\/wp-content\/uploads\/2023\/05\/CernidoTamizado-1.png 710w, https:\/\/insixsigma.com.mx\/wp-content\/uploads\/2023\/05\/CernidoTamizado-1-284x300.png 284w\" sizes=\"auto, (max-width: 710px) 100vw, 710px\" \/><\/a><figcaption class=\"wp-element-caption\">Cernido y tamizado de alimentos en polvo<\/figcaption><\/figure>\n\n\n\n<figure class=\"wp-block-image size-large\"><a href=\"https:\/\/insixsigma.com.mx\/en\/maquila-alimentos\/homegeneizado-de-alimentos\/\"><img loading=\"lazy\" decoding=\"async\" width=\"500\" height=\"313\" data-id=\"1456\" src=\"https:\/\/insixsigma.com.mx\/wp-content\/uploads\/2023\/05\/tumblr_2506f939ad49050dcd44bb75d669178f_acc8bd11_500.jpg\" alt=\"Mezcla homogenea de chocolate\" class=\"wp-image-1456\" srcset=\"https:\/\/insixsigma.com.mx\/wp-content\/uploads\/2023\/05\/tumblr_2506f939ad49050dcd44bb75d669178f_acc8bd11_500.jpg 500w, https:\/\/insixsigma.com.mx\/wp-content\/uploads\/2023\/05\/tumblr_2506f939ad49050dcd44bb75d669178f_acc8bd11_500-300x188.jpg 300w\" sizes=\"auto, (max-width: 500px) 100vw, 500px\" \/><\/a><figcaption class=\"wp-element-caption\">Homogeneizado de alimentos<\/figcaption><\/figure>\n<\/figure>\n\n\n\n<p><strong><mark style=\"background-color:rgba(0, 0, 0, 0)\" class=\"has-inline-color has-vivid-cyan-blue-color\">Food insixsigma<\/mark><\/strong> pone a tu disposici\u00f3n todo su equipo de producci\u00f3n para elaborar tus productos <strong>s\u00f3lidos, l\u00edquidos, granulados y en polvo<\/strong> con todas las normas de inocuidad y calidad que apliquen para que tus productos lleguen al consumidor final. <strong>Food Insixsigma<\/strong> es la <strong>maquila de alimentos<\/strong> que tiene la capacidad de elaborar productos con certificados de calidad aceptados en los supermercados m\u00e1s importantes de todo el mundo.<\/p>\n\n\n\n<div class=\"wp-block-buttons is-layout-flex wp-block-buttons-is-layout-flex\">\n<div class=\"wp-block-button has-custom-width wp-block-button__width-100\"><a class=\"wp-block-button__link has-vivid-cyan-blue-background-color has-background wp-element-button\" href=\"\" target=\"_blank\" rel=\"noreferrer noopener\">Quote your product<\/a><\/div>\n<\/div>","protected":false},"excerpt":{"rendered":"<p>Procesamos tus productos alimenticios, tenemos la capacidad de&nbsp;cocinar, mezclar, moler, cernir, tamizar, homogeneizar y pasteurizar&nbsp;tus productos a nivel y capacidades industriales. Nos encargamos de fabricar&hellip;<\/p>","protected":false},"author":1,"featured_media":1349,"parent":0,"menu_order":0,"comment_status":"closed","ping_status":"closed","template":"","meta":{"_themeisle_gutenberg_block_has_review":false,"_joinchat":[],"footnotes":""},"class_list":["post-422","page","type-page","status-publish","has-post-thumbnail","hentry"],"yoast_head":"<!-- This site is optimized with the Yoast SEO plugin v26.8 - https:\/\/yoast.com\/product\/yoast-seo-wordpress\/ -->\n<title>Elaboramos tus productos - Food insixsigma<\/title>\n<meta name=\"description\" content=\"Food Insixsigma tiene la capacidad de cocinar, mezclar, moler, homogeneizar y pasteurizar tus productos a nivel y capacidades industriales.\" \/>\n<meta name=\"robots\" content=\"index, follow, max-snippet:-1, max-image-preview:large, max-video-preview:-1\" \/>\n<link rel=\"canonical\" href=\"https:\/\/insixsigma.com.mx\/en\/maquila-alimentos\/\" \/>\n<meta property=\"og:locale\" content=\"en_US\" \/>\n<meta property=\"og:type\" content=\"article\" \/>\n<meta property=\"og:title\" content=\"Elaboramos tus productos - Food insixsigma\" \/>\n<meta property=\"og:description\" content=\"Food Insixsigma tiene la capacidad de cocinar, mezclar, moler, homogeneizar y pasteurizar tus productos a nivel y capacidades industriales.\" \/>\n<meta property=\"og:url\" content=\"https:\/\/insixsigma.com.mx\/en\/maquila-alimentos\/\" \/>\n<meta property=\"og:site_name\" content=\"Food insixsigma\" \/>\n<meta property=\"article:publisher\" content=\"https:\/\/www.facebook.com\/p\/Food-Insixsigma-sa-de-cv-100079939892505\/\" \/>\n<meta property=\"article:modified_time\" content=\"2023-05-25T21:49:32+00:00\" \/>\n<meta property=\"og:image\" content=\"https:\/\/insixsigma.com.mx\/wp-content\/uploads\/2023\/03\/cocinadoindustrial.jpg\" \/>\n\t<meta property=\"og:image:width\" content=\"550\" \/>\n\t<meta property=\"og:image:height\" content=\"367\" \/>\n\t<meta property=\"og:image:type\" content=\"image\/jpeg\" \/>\n<meta name=\"twitter:card\" content=\"summary_large_image\" \/>\n<meta name=\"twitter:label1\" content=\"Est. reading time\" \/>\n\t<meta name=\"twitter:data1\" content=\"2 minutes\" \/>\n<script type=\"application\/ld+json\" class=\"yoast-schema-graph\">{\"@context\":\"https:\/\/schema.org\",\"@graph\":[{\"@type\":\"WebPage\",\"@id\":\"https:\/\/insixsigma.com.mx\/maquila-alimentos\/\",\"url\":\"https:\/\/insixsigma.com.mx\/maquila-alimentos\/\",\"name\":\"Elaboramos tus productos - Food insixsigma\",\"isPartOf\":{\"@id\":\"https:\/\/insixsigma.com.mx\/#website\"},\"primaryImageOfPage\":{\"@id\":\"https:\/\/insixsigma.com.mx\/maquila-alimentos\/#primaryimage\"},\"image\":{\"@id\":\"https:\/\/insixsigma.com.mx\/maquila-alimentos\/#primaryimage\"},\"thumbnailUrl\":\"https:\/\/insixsigma.com.mx\/wp-content\/uploads\/2023\/03\/cocinadoindustrial.jpg\",\"datePublished\":\"2019-04-19T07:11:47+00:00\",\"dateModified\":\"2023-05-25T21:49:32+00:00\",\"description\":\"Food Insixsigma tiene la capacidad de cocinar, mezclar, moler, homogeneizar y pasteurizar tus productos a nivel y capacidades industriales.\",\"breadcrumb\":{\"@id\":\"https:\/\/insixsigma.com.mx\/maquila-alimentos\/#breadcrumb\"},\"inLanguage\":\"en-US\",\"potentialAction\":[{\"@type\":\"ReadAction\",\"target\":[\"https:\/\/insixsigma.com.mx\/maquila-alimentos\/\"]}]},{\"@type\":\"ImageObject\",\"inLanguage\":\"en-US\",\"@id\":\"https:\/\/insixsigma.com.mx\/maquila-alimentos\/#primaryimage\",\"url\":\"https:\/\/insixsigma.com.mx\/wp-content\/uploads\/2023\/03\/cocinadoindustrial.jpg\",\"contentUrl\":\"https:\/\/insixsigma.com.mx\/wp-content\/uploads\/2023\/03\/cocinadoindustrial.jpg\",\"width\":550,\"height\":367,\"caption\":\"Maquila de alimentos\"},{\"@type\":\"BreadcrumbList\",\"@id\":\"https:\/\/insixsigma.com.mx\/maquila-alimentos\/#breadcrumb\",\"itemListElement\":[{\"@type\":\"ListItem\",\"position\":1,\"name\":\"Home\",\"item\":\"https:\/\/insixsigma.com.mx\/\"},{\"@type\":\"ListItem\",\"position\":2,\"name\":\"Elaboramos tus productos\"}]},{\"@type\":\"WebSite\",\"@id\":\"https:\/\/insixsigma.com.mx\/#website\",\"url\":\"https:\/\/insixsigma.com.mx\/\",\"name\":\"Food insixsigma\",\"description\":\"Maquila de envasado y producci\u00f3n.\",\"publisher\":{\"@id\":\"https:\/\/insixsigma.com.mx\/#organization\"},\"potentialAction\":[{\"@type\":\"SearchAction\",\"target\":{\"@type\":\"EntryPoint\",\"urlTemplate\":\"https:\/\/insixsigma.com.mx\/?s={search_term_string}\"},\"query-input\":{\"@type\":\"PropertyValueSpecification\",\"valueRequired\":true,\"valueName\":\"search_term_string\"}}],\"inLanguage\":\"en-US\"},{\"@type\":\"Organization\",\"@id\":\"https:\/\/insixsigma.com.mx\/#organization\",\"name\":\"Food insixsigma\",\"url\":\"https:\/\/insixsigma.com.mx\/\",\"logo\":{\"@type\":\"ImageObject\",\"inLanguage\":\"en-US\",\"@id\":\"https:\/\/insixsigma.com.mx\/#\/schema\/logo\/image\/\",\"url\":\"https:\/\/insixsigma.com.mx\/wp-content\/uploads\/2022\/09\/LOGOtipo.png\",\"contentUrl\":\"https:\/\/insixsigma.com.mx\/wp-content\/uploads\/2022\/09\/LOGOtipo.png\",\"width\":150,\"height\":100,\"caption\":\"Food insixsigma\"},\"image\":{\"@id\":\"https:\/\/insixsigma.com.mx\/#\/schema\/logo\/image\/\"},\"sameAs\":[\"https:\/\/www.facebook.com\/p\/Food-Insixsigma-sa-de-cv-100079939892505\/\"]}]}<\/script>\n<!-- \/ Yoast SEO plugin. -->","yoast_head_json":{"title":"Elaboramos tus productos - Food insixsigma","description":"Food Insixsigma tiene la capacidad de cocinar, mezclar, moler, homogeneizar y pasteurizar tus productos a nivel y capacidades industriales.","robots":{"index":"index","follow":"follow","max-snippet":"max-snippet:-1","max-image-preview":"max-image-preview:large","max-video-preview":"max-video-preview:-1"},"canonical":"https:\/\/insixsigma.com.mx\/en\/maquila-alimentos\/","og_locale":"en_US","og_type":"article","og_title":"Elaboramos tus productos - Food insixsigma","og_description":"Food Insixsigma tiene la capacidad de cocinar, mezclar, moler, homogeneizar y pasteurizar tus productos a nivel y capacidades industriales.","og_url":"https:\/\/insixsigma.com.mx\/en\/maquila-alimentos\/","og_site_name":"Food insixsigma","article_publisher":"https:\/\/www.facebook.com\/p\/Food-Insixsigma-sa-de-cv-100079939892505\/","article_modified_time":"2023-05-25T21:49:32+00:00","og_image":[{"width":550,"height":367,"url":"https:\/\/insixsigma.com.mx\/wp-content\/uploads\/2023\/03\/cocinadoindustrial.jpg","type":"image\/jpeg"}],"twitter_card":"summary_large_image","twitter_misc":{"Est. reading time":"2 minutes"},"schema":{"@context":"https:\/\/schema.org","@graph":[{"@type":"WebPage","@id":"https:\/\/insixsigma.com.mx\/maquila-alimentos\/","url":"https:\/\/insixsigma.com.mx\/maquila-alimentos\/","name":"Elaboramos tus productos - Food insixsigma","isPartOf":{"@id":"https:\/\/insixsigma.com.mx\/#website"},"primaryImageOfPage":{"@id":"https:\/\/insixsigma.com.mx\/maquila-alimentos\/#primaryimage"},"image":{"@id":"https:\/\/insixsigma.com.mx\/maquila-alimentos\/#primaryimage"},"thumbnailUrl":"https:\/\/insixsigma.com.mx\/wp-content\/uploads\/2023\/03\/cocinadoindustrial.jpg","datePublished":"2019-04-19T07:11:47+00:00","dateModified":"2023-05-25T21:49:32+00:00","description":"Food Insixsigma tiene la capacidad de cocinar, mezclar, moler, homogeneizar y pasteurizar tus productos a nivel y capacidades industriales.","breadcrumb":{"@id":"https:\/\/insixsigma.com.mx\/maquila-alimentos\/#breadcrumb"},"inLanguage":"en-US","potentialAction":[{"@type":"ReadAction","target":["https:\/\/insixsigma.com.mx\/maquila-alimentos\/"]}]},{"@type":"ImageObject","inLanguage":"en-US","@id":"https:\/\/insixsigma.com.mx\/maquila-alimentos\/#primaryimage","url":"https:\/\/insixsigma.com.mx\/wp-content\/uploads\/2023\/03\/cocinadoindustrial.jpg","contentUrl":"https:\/\/insixsigma.com.mx\/wp-content\/uploads\/2023\/03\/cocinadoindustrial.jpg","width":550,"height":367,"caption":"Maquila de alimentos"},{"@type":"BreadcrumbList","@id":"https:\/\/insixsigma.com.mx\/maquila-alimentos\/#breadcrumb","itemListElement":[{"@type":"ListItem","position":1,"name":"Home","item":"https:\/\/insixsigma.com.mx\/"},{"@type":"ListItem","position":2,"name":"Elaboramos tus productos"}]},{"@type":"WebSite","@id":"https:\/\/insixsigma.com.mx\/#website","url":"https:\/\/insixsigma.com.mx\/","name":"Food insixsigma","description":"Maquila de envasado y producci\u00f3n.","publisher":{"@id":"https:\/\/insixsigma.com.mx\/#organization"},"potentialAction":[{"@type":"SearchAction","target":{"@type":"EntryPoint","urlTemplate":"https:\/\/insixsigma.com.mx\/?s={search_term_string}"},"query-input":{"@type":"PropertyValueSpecification","valueRequired":true,"valueName":"search_term_string"}}],"inLanguage":"en-US"},{"@type":"Organization","@id":"https:\/\/insixsigma.com.mx\/#organization","name":"Food insixsigma","url":"https:\/\/insixsigma.com.mx\/","logo":{"@type":"ImageObject","inLanguage":"en-US","@id":"https:\/\/insixsigma.com.mx\/#\/schema\/logo\/image\/","url":"https:\/\/insixsigma.com.mx\/wp-content\/uploads\/2022\/09\/LOGOtipo.png","contentUrl":"https:\/\/insixsigma.com.mx\/wp-content\/uploads\/2022\/09\/LOGOtipo.png","width":150,"height":100,"caption":"Food insixsigma"},"image":{"@id":"https:\/\/insixsigma.com.mx\/#\/schema\/logo\/image\/"},"sameAs":["https:\/\/www.facebook.com\/p\/Food-Insixsigma-sa-de-cv-100079939892505\/"]}]}},"_links":{"self":[{"href":"https:\/\/insixsigma.com.mx\/en\/wp-json\/wp\/v2\/pages\/422","targetHints":{"allow":["GET"]}}],"collection":[{"href":"https:\/\/insixsigma.com.mx\/en\/wp-json\/wp\/v2\/pages"}],"about":[{"href":"https:\/\/insixsigma.com.mx\/en\/wp-json\/wp\/v2\/types\/page"}],"author":[{"embeddable":true,"href":"https:\/\/insixsigma.com.mx\/en\/wp-json\/wp\/v2\/users\/1"}],"replies":[{"embeddable":true,"href":"https:\/\/insixsigma.com.mx\/en\/wp-json\/wp\/v2\/comments?post=422"}],"version-history":[{"count":10,"href":"https:\/\/insixsigma.com.mx\/en\/wp-json\/wp\/v2\/pages\/422\/revisions"}],"predecessor-version":[{"id":1512,"href":"https:\/\/insixsigma.com.mx\/en\/wp-json\/wp\/v2\/pages\/422\/revisions\/1512"}],"wp:featuredmedia":[{"embeddable":true,"href":"https:\/\/insixsigma.com.mx\/en\/wp-json\/wp\/v2\/media\/1349"}],"wp:attachment":[{"href":"https:\/\/insixsigma.com.mx\/en\/wp-json\/wp\/v2\/media?parent=422"}],"curies":[{"name":"wp","href":"https:\/\/api.w.org\/{rel}","templated":true}]}}