{"id":199,"date":"2018-02-28T07:02:35","date_gmt":"2018-02-28T07:02:35","guid":{"rendered":"http:\/\/offshorethemes.com\/demo\/sparkconstruction\/?page_id=199"},"modified":"2023-03-06T12:23:17","modified_gmt":"2023-03-06T18:23:17","slug":"about","status":"publish","type":"page","link":"https:\/\/insixsigma.com.mx\/en\/about\/","title":{"rendered":"About us"},"content":{"rendered":"<div id=\"pl-gb199-69fa8fce32a2f\"  class=\"panel-layout\" ><div id=\"pg-gb199-69fa8fce32a2f-0\"  class=\"panel-grid panel-no-style\" ><div id=\"pgc-gb199-69fa8fce32a2f-0-0\"  class=\"panel-grid-cell\" ><div id=\"panel-gb199-69fa8fce32a2f-0-0-0\" class=\"so-panel widget widget_construction_light_calltoaction panel-first-child\" data-index=\"0\" >                <div class=\"calltoaction_promo_wrapper\" style=\"background-image:url(https:\/\/insixsigma.com.mx\/wp-content\/uploads\/2022\/09\/portadapagina.png);background-repeat:no-repeat;background-size:cover;background-attachment:fixed;background-position: center;\">\r\n                    <div class=\"container\">\r\n                        <div class=\"calltoaction_full_widget_content\">\r\n\r\n                            <h2 class=\"wow zoomIn\">Comprometidos con la excelencia<\/h2>\r\n\r\n                            <div class=\"calltoaction_subtitle wow zoomIn\">\r\n                                <p>Nuestra misi\u00f3n es dar un servicio de maquila de envasado y procesado de alimentos de la m\u00e1s alta calidad. Usando ciencia y tecnolog\u00eda como herramientas para la satisfacci\u00f3n de nuestros clientes, mejorando continuamente nuestros procesos, trabajando con disciplina, calidad, seguridad y productividad.<\/p>\r\n                            <\/div>\r\n                        <\/div>\r\n\r\n                        <div class=\"calltoaction_button_wrap\">\r\n                            <a href=\"https:\/\/insixsigma.com.mx\/en\/maquila-alimentos\/\" class=\"btn btn-primary wow fadeInLeft\">Co - manufacture <i class=\"fas fa-arrow-right\"><\/i><\/a> <a href=\"https:\/\/insixsigma.com.mx\/en\/envasamos-tus-productos\/\" class=\"btn btn-border wow fadeInRight\">Packaging <i class=\"fas fa-arrow-right\"><\/i><\/a>\r\n                        <\/div>\r\n                    <\/div>\r\n                <\/div>\r\n            <\/div><div id=\"panel-gb199-69fa8fce32a2f-0-0-1\" class=\"so-panel widget widget_construction_light_calltoaction panel-last-child\" data-index=\"1\" >                <div class=\"calltoaction_promo_wrapper\" style=\"background-image:url(https:\/\/insixsigma.com.mx\/wp-content\/uploads\/2022\/09\/portadapagina.png);background-repeat:no-repeat;background-size:cover;background-attachment:fixed;background-position: center;\">\r\n                    <div class=\"container\">\r\n                        <div class=\"calltoaction_full_widget_content\">\r\n\r\n                            <h2 class=\"wow zoomIn\">Impulsamos el desarrollo de nuestros colaboradores<\/h2>\r\n\r\n                            <div class=\"calltoaction_subtitle wow zoomIn\">\r\n                                <p>Nuestra visi\u00f3n es ser una compa\u00f1\u00eda sustentable, altamente rentable en donde los colaboradores encuentren un lugar donde desarrollarse social, profesional y econ\u00f3micamente. Que ofrezca productos y servicios de alta calidad a los mejores precios por el uso inteligente de los recursos.<\/p>\r\n                            <\/div>\r\n                        <\/div>\r\n\r\n                        <div class=\"calltoaction_button_wrap\">\r\n                            <a href=\"https:\/\/insixsigma.com.mx\/en\/maquila-alimentos\/\" class=\"btn btn-primary wow fadeInLeft\">Co - manufacture <i class=\"fas fa-arrow-right\"><\/i><\/a> <a href=\"https:\/\/insixsigma.com.mx\/en\/envasamos-tus-productos\/\" class=\"btn btn-border wow fadeInRight\">Packaging <i class=\"fas fa-arrow-right\"><\/i><\/a>\r\n                        <\/div>\r\n                    <\/div>\r\n                <\/div>\r\n            <\/div><\/div><\/div><\/div>","protected":false},"excerpt":{"rendered":"","protected":false},"author":1,"featured_media":0,"parent":0,"menu_order":0,"comment_status":"closed","ping_status":"closed","template":"template-pagebuilder.php","meta":{"_themeisle_gutenberg_block_has_review":false,"_joinchat":[],"footnotes":""},"class_list":["post-199","page","type-page","status-publish","hentry"],"yoast_head":"<!-- This site is optimized with the Yoast SEO plugin v26.8 - https:\/\/yoast.com\/product\/yoast-seo-wordpress\/ -->\n<title>Nosotros - Food insixsigma<\/title>\n<meta name=\"robots\" content=\"index, follow, max-snippet:-1, max-image-preview:large, max-video-preview:-1\" \/>\n<link rel=\"canonical\" href=\"https:\/\/insixsigma.com.mx\/en\/about\/\" \/>\n<meta property=\"og:locale\" content=\"en_US\" \/>\n<meta property=\"og:type\" content=\"article\" \/>\n<meta property=\"og:title\" content=\"Nosotros - Food insixsigma\" \/>\n<meta property=\"og:url\" content=\"https:\/\/insixsigma.com.mx\/en\/about\/\" \/>\n<meta property=\"og:site_name\" content=\"Food insixsigma\" \/>\n<meta property=\"article:publisher\" content=\"https:\/\/www.facebook.com\/p\/Food-Insixsigma-sa-de-cv-100079939892505\/\" \/>\n<meta property=\"article:modified_time\" content=\"2023-03-06T18:23:17+00:00\" \/>\n<meta name=\"twitter:card\" content=\"summary_large_image\" \/>\n<meta name=\"twitter:label1\" content=\"Est. reading time\" \/>\n\t<meta name=\"twitter:data1\" content=\"1 minute\" \/>\n<script type=\"application\/ld+json\" class=\"yoast-schema-graph\">{\"@context\":\"https:\/\/schema.org\",\"@graph\":[{\"@type\":\"WebPage\",\"@id\":\"https:\/\/insixsigma.com.mx\/about\/\",\"url\":\"https:\/\/insixsigma.com.mx\/about\/\",\"name\":\"Nosotros - Food insixsigma\",\"isPartOf\":{\"@id\":\"https:\/\/insixsigma.com.mx\/#website\"},\"datePublished\":\"2018-02-28T07:02:35+00:00\",\"dateModified\":\"2023-03-06T18:23:17+00:00\",\"breadcrumb\":{\"@id\":\"https:\/\/insixsigma.com.mx\/about\/#breadcrumb\"},\"inLanguage\":\"en-US\",\"potentialAction\":[{\"@type\":\"ReadAction\",\"target\":[\"https:\/\/insixsigma.com.mx\/about\/\"]}]},{\"@type\":\"BreadcrumbList\",\"@id\":\"https:\/\/insixsigma.com.mx\/about\/#breadcrumb\",\"itemListElement\":[{\"@type\":\"ListItem\",\"position\":1,\"name\":\"Home\",\"item\":\"https:\/\/insixsigma.com.mx\/\"},{\"@type\":\"ListItem\",\"position\":2,\"name\":\"Nosotros\"}]},{\"@type\":\"WebSite\",\"@id\":\"https:\/\/insixsigma.com.mx\/#website\",\"url\":\"https:\/\/insixsigma.com.mx\/\",\"name\":\"Food insixsigma\",\"description\":\"Maquila de envasado y producci\u00f3n.\",\"publisher\":{\"@id\":\"https:\/\/insixsigma.com.mx\/#organization\"},\"potentialAction\":[{\"@type\":\"SearchAction\",\"target\":{\"@type\":\"EntryPoint\",\"urlTemplate\":\"https:\/\/insixsigma.com.mx\/?s={search_term_string}\"},\"query-input\":{\"@type\":\"PropertyValueSpecification\",\"valueRequired\":true,\"valueName\":\"search_term_string\"}}],\"inLanguage\":\"en-US\"},{\"@type\":\"Organization\",\"@id\":\"https:\/\/insixsigma.com.mx\/#organization\",\"name\":\"Food insixsigma\",\"url\":\"https:\/\/insixsigma.com.mx\/\",\"logo\":{\"@type\":\"ImageObject\",\"inLanguage\":\"en-US\",\"@id\":\"https:\/\/insixsigma.com.mx\/#\/schema\/logo\/image\/\",\"url\":\"https:\/\/insixsigma.com.mx\/wp-content\/uploads\/2022\/09\/LOGOtipo.png\",\"contentUrl\":\"https:\/\/insixsigma.com.mx\/wp-content\/uploads\/2022\/09\/LOGOtipo.png\",\"width\":150,\"height\":100,\"caption\":\"Food insixsigma\"},\"image\":{\"@id\":\"https:\/\/insixsigma.com.mx\/#\/schema\/logo\/image\/\"},\"sameAs\":[\"https:\/\/www.facebook.com\/p\/Food-Insixsigma-sa-de-cv-100079939892505\/\"]}]}<\/script>\n<!-- \/ Yoast SEO plugin. -->","yoast_head_json":{"title":"Nosotros - Food insixsigma","robots":{"index":"index","follow":"follow","max-snippet":"max-snippet:-1","max-image-preview":"max-image-preview:large","max-video-preview":"max-video-preview:-1"},"canonical":"https:\/\/insixsigma.com.mx\/en\/about\/","og_locale":"en_US","og_type":"article","og_title":"Nosotros - Food insixsigma","og_url":"https:\/\/insixsigma.com.mx\/en\/about\/","og_site_name":"Food insixsigma","article_publisher":"https:\/\/www.facebook.com\/p\/Food-Insixsigma-sa-de-cv-100079939892505\/","article_modified_time":"2023-03-06T18:23:17+00:00","twitter_card":"summary_large_image","twitter_misc":{"Est. reading time":"1 minute"},"schema":{"@context":"https:\/\/schema.org","@graph":[{"@type":"WebPage","@id":"https:\/\/insixsigma.com.mx\/about\/","url":"https:\/\/insixsigma.com.mx\/about\/","name":"Nosotros - Food insixsigma","isPartOf":{"@id":"https:\/\/insixsigma.com.mx\/#website"},"datePublished":"2018-02-28T07:02:35+00:00","dateModified":"2023-03-06T18:23:17+00:00","breadcrumb":{"@id":"https:\/\/insixsigma.com.mx\/about\/#breadcrumb"},"inLanguage":"en-US","potentialAction":[{"@type":"ReadAction","target":["https:\/\/insixsigma.com.mx\/about\/"]}]},{"@type":"BreadcrumbList","@id":"https:\/\/insixsigma.com.mx\/about\/#breadcrumb","itemListElement":[{"@type":"ListItem","position":1,"name":"Home","item":"https:\/\/insixsigma.com.mx\/"},{"@type":"ListItem","position":2,"name":"Nosotros"}]},{"@type":"WebSite","@id":"https:\/\/insixsigma.com.mx\/#website","url":"https:\/\/insixsigma.com.mx\/","name":"Food insixsigma","description":"Maquila de envasado y producci\u00f3n.","publisher":{"@id":"https:\/\/insixsigma.com.mx\/#organization"},"potentialAction":[{"@type":"SearchAction","target":{"@type":"EntryPoint","urlTemplate":"https:\/\/insixsigma.com.mx\/?s={search_term_string}"},"query-input":{"@type":"PropertyValueSpecification","valueRequired":true,"valueName":"search_term_string"}}],"inLanguage":"en-US"},{"@type":"Organization","@id":"https:\/\/insixsigma.com.mx\/#organization","name":"Food insixsigma","url":"https:\/\/insixsigma.com.mx\/","logo":{"@type":"ImageObject","inLanguage":"en-US","@id":"https:\/\/insixsigma.com.mx\/#\/schema\/logo\/image\/","url":"https:\/\/insixsigma.com.mx\/wp-content\/uploads\/2022\/09\/LOGOtipo.png","contentUrl":"https:\/\/insixsigma.com.mx\/wp-content\/uploads\/2022\/09\/LOGOtipo.png","width":150,"height":100,"caption":"Food insixsigma"},"image":{"@id":"https:\/\/insixsigma.com.mx\/#\/schema\/logo\/image\/"},"sameAs":["https:\/\/www.facebook.com\/p\/Food-Insixsigma-sa-de-cv-100079939892505\/"]}]}},"_links":{"self":[{"href":"https:\/\/insixsigma.com.mx\/en\/wp-json\/wp\/v2\/pages\/199","targetHints":{"allow":["GET"]}}],"collection":[{"href":"https:\/\/insixsigma.com.mx\/en\/wp-json\/wp\/v2\/pages"}],"about":[{"href":"https:\/\/insixsigma.com.mx\/en\/wp-json\/wp\/v2\/types\/page"}],"author":[{"embeddable":true,"href":"https:\/\/insixsigma.com.mx\/en\/wp-json\/wp\/v2\/users\/1"}],"replies":[{"embeddable":true,"href":"https:\/\/insixsigma.com.mx\/en\/wp-json\/wp\/v2\/comments?post=199"}],"version-history":[{"count":8,"href":"https:\/\/insixsigma.com.mx\/en\/wp-json\/wp\/v2\/pages\/199\/revisions"}],"predecessor-version":[{"id":1367,"href":"https:\/\/insixsigma.com.mx\/en\/wp-json\/wp\/v2\/pages\/199\/revisions\/1367"}],"wp:attachment":[{"href":"https:\/\/insixsigma.com.mx\/en\/wp-json\/wp\/v2\/media?parent=199"}],"curies":[{"name":"wp","href":"https:\/\/api.w.org\/{rel}","templated":true}]}}