{"id":1526,"date":"2023-06-09T12:23:13","date_gmt":"2023-06-09T18:23:13","guid":{"rendered":"https:\/\/insixsigma.com.mx\/?page_id=1526"},"modified":"2023-06-09T12:41:23","modified_gmt":"2023-06-09T18:41:23","slug":"fletes-industriales","status":"publish","type":"page","link":"https:\/\/insixsigma.com.mx\/en\/logistica\/fletes-industriales\/","title":{"rendered":"Freight"},"content":{"rendered":"<h4 id=\"wp-block-themeisle-blocks-advanced-heading-35ea18d4\" class=\"wp-block-themeisle-blocks-advanced-heading wp-block-themeisle-blocks-advanced-heading-35ea18d4\">Optimiza tiempos y recursos invertidos en la log\u00edstica de los productos de tus clientes<\/h4>\n\n\n\n<p>En <strong><mark style=\"background-color:rgba(0, 0, 0, 0)\" class=\"has-inline-color has-dark-blue-color\">Food Insixsigma<\/mark><\/strong> entendemos la importancia de contar con un servicio de fletes industriales confiable y eficiente. Nuestro objetivo es brindarte soluciones log\u00edsticas integrales para satisfacer tus necesidades de transporte de carga y mercanc\u00edas a nivel industrial.<\/p>\n\n\n\n<p>Contamos con a\u00f1os de experiencia en el sector de transporte de <strong>carga industrial<\/strong>. Nuestro equipo est\u00e1 compuesto por profesionales altamente capacitados que comprenden las complejidades y los desaf\u00edos de este tipo de log\u00edstica. Podemos manejar cualquier tipo de carga, ya sea de gran tama\u00f1o, voluminosa o delicada.<\/p>\n\n\n\n<p>Nuestra empresa cuenta con una flota diversa de veh\u00edculos y equipos especializados que se adaptan a las necesidades espec\u00edficas de tu carga. Desde camiones de carga pesada hasta remolques refrigerados, podemos proporcionar el equipo adecuado para garantizar un transporte seguro y eficiente.<\/p>\n\n\n\n<p><strong><mark style=\"background-color:rgba(0, 0, 0, 0)\" class=\"has-inline-color has-dark-blue-color\">Food Insixsigma<\/mark><\/strong>&nbsp;al estar situado en Morelia, el coraz\u00f3n del llamado diamante de M\u00e9xico tiene un r\u00e1pido, econ\u00f3mico y f\u00e1cil acceso a 7 de los 8 ciudades m\u00e1s importantes de M\u00e9xico. Tambi\u00e9n cuenta con ruta directa hasta la frontera con Estados Unidos, este ha sido un punto favorable para sus socios comerciales, puesto que todas las producciones que pasan por planta contar\u00e1n con&nbsp;<strong>certificado FDA<\/strong>&nbsp;lo que permitir\u00e1 que sus productos puedan competir en el mercado estadounidense.<\/p>\n\n\n\n<p>Nuestro enfoque en la calidad, la seguridad y la eficiencia nos ha permitido ser un proveedor confiable de almacenado de alimentos para clientes en diversas industrias.<\/p>\n\n\n\n<div class=\"wp-block-buttons is-layout-flex wp-block-buttons-is-layout-flex\">\n<div class=\"wp-block-button has-custom-width wp-block-button__width-100\"><a class=\"wp-block-button__link has-vivid-cyan-blue-background-color has-background wp-element-button\" href=\"https:\/\/insixsigma.com.mx\/en\/cotiza-maquila-alimentos\/\">Quote your product<\/a><\/div>\n<\/div>","protected":false},"excerpt":{"rendered":"<p>En Food Insixsigma entendemos la importancia de contar con un servicio de fletes industriales confiable y eficiente. Nuestro objetivo es brindarte soluciones log\u00edsticas integrales para&hellip;<\/p>","protected":false},"author":1,"featured_media":1529,"parent":423,"menu_order":0,"comment_status":"closed","ping_status":"closed","template":"","meta":{"_themeisle_gutenberg_block_has_review":false,"_joinchat":[],"footnotes":""},"class_list":["post-1526","page","type-page","status-publish","has-post-thumbnail","hentry"],"yoast_head":"<!-- This site is optimized with the Yoast SEO plugin v26.8 - https:\/\/yoast.com\/product\/yoast-seo-wordpress\/ -->\n<title>Fletes industriales - Food insixsigma<\/title>\n<meta name=\"description\" content=\"soluciones log\u00edsticas integrales para satisfacer tus necesidades de transporte de carga y mercanc\u00edas a nivel industrial.\" \/>\n<meta name=\"robots\" content=\"index, follow, max-snippet:-1, max-image-preview:large, max-video-preview:-1\" \/>\n<link rel=\"canonical\" href=\"https:\/\/insixsigma.com.mx\/en\/logistica\/fletes-industriales\/\" \/>\n<meta property=\"og:locale\" content=\"en_US\" \/>\n<meta property=\"og:type\" content=\"article\" \/>\n<meta property=\"og:title\" content=\"Fletes industriales - Food insixsigma\" \/>\n<meta property=\"og:description\" content=\"soluciones log\u00edsticas integrales para satisfacer tus necesidades de transporte de carga y mercanc\u00edas a nivel industrial.\" \/>\n<meta property=\"og:url\" content=\"https:\/\/insixsigma.com.mx\/en\/logistica\/fletes-industriales\/\" \/>\n<meta property=\"og:site_name\" content=\"Food insixsigma\" \/>\n<meta property=\"article:publisher\" content=\"https:\/\/www.facebook.com\/p\/Food-Insixsigma-sa-de-cv-100079939892505\/\" \/>\n<meta property=\"article:modified_time\" content=\"2023-06-09T18:41:23+00:00\" \/>\n<meta property=\"og:image\" content=\"https:\/\/insixsigma.com.mx\/wp-content\/uploads\/2023\/06\/Transportes.png\" \/>\n\t<meta property=\"og:image:width\" content=\"1278\" \/>\n\t<meta property=\"og:image:height\" content=\"874\" \/>\n\t<meta property=\"og:image:type\" content=\"image\/png\" \/>\n<meta name=\"twitter:card\" content=\"summary_large_image\" \/>\n<meta name=\"twitter:label1\" content=\"Est. reading time\" \/>\n\t<meta name=\"twitter:data1\" content=\"2 minutes\" \/>\n<script type=\"application\/ld+json\" class=\"yoast-schema-graph\">{\"@context\":\"https:\/\/schema.org\",\"@graph\":[{\"@type\":\"WebPage\",\"@id\":\"https:\/\/insixsigma.com.mx\/logistica\/fletes-industriales\/\",\"url\":\"https:\/\/insixsigma.com.mx\/logistica\/fletes-industriales\/\",\"name\":\"Fletes industriales - Food insixsigma\",\"isPartOf\":{\"@id\":\"https:\/\/insixsigma.com.mx\/#website\"},\"primaryImageOfPage\":{\"@id\":\"https:\/\/insixsigma.com.mx\/logistica\/fletes-industriales\/#primaryimage\"},\"image\":{\"@id\":\"https:\/\/insixsigma.com.mx\/logistica\/fletes-industriales\/#primaryimage\"},\"thumbnailUrl\":\"https:\/\/insixsigma.com.mx\/wp-content\/uploads\/2023\/06\/Transportes.png\",\"datePublished\":\"2023-06-09T18:23:13+00:00\",\"dateModified\":\"2023-06-09T18:41:23+00:00\",\"description\":\"soluciones log\u00edsticas integrales para satisfacer tus necesidades de transporte de carga y mercanc\u00edas a nivel industrial.\",\"breadcrumb\":{\"@id\":\"https:\/\/insixsigma.com.mx\/logistica\/fletes-industriales\/#breadcrumb\"},\"inLanguage\":\"en-US\",\"potentialAction\":[{\"@type\":\"ReadAction\",\"target\":[\"https:\/\/insixsigma.com.mx\/logistica\/fletes-industriales\/\"]}]},{\"@type\":\"ImageObject\",\"inLanguage\":\"en-US\",\"@id\":\"https:\/\/insixsigma.com.mx\/logistica\/fletes-industriales\/#primaryimage\",\"url\":\"https:\/\/insixsigma.com.mx\/wp-content\/uploads\/2023\/06\/Transportes.png\",\"contentUrl\":\"https:\/\/insixsigma.com.mx\/wp-content\/uploads\/2023\/06\/Transportes.png\",\"width\":1278,\"height\":874,\"caption\":\"Fletes industriales de materias primas y productos alimenticios\"},{\"@type\":\"BreadcrumbList\",\"@id\":\"https:\/\/insixsigma.com.mx\/logistica\/fletes-industriales\/#breadcrumb\",\"itemListElement\":[{\"@type\":\"ListItem\",\"position\":1,\"name\":\"Home\",\"item\":\"https:\/\/insixsigma.com.mx\/\"},{\"@type\":\"ListItem\",\"position\":2,\"name\":\"Log\u00edstica\",\"item\":\"https:\/\/insixsigma.com.mx\/logistica\/\"},{\"@type\":\"ListItem\",\"position\":3,\"name\":\"Fletes industriales\"}]},{\"@type\":\"WebSite\",\"@id\":\"https:\/\/insixsigma.com.mx\/#website\",\"url\":\"https:\/\/insixsigma.com.mx\/\",\"name\":\"Food insixsigma\",\"description\":\"Maquila de envasado y producci\u00f3n.\",\"publisher\":{\"@id\":\"https:\/\/insixsigma.com.mx\/#organization\"},\"potentialAction\":[{\"@type\":\"SearchAction\",\"target\":{\"@type\":\"EntryPoint\",\"urlTemplate\":\"https:\/\/insixsigma.com.mx\/?s={search_term_string}\"},\"query-input\":{\"@type\":\"PropertyValueSpecification\",\"valueRequired\":true,\"valueName\":\"search_term_string\"}}],\"inLanguage\":\"en-US\"},{\"@type\":\"Organization\",\"@id\":\"https:\/\/insixsigma.com.mx\/#organization\",\"name\":\"Food insixsigma\",\"url\":\"https:\/\/insixsigma.com.mx\/\",\"logo\":{\"@type\":\"ImageObject\",\"inLanguage\":\"en-US\",\"@id\":\"https:\/\/insixsigma.com.mx\/#\/schema\/logo\/image\/\",\"url\":\"https:\/\/insixsigma.com.mx\/wp-content\/uploads\/2022\/09\/LOGOtipo.png\",\"contentUrl\":\"https:\/\/insixsigma.com.mx\/wp-content\/uploads\/2022\/09\/LOGOtipo.png\",\"width\":150,\"height\":100,\"caption\":\"Food insixsigma\"},\"image\":{\"@id\":\"https:\/\/insixsigma.com.mx\/#\/schema\/logo\/image\/\"},\"sameAs\":[\"https:\/\/www.facebook.com\/p\/Food-Insixsigma-sa-de-cv-100079939892505\/\"]}]}<\/script>\n<!-- \/ Yoast SEO plugin. -->","yoast_head_json":{"title":"Fletes industriales - Food insixsigma","description":"soluciones log\u00edsticas integrales para satisfacer tus necesidades de transporte de carga y mercanc\u00edas a nivel industrial.","robots":{"index":"index","follow":"follow","max-snippet":"max-snippet:-1","max-image-preview":"max-image-preview:large","max-video-preview":"max-video-preview:-1"},"canonical":"https:\/\/insixsigma.com.mx\/en\/logistica\/fletes-industriales\/","og_locale":"en_US","og_type":"article","og_title":"Fletes industriales - Food insixsigma","og_description":"soluciones log\u00edsticas integrales para satisfacer tus necesidades de transporte de carga y mercanc\u00edas a nivel industrial.","og_url":"https:\/\/insixsigma.com.mx\/en\/logistica\/fletes-industriales\/","og_site_name":"Food insixsigma","article_publisher":"https:\/\/www.facebook.com\/p\/Food-Insixsigma-sa-de-cv-100079939892505\/","article_modified_time":"2023-06-09T18:41:23+00:00","og_image":[{"width":1278,"height":874,"url":"https:\/\/insixsigma.com.mx\/wp-content\/uploads\/2023\/06\/Transportes.png","type":"image\/png"}],"twitter_card":"summary_large_image","twitter_misc":{"Est. reading time":"2 minutes"},"schema":{"@context":"https:\/\/schema.org","@graph":[{"@type":"WebPage","@id":"https:\/\/insixsigma.com.mx\/logistica\/fletes-industriales\/","url":"https:\/\/insixsigma.com.mx\/logistica\/fletes-industriales\/","name":"Fletes industriales - Food insixsigma","isPartOf":{"@id":"https:\/\/insixsigma.com.mx\/#website"},"primaryImageOfPage":{"@id":"https:\/\/insixsigma.com.mx\/logistica\/fletes-industriales\/#primaryimage"},"image":{"@id":"https:\/\/insixsigma.com.mx\/logistica\/fletes-industriales\/#primaryimage"},"thumbnailUrl":"https:\/\/insixsigma.com.mx\/wp-content\/uploads\/2023\/06\/Transportes.png","datePublished":"2023-06-09T18:23:13+00:00","dateModified":"2023-06-09T18:41:23+00:00","description":"soluciones log\u00edsticas integrales para satisfacer tus necesidades de transporte de carga y mercanc\u00edas a nivel industrial.","breadcrumb":{"@id":"https:\/\/insixsigma.com.mx\/logistica\/fletes-industriales\/#breadcrumb"},"inLanguage":"en-US","potentialAction":[{"@type":"ReadAction","target":["https:\/\/insixsigma.com.mx\/logistica\/fletes-industriales\/"]}]},{"@type":"ImageObject","inLanguage":"en-US","@id":"https:\/\/insixsigma.com.mx\/logistica\/fletes-industriales\/#primaryimage","url":"https:\/\/insixsigma.com.mx\/wp-content\/uploads\/2023\/06\/Transportes.png","contentUrl":"https:\/\/insixsigma.com.mx\/wp-content\/uploads\/2023\/06\/Transportes.png","width":1278,"height":874,"caption":"Fletes industriales de materias primas y productos alimenticios"},{"@type":"BreadcrumbList","@id":"https:\/\/insixsigma.com.mx\/logistica\/fletes-industriales\/#breadcrumb","itemListElement":[{"@type":"ListItem","position":1,"name":"Home","item":"https:\/\/insixsigma.com.mx\/"},{"@type":"ListItem","position":2,"name":"Log\u00edstica","item":"https:\/\/insixsigma.com.mx\/logistica\/"},{"@type":"ListItem","position":3,"name":"Fletes industriales"}]},{"@type":"WebSite","@id":"https:\/\/insixsigma.com.mx\/#website","url":"https:\/\/insixsigma.com.mx\/","name":"Food insixsigma","description":"Maquila de envasado y producci\u00f3n.","publisher":{"@id":"https:\/\/insixsigma.com.mx\/#organization"},"potentialAction":[{"@type":"SearchAction","target":{"@type":"EntryPoint","urlTemplate":"https:\/\/insixsigma.com.mx\/?s={search_term_string}"},"query-input":{"@type":"PropertyValueSpecification","valueRequired":true,"valueName":"search_term_string"}}],"inLanguage":"en-US"},{"@type":"Organization","@id":"https:\/\/insixsigma.com.mx\/#organization","name":"Food insixsigma","url":"https:\/\/insixsigma.com.mx\/","logo":{"@type":"ImageObject","inLanguage":"en-US","@id":"https:\/\/insixsigma.com.mx\/#\/schema\/logo\/image\/","url":"https:\/\/insixsigma.com.mx\/wp-content\/uploads\/2022\/09\/LOGOtipo.png","contentUrl":"https:\/\/insixsigma.com.mx\/wp-content\/uploads\/2022\/09\/LOGOtipo.png","width":150,"height":100,"caption":"Food insixsigma"},"image":{"@id":"https:\/\/insixsigma.com.mx\/#\/schema\/logo\/image\/"},"sameAs":["https:\/\/www.facebook.com\/p\/Food-Insixsigma-sa-de-cv-100079939892505\/"]}]}},"_links":{"self":[{"href":"https:\/\/insixsigma.com.mx\/en\/wp-json\/wp\/v2\/pages\/1526","targetHints":{"allow":["GET"]}}],"collection":[{"href":"https:\/\/insixsigma.com.mx\/en\/wp-json\/wp\/v2\/pages"}],"about":[{"href":"https:\/\/insixsigma.com.mx\/en\/wp-json\/wp\/v2\/types\/page"}],"author":[{"embeddable":true,"href":"https:\/\/insixsigma.com.mx\/en\/wp-json\/wp\/v2\/users\/1"}],"replies":[{"embeddable":true,"href":"https:\/\/insixsigma.com.mx\/en\/wp-json\/wp\/v2\/comments?post=1526"}],"version-history":[{"count":2,"href":"https:\/\/insixsigma.com.mx\/en\/wp-json\/wp\/v2\/pages\/1526\/revisions"}],"predecessor-version":[{"id":1531,"href":"https:\/\/insixsigma.com.mx\/en\/wp-json\/wp\/v2\/pages\/1526\/revisions\/1531"}],"up":[{"embeddable":true,"href":"https:\/\/insixsigma.com.mx\/en\/wp-json\/wp\/v2\/pages\/423"}],"wp:featuredmedia":[{"embeddable":true,"href":"https:\/\/insixsigma.com.mx\/en\/wp-json\/wp\/v2\/media\/1529"}],"wp:attachment":[{"href":"https:\/\/insixsigma.com.mx\/en\/wp-json\/wp\/v2\/media?parent=1526"}],"curies":[{"name":"wp","href":"https:\/\/api.w.org\/{rel}","templated":true}]}}