{"id":1523,"date":"2023-06-05T12:40:15","date_gmt":"2023-06-05T18:40:15","guid":{"rendered":"https:\/\/insixsigma.com.mx\/?page_id=1523"},"modified":"2023-06-05T12:41:39","modified_gmt":"2023-06-05T18:41:39","slug":"almacenamiento-industrial","status":"publish","type":"page","link":"https:\/\/insixsigma.com.mx\/en\/logistica\/almacenamiento-industrial\/","title":{"rendered":"Industrial storage"},"content":{"rendered":"<h4 id=\"wp-block-themeisle-blocks-advanced-heading-35ea18d4\" class=\"wp-block-themeisle-blocks-advanced-heading wp-block-themeisle-blocks-advanced-heading-35ea18d4\">Optimiza tiempos y recursos invertidos en la log\u00edstica de los productos de tus clientes<\/h4>\n\n\n\n<p><strong><mark style=\"background-color:rgba(0, 0, 0, 0)\" class=\"has-inline-color has-dark-blue-color\">Food Insixsigma<\/mark><\/strong>\u00a0cuenta con m\u00e1s de 2,200m2 de espacio en sus instalaciones destinados al almacenamiento y la correcta gesti\u00f3n de materia prima y producto final. Manejar grandes cantidades de productos y materias primas con calidad, cuidado y seguridad es la especialidad de nuestro de partamento de log\u00edstica.<\/p>\n\n\n\n<p>El objetivo de nuestro departamento de log\u00edstica es ofrecer a nuestros socios comerciales una gesti\u00f3n eficiente del inventario, que resulte en una mayor eficiencia operativa, reducci\u00f3n de costos y mejora del servicio a sus clientes.<\/p>\n\n\n\n<figure class=\"wp-block-image size-large\"><img loading=\"lazy\" decoding=\"async\" width=\"1024\" height=\"768\" src=\"https:\/\/insixsigma.com.mx\/wp-content\/uploads\/2023\/06\/WhatsApp-Image-2023-06-05-at-12.35.27-PM-1024x768.jpeg\" alt=\"Almacenamiento industrial\" class=\"wp-image-1524\" srcset=\"https:\/\/insixsigma.com.mx\/wp-content\/uploads\/2023\/06\/WhatsApp-Image-2023-06-05-at-12.35.27-PM-1024x768.jpeg 1024w, https:\/\/insixsigma.com.mx\/wp-content\/uploads\/2023\/06\/WhatsApp-Image-2023-06-05-at-12.35.27-PM-300x225.jpeg 300w, https:\/\/insixsigma.com.mx\/wp-content\/uploads\/2023\/06\/WhatsApp-Image-2023-06-05-at-12.35.27-PM-768x576.jpeg 768w, https:\/\/insixsigma.com.mx\/wp-content\/uploads\/2023\/06\/WhatsApp-Image-2023-06-05-at-12.35.27-PM-1536x1152.jpeg 1536w, https:\/\/insixsigma.com.mx\/wp-content\/uploads\/2023\/06\/WhatsApp-Image-2023-06-05-at-12.35.27-PM.jpeg 1600w\" sizes=\"auto, (max-width: 1024px) 100vw, 1024px\" \/><figcaption class=\"wp-element-caption\">Almacenado y log\u00edstica industrial<\/figcaption><\/figure>\n\n\n\n<p>El CEDIS de\u00a0<strong><mark style=\"background-color:rgba(0, 0, 0, 0)\" class=\"has-inline-color has-dark-blue-color\">Food Insixsigma<\/mark><\/strong>\u00a0tiene una ubicaci\u00f3n estrat\u00e9gica, situado en Morelia, Michoac\u00e1n a una distancia de 310 KM de la Ciudad de M\u00e9xico y a 289 KM de la ciudad de Guadalajara. Facilitando la<strong>\u00a0log\u00edstica<\/strong>\u00a0de tus productos poniendo a tus disposici\u00f3n los 2 centros de consumo m\u00e1s grandes del pa\u00eds.<\/p>\n\n\n\n<p><strong><mark style=\"background-color:rgba(0, 0, 0, 0)\" class=\"has-inline-color has-dark-blue-color\">Food Insixsigma<\/mark><\/strong>\u00a0al estar situado en Morelia, el coraz\u00f3n del llamado diamante de M\u00e9xico tiene un r\u00e1pido, econ\u00f3mico y f\u00e1cil acceso a 7 de los 8 ciudades m\u00e1s importantes de M\u00e9xico. Tambi\u00e9n cuenta con ruta directa hasta la frontera con Estados Unidos, este ha sido un punto favorable para sus socios comerciales, puesto que todas las producciones que pasan por planta contar\u00e1n con\u00a0<strong>certificado FDA<\/strong>\u00a0lo que permitir\u00e1 que sus productos puedan competir en el mercado estadounidense.<\/p>\n\n\n\n<p>Nuestro enfoque en la calidad, la seguridad y la eficiencia nos ha permitido ser un proveedor confiable de almacenado de alimentos para clientes en diversas industrias.<\/p>\n\n\n\n<div class=\"wp-block-buttons is-layout-flex wp-block-buttons-is-layout-flex\">\n<div class=\"wp-block-button has-custom-width wp-block-button__width-100\"><a class=\"wp-block-button__link has-vivid-cyan-blue-background-color has-background wp-element-button\" href=\"https:\/\/insixsigma.com.mx\/en\/cotiza-maquila-alimentos\/\">Quote your product<\/a><\/div>\n<\/div>","protected":false},"excerpt":{"rendered":"<p>Food Insixsigma\u00a0cuenta con m\u00e1s de 2,200m2 de espacio en sus instalaciones destinados al almacenamiento y la correcta gesti\u00f3n de materia prima y producto final. Manejar&hellip;<\/p>","protected":false},"author":1,"featured_media":962,"parent":423,"menu_order":0,"comment_status":"closed","ping_status":"closed","template":"","meta":{"_themeisle_gutenberg_block_has_review":false,"_joinchat":[],"footnotes":""},"class_list":["post-1523","page","type-page","status-publish","has-post-thumbnail","hentry"],"yoast_head":"<!-- This site is optimized with the Yoast SEO plugin v26.8 - https:\/\/yoast.com\/product\/yoast-seo-wordpress\/ -->\n<title>Almacenamiento industrial - Food insixsigma<\/title>\n<meta name=\"description\" content=\"Gesti\u00f3n eficiente del inventario, que resulte en una mayor eficiencia operativa, reducci\u00f3n de costos y mejora del servicio a sus clientes.\" \/>\n<meta name=\"robots\" content=\"index, follow, max-snippet:-1, max-image-preview:large, max-video-preview:-1\" \/>\n<link rel=\"canonical\" href=\"https:\/\/insixsigma.com.mx\/en\/logistica\/almacenamiento-industrial\/\" \/>\n<meta property=\"og:locale\" content=\"en_US\" \/>\n<meta property=\"og:type\" content=\"article\" \/>\n<meta property=\"og:title\" content=\"Almacenamiento industrial - Food insixsigma\" \/>\n<meta property=\"og:description\" content=\"Gesti\u00f3n eficiente del inventario, que resulte en una mayor eficiencia operativa, reducci\u00f3n de costos y mejora del servicio a sus clientes.\" \/>\n<meta property=\"og:url\" content=\"https:\/\/insixsigma.com.mx\/en\/logistica\/almacenamiento-industrial\/\" \/>\n<meta property=\"og:site_name\" content=\"Food insixsigma\" \/>\n<meta property=\"article:publisher\" content=\"https:\/\/www.facebook.com\/p\/Food-Insixsigma-sa-de-cv-100079939892505\/\" \/>\n<meta property=\"article:modified_time\" content=\"2023-06-05T18:41:39+00:00\" \/>\n<meta property=\"og:image\" content=\"https:\/\/insixsigma.com.mx\/wp-content\/uploads\/2022\/10\/Sin-titulo-1024x440.png\" \/>\n\t<meta property=\"og:image:width\" content=\"1024\" \/>\n\t<meta property=\"og:image:height\" content=\"440\" \/>\n\t<meta property=\"og:image:type\" content=\"image\/png\" \/>\n<meta name=\"twitter:card\" content=\"summary_large_image\" \/>\n<meta name=\"twitter:label1\" content=\"Est. reading time\" \/>\n\t<meta name=\"twitter:data1\" content=\"2 minutes\" \/>\n<script type=\"application\/ld+json\" class=\"yoast-schema-graph\">{\"@context\":\"https:\/\/schema.org\",\"@graph\":[{\"@type\":\"WebPage\",\"@id\":\"https:\/\/insixsigma.com.mx\/logistica\/almacenamiento-industrial\/\",\"url\":\"https:\/\/insixsigma.com.mx\/logistica\/almacenamiento-industrial\/\",\"name\":\"Almacenamiento industrial - Food insixsigma\",\"isPartOf\":{\"@id\":\"https:\/\/insixsigma.com.mx\/#website\"},\"primaryImageOfPage\":{\"@id\":\"https:\/\/insixsigma.com.mx\/logistica\/almacenamiento-industrial\/#primaryimage\"},\"image\":{\"@id\":\"https:\/\/insixsigma.com.mx\/logistica\/almacenamiento-industrial\/#primaryimage\"},\"thumbnailUrl\":\"https:\/\/insixsigma.com.mx\/wp-content\/uploads\/2022\/10\/Sin-titulo.png\",\"datePublished\":\"2023-06-05T18:40:15+00:00\",\"dateModified\":\"2023-06-05T18:41:39+00:00\",\"description\":\"Gesti\u00f3n eficiente del inventario, que resulte en una mayor eficiencia operativa, reducci\u00f3n de costos y mejora del servicio a sus clientes.\",\"breadcrumb\":{\"@id\":\"https:\/\/insixsigma.com.mx\/logistica\/almacenamiento-industrial\/#breadcrumb\"},\"inLanguage\":\"en-US\",\"potentialAction\":[{\"@type\":\"ReadAction\",\"target\":[\"https:\/\/insixsigma.com.mx\/logistica\/almacenamiento-industrial\/\"]}]},{\"@type\":\"ImageObject\",\"inLanguage\":\"en-US\",\"@id\":\"https:\/\/insixsigma.com.mx\/logistica\/almacenamiento-industrial\/#primaryimage\",\"url\":\"https:\/\/insixsigma.com.mx\/wp-content\/uploads\/2022\/10\/Sin-titulo.png\",\"contentUrl\":\"https:\/\/insixsigma.com.mx\/wp-content\/uploads\/2022\/10\/Sin-titulo.png\",\"width\":1703,\"height\":731,\"caption\":\"Centros de distribuci\u00f3n CDMX Ciudad de MExico GUadlajara Estados Unidos\"},{\"@type\":\"BreadcrumbList\",\"@id\":\"https:\/\/insixsigma.com.mx\/logistica\/almacenamiento-industrial\/#breadcrumb\",\"itemListElement\":[{\"@type\":\"ListItem\",\"position\":1,\"name\":\"Home\",\"item\":\"https:\/\/insixsigma.com.mx\/\"},{\"@type\":\"ListItem\",\"position\":2,\"name\":\"Log\u00edstica\",\"item\":\"https:\/\/insixsigma.com.mx\/logistica\/\"},{\"@type\":\"ListItem\",\"position\":3,\"name\":\"Almacenamiento industrial\"}]},{\"@type\":\"WebSite\",\"@id\":\"https:\/\/insixsigma.com.mx\/#website\",\"url\":\"https:\/\/insixsigma.com.mx\/\",\"name\":\"Food insixsigma\",\"description\":\"Maquila de envasado y producci\u00f3n.\",\"publisher\":{\"@id\":\"https:\/\/insixsigma.com.mx\/#organization\"},\"potentialAction\":[{\"@type\":\"SearchAction\",\"target\":{\"@type\":\"EntryPoint\",\"urlTemplate\":\"https:\/\/insixsigma.com.mx\/?s={search_term_string}\"},\"query-input\":{\"@type\":\"PropertyValueSpecification\",\"valueRequired\":true,\"valueName\":\"search_term_string\"}}],\"inLanguage\":\"en-US\"},{\"@type\":\"Organization\",\"@id\":\"https:\/\/insixsigma.com.mx\/#organization\",\"name\":\"Food insixsigma\",\"url\":\"https:\/\/insixsigma.com.mx\/\",\"logo\":{\"@type\":\"ImageObject\",\"inLanguage\":\"en-US\",\"@id\":\"https:\/\/insixsigma.com.mx\/#\/schema\/logo\/image\/\",\"url\":\"https:\/\/insixsigma.com.mx\/wp-content\/uploads\/2022\/09\/LOGOtipo.png\",\"contentUrl\":\"https:\/\/insixsigma.com.mx\/wp-content\/uploads\/2022\/09\/LOGOtipo.png\",\"width\":150,\"height\":100,\"caption\":\"Food insixsigma\"},\"image\":{\"@id\":\"https:\/\/insixsigma.com.mx\/#\/schema\/logo\/image\/\"},\"sameAs\":[\"https:\/\/www.facebook.com\/p\/Food-Insixsigma-sa-de-cv-100079939892505\/\"]}]}<\/script>\n<!-- \/ Yoast SEO plugin. -->","yoast_head_json":{"title":"Almacenamiento industrial - Food insixsigma","description":"Gesti\u00f3n eficiente del inventario, que resulte en una mayor eficiencia operativa, reducci\u00f3n de costos y mejora del servicio a sus clientes.","robots":{"index":"index","follow":"follow","max-snippet":"max-snippet:-1","max-image-preview":"max-image-preview:large","max-video-preview":"max-video-preview:-1"},"canonical":"https:\/\/insixsigma.com.mx\/en\/logistica\/almacenamiento-industrial\/","og_locale":"en_US","og_type":"article","og_title":"Almacenamiento industrial - Food insixsigma","og_description":"Gesti\u00f3n eficiente del inventario, que resulte en una mayor eficiencia operativa, reducci\u00f3n de costos y mejora del servicio a sus clientes.","og_url":"https:\/\/insixsigma.com.mx\/en\/logistica\/almacenamiento-industrial\/","og_site_name":"Food insixsigma","article_publisher":"https:\/\/www.facebook.com\/p\/Food-Insixsigma-sa-de-cv-100079939892505\/","article_modified_time":"2023-06-05T18:41:39+00:00","og_image":[{"width":1024,"height":440,"url":"https:\/\/insixsigma.com.mx\/wp-content\/uploads\/2022\/10\/Sin-titulo-1024x440.png","type":"image\/png"}],"twitter_card":"summary_large_image","twitter_misc":{"Est. reading time":"2 minutes"},"schema":{"@context":"https:\/\/schema.org","@graph":[{"@type":"WebPage","@id":"https:\/\/insixsigma.com.mx\/logistica\/almacenamiento-industrial\/","url":"https:\/\/insixsigma.com.mx\/logistica\/almacenamiento-industrial\/","name":"Almacenamiento industrial - Food insixsigma","isPartOf":{"@id":"https:\/\/insixsigma.com.mx\/#website"},"primaryImageOfPage":{"@id":"https:\/\/insixsigma.com.mx\/logistica\/almacenamiento-industrial\/#primaryimage"},"image":{"@id":"https:\/\/insixsigma.com.mx\/logistica\/almacenamiento-industrial\/#primaryimage"},"thumbnailUrl":"https:\/\/insixsigma.com.mx\/wp-content\/uploads\/2022\/10\/Sin-titulo.png","datePublished":"2023-06-05T18:40:15+00:00","dateModified":"2023-06-05T18:41:39+00:00","description":"Gesti\u00f3n eficiente del inventario, que resulte en una mayor eficiencia operativa, reducci\u00f3n de costos y mejora del servicio a sus clientes.","breadcrumb":{"@id":"https:\/\/insixsigma.com.mx\/logistica\/almacenamiento-industrial\/#breadcrumb"},"inLanguage":"en-US","potentialAction":[{"@type":"ReadAction","target":["https:\/\/insixsigma.com.mx\/logistica\/almacenamiento-industrial\/"]}]},{"@type":"ImageObject","inLanguage":"en-US","@id":"https:\/\/insixsigma.com.mx\/logistica\/almacenamiento-industrial\/#primaryimage","url":"https:\/\/insixsigma.com.mx\/wp-content\/uploads\/2022\/10\/Sin-titulo.png","contentUrl":"https:\/\/insixsigma.com.mx\/wp-content\/uploads\/2022\/10\/Sin-titulo.png","width":1703,"height":731,"caption":"Centros de distribuci\u00f3n CDMX Ciudad de MExico GUadlajara Estados Unidos"},{"@type":"BreadcrumbList","@id":"https:\/\/insixsigma.com.mx\/logistica\/almacenamiento-industrial\/#breadcrumb","itemListElement":[{"@type":"ListItem","position":1,"name":"Home","item":"https:\/\/insixsigma.com.mx\/"},{"@type":"ListItem","position":2,"name":"Log\u00edstica","item":"https:\/\/insixsigma.com.mx\/logistica\/"},{"@type":"ListItem","position":3,"name":"Almacenamiento industrial"}]},{"@type":"WebSite","@id":"https:\/\/insixsigma.com.mx\/#website","url":"https:\/\/insixsigma.com.mx\/","name":"Food insixsigma","description":"Maquila de envasado y producci\u00f3n.","publisher":{"@id":"https:\/\/insixsigma.com.mx\/#organization"},"potentialAction":[{"@type":"SearchAction","target":{"@type":"EntryPoint","urlTemplate":"https:\/\/insixsigma.com.mx\/?s={search_term_string}"},"query-input":{"@type":"PropertyValueSpecification","valueRequired":true,"valueName":"search_term_string"}}],"inLanguage":"en-US"},{"@type":"Organization","@id":"https:\/\/insixsigma.com.mx\/#organization","name":"Food insixsigma","url":"https:\/\/insixsigma.com.mx\/","logo":{"@type":"ImageObject","inLanguage":"en-US","@id":"https:\/\/insixsigma.com.mx\/#\/schema\/logo\/image\/","url":"https:\/\/insixsigma.com.mx\/wp-content\/uploads\/2022\/09\/LOGOtipo.png","contentUrl":"https:\/\/insixsigma.com.mx\/wp-content\/uploads\/2022\/09\/LOGOtipo.png","width":150,"height":100,"caption":"Food insixsigma"},"image":{"@id":"https:\/\/insixsigma.com.mx\/#\/schema\/logo\/image\/"},"sameAs":["https:\/\/www.facebook.com\/p\/Food-Insixsigma-sa-de-cv-100079939892505\/"]}]}},"_links":{"self":[{"href":"https:\/\/insixsigma.com.mx\/en\/wp-json\/wp\/v2\/pages\/1523","targetHints":{"allow":["GET"]}}],"collection":[{"href":"https:\/\/insixsigma.com.mx\/en\/wp-json\/wp\/v2\/pages"}],"about":[{"href":"https:\/\/insixsigma.com.mx\/en\/wp-json\/wp\/v2\/types\/page"}],"author":[{"embeddable":true,"href":"https:\/\/insixsigma.com.mx\/en\/wp-json\/wp\/v2\/users\/1"}],"replies":[{"embeddable":true,"href":"https:\/\/insixsigma.com.mx\/en\/wp-json\/wp\/v2\/comments?post=1523"}],"version-history":[{"count":1,"href":"https:\/\/insixsigma.com.mx\/en\/wp-json\/wp\/v2\/pages\/1523\/revisions"}],"predecessor-version":[{"id":1525,"href":"https:\/\/insixsigma.com.mx\/en\/wp-json\/wp\/v2\/pages\/1523\/revisions\/1525"}],"up":[{"embeddable":true,"href":"https:\/\/insixsigma.com.mx\/en\/wp-json\/wp\/v2\/pages\/423"}],"wp:featuredmedia":[{"embeddable":true,"href":"https:\/\/insixsigma.com.mx\/en\/wp-json\/wp\/v2\/media\/962"}],"wp:attachment":[{"href":"https:\/\/insixsigma.com.mx\/en\/wp-json\/wp\/v2\/media?parent=1523"}],"curies":[{"name":"wp","href":"https:\/\/api.w.org\/{rel}","templated":true}]}}