{"id":1473,"date":"2023-05-12T14:57:59","date_gmt":"2023-05-12T20:57:59","guid":{"rendered":"https:\/\/insixsigma.com.mx\/?page_id=1473"},"modified":"2023-05-22T16:50:30","modified_gmt":"2023-05-22T22:50:30","slug":"cernido-tamizado","status":"publish","type":"page","link":"https:\/\/insixsigma.com.mx\/en\/maquila-alimentos\/cernido-tamizado\/","title":{"rendered":"Sifting and sieving"},"content":{"rendered":"<h4 id=\"wp-block-themeisle-blocks-advanced-heading-35ea18d4\" class=\"wp-block-themeisle-blocks-advanced-heading wp-block-themeisle-blocks-advanced-heading-35ea18d4\">Garantiza la calidad y pureza de tus productos e ingredientes alimenticios.<\/h4>\n\n\n\n<p>El cernido es una t\u00e9cnica que se utiliza para separar part\u00edculas de diferentes tama\u00f1os de los productos e ingredientes alimenticios y mejorar la calidad de estos. En nuestro servicio de cernido y tamizado de alimentos, utilizamos tecnolog\u00eda avanzada para garantizar que todas las particulas sean uniformes y del mismo tama\u00f1o.<br><\/p>\n\n\n\n<p>En nuestro proceso de tamizado de alimentos utilizamos equipos de alta tecnolog\u00eda y personal altamente capacitado para llevar a cabo el tamizado de manera eficiente y efectiva. Adem\u00e1s, nuestros equipos de tamizado est\u00e1n dise\u00f1ados para asegurar la integridad del producto,  garantizando una producci\u00f3n segura.<\/p>\n\n\n\n<p>El proceso implica el uso de una malla o tamiz para filtrar y separar part\u00edculas por tama\u00f1os de los ingredientes y productos alimenticios.<\/p>\n\n\n\n<figure class=\"wp-block-image size-full\"><img loading=\"lazy\" decoding=\"async\" width=\"501\" height=\"259\" src=\"https:\/\/insixsigma.com.mx\/wp-content\/uploads\/2023\/05\/CernidoTamizadoAlimentosEnPolvo.png\" alt=\"Cernido de alimentos en polvo para particulas finas de alimentos\" class=\"wp-image-1482\" srcset=\"https:\/\/insixsigma.com.mx\/wp-content\/uploads\/2023\/05\/CernidoTamizadoAlimentosEnPolvo.png 501w, https:\/\/insixsigma.com.mx\/wp-content\/uploads\/2023\/05\/CernidoTamizadoAlimentosEnPolvo-300x155.png 300w\" sizes=\"auto, (max-width: 501px) 100vw, 501px\" \/><figcaption class=\"wp-element-caption\">Cernido de alimentos en polvo para particulas finas de alimentos<\/figcaption><\/figure>\n\n\n\n<p>En nuestro servicio de cernido de alimentos, utilizamos tecnolog\u00eda avanzada y equipos de \u00faltima generaci\u00f3n para garantizar que sus ingredientes sean cernidos y tamizados de manera eficiente y segura. Nuestro equipo altamente capacitado trabaja con usted para desarrollar un plan de cernido y tamizado personalizado que satisfaga sus necesidades espec\u00edficas.<\/p>\n\n\n\n<p>Nuestro enfoque en la calidad, la seguridad y la eficiencia nos ha permitido ser un proveedor confiable de servicios de tamizado de alimentos para clientes en diversas industrias.<\/p>\n\n\n\n<p>Preparamos alimentos a gran escala como:<\/p>\n\n\n\n<div class=\"wp-block-columns is-layout-flex wp-container-core-columns-is-layout-1 wp-block-columns-is-layout-flex\">\n<div class=\"wp-block-column is-layout-flow wp-block-column-is-layout-flow\">\n<ul class=\"wp-block-list\">\n<li>Color<\/li>\n\n\n\n<li>Sabor<\/li>\n\n\n\n<li>Cacao<\/li>\n<\/ul>\n<\/div>\n\n\n\n<div class=\"wp-block-column is-layout-flow wp-block-column-is-layout-flow\">\n<ul class=\"wp-block-list\">\n<li>Harinas<\/li>\n\n\n\n<li>Endulzantes<\/li>\n\n\n\n<li>Azucares<\/li>\n<\/ul>\n<\/div>\n\n\n\n<div class=\"wp-block-column is-layout-flow wp-block-column-is-layout-flow\">\n<ul class=\"wp-block-list\">\n<li>Especias<\/li>\n\n\n\n<li>Sal<\/li>\n\n\n\n<li>Ingredientes<\/li>\n<\/ul>\n<\/div>\n<\/div>\n\n\n\n<p>En <span class=\"highlight\"><mark style=\"background-color:rgba(0, 0, 0, 0)\" class=\"has-inline-color has-dark-blue-color\"><strong>Food Insixsigma<\/strong><\/mark><\/span> contamos con el equipo necesario para cernir y tamizar tus productos.<\/p>\n\n\n\n<div class=\"wp-block-buttons is-layout-flex wp-block-buttons-is-layout-flex\">\n<div class=\"wp-block-button has-custom-width wp-block-button__width-100\"><a class=\"wp-block-button__link has-vivid-cyan-blue-background-color has-background wp-element-button\" href=\"https:\/\/insixsigma.com.mx\/en\/cotiza-maquila-alimentos\/\">Quote your product<\/a><\/div>\n<\/div>","protected":false},"excerpt":{"rendered":"<p>El cernido es una t\u00e9cnica que se utiliza para separar part\u00edculas de diferentes tama\u00f1os de los productos e ingredientes alimenticios y mejorar la calidad de&hellip;<\/p>","protected":false},"author":1,"featured_media":1480,"parent":422,"menu_order":0,"comment_status":"closed","ping_status":"closed","template":"","meta":{"_themeisle_gutenberg_block_has_review":false,"_joinchat":[],"footnotes":""},"class_list":["post-1473","page","type-page","status-publish","has-post-thumbnail","hentry"],"yoast_head":"<!-- This site is optimized with the Yoast SEO plugin v26.8 - https:\/\/yoast.com\/product\/yoast-seo-wordpress\/ -->\n<title>Cernido y tamizado - Food insixsigma<\/title>\n<meta name=\"description\" content=\"Separar part\u00edculas de diferentes tama\u00f1os de los productos e ingredientes alimenticios para mejorar la calidad de estos\" \/>\n<meta name=\"robots\" content=\"index, follow, max-snippet:-1, max-image-preview:large, max-video-preview:-1\" \/>\n<link rel=\"canonical\" href=\"https:\/\/insixsigma.com.mx\/en\/maquila-alimentos\/cernido-tamizado\/\" \/>\n<meta property=\"og:locale\" content=\"en_US\" \/>\n<meta property=\"og:type\" content=\"article\" \/>\n<meta property=\"og:title\" content=\"Cernido y tamizado - Food insixsigma\" \/>\n<meta property=\"og:description\" content=\"Separar part\u00edculas de diferentes tama\u00f1os de los productos e ingredientes alimenticios para mejorar la calidad de estos\" \/>\n<meta property=\"og:url\" content=\"https:\/\/insixsigma.com.mx\/en\/maquila-alimentos\/cernido-tamizado\/\" \/>\n<meta property=\"og:site_name\" content=\"Food insixsigma\" \/>\n<meta property=\"article:publisher\" content=\"https:\/\/www.facebook.com\/p\/Food-Insixsigma-sa-de-cv-100079939892505\/\" \/>\n<meta property=\"article:modified_time\" content=\"2023-05-22T22:50:30+00:00\" \/>\n<meta property=\"og:image\" content=\"https:\/\/insixsigma.com.mx\/wp-content\/uploads\/2023\/05\/CernidoTamizado-1.png\" \/>\n\t<meta property=\"og:image:width\" content=\"710\" \/>\n\t<meta property=\"og:image:height\" content=\"750\" \/>\n\t<meta property=\"og:image:type\" content=\"image\/png\" \/>\n<meta name=\"twitter:card\" content=\"summary_large_image\" \/>\n<meta name=\"twitter:label1\" content=\"Est. reading time\" \/>\n\t<meta name=\"twitter:data1\" content=\"2 minutes\" \/>\n<script type=\"application\/ld+json\" class=\"yoast-schema-graph\">{\"@context\":\"https:\/\/schema.org\",\"@graph\":[{\"@type\":\"WebPage\",\"@id\":\"https:\/\/insixsigma.com.mx\/maquila-alimentos\/cernido-tamizado\/\",\"url\":\"https:\/\/insixsigma.com.mx\/maquila-alimentos\/cernido-tamizado\/\",\"name\":\"Cernido y tamizado - Food insixsigma\",\"isPartOf\":{\"@id\":\"https:\/\/insixsigma.com.mx\/#website\"},\"primaryImageOfPage\":{\"@id\":\"https:\/\/insixsigma.com.mx\/maquila-alimentos\/cernido-tamizado\/#primaryimage\"},\"image\":{\"@id\":\"https:\/\/insixsigma.com.mx\/maquila-alimentos\/cernido-tamizado\/#primaryimage\"},\"thumbnailUrl\":\"https:\/\/insixsigma.com.mx\/wp-content\/uploads\/2023\/05\/CernidoTamizado-1.png\",\"datePublished\":\"2023-05-12T20:57:59+00:00\",\"dateModified\":\"2023-05-22T22:50:30+00:00\",\"description\":\"Separar part\u00edculas de diferentes tama\u00f1os de los productos e ingredientes alimenticios para mejorar la calidad de estos\",\"breadcrumb\":{\"@id\":\"https:\/\/insixsigma.com.mx\/maquila-alimentos\/cernido-tamizado\/#breadcrumb\"},\"inLanguage\":\"en-US\",\"potentialAction\":[{\"@type\":\"ReadAction\",\"target\":[\"https:\/\/insixsigma.com.mx\/maquila-alimentos\/cernido-tamizado\/\"]}]},{\"@type\":\"ImageObject\",\"inLanguage\":\"en-US\",\"@id\":\"https:\/\/insixsigma.com.mx\/maquila-alimentos\/cernido-tamizado\/#primaryimage\",\"url\":\"https:\/\/insixsigma.com.mx\/wp-content\/uploads\/2023\/05\/CernidoTamizado-1.png\",\"contentUrl\":\"https:\/\/insixsigma.com.mx\/wp-content\/uploads\/2023\/05\/CernidoTamizado-1.png\",\"width\":710,\"height\":750,\"caption\":\"Cernido y tamizado de alimentos en polvo\"},{\"@type\":\"BreadcrumbList\",\"@id\":\"https:\/\/insixsigma.com.mx\/maquila-alimentos\/cernido-tamizado\/#breadcrumb\",\"itemListElement\":[{\"@type\":\"ListItem\",\"position\":1,\"name\":\"Home\",\"item\":\"https:\/\/insixsigma.com.mx\/\"},{\"@type\":\"ListItem\",\"position\":2,\"name\":\"Elaboramos tus productos\",\"item\":\"https:\/\/insixsigma.com.mx\/maquila-alimentos\/\"},{\"@type\":\"ListItem\",\"position\":3,\"name\":\"Cernido y tamizado\"}]},{\"@type\":\"WebSite\",\"@id\":\"https:\/\/insixsigma.com.mx\/#website\",\"url\":\"https:\/\/insixsigma.com.mx\/\",\"name\":\"Food insixsigma\",\"description\":\"Maquila de envasado y producci\u00f3n.\",\"publisher\":{\"@id\":\"https:\/\/insixsigma.com.mx\/#organization\"},\"potentialAction\":[{\"@type\":\"SearchAction\",\"target\":{\"@type\":\"EntryPoint\",\"urlTemplate\":\"https:\/\/insixsigma.com.mx\/?s={search_term_string}\"},\"query-input\":{\"@type\":\"PropertyValueSpecification\",\"valueRequired\":true,\"valueName\":\"search_term_string\"}}],\"inLanguage\":\"en-US\"},{\"@type\":\"Organization\",\"@id\":\"https:\/\/insixsigma.com.mx\/#organization\",\"name\":\"Food insixsigma\",\"url\":\"https:\/\/insixsigma.com.mx\/\",\"logo\":{\"@type\":\"ImageObject\",\"inLanguage\":\"en-US\",\"@id\":\"https:\/\/insixsigma.com.mx\/#\/schema\/logo\/image\/\",\"url\":\"https:\/\/insixsigma.com.mx\/wp-content\/uploads\/2022\/09\/LOGOtipo.png\",\"contentUrl\":\"https:\/\/insixsigma.com.mx\/wp-content\/uploads\/2022\/09\/LOGOtipo.png\",\"width\":150,\"height\":100,\"caption\":\"Food insixsigma\"},\"image\":{\"@id\":\"https:\/\/insixsigma.com.mx\/#\/schema\/logo\/image\/\"},\"sameAs\":[\"https:\/\/www.facebook.com\/p\/Food-Insixsigma-sa-de-cv-100079939892505\/\"]}]}<\/script>\n<!-- \/ Yoast SEO plugin. -->","yoast_head_json":{"title":"Cernido y tamizado - Food insixsigma","description":"Separar part\u00edculas de diferentes tama\u00f1os de los productos e ingredientes alimenticios para mejorar la calidad de estos","robots":{"index":"index","follow":"follow","max-snippet":"max-snippet:-1","max-image-preview":"max-image-preview:large","max-video-preview":"max-video-preview:-1"},"canonical":"https:\/\/insixsigma.com.mx\/en\/maquila-alimentos\/cernido-tamizado\/","og_locale":"en_US","og_type":"article","og_title":"Cernido y tamizado - Food insixsigma","og_description":"Separar part\u00edculas de diferentes tama\u00f1os de los productos e ingredientes alimenticios para mejorar la calidad de estos","og_url":"https:\/\/insixsigma.com.mx\/en\/maquila-alimentos\/cernido-tamizado\/","og_site_name":"Food insixsigma","article_publisher":"https:\/\/www.facebook.com\/p\/Food-Insixsigma-sa-de-cv-100079939892505\/","article_modified_time":"2023-05-22T22:50:30+00:00","og_image":[{"width":710,"height":750,"url":"https:\/\/insixsigma.com.mx\/wp-content\/uploads\/2023\/05\/CernidoTamizado-1.png","type":"image\/png"}],"twitter_card":"summary_large_image","twitter_misc":{"Est. reading time":"2 minutes"},"schema":{"@context":"https:\/\/schema.org","@graph":[{"@type":"WebPage","@id":"https:\/\/insixsigma.com.mx\/maquila-alimentos\/cernido-tamizado\/","url":"https:\/\/insixsigma.com.mx\/maquila-alimentos\/cernido-tamizado\/","name":"Cernido y tamizado - Food insixsigma","isPartOf":{"@id":"https:\/\/insixsigma.com.mx\/#website"},"primaryImageOfPage":{"@id":"https:\/\/insixsigma.com.mx\/maquila-alimentos\/cernido-tamizado\/#primaryimage"},"image":{"@id":"https:\/\/insixsigma.com.mx\/maquila-alimentos\/cernido-tamizado\/#primaryimage"},"thumbnailUrl":"https:\/\/insixsigma.com.mx\/wp-content\/uploads\/2023\/05\/CernidoTamizado-1.png","datePublished":"2023-05-12T20:57:59+00:00","dateModified":"2023-05-22T22:50:30+00:00","description":"Separar part\u00edculas de diferentes tama\u00f1os de los productos e ingredientes alimenticios para mejorar la calidad de estos","breadcrumb":{"@id":"https:\/\/insixsigma.com.mx\/maquila-alimentos\/cernido-tamizado\/#breadcrumb"},"inLanguage":"en-US","potentialAction":[{"@type":"ReadAction","target":["https:\/\/insixsigma.com.mx\/maquila-alimentos\/cernido-tamizado\/"]}]},{"@type":"ImageObject","inLanguage":"en-US","@id":"https:\/\/insixsigma.com.mx\/maquila-alimentos\/cernido-tamizado\/#primaryimage","url":"https:\/\/insixsigma.com.mx\/wp-content\/uploads\/2023\/05\/CernidoTamizado-1.png","contentUrl":"https:\/\/insixsigma.com.mx\/wp-content\/uploads\/2023\/05\/CernidoTamizado-1.png","width":710,"height":750,"caption":"Cernido y tamizado de alimentos en polvo"},{"@type":"BreadcrumbList","@id":"https:\/\/insixsigma.com.mx\/maquila-alimentos\/cernido-tamizado\/#breadcrumb","itemListElement":[{"@type":"ListItem","position":1,"name":"Home","item":"https:\/\/insixsigma.com.mx\/"},{"@type":"ListItem","position":2,"name":"Elaboramos tus productos","item":"https:\/\/insixsigma.com.mx\/maquila-alimentos\/"},{"@type":"ListItem","position":3,"name":"Cernido y tamizado"}]},{"@type":"WebSite","@id":"https:\/\/insixsigma.com.mx\/#website","url":"https:\/\/insixsigma.com.mx\/","name":"Food insixsigma","description":"Maquila de envasado y producci\u00f3n.","publisher":{"@id":"https:\/\/insixsigma.com.mx\/#organization"},"potentialAction":[{"@type":"SearchAction","target":{"@type":"EntryPoint","urlTemplate":"https:\/\/insixsigma.com.mx\/?s={search_term_string}"},"query-input":{"@type":"PropertyValueSpecification","valueRequired":true,"valueName":"search_term_string"}}],"inLanguage":"en-US"},{"@type":"Organization","@id":"https:\/\/insixsigma.com.mx\/#organization","name":"Food insixsigma","url":"https:\/\/insixsigma.com.mx\/","logo":{"@type":"ImageObject","inLanguage":"en-US","@id":"https:\/\/insixsigma.com.mx\/#\/schema\/logo\/image\/","url":"https:\/\/insixsigma.com.mx\/wp-content\/uploads\/2022\/09\/LOGOtipo.png","contentUrl":"https:\/\/insixsigma.com.mx\/wp-content\/uploads\/2022\/09\/LOGOtipo.png","width":150,"height":100,"caption":"Food insixsigma"},"image":{"@id":"https:\/\/insixsigma.com.mx\/#\/schema\/logo\/image\/"},"sameAs":["https:\/\/www.facebook.com\/p\/Food-Insixsigma-sa-de-cv-100079939892505\/"]}]}},"_links":{"self":[{"href":"https:\/\/insixsigma.com.mx\/en\/wp-json\/wp\/v2\/pages\/1473","targetHints":{"allow":["GET"]}}],"collection":[{"href":"https:\/\/insixsigma.com.mx\/en\/wp-json\/wp\/v2\/pages"}],"about":[{"href":"https:\/\/insixsigma.com.mx\/en\/wp-json\/wp\/v2\/types\/page"}],"author":[{"embeddable":true,"href":"https:\/\/insixsigma.com.mx\/en\/wp-json\/wp\/v2\/users\/1"}],"replies":[{"embeddable":true,"href":"https:\/\/insixsigma.com.mx\/en\/wp-json\/wp\/v2\/comments?post=1473"}],"version-history":[{"count":4,"href":"https:\/\/insixsigma.com.mx\/en\/wp-json\/wp\/v2\/pages\/1473\/revisions"}],"predecessor-version":[{"id":1483,"href":"https:\/\/insixsigma.com.mx\/en\/wp-json\/wp\/v2\/pages\/1473\/revisions\/1483"}],"up":[{"embeddable":true,"href":"https:\/\/insixsigma.com.mx\/en\/wp-json\/wp\/v2\/pages\/422"}],"wp:featuredmedia":[{"embeddable":true,"href":"https:\/\/insixsigma.com.mx\/en\/wp-json\/wp\/v2\/media\/1480"}],"wp:attachment":[{"href":"https:\/\/insixsigma.com.mx\/en\/wp-json\/wp\/v2\/media?parent=1473"}],"curies":[{"name":"wp","href":"https:\/\/api.w.org\/{rel}","templated":true}]}}