{"id":1464,"date":"2023-05-09T12:54:05","date_gmt":"2023-05-09T18:54:05","guid":{"rendered":"https:\/\/insixsigma.com.mx\/?page_id=1464"},"modified":"2023-05-22T16:51:15","modified_gmt":"2023-05-22T22:51:15","slug":"filtrado-alimentos","status":"publish","type":"page","link":"https:\/\/insixsigma.com.mx\/en\/maquila-alimentos\/filtrado-alimentos\/","title":{"rendered":"Filtering"},"content":{"rendered":"<h3 id=\"wp-block-themeisle-blocks-advanced-heading-19b30e41\" class=\"wp-block-themeisle-blocks-advanced-heading wp-block-themeisle-blocks-advanced-heading-19b30e41\">Garantice la calidad y pureza de sus productos alimenticios l\u00edquidos.<\/h3>\n\n\n\n<p>En <strong><mark style=\"background-color:rgba(0, 0, 0, 0)\" class=\"has-inline-color has-dark-blue-color\">Food Insixsigma<\/mark><\/strong>, utilizamos t\u00e9cnicas avanzadas para eliminar impurezas y mejorar la calidad de sus productos alimentarios. El filtrado es un proceso esencial para garantizar la seguridad y calidad de sus productos. Es especialmente importante para aquellos que utilizan <strong>ingredientes l\u00edquidos o semil\u00edquidos.<\/strong><\/p>\n\n\n\n<p>El filtrado de alimentos es esencial para garantizar la calidad y la pureza de sus productos alimentarios. La eliminaci\u00f3n de impurezas y part\u00edculas indeseadas puede mejorar la apariencia, el sabor, la textura y la vida \u00fatil de sus productos alimentarios.<\/p>\n\n\n\n<h4 id=\"wp-block-themeisle-blocks-advanced-heading-fbde552d\" class=\"wp-block-themeisle-blocks-advanced-heading wp-block-themeisle-blocks-advanced-heading-fbde552d\">Beneficios del servicio de filtrado:<\/h4>\n\n\n\n<ul class=\"wp-block-list\">\n<li>Mayor calidad y pureza de los alimentos: El filtrado mejora la calidad y pureza de los productos alimenticios, aumentando as\u00ed la satisfacci\u00f3n del cliente y mejora la imagen de marca.<\/li>\n\n\n\n<li>Mejora la apariencia, el sabor y la textura de los alimentos: El filtrado elimina part\u00edculas indeseadas que afectan la apariencia, el sabor y la textura de sus productos, lo que mejora la experiencia del cliente.<\/li>\n\n\n\n<li>Cumplimiento con regulaciones y est\u00e1ndares de seguridad alimentaria: El proceso de filtrado es un requisito obligatorio para muchos productos alimenticios y es necesario para cumplir con las regulaciones y est\u00e1ndares de seguridad alimentaria.<\/li>\n<\/ul>\n\n\n\n<figure class=\"wp-block-image size-full\"><img loading=\"lazy\" decoding=\"async\" width=\"625\" height=\"286\" src=\"https:\/\/insixsigma.com.mx\/wp-content\/uploads\/2023\/05\/Filtro-de-miel.jpg\" alt=\"Filtrado de alimentos liquidos y viscosos\" class=\"wp-image-1466\" srcset=\"https:\/\/insixsigma.com.mx\/wp-content\/uploads\/2023\/05\/Filtro-de-miel.jpg 625w, https:\/\/insixsigma.com.mx\/wp-content\/uploads\/2023\/05\/Filtro-de-miel-300x137.jpg 300w\" sizes=\"auto, (max-width: 625px) 100vw, 625px\" \/><figcaption class=\"wp-element-caption\">Filtrado de alimentos liquidos y viscosos<\/figcaption><\/figure>\n\n\n\n<p>En nuestro servicio de filtrado de alimentos, utilizamos t\u00e9cnicas avanzadas y equipos de \u00faltima generaci\u00f3n para garantizar la eliminaci\u00f3n eficiente de impurezas y part\u00edculas indeseadas. Nuestro equipo altamente capacitado trabaja con usted para desarrollar un plan de filtrado personalizado que satisfaga sus necesidades espec\u00edficas.<\/p>\n\n\n\n<p>El filtrado se puede utilizar en una amplia variedad de alimentos como:<\/p>\n\n\n\n<div class=\"wp-block-columns is-layout-flex wp-container-core-columns-is-layout-1 wp-block-columns-is-layout-flex\">\n<div class=\"wp-block-column is-layout-flow wp-block-column-is-layout-flow\">\n<ul class=\"wp-block-list\">\n<li>Catsup<\/li>\n\n\n\n<li>Mermelada<\/li>\n\n\n\n<li>Aceites<\/li>\n<\/ul>\n<\/div>\n\n\n\n<div class=\"wp-block-column is-layout-flow wp-block-column-is-layout-flow\">\n<ul class=\"wp-block-list\">\n<li>Aderezos<\/li>\n\n\n\n<li>Salsas<\/li>\n\n\n\n<li>Miel<\/li>\n<\/ul>\n<\/div>\n\n\n\n<div class=\"wp-block-column is-layout-flow wp-block-column-is-layout-flow\">\n<ul class=\"wp-block-list\">\n<li>Pasta de tomate<\/li>\n\n\n\n<li>Caramelo<\/li>\n\n\n\n<li>Jarabe de chocolate<\/li>\n<\/ul>\n<\/div>\n<\/div>\n\n\n\n<p>En <span class=\"highlight\"><mark style=\"background-color:rgba(0, 0, 0, 0)\" class=\"has-inline-color has-dark-blue-color\"><strong>Food Insixsigma<\/strong><\/mark><\/span> contamos con el equipo necesario para filtrar, preparar y envasar tu sproductos.<\/p>\n\n\n\n<div class=\"wp-block-buttons is-layout-flex wp-block-buttons-is-layout-flex\">\n<div class=\"wp-block-button has-custom-width wp-block-button__width-100\"><a class=\"wp-block-button__link has-vivid-cyan-blue-background-color has-background wp-element-button\" href=\"https:\/\/insixsigma.com.mx\/en\/cotiza-maquila-alimentos\/\">Quote your product<\/a><\/div>\n<\/div>","protected":false},"excerpt":{"rendered":"<p>En Food Insixsigma, utilizamos t\u00e9cnicas avanzadas para eliminar impurezas y mejorar la calidad de sus productos alimentarios. El filtrado es un proceso esencial para garantizar&hellip;<\/p>","protected":false},"author":1,"featured_media":1469,"parent":422,"menu_order":0,"comment_status":"closed","ping_status":"closed","template":"","meta":{"_themeisle_gutenberg_block_has_review":false,"_joinchat":[],"footnotes":""},"class_list":["post-1464","page","type-page","status-publish","has-post-thumbnail","hentry"],"yoast_head":"<!-- This site is optimized with the Yoast SEO plugin v26.8 - https:\/\/yoast.com\/product\/yoast-seo-wordpress\/ -->\n<title>Filtrado - Food insixsigma<\/title>\n<meta name=\"robots\" content=\"index, follow, max-snippet:-1, max-image-preview:large, max-video-preview:-1\" \/>\n<link rel=\"canonical\" href=\"https:\/\/insixsigma.com.mx\/en\/maquila-alimentos\/filtrado-alimentos\/\" \/>\n<meta property=\"og:locale\" content=\"en_US\" \/>\n<meta property=\"og:type\" content=\"article\" \/>\n<meta property=\"og:title\" content=\"Filtrado - Food insixsigma\" \/>\n<meta property=\"og:description\" content=\"En Food Insixsigma, utilizamos t\u00e9cnicas avanzadas para eliminar impurezas y mejorar la calidad de sus productos alimentarios. El filtrado es un proceso esencial para garantizar&hellip;\" \/>\n<meta property=\"og:url\" content=\"https:\/\/insixsigma.com.mx\/en\/maquila-alimentos\/filtrado-alimentos\/\" \/>\n<meta property=\"og:site_name\" content=\"Food insixsigma\" \/>\n<meta property=\"article:publisher\" content=\"https:\/\/www.facebook.com\/p\/Food-Insixsigma-sa-de-cv-100079939892505\/\" \/>\n<meta property=\"article:modified_time\" content=\"2023-05-22T22:51:15+00:00\" \/>\n<meta property=\"og:image\" content=\"https:\/\/insixsigma.com.mx\/wp-content\/uploads\/2023\/05\/Que-es-mejor-un-aceite-sin-filtrar-o-filtrado.jpg\" \/>\n\t<meta property=\"og:image:width\" content=\"1006\" \/>\n\t<meta property=\"og:image:height\" content=\"670\" \/>\n\t<meta property=\"og:image:type\" content=\"image\/jpeg\" \/>\n<meta name=\"twitter:card\" content=\"summary_large_image\" \/>\n<meta name=\"twitter:label1\" content=\"Est. reading time\" \/>\n\t<meta name=\"twitter:data1\" content=\"2 minutes\" \/>\n<script type=\"application\/ld+json\" class=\"yoast-schema-graph\">{\"@context\":\"https:\/\/schema.org\",\"@graph\":[{\"@type\":\"WebPage\",\"@id\":\"https:\/\/insixsigma.com.mx\/maquila-alimentos\/filtrado-alimentos\/\",\"url\":\"https:\/\/insixsigma.com.mx\/maquila-alimentos\/filtrado-alimentos\/\",\"name\":\"Filtrado - Food insixsigma\",\"isPartOf\":{\"@id\":\"https:\/\/insixsigma.com.mx\/#website\"},\"primaryImageOfPage\":{\"@id\":\"https:\/\/insixsigma.com.mx\/maquila-alimentos\/filtrado-alimentos\/#primaryimage\"},\"image\":{\"@id\":\"https:\/\/insixsigma.com.mx\/maquila-alimentos\/filtrado-alimentos\/#primaryimage\"},\"thumbnailUrl\":\"https:\/\/insixsigma.com.mx\/wp-content\/uploads\/2023\/05\/Que-es-mejor-un-aceite-sin-filtrar-o-filtrado.jpg\",\"datePublished\":\"2023-05-09T18:54:05+00:00\",\"dateModified\":\"2023-05-22T22:51:15+00:00\",\"breadcrumb\":{\"@id\":\"https:\/\/insixsigma.com.mx\/maquila-alimentos\/filtrado-alimentos\/#breadcrumb\"},\"inLanguage\":\"en-US\",\"potentialAction\":[{\"@type\":\"ReadAction\",\"target\":[\"https:\/\/insixsigma.com.mx\/maquila-alimentos\/filtrado-alimentos\/\"]}]},{\"@type\":\"ImageObject\",\"inLanguage\":\"en-US\",\"@id\":\"https:\/\/insixsigma.com.mx\/maquila-alimentos\/filtrado-alimentos\/#primaryimage\",\"url\":\"https:\/\/insixsigma.com.mx\/wp-content\/uploads\/2023\/05\/Que-es-mejor-un-aceite-sin-filtrar-o-filtrado.jpg\",\"contentUrl\":\"https:\/\/insixsigma.com.mx\/wp-content\/uploads\/2023\/05\/Que-es-mejor-un-aceite-sin-filtrar-o-filtrado.jpg\",\"width\":1006,\"height\":670},{\"@type\":\"BreadcrumbList\",\"@id\":\"https:\/\/insixsigma.com.mx\/maquila-alimentos\/filtrado-alimentos\/#breadcrumb\",\"itemListElement\":[{\"@type\":\"ListItem\",\"position\":1,\"name\":\"Home\",\"item\":\"https:\/\/insixsigma.com.mx\/\"},{\"@type\":\"ListItem\",\"position\":2,\"name\":\"Elaboramos tus productos\",\"item\":\"https:\/\/insixsigma.com.mx\/maquila-alimentos\/\"},{\"@type\":\"ListItem\",\"position\":3,\"name\":\"Filtrado\"}]},{\"@type\":\"WebSite\",\"@id\":\"https:\/\/insixsigma.com.mx\/#website\",\"url\":\"https:\/\/insixsigma.com.mx\/\",\"name\":\"Food insixsigma\",\"description\":\"Maquila de envasado y producci\u00f3n.\",\"publisher\":{\"@id\":\"https:\/\/insixsigma.com.mx\/#organization\"},\"potentialAction\":[{\"@type\":\"SearchAction\",\"target\":{\"@type\":\"EntryPoint\",\"urlTemplate\":\"https:\/\/insixsigma.com.mx\/?s={search_term_string}\"},\"query-input\":{\"@type\":\"PropertyValueSpecification\",\"valueRequired\":true,\"valueName\":\"search_term_string\"}}],\"inLanguage\":\"en-US\"},{\"@type\":\"Organization\",\"@id\":\"https:\/\/insixsigma.com.mx\/#organization\",\"name\":\"Food insixsigma\",\"url\":\"https:\/\/insixsigma.com.mx\/\",\"logo\":{\"@type\":\"ImageObject\",\"inLanguage\":\"en-US\",\"@id\":\"https:\/\/insixsigma.com.mx\/#\/schema\/logo\/image\/\",\"url\":\"https:\/\/insixsigma.com.mx\/wp-content\/uploads\/2022\/09\/LOGOtipo.png\",\"contentUrl\":\"https:\/\/insixsigma.com.mx\/wp-content\/uploads\/2022\/09\/LOGOtipo.png\",\"width\":150,\"height\":100,\"caption\":\"Food insixsigma\"},\"image\":{\"@id\":\"https:\/\/insixsigma.com.mx\/#\/schema\/logo\/image\/\"},\"sameAs\":[\"https:\/\/www.facebook.com\/p\/Food-Insixsigma-sa-de-cv-100079939892505\/\"]}]}<\/script>\n<!-- \/ Yoast SEO plugin. -->","yoast_head_json":{"title":"Filtrado - Food insixsigma","robots":{"index":"index","follow":"follow","max-snippet":"max-snippet:-1","max-image-preview":"max-image-preview:large","max-video-preview":"max-video-preview:-1"},"canonical":"https:\/\/insixsigma.com.mx\/en\/maquila-alimentos\/filtrado-alimentos\/","og_locale":"en_US","og_type":"article","og_title":"Filtrado - Food insixsigma","og_description":"En Food Insixsigma, utilizamos t\u00e9cnicas avanzadas para eliminar impurezas y mejorar la calidad de sus productos alimentarios. El filtrado es un proceso esencial para garantizar&hellip;","og_url":"https:\/\/insixsigma.com.mx\/en\/maquila-alimentos\/filtrado-alimentos\/","og_site_name":"Food insixsigma","article_publisher":"https:\/\/www.facebook.com\/p\/Food-Insixsigma-sa-de-cv-100079939892505\/","article_modified_time":"2023-05-22T22:51:15+00:00","og_image":[{"width":1006,"height":670,"url":"https:\/\/insixsigma.com.mx\/wp-content\/uploads\/2023\/05\/Que-es-mejor-un-aceite-sin-filtrar-o-filtrado.jpg","type":"image\/jpeg"}],"twitter_card":"summary_large_image","twitter_misc":{"Est. reading time":"2 minutes"},"schema":{"@context":"https:\/\/schema.org","@graph":[{"@type":"WebPage","@id":"https:\/\/insixsigma.com.mx\/maquila-alimentos\/filtrado-alimentos\/","url":"https:\/\/insixsigma.com.mx\/maquila-alimentos\/filtrado-alimentos\/","name":"Filtrado - Food insixsigma","isPartOf":{"@id":"https:\/\/insixsigma.com.mx\/#website"},"primaryImageOfPage":{"@id":"https:\/\/insixsigma.com.mx\/maquila-alimentos\/filtrado-alimentos\/#primaryimage"},"image":{"@id":"https:\/\/insixsigma.com.mx\/maquila-alimentos\/filtrado-alimentos\/#primaryimage"},"thumbnailUrl":"https:\/\/insixsigma.com.mx\/wp-content\/uploads\/2023\/05\/Que-es-mejor-un-aceite-sin-filtrar-o-filtrado.jpg","datePublished":"2023-05-09T18:54:05+00:00","dateModified":"2023-05-22T22:51:15+00:00","breadcrumb":{"@id":"https:\/\/insixsigma.com.mx\/maquila-alimentos\/filtrado-alimentos\/#breadcrumb"},"inLanguage":"en-US","potentialAction":[{"@type":"ReadAction","target":["https:\/\/insixsigma.com.mx\/maquila-alimentos\/filtrado-alimentos\/"]}]},{"@type":"ImageObject","inLanguage":"en-US","@id":"https:\/\/insixsigma.com.mx\/maquila-alimentos\/filtrado-alimentos\/#primaryimage","url":"https:\/\/insixsigma.com.mx\/wp-content\/uploads\/2023\/05\/Que-es-mejor-un-aceite-sin-filtrar-o-filtrado.jpg","contentUrl":"https:\/\/insixsigma.com.mx\/wp-content\/uploads\/2023\/05\/Que-es-mejor-un-aceite-sin-filtrar-o-filtrado.jpg","width":1006,"height":670},{"@type":"BreadcrumbList","@id":"https:\/\/insixsigma.com.mx\/maquila-alimentos\/filtrado-alimentos\/#breadcrumb","itemListElement":[{"@type":"ListItem","position":1,"name":"Home","item":"https:\/\/insixsigma.com.mx\/"},{"@type":"ListItem","position":2,"name":"Elaboramos tus productos","item":"https:\/\/insixsigma.com.mx\/maquila-alimentos\/"},{"@type":"ListItem","position":3,"name":"Filtrado"}]},{"@type":"WebSite","@id":"https:\/\/insixsigma.com.mx\/#website","url":"https:\/\/insixsigma.com.mx\/","name":"Food insixsigma","description":"Maquila de envasado y producci\u00f3n.","publisher":{"@id":"https:\/\/insixsigma.com.mx\/#organization"},"potentialAction":[{"@type":"SearchAction","target":{"@type":"EntryPoint","urlTemplate":"https:\/\/insixsigma.com.mx\/?s={search_term_string}"},"query-input":{"@type":"PropertyValueSpecification","valueRequired":true,"valueName":"search_term_string"}}],"inLanguage":"en-US"},{"@type":"Organization","@id":"https:\/\/insixsigma.com.mx\/#organization","name":"Food insixsigma","url":"https:\/\/insixsigma.com.mx\/","logo":{"@type":"ImageObject","inLanguage":"en-US","@id":"https:\/\/insixsigma.com.mx\/#\/schema\/logo\/image\/","url":"https:\/\/insixsigma.com.mx\/wp-content\/uploads\/2022\/09\/LOGOtipo.png","contentUrl":"https:\/\/insixsigma.com.mx\/wp-content\/uploads\/2022\/09\/LOGOtipo.png","width":150,"height":100,"caption":"Food insixsigma"},"image":{"@id":"https:\/\/insixsigma.com.mx\/#\/schema\/logo\/image\/"},"sameAs":["https:\/\/www.facebook.com\/p\/Food-Insixsigma-sa-de-cv-100079939892505\/"]}]}},"_links":{"self":[{"href":"https:\/\/insixsigma.com.mx\/en\/wp-json\/wp\/v2\/pages\/1464","targetHints":{"allow":["GET"]}}],"collection":[{"href":"https:\/\/insixsigma.com.mx\/en\/wp-json\/wp\/v2\/pages"}],"about":[{"href":"https:\/\/insixsigma.com.mx\/en\/wp-json\/wp\/v2\/types\/page"}],"author":[{"embeddable":true,"href":"https:\/\/insixsigma.com.mx\/en\/wp-json\/wp\/v2\/users\/1"}],"replies":[{"embeddable":true,"href":"https:\/\/insixsigma.com.mx\/en\/wp-json\/wp\/v2\/comments?post=1464"}],"version-history":[{"count":2,"href":"https:\/\/insixsigma.com.mx\/en\/wp-json\/wp\/v2\/pages\/1464\/revisions"}],"predecessor-version":[{"id":1470,"href":"https:\/\/insixsigma.com.mx\/en\/wp-json\/wp\/v2\/pages\/1464\/revisions\/1470"}],"up":[{"embeddable":true,"href":"https:\/\/insixsigma.com.mx\/en\/wp-json\/wp\/v2\/pages\/422"}],"wp:featuredmedia":[{"embeddable":true,"href":"https:\/\/insixsigma.com.mx\/en\/wp-json\/wp\/v2\/media\/1469"}],"wp:attachment":[{"href":"https:\/\/insixsigma.com.mx\/en\/wp-json\/wp\/v2\/media?parent=1464"}],"curies":[{"name":"wp","href":"https:\/\/api.w.org\/{rel}","templated":true}]}}