{"id":1454,"date":"2023-05-08T15:21:27","date_gmt":"2023-05-08T21:21:27","guid":{"rendered":"https:\/\/insixsigma.com.mx\/?page_id=1454"},"modified":"2023-05-22T16:52:34","modified_gmt":"2023-05-22T22:52:34","slug":"pasteurizacion-alimentos","status":"publish","type":"page","link":"https:\/\/insixsigma.com.mx\/en\/maquila-alimentos\/pasteurizacion-alimentos\/","title":{"rendered":"Pasteurized"},"content":{"rendered":"<h3 class=\"wp-block-heading\">Proteja a sus clientes y a su negocio con la pasteurizaci\u00f3n de alimentos de alta calidad.<\/h3>\n\n\n\n<p>Con nuestro servicio de pasteurizaci\u00f3n de alimentos, utilizamos t\u00e9cnicas avanzadas para garantizar la seguridad y la durabilidad de sus productos alimenticios. <\/p>\n\n\n\n<p>La pasteurizaci\u00f3n es un proceso t\u00e9rmico que se utiliza para eliminar los microorganismos da\u00f1inos en los alimentos sin afectar significativamente su sabor o valor nutricional.<\/p>\n\n\n\n<p>La pasteurizaci\u00f3n es esencial para proteger a sus clientes de enfermedades transmitidas por los alimentos.  Tambi\u00e9n puede mejorar la durabilidad y la calidad de sus productos alimenticios.<\/p>\n\n\n\n<figure class=\"wp-block-image size-large\"><img loading=\"lazy\" decoding=\"async\" width=\"1024\" height=\"298\" src=\"https:\/\/insixsigma.com.mx\/wp-content\/uploads\/2023\/05\/Diseno-sin-titulo-1024x298.png\" alt=\"Enfriado para pasteurizar\" class=\"wp-image-1461\" srcset=\"https:\/\/insixsigma.com.mx\/wp-content\/uploads\/2023\/05\/Diseno-sin-titulo-1024x298.png 1024w, https:\/\/insixsigma.com.mx\/wp-content\/uploads\/2023\/05\/Diseno-sin-titulo-300x87.png 300w, https:\/\/insixsigma.com.mx\/wp-content\/uploads\/2023\/05\/Diseno-sin-titulo-768x224.png 768w, https:\/\/insixsigma.com.mx\/wp-content\/uploads\/2023\/05\/Diseno-sin-titulo.png 1294w\" sizes=\"auto, (max-width: 1024px) 100vw, 1024px\" \/><figcaption class=\"wp-element-caption\">Enfriado de alimentos para pasteurizar y eliminar microorganismos<\/figcaption><\/figure>\n\n\n\n<p>El servicio de pasteurizaci\u00f3n de alimentos de <strong><mark style=\"background-color:rgba(0, 0, 0, 0)\" class=\"has-inline-color has-dark-blue-color\">Food Insixgima<\/mark><\/strong>, utiliza t\u00e9cnicas avanzadas para garantizar la eliminaci\u00f3n de microorganismos da\u00f1inos en productos alimentarios. Nuestro equipo altamente capacitado y equipamiento de \u00faltima generaci\u00f3n nos permite pasteurizar sus alimentos de manera segura y eficiente.<\/p>\n\n\n\n<h5 id=\"wp-block-themeisle-blocks-advanced-heading-2c0e10f7\" class=\"wp-block-themeisle-blocks-advanced-heading wp-block-themeisle-blocks-advanced-heading-2c0e10f7\">Beneficios del servicio de pasteurizaci\u00f3n en alimentos:<\/h5>\n\n\n\n<ul class=\"wp-block-list\">\n<li>Mayor seguridad alimentaria: La pasteurizaci\u00f3n es esencial para eliminar los microorganismos da\u00f1inos en los alimentos y proteger a sus clientes de enfermedades transmitidas por los alimentos.<\/li>\n\n\n\n<li>Mayor durabilidad de los alimentos: La pasteurizaci\u00f3n puede aumentar la durabilidad de los productos alimentarios, lo que significa menos desperdicio y m\u00e1s beneficios para su negocio.<\/li>\n\n\n\n<li>Mejora la calidad de los alimentos: La pasteurizaci\u00f3n puede mejorar la calidad de los productos alimentarios al reducir la carga microbiana y mejorar la estabilidad del producto.<\/li>\n\n\n\n<li>Cumplimiento con regulaciones y est\u00e1ndares de seguridad alimentaria: El proceso de pasteurizaci\u00f3n es un requisito obligatorio para muchos productos alimentarios y es necesario para cumplir con las regulaciones y est\u00e1ndares de seguridad alimentaria.<\/li>\n<\/ul>\n\n\n\n<p>Pasteurizamos alimentos a gran escala como:<\/p>\n\n\n\n<div class=\"wp-block-columns is-layout-flex wp-container-core-columns-is-layout-1 wp-block-columns-is-layout-flex\">\n<div class=\"wp-block-column is-layout-flow wp-block-column-is-layout-flow\">\n<ul class=\"wp-block-list\">\n<li>Catsup<\/li>\n\n\n\n<li>Mermelada<\/li>\n\n\n\n<li>Cajeta<\/li>\n<\/ul>\n<\/div>\n\n\n\n<div class=\"wp-block-column is-layout-flow wp-block-column-is-layout-flow\">\n<ul class=\"wp-block-list\">\n<li>Aderezos<\/li>\n\n\n\n<li>Salsas<\/li>\n\n\n\n<li>Pur\u00e9<\/li>\n<\/ul>\n<\/div>\n\n\n\n<div class=\"wp-block-column is-layout-flow wp-block-column-is-layout-flow\">\n<ul class=\"wp-block-list\">\n<li>Pasta de tomate<\/li>\n\n\n\n<li>Caramelo<\/li>\n\n\n\n<li>Jarabe de chocolate<\/li>\n<\/ul>\n<\/div>\n<\/div>\n\n\n\n<p>En <span class=\"highlight\"><mark style=\"background-color:rgba(0, 0, 0, 0)\" class=\"has-inline-color has-dark-blue-color\"><strong>Food Insixsigma<\/strong><\/mark><\/span> contamos con el equipo necesario para pasteurizar y envasar tus productos. Si desea utilizar nuestro servicio de pasteurizaci\u00f3n de alimentos, no dude en ponerse en contacto con nosotros para obtener una cotizaci\u00f3n personalizada.<\/p>\n\n\n\n<div class=\"wp-block-buttons is-layout-flex wp-block-buttons-is-layout-flex\">\n<div class=\"wp-block-button has-custom-width wp-block-button__width-100\"><a class=\"wp-block-button__link has-vivid-cyan-blue-background-color has-background wp-element-button\" href=\"https:\/\/insixsigma.com.mx\/en\/cotiza-maquila-alimentos\/\">Quote your product<\/a><\/div>\n<\/div>","protected":false},"excerpt":{"rendered":"<p>Proteja a sus clientes y a su negocio con la pasteurizaci\u00f3n de alimentos de alta calidad. Con nuestro servicio de pasteurizaci\u00f3n de alimentos, utilizamos t\u00e9cnicas&hellip;<\/p>","protected":false},"author":1,"featured_media":1472,"parent":422,"menu_order":0,"comment_status":"closed","ping_status":"closed","template":"","meta":{"_themeisle_gutenberg_block_has_review":false,"_joinchat":[],"footnotes":""},"class_list":["post-1454","page","type-page","status-publish","has-post-thumbnail","hentry"],"yoast_head":"<!-- This site is optimized with the Yoast SEO plugin v26.8 - https:\/\/yoast.com\/product\/yoast-seo-wordpress\/ -->\n<title>Pasteurizado - Food insixsigma<\/title>\n<meta name=\"description\" content=\"La pasteurizaci\u00f3n es un proceso t\u00e9rmico que se utiliza para eliminar los microorganismos da\u00f1inos en los alimentos sin afectar su sabor\" \/>\n<meta name=\"robots\" content=\"index, follow, max-snippet:-1, max-image-preview:large, max-video-preview:-1\" \/>\n<link rel=\"canonical\" href=\"https:\/\/insixsigma.com.mx\/en\/maquila-alimentos\/pasteurizacion-alimentos\/\" \/>\n<meta property=\"og:locale\" content=\"en_US\" \/>\n<meta property=\"og:type\" content=\"article\" \/>\n<meta property=\"og:title\" content=\"Pasteurizado - Food insixsigma\" \/>\n<meta property=\"og:description\" content=\"La pasteurizaci\u00f3n es un proceso t\u00e9rmico que se utiliza para eliminar los microorganismos da\u00f1inos en los alimentos sin afectar su sabor\" \/>\n<meta property=\"og:url\" content=\"https:\/\/insixsigma.com.mx\/en\/maquila-alimentos\/pasteurizacion-alimentos\/\" \/>\n<meta property=\"og:site_name\" content=\"Food insixsigma\" \/>\n<meta property=\"article:publisher\" content=\"https:\/\/www.facebook.com\/p\/Food-Insixsigma-sa-de-cv-100079939892505\/\" \/>\n<meta property=\"article:modified_time\" content=\"2023-05-22T22:52:34+00:00\" \/>\n<meta property=\"og:image\" content=\"https:\/\/insixsigma.com.mx\/wp-content\/uploads\/2023\/05\/Pasteurizado.png\" \/>\n\t<meta property=\"og:image:width\" content=\"1096\" \/>\n\t<meta property=\"og:image:height\" content=\"656\" \/>\n\t<meta property=\"og:image:type\" content=\"image\/png\" \/>\n<meta name=\"twitter:card\" content=\"summary_large_image\" \/>\n<meta name=\"twitter:label1\" content=\"Est. reading time\" \/>\n\t<meta name=\"twitter:data1\" content=\"2 minutes\" \/>\n<script type=\"application\/ld+json\" class=\"yoast-schema-graph\">{\"@context\":\"https:\/\/schema.org\",\"@graph\":[{\"@type\":\"WebPage\",\"@id\":\"https:\/\/insixsigma.com.mx\/maquila-alimentos\/pasteurizacion-alimentos\/\",\"url\":\"https:\/\/insixsigma.com.mx\/maquila-alimentos\/pasteurizacion-alimentos\/\",\"name\":\"Pasteurizado - Food insixsigma\",\"isPartOf\":{\"@id\":\"https:\/\/insixsigma.com.mx\/#website\"},\"primaryImageOfPage\":{\"@id\":\"https:\/\/insixsigma.com.mx\/maquila-alimentos\/pasteurizacion-alimentos\/#primaryimage\"},\"image\":{\"@id\":\"https:\/\/insixsigma.com.mx\/maquila-alimentos\/pasteurizacion-alimentos\/#primaryimage\"},\"thumbnailUrl\":\"https:\/\/insixsigma.com.mx\/wp-content\/uploads\/2023\/05\/Pasteurizado.png\",\"datePublished\":\"2023-05-08T21:21:27+00:00\",\"dateModified\":\"2023-05-22T22:52:34+00:00\",\"description\":\"La pasteurizaci\u00f3n es un proceso t\u00e9rmico que se utiliza para eliminar los microorganismos da\u00f1inos en los alimentos sin afectar su sabor\",\"breadcrumb\":{\"@id\":\"https:\/\/insixsigma.com.mx\/maquila-alimentos\/pasteurizacion-alimentos\/#breadcrumb\"},\"inLanguage\":\"en-US\",\"potentialAction\":[{\"@type\":\"ReadAction\",\"target\":[\"https:\/\/insixsigma.com.mx\/maquila-alimentos\/pasteurizacion-alimentos\/\"]}]},{\"@type\":\"ImageObject\",\"inLanguage\":\"en-US\",\"@id\":\"https:\/\/insixsigma.com.mx\/maquila-alimentos\/pasteurizacion-alimentos\/#primaryimage\",\"url\":\"https:\/\/insixsigma.com.mx\/wp-content\/uploads\/2023\/05\/Pasteurizado.png\",\"contentUrl\":\"https:\/\/insixsigma.com.mx\/wp-content\/uploads\/2023\/05\/Pasteurizado.png\",\"width\":1096,\"height\":656,\"caption\":\"Pasteurizaci\u00f3n de productos alimenticios\"},{\"@type\":\"BreadcrumbList\",\"@id\":\"https:\/\/insixsigma.com.mx\/maquila-alimentos\/pasteurizacion-alimentos\/#breadcrumb\",\"itemListElement\":[{\"@type\":\"ListItem\",\"position\":1,\"name\":\"Home\",\"item\":\"https:\/\/insixsigma.com.mx\/\"},{\"@type\":\"ListItem\",\"position\":2,\"name\":\"Elaboramos tus productos\",\"item\":\"https:\/\/insixsigma.com.mx\/maquila-alimentos\/\"},{\"@type\":\"ListItem\",\"position\":3,\"name\":\"Pasteurizado\"}]},{\"@type\":\"WebSite\",\"@id\":\"https:\/\/insixsigma.com.mx\/#website\",\"url\":\"https:\/\/insixsigma.com.mx\/\",\"name\":\"Food insixsigma\",\"description\":\"Maquila de envasado y producci\u00f3n.\",\"publisher\":{\"@id\":\"https:\/\/insixsigma.com.mx\/#organization\"},\"potentialAction\":[{\"@type\":\"SearchAction\",\"target\":{\"@type\":\"EntryPoint\",\"urlTemplate\":\"https:\/\/insixsigma.com.mx\/?s={search_term_string}\"},\"query-input\":{\"@type\":\"PropertyValueSpecification\",\"valueRequired\":true,\"valueName\":\"search_term_string\"}}],\"inLanguage\":\"en-US\"},{\"@type\":\"Organization\",\"@id\":\"https:\/\/insixsigma.com.mx\/#organization\",\"name\":\"Food insixsigma\",\"url\":\"https:\/\/insixsigma.com.mx\/\",\"logo\":{\"@type\":\"ImageObject\",\"inLanguage\":\"en-US\",\"@id\":\"https:\/\/insixsigma.com.mx\/#\/schema\/logo\/image\/\",\"url\":\"https:\/\/insixsigma.com.mx\/wp-content\/uploads\/2022\/09\/LOGOtipo.png\",\"contentUrl\":\"https:\/\/insixsigma.com.mx\/wp-content\/uploads\/2022\/09\/LOGOtipo.png\",\"width\":150,\"height\":100,\"caption\":\"Food insixsigma\"},\"image\":{\"@id\":\"https:\/\/insixsigma.com.mx\/#\/schema\/logo\/image\/\"},\"sameAs\":[\"https:\/\/www.facebook.com\/p\/Food-Insixsigma-sa-de-cv-100079939892505\/\"]}]}<\/script>\n<!-- \/ Yoast SEO plugin. -->","yoast_head_json":{"title":"Pasteurizado - Food insixsigma","description":"La pasteurizaci\u00f3n es un proceso t\u00e9rmico que se utiliza para eliminar los microorganismos da\u00f1inos en los alimentos sin afectar su sabor","robots":{"index":"index","follow":"follow","max-snippet":"max-snippet:-1","max-image-preview":"max-image-preview:large","max-video-preview":"max-video-preview:-1"},"canonical":"https:\/\/insixsigma.com.mx\/en\/maquila-alimentos\/pasteurizacion-alimentos\/","og_locale":"en_US","og_type":"article","og_title":"Pasteurizado - Food insixsigma","og_description":"La pasteurizaci\u00f3n es un proceso t\u00e9rmico que se utiliza para eliminar los microorganismos da\u00f1inos en los alimentos sin afectar su sabor","og_url":"https:\/\/insixsigma.com.mx\/en\/maquila-alimentos\/pasteurizacion-alimentos\/","og_site_name":"Food insixsigma","article_publisher":"https:\/\/www.facebook.com\/p\/Food-Insixsigma-sa-de-cv-100079939892505\/","article_modified_time":"2023-05-22T22:52:34+00:00","og_image":[{"width":1096,"height":656,"url":"https:\/\/insixsigma.com.mx\/wp-content\/uploads\/2023\/05\/Pasteurizado.png","type":"image\/png"}],"twitter_card":"summary_large_image","twitter_misc":{"Est. reading time":"2 minutes"},"schema":{"@context":"https:\/\/schema.org","@graph":[{"@type":"WebPage","@id":"https:\/\/insixsigma.com.mx\/maquila-alimentos\/pasteurizacion-alimentos\/","url":"https:\/\/insixsigma.com.mx\/maquila-alimentos\/pasteurizacion-alimentos\/","name":"Pasteurizado - Food insixsigma","isPartOf":{"@id":"https:\/\/insixsigma.com.mx\/#website"},"primaryImageOfPage":{"@id":"https:\/\/insixsigma.com.mx\/maquila-alimentos\/pasteurizacion-alimentos\/#primaryimage"},"image":{"@id":"https:\/\/insixsigma.com.mx\/maquila-alimentos\/pasteurizacion-alimentos\/#primaryimage"},"thumbnailUrl":"https:\/\/insixsigma.com.mx\/wp-content\/uploads\/2023\/05\/Pasteurizado.png","datePublished":"2023-05-08T21:21:27+00:00","dateModified":"2023-05-22T22:52:34+00:00","description":"La pasteurizaci\u00f3n es un proceso t\u00e9rmico que se utiliza para eliminar los microorganismos da\u00f1inos en los alimentos sin afectar su sabor","breadcrumb":{"@id":"https:\/\/insixsigma.com.mx\/maquila-alimentos\/pasteurizacion-alimentos\/#breadcrumb"},"inLanguage":"en-US","potentialAction":[{"@type":"ReadAction","target":["https:\/\/insixsigma.com.mx\/maquila-alimentos\/pasteurizacion-alimentos\/"]}]},{"@type":"ImageObject","inLanguage":"en-US","@id":"https:\/\/insixsigma.com.mx\/maquila-alimentos\/pasteurizacion-alimentos\/#primaryimage","url":"https:\/\/insixsigma.com.mx\/wp-content\/uploads\/2023\/05\/Pasteurizado.png","contentUrl":"https:\/\/insixsigma.com.mx\/wp-content\/uploads\/2023\/05\/Pasteurizado.png","width":1096,"height":656,"caption":"Pasteurizaci\u00f3n de productos alimenticios"},{"@type":"BreadcrumbList","@id":"https:\/\/insixsigma.com.mx\/maquila-alimentos\/pasteurizacion-alimentos\/#breadcrumb","itemListElement":[{"@type":"ListItem","position":1,"name":"Home","item":"https:\/\/insixsigma.com.mx\/"},{"@type":"ListItem","position":2,"name":"Elaboramos tus productos","item":"https:\/\/insixsigma.com.mx\/maquila-alimentos\/"},{"@type":"ListItem","position":3,"name":"Pasteurizado"}]},{"@type":"WebSite","@id":"https:\/\/insixsigma.com.mx\/#website","url":"https:\/\/insixsigma.com.mx\/","name":"Food insixsigma","description":"Maquila de envasado y producci\u00f3n.","publisher":{"@id":"https:\/\/insixsigma.com.mx\/#organization"},"potentialAction":[{"@type":"SearchAction","target":{"@type":"EntryPoint","urlTemplate":"https:\/\/insixsigma.com.mx\/?s={search_term_string}"},"query-input":{"@type":"PropertyValueSpecification","valueRequired":true,"valueName":"search_term_string"}}],"inLanguage":"en-US"},{"@type":"Organization","@id":"https:\/\/insixsigma.com.mx\/#organization","name":"Food insixsigma","url":"https:\/\/insixsigma.com.mx\/","logo":{"@type":"ImageObject","inLanguage":"en-US","@id":"https:\/\/insixsigma.com.mx\/#\/schema\/logo\/image\/","url":"https:\/\/insixsigma.com.mx\/wp-content\/uploads\/2022\/09\/LOGOtipo.png","contentUrl":"https:\/\/insixsigma.com.mx\/wp-content\/uploads\/2022\/09\/LOGOtipo.png","width":150,"height":100,"caption":"Food insixsigma"},"image":{"@id":"https:\/\/insixsigma.com.mx\/#\/schema\/logo\/image\/"},"sameAs":["https:\/\/www.facebook.com\/p\/Food-Insixsigma-sa-de-cv-100079939892505\/"]}]}},"_links":{"self":[{"href":"https:\/\/insixsigma.com.mx\/en\/wp-json\/wp\/v2\/pages\/1454","targetHints":{"allow":["GET"]}}],"collection":[{"href":"https:\/\/insixsigma.com.mx\/en\/wp-json\/wp\/v2\/pages"}],"about":[{"href":"https:\/\/insixsigma.com.mx\/en\/wp-json\/wp\/v2\/types\/page"}],"author":[{"embeddable":true,"href":"https:\/\/insixsigma.com.mx\/en\/wp-json\/wp\/v2\/users\/1"}],"replies":[{"embeddable":true,"href":"https:\/\/insixsigma.com.mx\/en\/wp-json\/wp\/v2\/comments?post=1454"}],"version-history":[{"count":1,"href":"https:\/\/insixsigma.com.mx\/en\/wp-json\/wp\/v2\/pages\/1454\/revisions"}],"predecessor-version":[{"id":1462,"href":"https:\/\/insixsigma.com.mx\/en\/wp-json\/wp\/v2\/pages\/1454\/revisions\/1462"}],"up":[{"embeddable":true,"href":"https:\/\/insixsigma.com.mx\/en\/wp-json\/wp\/v2\/pages\/422"}],"wp:featuredmedia":[{"embeddable":true,"href":"https:\/\/insixsigma.com.mx\/en\/wp-json\/wp\/v2\/media\/1472"}],"wp:attachment":[{"href":"https:\/\/insixsigma.com.mx\/en\/wp-json\/wp\/v2\/media?parent=1454"}],"curies":[{"name":"wp","href":"https:\/\/api.w.org\/{rel}","templated":true}]}}