{"id":1450,"date":"2023-05-08T13:39:22","date_gmt":"2023-05-08T19:39:22","guid":{"rendered":"https:\/\/insixsigma.com.mx\/?page_id=1450"},"modified":"2023-05-22T16:51:35","modified_gmt":"2023-05-22T22:51:35","slug":"homegeneizado-de-alimentos","status":"publish","type":"page","link":"https:\/\/insixsigma.com.mx\/en\/maquila-alimentos\/homegeneizado-de-alimentos\/","title":{"rendered":"Homogeneized"},"content":{"rendered":"<p>Contamos con la tecnolog\u00eda m\u00e1s avanzada en homogeneizaci\u00f3n de alimentos, lo que nos permite garantizar una mezcla uniforme y estable en todos tus productos. Ya sea que necesites homogeneizar l\u00edquidos, pastas o s\u00f3lidos, podemos ayudarte a obtener el resultado que est\u00e1s buscando.<\/p>\n\n\n\n<p>Nuestro equipo de expertos en homogeneizaci\u00f3n de alimentos tiene a\u00f1os de experiencia en el sector, y estamos comprometidos en brindar el mejor servicio posible a nuestros clientes. Nos aseguramos de que cada proceso de homogeneizaci\u00f3n sea rigurosamente supervisado para asegurar la calidad del producto final.<\/p>\n\n\n\n<figure class=\"wp-block-image size-full\"><img loading=\"lazy\" decoding=\"async\" width=\"500\" height=\"313\" src=\"https:\/\/insixsigma.com.mx\/wp-content\/uploads\/2023\/05\/tumblr_2506f939ad49050dcd44bb75d669178f_acc8bd11_500.jpg\" alt=\"Mezcla homogenea de chocolate\" class=\"wp-image-1456\" srcset=\"https:\/\/insixsigma.com.mx\/wp-content\/uploads\/2023\/05\/tumblr_2506f939ad49050dcd44bb75d669178f_acc8bd11_500.jpg 500w, https:\/\/insixsigma.com.mx\/wp-content\/uploads\/2023\/05\/tumblr_2506f939ad49050dcd44bb75d669178f_acc8bd11_500-300x188.jpg 300w\" sizes=\"auto, (max-width: 500px) 100vw, 500px\" \/><figcaption class=\"wp-element-caption\">Mezcla homogenea de chocolate<\/figcaption><\/figure>\n\n\n\n<p>El homogeneizado de alimentos es un proceso importante en la producci\u00f3n de alimentos, ya que garantiza una mezcla uniforme de los ingredientes y mejora la calidad y consistencia del producto final. En <strong><mark style=\"background-color:rgba(0, 0, 0, 0)\" class=\"has-inline-color has-dark-blue-color\">Food Insixsigma<\/mark><\/strong> garantizamos que tus productos homogeneizados contaran con las siguientes caracter\u00edsticas:<\/p>\n\n\n\n<ul class=\"wp-block-list\">\n<li>Mezcla uniforme: El homogeneizado de alimentos permite mezclar los ingredientes de manera uniforme, lo que significa que cada porci\u00f3n del producto final tendr\u00e1 la misma calidad y sabor. Esto es especialmente importante en la producci\u00f3n de productos alimenticios como la leche, donde se desea una mezcla uniforme de la grasa.<\/li>\n\n\n\n<li>Estabilidad del producto: El homogeneizado de alimentos tambi\u00e9n mejora la estabilidad del producto final. Al mezclar los ingredientes de manera uniforme, se reduce la separaci\u00f3n de las fases, lo que prolonga la vida \u00fatil del producto y mejora su apariencia y textura.<\/li>\n\n\n\n<li>Mejora de calidad: El homogeneizado de alimentos puede mejorar la calidad de los productos finales. Por ejemplo, en la producci\u00f3n de productos l\u00edquidos y pastosos, el homogeneizado puede mejorar la textura y la cremosidad, lo que resulta en un producto final m\u00e1s atractivo y de alta calidad.<\/li>\n\n\n\n<li>Aumento de la eficiencia: El homogeneizado de alimentos tambi\u00e9n puede aumentar la eficiencia de la producci\u00f3n de alimentos, ya que permite una mezcla m\u00e1s r\u00e1pida y uniforme de los ingredientes. Esto puede reducir el tiempo y los costos de producci\u00f3n, y permitir una producci\u00f3n m\u00e1s r\u00e1pida y en grandes vol\u00famenes.<\/li>\n<\/ul>\n\n\n\n<p>Preparamos alimentos homogeneizados a gran escala como:<\/p>\n\n\n\n<div class=\"wp-block-columns is-layout-flex wp-container-core-columns-is-layout-1 wp-block-columns-is-layout-flex\">\n<div class=\"wp-block-column is-layout-flow wp-block-column-is-layout-flow\">\n<ul class=\"wp-block-list\">\n<li>Sopas<\/li>\n\n\n\n<li>Salsas<\/li>\n\n\n\n<li>Jarabes<\/li>\n<\/ul>\n<\/div>\n\n\n\n<div class=\"wp-block-column is-layout-flow wp-block-column-is-layout-flow\">\n<ul class=\"wp-block-list\">\n<li>Aderezos<\/li>\n\n\n\n<li>Pur\u00e9 de frutas y\/o verduras<\/li>\n\n\n\n<li>Postres<\/li>\n<\/ul>\n<\/div>\n\n\n\n<div class=\"wp-block-column is-layout-flow wp-block-column-is-layout-flow\">\n<ul class=\"wp-block-list\">\n<li>Especias<\/li>\n\n\n\n<li>Azucares<\/li>\n\n\n\n<li>Saborizantes<\/li>\n<\/ul>\n<\/div>\n<\/div>\n\n\n\n<p>En <span class=\"highlight\"><mark style=\"background-color:rgba(0, 0, 0, 0)\" class=\"has-inline-color has-dark-blue-color\"><strong>Food Insixsigma<\/strong><\/mark><\/span> contamos con el equipo necesario para pulverizar, envasar y mezclar productos s\u00f3lidos, en polvo y l\u00edquidos.<\/p>\n\n\n\n<div class=\"wp-block-buttons is-layout-flex wp-block-buttons-is-layout-flex\">\n<div class=\"wp-block-button has-custom-width wp-block-button__width-100\"><a class=\"wp-block-button__link has-vivid-cyan-blue-background-color has-background wp-element-button\" href=\"https:\/\/insixsigma.com.mx\/en\/cotiza-maquila-alimentos\/\">Quote your product<\/a><\/div>\n<\/div>","protected":false},"excerpt":{"rendered":"<p>Contamos con la tecnolog\u00eda m\u00e1s avanzada en homogeneizaci\u00f3n de alimentos, lo que nos permite garantizar una mezcla uniforme y estable en todos tus productos. Ya&hellip;<\/p>","protected":false},"author":1,"featured_media":1455,"parent":422,"menu_order":0,"comment_status":"closed","ping_status":"closed","template":"","meta":{"_themeisle_gutenberg_block_has_review":false,"_joinchat":[],"footnotes":""},"class_list":["post-1450","page","type-page","status-publish","has-post-thumbnail","hentry"],"yoast_head":"<!-- This site is optimized with the Yoast SEO plugin v26.8 - https:\/\/yoast.com\/product\/yoast-seo-wordpress\/ -->\n<title>Homogeneizado - Food insixsigma<\/title>\n<meta name=\"description\" content=\"Contamos con la tecnolog\u00eda m\u00e1s avanzada en homogeneizaci\u00f3n de alimentos, garantizamos una mezcla uniforme y estable en todos tus productos.\" \/>\n<meta name=\"robots\" content=\"index, follow, max-snippet:-1, max-image-preview:large, max-video-preview:-1\" \/>\n<link rel=\"canonical\" href=\"https:\/\/insixsigma.com.mx\/en\/maquila-alimentos\/homegeneizado-de-alimentos\/\" \/>\n<meta property=\"og:locale\" content=\"en_US\" \/>\n<meta property=\"og:type\" content=\"article\" \/>\n<meta property=\"og:title\" content=\"Homogeneizado - Food insixsigma\" \/>\n<meta property=\"og:description\" content=\"Contamos con la tecnolog\u00eda m\u00e1s avanzada en homogeneizaci\u00f3n de alimentos, garantizamos una mezcla uniforme y estable en todos tus productos.\" \/>\n<meta property=\"og:url\" content=\"https:\/\/insixsigma.com.mx\/en\/maquila-alimentos\/homegeneizado-de-alimentos\/\" \/>\n<meta property=\"og:site_name\" content=\"Food insixsigma\" \/>\n<meta property=\"article:publisher\" content=\"https:\/\/www.facebook.com\/p\/Food-Insixsigma-sa-de-cv-100079939892505\/\" \/>\n<meta property=\"article:modified_time\" content=\"2023-05-22T22:51:35+00:00\" \/>\n<meta property=\"og:image\" content=\"https:\/\/insixsigma.com.mx\/wp-content\/uploads\/2023\/05\/Procesomogeneo.jpg\" \/>\n\t<meta property=\"og:image:width\" content=\"296\" \/>\n\t<meta property=\"og:image:height\" content=\"170\" \/>\n\t<meta property=\"og:image:type\" content=\"image\/jpeg\" \/>\n<meta name=\"twitter:card\" content=\"summary_large_image\" \/>\n<meta name=\"twitter:label1\" content=\"Est. reading time\" \/>\n\t<meta name=\"twitter:data1\" content=\"2 minutes\" \/>\n<script type=\"application\/ld+json\" class=\"yoast-schema-graph\">{\"@context\":\"https:\/\/schema.org\",\"@graph\":[{\"@type\":\"WebPage\",\"@id\":\"https:\/\/insixsigma.com.mx\/maquila-alimentos\/homegeneizado-de-alimentos\/\",\"url\":\"https:\/\/insixsigma.com.mx\/maquila-alimentos\/homegeneizado-de-alimentos\/\",\"name\":\"Homogeneizado - Food insixsigma\",\"isPartOf\":{\"@id\":\"https:\/\/insixsigma.com.mx\/#website\"},\"primaryImageOfPage\":{\"@id\":\"https:\/\/insixsigma.com.mx\/maquila-alimentos\/homegeneizado-de-alimentos\/#primaryimage\"},\"image\":{\"@id\":\"https:\/\/insixsigma.com.mx\/maquila-alimentos\/homegeneizado-de-alimentos\/#primaryimage\"},\"thumbnailUrl\":\"https:\/\/insixsigma.com.mx\/wp-content\/uploads\/2023\/05\/Procesomogeneo.jpg\",\"datePublished\":\"2023-05-08T19:39:22+00:00\",\"dateModified\":\"2023-05-22T22:51:35+00:00\",\"description\":\"Contamos con la tecnolog\u00eda m\u00e1s avanzada en homogeneizaci\u00f3n de alimentos, garantizamos una mezcla uniforme y estable en todos tus productos.\",\"breadcrumb\":{\"@id\":\"https:\/\/insixsigma.com.mx\/maquila-alimentos\/homegeneizado-de-alimentos\/#breadcrumb\"},\"inLanguage\":\"en-US\",\"potentialAction\":[{\"@type\":\"ReadAction\",\"target\":[\"https:\/\/insixsigma.com.mx\/maquila-alimentos\/homegeneizado-de-alimentos\/\"]}]},{\"@type\":\"ImageObject\",\"inLanguage\":\"en-US\",\"@id\":\"https:\/\/insixsigma.com.mx\/maquila-alimentos\/homegeneizado-de-alimentos\/#primaryimage\",\"url\":\"https:\/\/insixsigma.com.mx\/wp-content\/uploads\/2023\/05\/Procesomogeneo.jpg\",\"contentUrl\":\"https:\/\/insixsigma.com.mx\/wp-content\/uploads\/2023\/05\/Procesomogeneo.jpg\",\"width\":296,\"height\":170,\"caption\":\"Productos homogeneizados\"},{\"@type\":\"BreadcrumbList\",\"@id\":\"https:\/\/insixsigma.com.mx\/maquila-alimentos\/homegeneizado-de-alimentos\/#breadcrumb\",\"itemListElement\":[{\"@type\":\"ListItem\",\"position\":1,\"name\":\"Home\",\"item\":\"https:\/\/insixsigma.com.mx\/\"},{\"@type\":\"ListItem\",\"position\":2,\"name\":\"Elaboramos tus productos\",\"item\":\"https:\/\/insixsigma.com.mx\/maquila-alimentos\/\"},{\"@type\":\"ListItem\",\"position\":3,\"name\":\"Homogeneizado\"}]},{\"@type\":\"WebSite\",\"@id\":\"https:\/\/insixsigma.com.mx\/#website\",\"url\":\"https:\/\/insixsigma.com.mx\/\",\"name\":\"Food insixsigma\",\"description\":\"Maquila de envasado y producci\u00f3n.\",\"publisher\":{\"@id\":\"https:\/\/insixsigma.com.mx\/#organization\"},\"potentialAction\":[{\"@type\":\"SearchAction\",\"target\":{\"@type\":\"EntryPoint\",\"urlTemplate\":\"https:\/\/insixsigma.com.mx\/?s={search_term_string}\"},\"query-input\":{\"@type\":\"PropertyValueSpecification\",\"valueRequired\":true,\"valueName\":\"search_term_string\"}}],\"inLanguage\":\"en-US\"},{\"@type\":\"Organization\",\"@id\":\"https:\/\/insixsigma.com.mx\/#organization\",\"name\":\"Food insixsigma\",\"url\":\"https:\/\/insixsigma.com.mx\/\",\"logo\":{\"@type\":\"ImageObject\",\"inLanguage\":\"en-US\",\"@id\":\"https:\/\/insixsigma.com.mx\/#\/schema\/logo\/image\/\",\"url\":\"https:\/\/insixsigma.com.mx\/wp-content\/uploads\/2022\/09\/LOGOtipo.png\",\"contentUrl\":\"https:\/\/insixsigma.com.mx\/wp-content\/uploads\/2022\/09\/LOGOtipo.png\",\"width\":150,\"height\":100,\"caption\":\"Food insixsigma\"},\"image\":{\"@id\":\"https:\/\/insixsigma.com.mx\/#\/schema\/logo\/image\/\"},\"sameAs\":[\"https:\/\/www.facebook.com\/p\/Food-Insixsigma-sa-de-cv-100079939892505\/\"]}]}<\/script>\n<!-- \/ Yoast SEO plugin. -->","yoast_head_json":{"title":"Homogeneizado - Food insixsigma","description":"Contamos con la tecnolog\u00eda m\u00e1s avanzada en homogeneizaci\u00f3n de alimentos, garantizamos una mezcla uniforme y estable en todos tus productos.","robots":{"index":"index","follow":"follow","max-snippet":"max-snippet:-1","max-image-preview":"max-image-preview:large","max-video-preview":"max-video-preview:-1"},"canonical":"https:\/\/insixsigma.com.mx\/en\/maquila-alimentos\/homegeneizado-de-alimentos\/","og_locale":"en_US","og_type":"article","og_title":"Homogeneizado - Food insixsigma","og_description":"Contamos con la tecnolog\u00eda m\u00e1s avanzada en homogeneizaci\u00f3n de alimentos, garantizamos una mezcla uniforme y estable en todos tus productos.","og_url":"https:\/\/insixsigma.com.mx\/en\/maquila-alimentos\/homegeneizado-de-alimentos\/","og_site_name":"Food insixsigma","article_publisher":"https:\/\/www.facebook.com\/p\/Food-Insixsigma-sa-de-cv-100079939892505\/","article_modified_time":"2023-05-22T22:51:35+00:00","og_image":[{"width":296,"height":170,"url":"https:\/\/insixsigma.com.mx\/wp-content\/uploads\/2023\/05\/Procesomogeneo.jpg","type":"image\/jpeg"}],"twitter_card":"summary_large_image","twitter_misc":{"Est. reading time":"2 minutes"},"schema":{"@context":"https:\/\/schema.org","@graph":[{"@type":"WebPage","@id":"https:\/\/insixsigma.com.mx\/maquila-alimentos\/homegeneizado-de-alimentos\/","url":"https:\/\/insixsigma.com.mx\/maquila-alimentos\/homegeneizado-de-alimentos\/","name":"Homogeneizado - Food insixsigma","isPartOf":{"@id":"https:\/\/insixsigma.com.mx\/#website"},"primaryImageOfPage":{"@id":"https:\/\/insixsigma.com.mx\/maquila-alimentos\/homegeneizado-de-alimentos\/#primaryimage"},"image":{"@id":"https:\/\/insixsigma.com.mx\/maquila-alimentos\/homegeneizado-de-alimentos\/#primaryimage"},"thumbnailUrl":"https:\/\/insixsigma.com.mx\/wp-content\/uploads\/2023\/05\/Procesomogeneo.jpg","datePublished":"2023-05-08T19:39:22+00:00","dateModified":"2023-05-22T22:51:35+00:00","description":"Contamos con la tecnolog\u00eda m\u00e1s avanzada en homogeneizaci\u00f3n de alimentos, garantizamos una mezcla uniforme y estable en todos tus productos.","breadcrumb":{"@id":"https:\/\/insixsigma.com.mx\/maquila-alimentos\/homegeneizado-de-alimentos\/#breadcrumb"},"inLanguage":"en-US","potentialAction":[{"@type":"ReadAction","target":["https:\/\/insixsigma.com.mx\/maquila-alimentos\/homegeneizado-de-alimentos\/"]}]},{"@type":"ImageObject","inLanguage":"en-US","@id":"https:\/\/insixsigma.com.mx\/maquila-alimentos\/homegeneizado-de-alimentos\/#primaryimage","url":"https:\/\/insixsigma.com.mx\/wp-content\/uploads\/2023\/05\/Procesomogeneo.jpg","contentUrl":"https:\/\/insixsigma.com.mx\/wp-content\/uploads\/2023\/05\/Procesomogeneo.jpg","width":296,"height":170,"caption":"Productos homogeneizados"},{"@type":"BreadcrumbList","@id":"https:\/\/insixsigma.com.mx\/maquila-alimentos\/homegeneizado-de-alimentos\/#breadcrumb","itemListElement":[{"@type":"ListItem","position":1,"name":"Home","item":"https:\/\/insixsigma.com.mx\/"},{"@type":"ListItem","position":2,"name":"Elaboramos tus productos","item":"https:\/\/insixsigma.com.mx\/maquila-alimentos\/"},{"@type":"ListItem","position":3,"name":"Homogeneizado"}]},{"@type":"WebSite","@id":"https:\/\/insixsigma.com.mx\/#website","url":"https:\/\/insixsigma.com.mx\/","name":"Food insixsigma","description":"Maquila de envasado y producci\u00f3n.","publisher":{"@id":"https:\/\/insixsigma.com.mx\/#organization"},"potentialAction":[{"@type":"SearchAction","target":{"@type":"EntryPoint","urlTemplate":"https:\/\/insixsigma.com.mx\/?s={search_term_string}"},"query-input":{"@type":"PropertyValueSpecification","valueRequired":true,"valueName":"search_term_string"}}],"inLanguage":"en-US"},{"@type":"Organization","@id":"https:\/\/insixsigma.com.mx\/#organization","name":"Food insixsigma","url":"https:\/\/insixsigma.com.mx\/","logo":{"@type":"ImageObject","inLanguage":"en-US","@id":"https:\/\/insixsigma.com.mx\/#\/schema\/logo\/image\/","url":"https:\/\/insixsigma.com.mx\/wp-content\/uploads\/2022\/09\/LOGOtipo.png","contentUrl":"https:\/\/insixsigma.com.mx\/wp-content\/uploads\/2022\/09\/LOGOtipo.png","width":150,"height":100,"caption":"Food insixsigma"},"image":{"@id":"https:\/\/insixsigma.com.mx\/#\/schema\/logo\/image\/"},"sameAs":["https:\/\/www.facebook.com\/p\/Food-Insixsigma-sa-de-cv-100079939892505\/"]}]}},"_links":{"self":[{"href":"https:\/\/insixsigma.com.mx\/en\/wp-json\/wp\/v2\/pages\/1450","targetHints":{"allow":["GET"]}}],"collection":[{"href":"https:\/\/insixsigma.com.mx\/en\/wp-json\/wp\/v2\/pages"}],"about":[{"href":"https:\/\/insixsigma.com.mx\/en\/wp-json\/wp\/v2\/types\/page"}],"author":[{"embeddable":true,"href":"https:\/\/insixsigma.com.mx\/en\/wp-json\/wp\/v2\/users\/1"}],"replies":[{"embeddable":true,"href":"https:\/\/insixsigma.com.mx\/en\/wp-json\/wp\/v2\/comments?post=1450"}],"version-history":[{"count":2,"href":"https:\/\/insixsigma.com.mx\/en\/wp-json\/wp\/v2\/pages\/1450\/revisions"}],"predecessor-version":[{"id":1458,"href":"https:\/\/insixsigma.com.mx\/en\/wp-json\/wp\/v2\/pages\/1450\/revisions\/1458"}],"up":[{"embeddable":true,"href":"https:\/\/insixsigma.com.mx\/en\/wp-json\/wp\/v2\/pages\/422"}],"wp:featuredmedia":[{"embeddable":true,"href":"https:\/\/insixsigma.com.mx\/en\/wp-json\/wp\/v2\/media\/1455"}],"wp:attachment":[{"href":"https:\/\/insixsigma.com.mx\/en\/wp-json\/wp\/v2\/media?parent=1450"}],"curies":[{"name":"wp","href":"https:\/\/api.w.org\/{rel}","templated":true}]}}