{"id":1437,"date":"2023-05-02T11:01:36","date_gmt":"2023-05-02T17:01:36","guid":{"rendered":"https:\/\/insixsigma.com.mx\/?page_id=1437"},"modified":"2023-05-03T11:10:14","modified_gmt":"2023-05-03T17:10:14","slug":"envasado","status":"publish","type":"page","link":"https:\/\/insixsigma.com.mx\/en\/envasado\/","title":{"rendered":"Packaging"},"content":{"rendered":"<p class=\"ticss-f57b6c60\"><strong>Envasado de productos l\u00edquidos, en polvo, s\u00f3lidos o granulados. <\/strong>Nos especializamos en <strong>envases flexibles<\/strong> con impresi\u00f3n y\/o forma para brindarte un<strong> envase llamativo, seguro y de calidad mundial.<\/strong> Envasado de tus productos para impulsarlo a llegar a los m\u00e1s importantes mercados, con las <strong>certificaciones<\/strong> de calidad de <strong><mark style=\"background-color:rgba(0, 0, 0, 0)\" class=\"has-inline-color has-vivid-cyan-blue-color\">Food Insixsigma<\/mark><\/strong> tu producto ser\u00e1 aceptado en los supermercados m\u00e1s importantes del mundo. <\/p>\n\n\n\n<p>En<mark style=\"background-color:rgba(0, 0, 0, 0)\" class=\"has-inline-color has-vivid-cyan-blue-color\"> <strong>Food Insixsigma<\/strong><\/mark> contamos con maquinaria de calidad mundial y con capacidad para envasar a cantidades industriales en diversos tipos de presentaciones. Maquinaria nacional e importada para envasar <strong>Doy Pack con zipper, tap\u00f3n o simple<\/strong>, <strong>stick pack, sobre pillow, sachet de 3 sellos, de 4 sellos y envases r\u00edgidos.<\/strong> <\/p>\n\n\n\n<p> <\/p>\n\n\n\n<figure class=\"wp-block-gallery has-nested-images columns-default is-cropped wp-block-gallery-1 is-layout-flex wp-block-gallery-is-layout-flex\">\n<figure class=\"wp-block-image size-large\"><a href=\"https:\/\/insixsigma.com.mx\/en\/envasamos-tus-productos\/doy-pack\/\"><img loading=\"lazy\" decoding=\"async\" width=\"255\" height=\"255\" data-id=\"881\" src=\"https:\/\/insixsigma.com.mx\/wp-content\/uploads\/2022\/10\/EnvaseDoyPAck.png\" alt=\"\" class=\"wp-image-881\" srcset=\"https:\/\/insixsigma.com.mx\/wp-content\/uploads\/2022\/10\/EnvaseDoyPAck.png 255w, https:\/\/insixsigma.com.mx\/wp-content\/uploads\/2022\/10\/EnvaseDoyPAck-150x150.png 150w, https:\/\/insixsigma.com.mx\/wp-content\/uploads\/2022\/10\/EnvaseDoyPAck-100x100.png 100w\" sizes=\"auto, (max-width: 255px) 100vw, 255px\" \/><\/a><figcaption class=\"wp-element-caption\">Doy Pack<\/figcaption><\/figure>\n\n\n\n<figure class=\"wp-block-image size-large\"><a href=\"https:\/\/insixsigma.com.mx\/en\/envasamos-tus-productos\/sachet\/\"><img loading=\"lazy\" decoding=\"async\" width=\"255\" height=\"255\" data-id=\"879\" src=\"https:\/\/insixsigma.com.mx\/wp-content\/uploads\/2022\/10\/Envasachet.png\" alt=\"\" class=\"wp-image-879\" srcset=\"https:\/\/insixsigma.com.mx\/wp-content\/uploads\/2022\/10\/Envasachet.png 255w, https:\/\/insixsigma.com.mx\/wp-content\/uploads\/2022\/10\/Envasachet-150x150.png 150w, https:\/\/insixsigma.com.mx\/wp-content\/uploads\/2022\/10\/Envasachet-100x100.png 100w\" sizes=\"auto, (max-width: 255px) 100vw, 255px\" \/><\/a><figcaption class=\"wp-element-caption\">Sachet<\/figcaption><\/figure>\n\n\n\n<figure class=\"wp-block-image size-full\"><a href=\"https:\/\/insixsigma.com.mx\/en\/envasamos-tus-productos\/bolsa-pillow\/\"><img loading=\"lazy\" decoding=\"async\" width=\"255\" height=\"255\" data-id=\"883\" src=\"https:\/\/insixsigma.com.mx\/wp-content\/uploads\/2022\/10\/Envasepillow.png\" alt=\"\" class=\"wp-image-883\" srcset=\"https:\/\/insixsigma.com.mx\/wp-content\/uploads\/2022\/10\/Envasepillow.png 255w, https:\/\/insixsigma.com.mx\/wp-content\/uploads\/2022\/10\/Envasepillow-150x150.png 150w, https:\/\/insixsigma.com.mx\/wp-content\/uploads\/2022\/10\/Envasepillow-100x100.png 100w\" sizes=\"auto, (max-width: 255px) 100vw, 255px\" \/><\/a><figcaption class=\"wp-element-caption\">Pillow Bag<\/figcaption><\/figure>\n\n\n\n<figure class=\"wp-block-image size-large\"><a href=\"https:\/\/insixsigma.com.mx\/en\/envasamos-tus-productos\/sachet\/\"><img loading=\"lazy\" decoding=\"async\" width=\"255\" height=\"255\" data-id=\"882\" src=\"https:\/\/insixsigma.com.mx\/wp-content\/uploads\/2022\/10\/Envase4sellos.png\" alt=\"\" class=\"wp-image-882\" srcset=\"https:\/\/insixsigma.com.mx\/wp-content\/uploads\/2022\/10\/Envase4sellos.png 255w, https:\/\/insixsigma.com.mx\/wp-content\/uploads\/2022\/10\/Envase4sellos-150x150.png 150w, https:\/\/insixsigma.com.mx\/wp-content\/uploads\/2022\/10\/Envase4sellos-100x100.png 100w\" sizes=\"auto, (max-width: 255px) 100vw, 255px\" \/><\/a><figcaption class=\"wp-element-caption\">Sachet 4 sellos<\/figcaption><\/figure>\n\n\n\n<figure class=\"wp-block-image size-full\"><img loading=\"lazy\" decoding=\"async\" width=\"125\" height=\"121\" data-id=\"1317\" src=\"https:\/\/insixsigma.com.mx\/wp-content\/uploads\/2019\/04\/stickdobvle.png\" alt=\"Sobre stick desechable de un unico uso para alimentos\" class=\"wp-image-1317\"\/><figcaption class=\"wp-element-caption\">Sobre stick desechable de un unico uso para alimentos<\/figcaption><\/figure>\n\n\n\n<figure class=\"wp-block-image size-large\"><a href=\"https:\/\/insixsigma.com.mx\/en\/envasamos-tus-productos\/envases-rigidos\/\"><img loading=\"lazy\" decoding=\"async\" width=\"255\" height=\"255\" data-id=\"877\" src=\"https:\/\/insixsigma.com.mx\/wp-content\/uploads\/2022\/10\/EnvaseRigido.png\" alt=\"\" class=\"wp-image-877\" srcset=\"https:\/\/insixsigma.com.mx\/wp-content\/uploads\/2022\/10\/EnvaseRigido.png 255w, https:\/\/insixsigma.com.mx\/wp-content\/uploads\/2022\/10\/EnvaseRigido-150x150.png 150w, https:\/\/insixsigma.com.mx\/wp-content\/uploads\/2022\/10\/EnvaseRigido-100x100.png 100w\" sizes=\"auto, (max-width: 255px) 100vw, 255px\" \/><\/a><figcaption class=\"wp-element-caption\">Envases R\u00edgidos<\/figcaption><\/figure>\n<\/figure>\n\n\n\n<p><strong><mark style=\"background-color:rgba(0, 0, 0, 0)\" class=\"has-inline-color has-vivid-cyan-blue-color\">Food Insixsigma<\/mark> <\/strong>tiene la capacidad de <strong>envasar tus productos l\u00edquidos, en polvo, granulados o s\u00f3lidos<\/strong> con un envase personalizado de acuerdo a tus necesidades, lo m\u00e1s importante para <strong><mark style=\"background-color:rgba(0, 0, 0, 0)\" class=\"has-inline-color has-vivid-cyan-blue-color\">Food Insixsigma<\/mark><\/strong> es ser el socio comercial que cumpla con todas tus expectativas en calidad y personalidad de empaque. <\/p>\n\n\n\n<p>Si a\u00fan no has tomado la decisi\u00f3n sobre que tipo de envase vas a utilizar para tu producto, tambi\u00e9n ponemos a tu servicio nuestro departamento de <em><strong>Investigaci\u00f3n y desarrollo<\/strong> <\/em>para apoyarte en el dise\u00f1o \u00f3ptimo, seguro, ergon\u00f3mico y llamativo de tus productos.<\/p>\n\n\n\n<div class=\"wp-block-buttons is-layout-flex wp-block-buttons-is-layout-flex\">\n<div class=\"wp-block-button has-custom-width wp-block-button__width-100\"><a class=\"wp-block-button__link has-vivid-cyan-blue-background-color has-background wp-element-button\">Cotiza tu proyecto&#8230;<\/a><\/div>\n<\/div>","protected":false},"excerpt":{"rendered":"<p>Envasado de productos l\u00edquidos, en polvo, s\u00f3lidos o granulados. Nos especializamos en envases flexibles con impresi\u00f3n y\/o forma para brindarte un envase llamativo, seguro y&hellip;<\/p>","protected":false},"author":1,"featured_media":1441,"parent":0,"menu_order":0,"comment_status":"closed","ping_status":"closed","template":"","meta":{"_themeisle_gutenberg_block_has_review":false,"_joinchat":[],"footnotes":""},"class_list":["post-1437","page","type-page","status-publish","has-post-thumbnail","hentry"],"yoast_head":"<!-- This site is optimized with the Yoast SEO plugin v26.8 - https:\/\/yoast.com\/product\/yoast-seo-wordpress\/ -->\n<title>Envasado - Food insixsigma<\/title>\n<meta name=\"description\" content=\"Envasado de productos l\u00edquidos, en polvo, s\u00f3lidos o granulados.\" \/>\n<meta name=\"robots\" content=\"index, follow, max-snippet:-1, max-image-preview:large, max-video-preview:-1\" \/>\n<link rel=\"canonical\" href=\"https:\/\/insixsigma.com.mx\/en\/envasado\/\" \/>\n<meta property=\"og:locale\" content=\"en_US\" \/>\n<meta property=\"og:type\" content=\"article\" \/>\n<meta property=\"og:title\" content=\"Envasado - Food insixsigma\" \/>\n<meta property=\"og:description\" content=\"Envasado de productos l\u00edquidos, en polvo, s\u00f3lidos o granulados.\" \/>\n<meta property=\"og:url\" content=\"https:\/\/insixsigma.com.mx\/en\/envasado\/\" \/>\n<meta property=\"og:site_name\" content=\"Food insixsigma\" \/>\n<meta property=\"article:publisher\" content=\"https:\/\/www.facebook.com\/p\/Food-Insixsigma-sa-de-cv-100079939892505\/\" \/>\n<meta property=\"article:modified_time\" content=\"2023-05-03T17:10:14+00:00\" \/>\n<meta property=\"og:image\" content=\"https:\/\/insixsigma.com.mx\/wp-content\/uploads\/2023\/05\/Envasado.png\" \/>\n\t<meta property=\"og:image:width\" content=\"944\" \/>\n\t<meta property=\"og:image:height\" content=\"615\" \/>\n\t<meta property=\"og:image:type\" content=\"image\/png\" \/>\n<meta name=\"twitter:card\" content=\"summary_large_image\" \/>\n<meta name=\"twitter:label1\" content=\"Est. reading time\" \/>\n\t<meta name=\"twitter:data1\" content=\"3 minutes\" \/>\n<script type=\"application\/ld+json\" class=\"yoast-schema-graph\">{\"@context\":\"https:\/\/schema.org\",\"@graph\":[{\"@type\":\"WebPage\",\"@id\":\"https:\/\/insixsigma.com.mx\/envasado\/\",\"url\":\"https:\/\/insixsigma.com.mx\/envasado\/\",\"name\":\"Envasado - Food insixsigma\",\"isPartOf\":{\"@id\":\"https:\/\/insixsigma.com.mx\/#website\"},\"primaryImageOfPage\":{\"@id\":\"https:\/\/insixsigma.com.mx\/envasado\/#primaryimage\"},\"image\":{\"@id\":\"https:\/\/insixsigma.com.mx\/envasado\/#primaryimage\"},\"thumbnailUrl\":\"https:\/\/insixsigma.com.mx\/wp-content\/uploads\/2023\/05\/Envasado.png\",\"datePublished\":\"2023-05-02T17:01:36+00:00\",\"dateModified\":\"2023-05-03T17:10:14+00:00\",\"description\":\"Envasado de productos l\u00edquidos, en polvo, s\u00f3lidos o granulados.\",\"breadcrumb\":{\"@id\":\"https:\/\/insixsigma.com.mx\/envasado\/#breadcrumb\"},\"inLanguage\":\"en-US\",\"potentialAction\":[{\"@type\":\"ReadAction\",\"target\":[\"https:\/\/insixsigma.com.mx\/envasado\/\"]}]},{\"@type\":\"ImageObject\",\"inLanguage\":\"en-US\",\"@id\":\"https:\/\/insixsigma.com.mx\/envasado\/#primaryimage\",\"url\":\"https:\/\/insixsigma.com.mx\/wp-content\/uploads\/2023\/05\/Envasado.png\",\"contentUrl\":\"https:\/\/insixsigma.com.mx\/wp-content\/uploads\/2023\/05\/Envasado.png\",\"width\":944,\"height\":615,\"caption\":\"Envasado de alimentos\"},{\"@type\":\"BreadcrumbList\",\"@id\":\"https:\/\/insixsigma.com.mx\/envasado\/#breadcrumb\",\"itemListElement\":[{\"@type\":\"ListItem\",\"position\":1,\"name\":\"Home\",\"item\":\"https:\/\/insixsigma.com.mx\/\"},{\"@type\":\"ListItem\",\"position\":2,\"name\":\"Envasado\"}]},{\"@type\":\"WebSite\",\"@id\":\"https:\/\/insixsigma.com.mx\/#website\",\"url\":\"https:\/\/insixsigma.com.mx\/\",\"name\":\"Food insixsigma\",\"description\":\"Maquila de envasado y producci\u00f3n.\",\"publisher\":{\"@id\":\"https:\/\/insixsigma.com.mx\/#organization\"},\"potentialAction\":[{\"@type\":\"SearchAction\",\"target\":{\"@type\":\"EntryPoint\",\"urlTemplate\":\"https:\/\/insixsigma.com.mx\/?s={search_term_string}\"},\"query-input\":{\"@type\":\"PropertyValueSpecification\",\"valueRequired\":true,\"valueName\":\"search_term_string\"}}],\"inLanguage\":\"en-US\"},{\"@type\":\"Organization\",\"@id\":\"https:\/\/insixsigma.com.mx\/#organization\",\"name\":\"Food insixsigma\",\"url\":\"https:\/\/insixsigma.com.mx\/\",\"logo\":{\"@type\":\"ImageObject\",\"inLanguage\":\"en-US\",\"@id\":\"https:\/\/insixsigma.com.mx\/#\/schema\/logo\/image\/\",\"url\":\"https:\/\/insixsigma.com.mx\/wp-content\/uploads\/2022\/09\/LOGOtipo.png\",\"contentUrl\":\"https:\/\/insixsigma.com.mx\/wp-content\/uploads\/2022\/09\/LOGOtipo.png\",\"width\":150,\"height\":100,\"caption\":\"Food insixsigma\"},\"image\":{\"@id\":\"https:\/\/insixsigma.com.mx\/#\/schema\/logo\/image\/\"},\"sameAs\":[\"https:\/\/www.facebook.com\/p\/Food-Insixsigma-sa-de-cv-100079939892505\/\"]}]}<\/script>\n<!-- \/ Yoast SEO plugin. -->","yoast_head_json":{"title":"Envasado - Food insixsigma","description":"Envasado de productos l\u00edquidos, en polvo, s\u00f3lidos o granulados.","robots":{"index":"index","follow":"follow","max-snippet":"max-snippet:-1","max-image-preview":"max-image-preview:large","max-video-preview":"max-video-preview:-1"},"canonical":"https:\/\/insixsigma.com.mx\/en\/envasado\/","og_locale":"en_US","og_type":"article","og_title":"Envasado - Food insixsigma","og_description":"Envasado de productos l\u00edquidos, en polvo, s\u00f3lidos o granulados.","og_url":"https:\/\/insixsigma.com.mx\/en\/envasado\/","og_site_name":"Food insixsigma","article_publisher":"https:\/\/www.facebook.com\/p\/Food-Insixsigma-sa-de-cv-100079939892505\/","article_modified_time":"2023-05-03T17:10:14+00:00","og_image":[{"width":944,"height":615,"url":"https:\/\/insixsigma.com.mx\/wp-content\/uploads\/2023\/05\/Envasado.png","type":"image\/png"}],"twitter_card":"summary_large_image","twitter_misc":{"Est. reading time":"3 minutes"},"schema":{"@context":"https:\/\/schema.org","@graph":[{"@type":"WebPage","@id":"https:\/\/insixsigma.com.mx\/envasado\/","url":"https:\/\/insixsigma.com.mx\/envasado\/","name":"Envasado - Food insixsigma","isPartOf":{"@id":"https:\/\/insixsigma.com.mx\/#website"},"primaryImageOfPage":{"@id":"https:\/\/insixsigma.com.mx\/envasado\/#primaryimage"},"image":{"@id":"https:\/\/insixsigma.com.mx\/envasado\/#primaryimage"},"thumbnailUrl":"https:\/\/insixsigma.com.mx\/wp-content\/uploads\/2023\/05\/Envasado.png","datePublished":"2023-05-02T17:01:36+00:00","dateModified":"2023-05-03T17:10:14+00:00","description":"Envasado de productos l\u00edquidos, en polvo, s\u00f3lidos o granulados.","breadcrumb":{"@id":"https:\/\/insixsigma.com.mx\/envasado\/#breadcrumb"},"inLanguage":"en-US","potentialAction":[{"@type":"ReadAction","target":["https:\/\/insixsigma.com.mx\/envasado\/"]}]},{"@type":"ImageObject","inLanguage":"en-US","@id":"https:\/\/insixsigma.com.mx\/envasado\/#primaryimage","url":"https:\/\/insixsigma.com.mx\/wp-content\/uploads\/2023\/05\/Envasado.png","contentUrl":"https:\/\/insixsigma.com.mx\/wp-content\/uploads\/2023\/05\/Envasado.png","width":944,"height":615,"caption":"Envasado de alimentos"},{"@type":"BreadcrumbList","@id":"https:\/\/insixsigma.com.mx\/envasado\/#breadcrumb","itemListElement":[{"@type":"ListItem","position":1,"name":"Home","item":"https:\/\/insixsigma.com.mx\/"},{"@type":"ListItem","position":2,"name":"Envasado"}]},{"@type":"WebSite","@id":"https:\/\/insixsigma.com.mx\/#website","url":"https:\/\/insixsigma.com.mx\/","name":"Food insixsigma","description":"Maquila de envasado y producci\u00f3n.","publisher":{"@id":"https:\/\/insixsigma.com.mx\/#organization"},"potentialAction":[{"@type":"SearchAction","target":{"@type":"EntryPoint","urlTemplate":"https:\/\/insixsigma.com.mx\/?s={search_term_string}"},"query-input":{"@type":"PropertyValueSpecification","valueRequired":true,"valueName":"search_term_string"}}],"inLanguage":"en-US"},{"@type":"Organization","@id":"https:\/\/insixsigma.com.mx\/#organization","name":"Food insixsigma","url":"https:\/\/insixsigma.com.mx\/","logo":{"@type":"ImageObject","inLanguage":"en-US","@id":"https:\/\/insixsigma.com.mx\/#\/schema\/logo\/image\/","url":"https:\/\/insixsigma.com.mx\/wp-content\/uploads\/2022\/09\/LOGOtipo.png","contentUrl":"https:\/\/insixsigma.com.mx\/wp-content\/uploads\/2022\/09\/LOGOtipo.png","width":150,"height":100,"caption":"Food insixsigma"},"image":{"@id":"https:\/\/insixsigma.com.mx\/#\/schema\/logo\/image\/"},"sameAs":["https:\/\/www.facebook.com\/p\/Food-Insixsigma-sa-de-cv-100079939892505\/"]}]}},"_links":{"self":[{"href":"https:\/\/insixsigma.com.mx\/en\/wp-json\/wp\/v2\/pages\/1437","targetHints":{"allow":["GET"]}}],"collection":[{"href":"https:\/\/insixsigma.com.mx\/en\/wp-json\/wp\/v2\/pages"}],"about":[{"href":"https:\/\/insixsigma.com.mx\/en\/wp-json\/wp\/v2\/types\/page"}],"author":[{"embeddable":true,"href":"https:\/\/insixsigma.com.mx\/en\/wp-json\/wp\/v2\/users\/1"}],"replies":[{"embeddable":true,"href":"https:\/\/insixsigma.com.mx\/en\/wp-json\/wp\/v2\/comments?post=1437"}],"version-history":[{"count":1,"href":"https:\/\/insixsigma.com.mx\/en\/wp-json\/wp\/v2\/pages\/1437\/revisions"}],"predecessor-version":[{"id":1438,"href":"https:\/\/insixsigma.com.mx\/en\/wp-json\/wp\/v2\/pages\/1437\/revisions\/1438"}],"wp:featuredmedia":[{"embeddable":true,"href":"https:\/\/insixsigma.com.mx\/en\/wp-json\/wp\/v2\/media\/1441"}],"wp:attachment":[{"href":"https:\/\/insixsigma.com.mx\/en\/wp-json\/wp\/v2\/media?parent=1437"}],"curies":[{"name":"wp","href":"https:\/\/api.w.org\/{rel}","templated":true}]}}