{"id":1429,"date":"2023-05-03T11:30:16","date_gmt":"2023-05-03T17:30:16","guid":{"rendered":"https:\/\/insixsigma.com.mx\/?page_id=1429"},"modified":"2023-05-22T16:52:11","modified_gmt":"2023-05-22T22:52:11","slug":"mezclado-industrial","status":"publish","type":"page","link":"https:\/\/insixsigma.com.mx\/en\/maquila-alimentos\/mezclado-industrial\/","title":{"rendered":"Industrial blending"},"content":{"rendered":"<p>En <mark style=\"background-color:rgba(0, 0, 0, 0)\" class=\"has-inline-color has-dark-blue-color\"><strong>Food Insixsigma<\/strong><\/mark> somos especialistas en el mezclado industrial de alimentos que es el proceso de combinar diferentes materias primas de forma homog\u00e9nea para producir un producto final con propiedades y caracter\u00edsticas espec\u00edficas. Este proceso se utiliza en una amplia variedad de alimentos, desde el mezclado de polvos como gelatina, chocomilk, caf\u00e9s instantaneos, dulces en polvo as\u00ed como alimentos l\u00edquidos c\u00f3mo caramelo, pulpas de fruta y dem\u00e1s alimentos que est\u00e9n compuestos por varios ingredientes.<\/p>\n\n\n\n<figure class=\"wp-block-image size-large\"><img loading=\"lazy\" decoding=\"async\" width=\"1024\" height=\"246\" src=\"https:\/\/insixsigma.com.mx\/wp-content\/uploads\/2023\/05\/MezclaPolvos-1024x246.png\" alt=\"Mezcla de productos alimenticios en polvo\" class=\"wp-image-1442\" srcset=\"https:\/\/insixsigma.com.mx\/wp-content\/uploads\/2023\/05\/MezclaPolvos-1024x246.png 1024w, https:\/\/insixsigma.com.mx\/wp-content\/uploads\/2023\/05\/MezclaPolvos-300x72.png 300w, https:\/\/insixsigma.com.mx\/wp-content\/uploads\/2023\/05\/MezclaPolvos-768x185.png 768w, https:\/\/insixsigma.com.mx\/wp-content\/uploads\/2023\/05\/MezclaPolvos.png 1165w\" sizes=\"auto, (max-width: 1024px) 100vw, 1024px\" \/><figcaption class=\"wp-element-caption\">Mezcla de productos alimenticios en polvo<\/figcaption><\/figure>\n\n\n\n<p>Nuestro m\u00e9todo de mezclado por norma es el mezclado por lotes para conseguir una mezcla homogenea y estandar. El objetivo de este tipo de mezclado es obtener un producto estandararizado que siempre mantenga el mismo sabor y la misma consistencia de acuerdo a las necesidades de cada clientes. <\/p>\n\n\n\n<p>En la mezcla por lotes, los materiales se combinan en un recipiente y se mezclan de forma intermitente hasta alcanzar la homogeneidad deseada. En este m\u00e9todo, se mezcla una cantidad fija de materiales en un solo lote, lo que permite una producci\u00f3n en masa y una mayor eficiencia en la producci\u00f3n.<\/p>\n\n\n\n<p>La mezcla por lotes tiene la ventaja de permitir la producci\u00f3n de grandes cantidades de productos uniformes y consistentes. Adem\u00e1s, se pueden ajustar f\u00e1cilmente las cantidades de ingredientes para crear diferentes mezclas y variaciones del producto final.<\/p>\n\n\n\n<p>El proceso de mezclado industrial puede es cr\u00edtico para la calidad y consistencia del producto final. Por lo tanto, <strong><mark style=\"background-color:rgba(0, 0, 0, 0)\" class=\"has-inline-color has-dark-blue-color\">Food Insixsigma<\/mark><\/strong> pone especial cuidado en controlar cuidadosamente las variables del proceso, como la velocidad de mezclado, el tiempo de mezcla y la temperatura, para garantizar la calidad del producto final.<\/p>\n\n\n\n<p>Preparamos alimentos a gran escala como:<\/p>\n\n\n\n<div class=\"wp-block-columns is-layout-flex wp-container-core-columns-is-layout-1 wp-block-columns-is-layout-flex\">\n<div class=\"wp-block-column is-layout-flow wp-block-column-is-layout-flow\">\n<ul class=\"wp-block-list\">\n<li>Catsup<\/li>\n\n\n\n<li>Gelatinas<\/li>\n\n\n\n<li>Cajeta<\/li>\n<\/ul>\n<\/div>\n\n\n\n<div class=\"wp-block-column is-layout-flow wp-block-column-is-layout-flow\">\n<ul class=\"wp-block-list\">\n<li>Aderezos<\/li>\n\n\n\n<li>Salsas<\/li>\n\n\n\n<li>Salsa para pizza<\/li>\n<\/ul>\n<\/div>\n\n\n\n<div class=\"wp-block-column is-layout-flow wp-block-column-is-layout-flow\">\n<ul class=\"wp-block-list\">\n<li>Pasta de tomate<\/li>\n\n\n\n<li>Caramelo<\/li>\n\n\n\n<li>Jarabe de chocolate<\/li>\n<\/ul>\n<\/div>\n<\/div>\n\n\n\n<p>En <span class=\"highlight\"><mark style=\"background-color:rgba(0, 0, 0, 0)\" class=\"has-inline-color has-dark-blue-color\"><strong>Food Insixsigma<\/strong><\/mark><\/span> contamos con el equipo necesario para cocinar y envasar tu sproductos.<\/p>\n\n\n\n<div class=\"wp-block-buttons is-layout-flex wp-block-buttons-is-layout-flex\">\n<div class=\"wp-block-button has-custom-width wp-block-button__width-100\"><a class=\"wp-block-button__link has-vivid-cyan-blue-background-color has-background wp-element-button\" href=\"https:\/\/insixsigma.com.mx\/en\/cotiza-maquila-alimentos\/\">Quote your product<\/a><\/div>\n<\/div>","protected":false},"excerpt":{"rendered":"<p>En Food Insixsigma somos especialistas en el mezclado industrial de alimentos que es el proceso de combinar diferentes materias primas de forma homog\u00e9nea para producir&hellip;<\/p>","protected":false},"author":1,"featured_media":1393,"parent":422,"menu_order":0,"comment_status":"closed","ping_status":"closed","template":"","meta":{"_themeisle_gutenberg_block_has_review":false,"_joinchat":[],"footnotes":""},"class_list":["post-1429","page","type-page","status-publish","has-post-thumbnail","hentry"],"yoast_head":"<!-- This site is optimized with the Yoast SEO plugin v26.8 - https:\/\/yoast.com\/product\/yoast-seo-wordpress\/ -->\n<title>Mezclado industrial - Food insixsigma<\/title>\n<meta name=\"description\" content=\"Combinamos diferentes materias primas de forma homog\u00e9nea para producir un producto final con propiedades y caracter\u00edsticas espec\u00edficas.\" \/>\n<meta name=\"robots\" content=\"index, follow, max-snippet:-1, max-image-preview:large, max-video-preview:-1\" \/>\n<link rel=\"canonical\" href=\"https:\/\/insixsigma.com.mx\/en\/maquila-alimentos\/mezclado-industrial\/\" \/>\n<meta property=\"og:locale\" content=\"en_US\" \/>\n<meta property=\"og:type\" content=\"article\" \/>\n<meta property=\"og:title\" content=\"Mezclado industrial - Food insixsigma\" \/>\n<meta property=\"og:description\" content=\"Combinamos diferentes materias primas de forma homog\u00e9nea para producir un producto final con propiedades y caracter\u00edsticas espec\u00edficas.\" \/>\n<meta property=\"og:url\" content=\"https:\/\/insixsigma.com.mx\/en\/maquila-alimentos\/mezclado-industrial\/\" \/>\n<meta property=\"og:site_name\" content=\"Food insixsigma\" \/>\n<meta property=\"article:publisher\" content=\"https:\/\/www.facebook.com\/p\/Food-Insixsigma-sa-de-cv-100079939892505\/\" \/>\n<meta property=\"article:modified_time\" content=\"2023-05-22T22:52:11+00:00\" \/>\n<meta property=\"og:image\" content=\"https:\/\/insixsigma.com.mx\/wp-content\/uploads\/2023\/03\/Mezcla-catsup.png\" \/>\n\t<meta property=\"og:image:width\" content=\"1400\" \/>\n\t<meta property=\"og:image:height\" content=\"1070\" \/>\n\t<meta property=\"og:image:type\" content=\"image\/png\" \/>\n<meta name=\"twitter:card\" content=\"summary_large_image\" \/>\n<meta name=\"twitter:label1\" content=\"Est. reading time\" \/>\n\t<meta name=\"twitter:data1\" content=\"2 minutes\" \/>\n<script type=\"application\/ld+json\" class=\"yoast-schema-graph\">{\"@context\":\"https:\/\/schema.org\",\"@graph\":[{\"@type\":\"WebPage\",\"@id\":\"https:\/\/insixsigma.com.mx\/maquila-alimentos\/mezclado-industrial\/\",\"url\":\"https:\/\/insixsigma.com.mx\/maquila-alimentos\/mezclado-industrial\/\",\"name\":\"Mezclado industrial - Food insixsigma\",\"isPartOf\":{\"@id\":\"https:\/\/insixsigma.com.mx\/#website\"},\"primaryImageOfPage\":{\"@id\":\"https:\/\/insixsigma.com.mx\/maquila-alimentos\/mezclado-industrial\/#primaryimage\"},\"image\":{\"@id\":\"https:\/\/insixsigma.com.mx\/maquila-alimentos\/mezclado-industrial\/#primaryimage\"},\"thumbnailUrl\":\"https:\/\/insixsigma.com.mx\/wp-content\/uploads\/2023\/03\/Mezcla-catsup.png\",\"datePublished\":\"2023-05-03T17:30:16+00:00\",\"dateModified\":\"2023-05-22T22:52:11+00:00\",\"description\":\"Combinamos diferentes materias primas de forma homog\u00e9nea para producir un producto final con propiedades y caracter\u00edsticas espec\u00edficas.\",\"breadcrumb\":{\"@id\":\"https:\/\/insixsigma.com.mx\/maquila-alimentos\/mezclado-industrial\/#breadcrumb\"},\"inLanguage\":\"en-US\",\"potentialAction\":[{\"@type\":\"ReadAction\",\"target\":[\"https:\/\/insixsigma.com.mx\/maquila-alimentos\/mezclado-industrial\/\"]}]},{\"@type\":\"ImageObject\",\"inLanguage\":\"en-US\",\"@id\":\"https:\/\/insixsigma.com.mx\/maquila-alimentos\/mezclado-industrial\/#primaryimage\",\"url\":\"https:\/\/insixsigma.com.mx\/wp-content\/uploads\/2023\/03\/Mezcla-catsup.png\",\"contentUrl\":\"https:\/\/insixsigma.com.mx\/wp-content\/uploads\/2023\/03\/Mezcla-catsup.png\",\"width\":1400,\"height\":1070,\"caption\":\"Mezclado industrial de alimentos liquidos y viscosos\"},{\"@type\":\"BreadcrumbList\",\"@id\":\"https:\/\/insixsigma.com.mx\/maquila-alimentos\/mezclado-industrial\/#breadcrumb\",\"itemListElement\":[{\"@type\":\"ListItem\",\"position\":1,\"name\":\"Home\",\"item\":\"https:\/\/insixsigma.com.mx\/\"},{\"@type\":\"ListItem\",\"position\":2,\"name\":\"Elaboramos tus productos\",\"item\":\"https:\/\/insixsigma.com.mx\/maquila-alimentos\/\"},{\"@type\":\"ListItem\",\"position\":3,\"name\":\"Mezclado industrial\"}]},{\"@type\":\"WebSite\",\"@id\":\"https:\/\/insixsigma.com.mx\/#website\",\"url\":\"https:\/\/insixsigma.com.mx\/\",\"name\":\"Food insixsigma\",\"description\":\"Maquila de envasado y producci\u00f3n.\",\"publisher\":{\"@id\":\"https:\/\/insixsigma.com.mx\/#organization\"},\"potentialAction\":[{\"@type\":\"SearchAction\",\"target\":{\"@type\":\"EntryPoint\",\"urlTemplate\":\"https:\/\/insixsigma.com.mx\/?s={search_term_string}\"},\"query-input\":{\"@type\":\"PropertyValueSpecification\",\"valueRequired\":true,\"valueName\":\"search_term_string\"}}],\"inLanguage\":\"en-US\"},{\"@type\":\"Organization\",\"@id\":\"https:\/\/insixsigma.com.mx\/#organization\",\"name\":\"Food insixsigma\",\"url\":\"https:\/\/insixsigma.com.mx\/\",\"logo\":{\"@type\":\"ImageObject\",\"inLanguage\":\"en-US\",\"@id\":\"https:\/\/insixsigma.com.mx\/#\/schema\/logo\/image\/\",\"url\":\"https:\/\/insixsigma.com.mx\/wp-content\/uploads\/2022\/09\/LOGOtipo.png\",\"contentUrl\":\"https:\/\/insixsigma.com.mx\/wp-content\/uploads\/2022\/09\/LOGOtipo.png\",\"width\":150,\"height\":100,\"caption\":\"Food insixsigma\"},\"image\":{\"@id\":\"https:\/\/insixsigma.com.mx\/#\/schema\/logo\/image\/\"},\"sameAs\":[\"https:\/\/www.facebook.com\/p\/Food-Insixsigma-sa-de-cv-100079939892505\/\"]}]}<\/script>\n<!-- \/ Yoast SEO plugin. -->","yoast_head_json":{"title":"Mezclado industrial - Food insixsigma","description":"Combinamos diferentes materias primas de forma homog\u00e9nea para producir un producto final con propiedades y caracter\u00edsticas espec\u00edficas.","robots":{"index":"index","follow":"follow","max-snippet":"max-snippet:-1","max-image-preview":"max-image-preview:large","max-video-preview":"max-video-preview:-1"},"canonical":"https:\/\/insixsigma.com.mx\/en\/maquila-alimentos\/mezclado-industrial\/","og_locale":"en_US","og_type":"article","og_title":"Mezclado industrial - Food insixsigma","og_description":"Combinamos diferentes materias primas de forma homog\u00e9nea para producir un producto final con propiedades y caracter\u00edsticas espec\u00edficas.","og_url":"https:\/\/insixsigma.com.mx\/en\/maquila-alimentos\/mezclado-industrial\/","og_site_name":"Food insixsigma","article_publisher":"https:\/\/www.facebook.com\/p\/Food-Insixsigma-sa-de-cv-100079939892505\/","article_modified_time":"2023-05-22T22:52:11+00:00","og_image":[{"width":1400,"height":1070,"url":"https:\/\/insixsigma.com.mx\/wp-content\/uploads\/2023\/03\/Mezcla-catsup.png","type":"image\/png"}],"twitter_card":"summary_large_image","twitter_misc":{"Est. reading time":"2 minutes"},"schema":{"@context":"https:\/\/schema.org","@graph":[{"@type":"WebPage","@id":"https:\/\/insixsigma.com.mx\/maquila-alimentos\/mezclado-industrial\/","url":"https:\/\/insixsigma.com.mx\/maquila-alimentos\/mezclado-industrial\/","name":"Mezclado industrial - Food insixsigma","isPartOf":{"@id":"https:\/\/insixsigma.com.mx\/#website"},"primaryImageOfPage":{"@id":"https:\/\/insixsigma.com.mx\/maquila-alimentos\/mezclado-industrial\/#primaryimage"},"image":{"@id":"https:\/\/insixsigma.com.mx\/maquila-alimentos\/mezclado-industrial\/#primaryimage"},"thumbnailUrl":"https:\/\/insixsigma.com.mx\/wp-content\/uploads\/2023\/03\/Mezcla-catsup.png","datePublished":"2023-05-03T17:30:16+00:00","dateModified":"2023-05-22T22:52:11+00:00","description":"Combinamos diferentes materias primas de forma homog\u00e9nea para producir un producto final con propiedades y caracter\u00edsticas espec\u00edficas.","breadcrumb":{"@id":"https:\/\/insixsigma.com.mx\/maquila-alimentos\/mezclado-industrial\/#breadcrumb"},"inLanguage":"en-US","potentialAction":[{"@type":"ReadAction","target":["https:\/\/insixsigma.com.mx\/maquila-alimentos\/mezclado-industrial\/"]}]},{"@type":"ImageObject","inLanguage":"en-US","@id":"https:\/\/insixsigma.com.mx\/maquila-alimentos\/mezclado-industrial\/#primaryimage","url":"https:\/\/insixsigma.com.mx\/wp-content\/uploads\/2023\/03\/Mezcla-catsup.png","contentUrl":"https:\/\/insixsigma.com.mx\/wp-content\/uploads\/2023\/03\/Mezcla-catsup.png","width":1400,"height":1070,"caption":"Mezclado industrial de alimentos liquidos y viscosos"},{"@type":"BreadcrumbList","@id":"https:\/\/insixsigma.com.mx\/maquila-alimentos\/mezclado-industrial\/#breadcrumb","itemListElement":[{"@type":"ListItem","position":1,"name":"Home","item":"https:\/\/insixsigma.com.mx\/"},{"@type":"ListItem","position":2,"name":"Elaboramos tus productos","item":"https:\/\/insixsigma.com.mx\/maquila-alimentos\/"},{"@type":"ListItem","position":3,"name":"Mezclado industrial"}]},{"@type":"WebSite","@id":"https:\/\/insixsigma.com.mx\/#website","url":"https:\/\/insixsigma.com.mx\/","name":"Food insixsigma","description":"Maquila de envasado y producci\u00f3n.","publisher":{"@id":"https:\/\/insixsigma.com.mx\/#organization"},"potentialAction":[{"@type":"SearchAction","target":{"@type":"EntryPoint","urlTemplate":"https:\/\/insixsigma.com.mx\/?s={search_term_string}"},"query-input":{"@type":"PropertyValueSpecification","valueRequired":true,"valueName":"search_term_string"}}],"inLanguage":"en-US"},{"@type":"Organization","@id":"https:\/\/insixsigma.com.mx\/#organization","name":"Food insixsigma","url":"https:\/\/insixsigma.com.mx\/","logo":{"@type":"ImageObject","inLanguage":"en-US","@id":"https:\/\/insixsigma.com.mx\/#\/schema\/logo\/image\/","url":"https:\/\/insixsigma.com.mx\/wp-content\/uploads\/2022\/09\/LOGOtipo.png","contentUrl":"https:\/\/insixsigma.com.mx\/wp-content\/uploads\/2022\/09\/LOGOtipo.png","width":150,"height":100,"caption":"Food insixsigma"},"image":{"@id":"https:\/\/insixsigma.com.mx\/#\/schema\/logo\/image\/"},"sameAs":["https:\/\/www.facebook.com\/p\/Food-Insixsigma-sa-de-cv-100079939892505\/"]}]}},"_links":{"self":[{"href":"https:\/\/insixsigma.com.mx\/en\/wp-json\/wp\/v2\/pages\/1429","targetHints":{"allow":["GET"]}}],"collection":[{"href":"https:\/\/insixsigma.com.mx\/en\/wp-json\/wp\/v2\/pages"}],"about":[{"href":"https:\/\/insixsigma.com.mx\/en\/wp-json\/wp\/v2\/types\/page"}],"author":[{"embeddable":true,"href":"https:\/\/insixsigma.com.mx\/en\/wp-json\/wp\/v2\/users\/1"}],"replies":[{"embeddable":true,"href":"https:\/\/insixsigma.com.mx\/en\/wp-json\/wp\/v2\/comments?post=1429"}],"version-history":[{"count":3,"href":"https:\/\/insixsigma.com.mx\/en\/wp-json\/wp\/v2\/pages\/1429\/revisions"}],"predecessor-version":[{"id":1449,"href":"https:\/\/insixsigma.com.mx\/en\/wp-json\/wp\/v2\/pages\/1429\/revisions\/1449"}],"up":[{"embeddable":true,"href":"https:\/\/insixsigma.com.mx\/en\/wp-json\/wp\/v2\/pages\/422"}],"wp:featuredmedia":[{"embeddable":true,"href":"https:\/\/insixsigma.com.mx\/en\/wp-json\/wp\/v2\/media\/1393"}],"wp:attachment":[{"href":"https:\/\/insixsigma.com.mx\/en\/wp-json\/wp\/v2\/media?parent=1429"}],"curies":[{"name":"wp","href":"https:\/\/api.w.org\/{rel}","templated":true}]}}