{"id":1423,"date":"2023-04-17T12:46:59","date_gmt":"2023-04-17T18:46:59","guid":{"rendered":"https:\/\/insixsigma.com.mx\/?page_id=1423"},"modified":"2023-05-22T16:52:22","modified_gmt":"2023-05-22T22:52:22","slug":"molienda-industrial","status":"publish","type":"page","link":"https:\/\/insixsigma.com.mx\/en\/maquila-alimentos\/molienda-industrial\/","title":{"rendered":"Industrial grinding"},"content":{"rendered":"<div class=\"wp-block-columns is-layout-flex wp-container-core-columns-is-layout-1 wp-block-columns-is-layout-flex\">\n<div class=\"wp-block-column is-layout-flow wp-block-column-is-layout-flow\" style=\"flex-basis:66.66%\">\n<p>La <strong><mark style=\"background-color:rgba(0, 0, 0, 0)\" class=\"has-inline-color has-dark-blue-color\">molienda industrial<\/mark><\/strong> es un proceso mec\u00e1nico utilizado para triturar materiales s\u00f3lidos en part\u00edculas m\u00e1s peque\u00f1as. Este proceso se utiliza en diversas industrias, como la alimentaria, la farmac\u00e9utica, la qu\u00edmica y la de materiales de construcci\u00f3n, entre otras.<br>El objetivo es reducir el tama\u00f1o de las part\u00edculas para que sean m\u00e1s f\u00e1ciles de manipular, transportar o utilizar en otros procesos industriales.<\/p>\n\n\n\n<p>La <strong><mark style=\"background-color:rgba(0, 0, 0, 0)\" class=\"has-inline-color has-dark-blue-color\">molienda <\/mark><\/strong>tambi\u00e9n puede ser utilizada para modificar las propiedades de los materiales, como su textura, forma, densidad, superficie y reactividad. Por ejemplo, en la industria alimentaria, la molienda de granos puede producir harina con diferentes caracter\u00edsticas, como harina fina, harina integral, harina de trigo sarraceno, entre otras.<\/p>\n\n\n\n<p>Adem\u00e1s, la<strong><mark style=\"background-color:rgba(0, 0, 0, 0)\" class=\"has-inline-color has-dark-blue-color\"> molienda <\/mark><\/strong>puede ser realizada en seco o en h\u00famedo, dependiendo de la naturaleza del material y de las caracter\u00edsticas que se deseen obtener. En la molienda en h\u00famedo, el material es molido en presencia de l\u00edquidos, lo que puede mejorar la eficiencia del proceso y reducir el desgaste de los equipos.<\/p>\n<\/div>\n\n\n\n<div class=\"wp-block-column is-layout-flow wp-block-column-is-layout-flow\" style=\"flex-basis:33.33%\">\n<figure class=\"wp-block-image size-large\"><img loading=\"lazy\" decoding=\"async\" width=\"604\" height=\"1024\" src=\"https:\/\/insixsigma.com.mx\/wp-content\/uploads\/2023\/03\/polcoloristico-604x1024.png\" alt=\"\" class=\"wp-image-1354\" srcset=\"https:\/\/insixsigma.com.mx\/wp-content\/uploads\/2023\/03\/polcoloristico-604x1024.png 604w, https:\/\/insixsigma.com.mx\/wp-content\/uploads\/2023\/03\/polcoloristico-177x300.png 177w, https:\/\/insixsigma.com.mx\/wp-content\/uploads\/2023\/03\/polcoloristico-768x1301.png 768w, https:\/\/insixsigma.com.mx\/wp-content\/uploads\/2023\/03\/polcoloristico-907x1536.png 907w, https:\/\/insixsigma.com.mx\/wp-content\/uploads\/2023\/03\/polcoloristico-1209x2048.png 1209w, https:\/\/insixsigma.com.mx\/wp-content\/uploads\/2023\/03\/polcoloristico.png 1890w\" sizes=\"auto, (max-width: 604px) 100vw, 604px\" \/><\/figure>\n<\/div>\n<\/div>\n\n\n\n<p>Es importante controlar las condiciones del proceso, como la velocidad, la carga y la humedad, para obtener los resultados deseados y minimizar los impactos negativos.<\/p>\n\n\n\n<p>La molienda es un proceso esencial en diversas industrias, que permite triturar materiales s\u00f3lidos en part\u00edculas m\u00e1s peque\u00f1as y modificar sus propiedades. Sin embargo, es importante utilizar equipos y condiciones adecuadas como las que provee <strong><mark style=\"background-color:rgba(0, 0, 0, 0)\" class=\"has-inline-color has-dark-blue-color\">Food Insixsigma<\/mark><\/strong> para obtener los resultados deseados y minimizar los impactos negativos.<\/p>\n\n\n\n<p>Preparamos y envasamos alimentos molidos a gran escala como:<\/p>\n\n\n\n<div class=\"wp-block-columns is-layout-flex wp-container-core-columns-is-layout-2 wp-block-columns-is-layout-flex\">\n<div class=\"wp-block-column is-layout-flow wp-block-column-is-layout-flow\">\n<ul class=\"wp-block-list\">\n<li>Color alimenticio Harinas premezcladas<\/li>\n\n\n\n<li>Granos <\/li>\n\n\n\n<li>Harina de ma\u00edz<\/li>\n<\/ul>\n<\/div>\n\n\n\n<div class=\"wp-block-column is-layout-flow wp-block-column-is-layout-flow\">\n<ul class=\"wp-block-list\">\n<li>Semillas<\/li>\n\n\n\n<li>Harinas para postres<\/li>\n\n\n\n<li>Color alimenticio<\/li>\n<\/ul>\n<\/div>\n\n\n\n<div class=\"wp-block-column is-layout-flow wp-block-column-is-layout-flow\">\n<ul class=\"wp-block-list\">\n<li>Especias<\/li>\n\n\n\n<li>Azucares<\/li>\n\n\n\n<li>Saborizantes<\/li>\n<\/ul>\n<\/div>\n<\/div>\n\n\n\n<p>En <span class=\"highlight\"><mark style=\"background-color:rgba(0, 0, 0, 0)\" class=\"has-inline-color has-dark-blue-color\"><strong>Food Insixsigma<\/strong><\/mark><\/span> contamos con el equipo necesario para moler, envasar y mezclar productos s\u00f3lidos, en polvo y l\u00edquidos.<\/p>\n\n\n\n<div class=\"wp-block-buttons is-layout-flex wp-block-buttons-is-layout-flex\">\n<div class=\"wp-block-button has-custom-width wp-block-button__width-100\"><a class=\"wp-block-button__link has-vivid-cyan-blue-background-color has-background wp-element-button\" href=\"https:\/\/insixsigma.com.mx\/en\/cotiza-maquila-alimentos\/\">Quote your product<\/a><\/div>\n<\/div>","protected":false},"excerpt":{"rendered":"<p>La molienda industrial es un proceso mec\u00e1nico utilizado para triturar materiales s\u00f3lidos en part\u00edculas m\u00e1s peque\u00f1as. Este proceso se utiliza en diversas industrias, como la&hellip;<\/p>","protected":false},"author":1,"featured_media":1433,"parent":422,"menu_order":0,"comment_status":"closed","ping_status":"closed","template":"","meta":{"_themeisle_gutenberg_block_has_review":false,"_joinchat":[],"footnotes":""},"class_list":["post-1423","page","type-page","status-publish","has-post-thumbnail","hentry"],"yoast_head":"<!-- This site is optimized with the Yoast SEO plugin v26.8 - https:\/\/yoast.com\/product\/yoast-seo-wordpress\/ -->\n<title>Molienda industrial - Food insixsigma<\/title>\n<meta name=\"description\" content=\"La molienda tiene la finalidad de modificar las propiedades de los materiales, como textura, forma, densidad, superficie y reactividad,\" \/>\n<meta name=\"robots\" content=\"index, follow, max-snippet:-1, max-image-preview:large, max-video-preview:-1\" \/>\n<link rel=\"canonical\" href=\"https:\/\/insixsigma.com.mx\/en\/maquila-alimentos\/molienda-industrial\/\" \/>\n<meta property=\"og:locale\" content=\"en_US\" \/>\n<meta property=\"og:type\" content=\"article\" \/>\n<meta property=\"og:title\" content=\"Molienda industrial - Food insixsigma\" \/>\n<meta property=\"og:description\" content=\"La molienda tiene la finalidad de modificar las propiedades de los materiales, como textura, forma, densidad, superficie y reactividad,\" \/>\n<meta property=\"og:url\" content=\"https:\/\/insixsigma.com.mx\/en\/maquila-alimentos\/molienda-industrial\/\" \/>\n<meta property=\"og:site_name\" content=\"Food insixsigma\" \/>\n<meta property=\"article:publisher\" content=\"https:\/\/www.facebook.com\/p\/Food-Insixsigma-sa-de-cv-100079939892505\/\" \/>\n<meta property=\"article:modified_time\" content=\"2023-05-22T22:52:22+00:00\" \/>\n<meta property=\"og:image\" content=\"https:\/\/insixsigma.com.mx\/wp-content\/uploads\/2023\/04\/Molido.jpg\" \/>\n\t<meta property=\"og:image:width\" content=\"800\" \/>\n\t<meta property=\"og:image:height\" content=\"600\" \/>\n\t<meta property=\"og:image:type\" content=\"image\/jpeg\" \/>\n<meta name=\"twitter:card\" content=\"summary_large_image\" \/>\n<meta name=\"twitter:label1\" content=\"Est. reading time\" \/>\n\t<meta name=\"twitter:data1\" content=\"2 minutes\" \/>\n<script type=\"application\/ld+json\" class=\"yoast-schema-graph\">{\"@context\":\"https:\/\/schema.org\",\"@graph\":[{\"@type\":\"WebPage\",\"@id\":\"https:\/\/insixsigma.com.mx\/maquila-alimentos\/molienda-industrial\/\",\"url\":\"https:\/\/insixsigma.com.mx\/maquila-alimentos\/molienda-industrial\/\",\"name\":\"Molienda industrial - Food insixsigma\",\"isPartOf\":{\"@id\":\"https:\/\/insixsigma.com.mx\/#website\"},\"primaryImageOfPage\":{\"@id\":\"https:\/\/insixsigma.com.mx\/maquila-alimentos\/molienda-industrial\/#primaryimage\"},\"image\":{\"@id\":\"https:\/\/insixsigma.com.mx\/maquila-alimentos\/molienda-industrial\/#primaryimage\"},\"thumbnailUrl\":\"https:\/\/insixsigma.com.mx\/wp-content\/uploads\/2023\/04\/Molido.jpg\",\"datePublished\":\"2023-04-17T18:46:59+00:00\",\"dateModified\":\"2023-05-22T22:52:22+00:00\",\"description\":\"La molienda tiene la finalidad de modificar las propiedades de los materiales, como textura, forma, densidad, superficie y reactividad,\",\"breadcrumb\":{\"@id\":\"https:\/\/insixsigma.com.mx\/maquila-alimentos\/molienda-industrial\/#breadcrumb\"},\"inLanguage\":\"en-US\",\"potentialAction\":[{\"@type\":\"ReadAction\",\"target\":[\"https:\/\/insixsigma.com.mx\/maquila-alimentos\/molienda-industrial\/\"]}]},{\"@type\":\"ImageObject\",\"inLanguage\":\"en-US\",\"@id\":\"https:\/\/insixsigma.com.mx\/maquila-alimentos\/molienda-industrial\/#primaryimage\",\"url\":\"https:\/\/insixsigma.com.mx\/wp-content\/uploads\/2023\/04\/Molido.jpg\",\"contentUrl\":\"https:\/\/insixsigma.com.mx\/wp-content\/uploads\/2023\/04\/Molido.jpg\",\"width\":800,\"height\":600,\"caption\":\"Molienda de productos solidos y en polvo\"},{\"@type\":\"BreadcrumbList\",\"@id\":\"https:\/\/insixsigma.com.mx\/maquila-alimentos\/molienda-industrial\/#breadcrumb\",\"itemListElement\":[{\"@type\":\"ListItem\",\"position\":1,\"name\":\"Home\",\"item\":\"https:\/\/insixsigma.com.mx\/\"},{\"@type\":\"ListItem\",\"position\":2,\"name\":\"Elaboramos tus productos\",\"item\":\"https:\/\/insixsigma.com.mx\/maquila-alimentos\/\"},{\"@type\":\"ListItem\",\"position\":3,\"name\":\"Molienda industrial\"}]},{\"@type\":\"WebSite\",\"@id\":\"https:\/\/insixsigma.com.mx\/#website\",\"url\":\"https:\/\/insixsigma.com.mx\/\",\"name\":\"Food insixsigma\",\"description\":\"Maquila de envasado y producci\u00f3n.\",\"publisher\":{\"@id\":\"https:\/\/insixsigma.com.mx\/#organization\"},\"potentialAction\":[{\"@type\":\"SearchAction\",\"target\":{\"@type\":\"EntryPoint\",\"urlTemplate\":\"https:\/\/insixsigma.com.mx\/?s={search_term_string}\"},\"query-input\":{\"@type\":\"PropertyValueSpecification\",\"valueRequired\":true,\"valueName\":\"search_term_string\"}}],\"inLanguage\":\"en-US\"},{\"@type\":\"Organization\",\"@id\":\"https:\/\/insixsigma.com.mx\/#organization\",\"name\":\"Food insixsigma\",\"url\":\"https:\/\/insixsigma.com.mx\/\",\"logo\":{\"@type\":\"ImageObject\",\"inLanguage\":\"en-US\",\"@id\":\"https:\/\/insixsigma.com.mx\/#\/schema\/logo\/image\/\",\"url\":\"https:\/\/insixsigma.com.mx\/wp-content\/uploads\/2022\/09\/LOGOtipo.png\",\"contentUrl\":\"https:\/\/insixsigma.com.mx\/wp-content\/uploads\/2022\/09\/LOGOtipo.png\",\"width\":150,\"height\":100,\"caption\":\"Food insixsigma\"},\"image\":{\"@id\":\"https:\/\/insixsigma.com.mx\/#\/schema\/logo\/image\/\"},\"sameAs\":[\"https:\/\/www.facebook.com\/p\/Food-Insixsigma-sa-de-cv-100079939892505\/\"]}]}<\/script>\n<!-- \/ Yoast SEO plugin. -->","yoast_head_json":{"title":"Molienda industrial - Food insixsigma","description":"La molienda tiene la finalidad de modificar las propiedades de los materiales, como textura, forma, densidad, superficie y reactividad,","robots":{"index":"index","follow":"follow","max-snippet":"max-snippet:-1","max-image-preview":"max-image-preview:large","max-video-preview":"max-video-preview:-1"},"canonical":"https:\/\/insixsigma.com.mx\/en\/maquila-alimentos\/molienda-industrial\/","og_locale":"en_US","og_type":"article","og_title":"Molienda industrial - Food insixsigma","og_description":"La molienda tiene la finalidad de modificar las propiedades de los materiales, como textura, forma, densidad, superficie y reactividad,","og_url":"https:\/\/insixsigma.com.mx\/en\/maquila-alimentos\/molienda-industrial\/","og_site_name":"Food insixsigma","article_publisher":"https:\/\/www.facebook.com\/p\/Food-Insixsigma-sa-de-cv-100079939892505\/","article_modified_time":"2023-05-22T22:52:22+00:00","og_image":[{"width":800,"height":600,"url":"https:\/\/insixsigma.com.mx\/wp-content\/uploads\/2023\/04\/Molido.jpg","type":"image\/jpeg"}],"twitter_card":"summary_large_image","twitter_misc":{"Est. reading time":"2 minutes"},"schema":{"@context":"https:\/\/schema.org","@graph":[{"@type":"WebPage","@id":"https:\/\/insixsigma.com.mx\/maquila-alimentos\/molienda-industrial\/","url":"https:\/\/insixsigma.com.mx\/maquila-alimentos\/molienda-industrial\/","name":"Molienda industrial - Food insixsigma","isPartOf":{"@id":"https:\/\/insixsigma.com.mx\/#website"},"primaryImageOfPage":{"@id":"https:\/\/insixsigma.com.mx\/maquila-alimentos\/molienda-industrial\/#primaryimage"},"image":{"@id":"https:\/\/insixsigma.com.mx\/maquila-alimentos\/molienda-industrial\/#primaryimage"},"thumbnailUrl":"https:\/\/insixsigma.com.mx\/wp-content\/uploads\/2023\/04\/Molido.jpg","datePublished":"2023-04-17T18:46:59+00:00","dateModified":"2023-05-22T22:52:22+00:00","description":"La molienda tiene la finalidad de modificar las propiedades de los materiales, como textura, forma, densidad, superficie y reactividad,","breadcrumb":{"@id":"https:\/\/insixsigma.com.mx\/maquila-alimentos\/molienda-industrial\/#breadcrumb"},"inLanguage":"en-US","potentialAction":[{"@type":"ReadAction","target":["https:\/\/insixsigma.com.mx\/maquila-alimentos\/molienda-industrial\/"]}]},{"@type":"ImageObject","inLanguage":"en-US","@id":"https:\/\/insixsigma.com.mx\/maquila-alimentos\/molienda-industrial\/#primaryimage","url":"https:\/\/insixsigma.com.mx\/wp-content\/uploads\/2023\/04\/Molido.jpg","contentUrl":"https:\/\/insixsigma.com.mx\/wp-content\/uploads\/2023\/04\/Molido.jpg","width":800,"height":600,"caption":"Molienda de productos solidos y en polvo"},{"@type":"BreadcrumbList","@id":"https:\/\/insixsigma.com.mx\/maquila-alimentos\/molienda-industrial\/#breadcrumb","itemListElement":[{"@type":"ListItem","position":1,"name":"Home","item":"https:\/\/insixsigma.com.mx\/"},{"@type":"ListItem","position":2,"name":"Elaboramos tus productos","item":"https:\/\/insixsigma.com.mx\/maquila-alimentos\/"},{"@type":"ListItem","position":3,"name":"Molienda industrial"}]},{"@type":"WebSite","@id":"https:\/\/insixsigma.com.mx\/#website","url":"https:\/\/insixsigma.com.mx\/","name":"Food insixsigma","description":"Maquila de envasado y producci\u00f3n.","publisher":{"@id":"https:\/\/insixsigma.com.mx\/#organization"},"potentialAction":[{"@type":"SearchAction","target":{"@type":"EntryPoint","urlTemplate":"https:\/\/insixsigma.com.mx\/?s={search_term_string}"},"query-input":{"@type":"PropertyValueSpecification","valueRequired":true,"valueName":"search_term_string"}}],"inLanguage":"en-US"},{"@type":"Organization","@id":"https:\/\/insixsigma.com.mx\/#organization","name":"Food insixsigma","url":"https:\/\/insixsigma.com.mx\/","logo":{"@type":"ImageObject","inLanguage":"en-US","@id":"https:\/\/insixsigma.com.mx\/#\/schema\/logo\/image\/","url":"https:\/\/insixsigma.com.mx\/wp-content\/uploads\/2022\/09\/LOGOtipo.png","contentUrl":"https:\/\/insixsigma.com.mx\/wp-content\/uploads\/2022\/09\/LOGOtipo.png","width":150,"height":100,"caption":"Food insixsigma"},"image":{"@id":"https:\/\/insixsigma.com.mx\/#\/schema\/logo\/image\/"},"sameAs":["https:\/\/www.facebook.com\/p\/Food-Insixsigma-sa-de-cv-100079939892505\/"]}]}},"_links":{"self":[{"href":"https:\/\/insixsigma.com.mx\/en\/wp-json\/wp\/v2\/pages\/1423","targetHints":{"allow":["GET"]}}],"collection":[{"href":"https:\/\/insixsigma.com.mx\/en\/wp-json\/wp\/v2\/pages"}],"about":[{"href":"https:\/\/insixsigma.com.mx\/en\/wp-json\/wp\/v2\/types\/page"}],"author":[{"embeddable":true,"href":"https:\/\/insixsigma.com.mx\/en\/wp-json\/wp\/v2\/users\/1"}],"replies":[{"embeddable":true,"href":"https:\/\/insixsigma.com.mx\/en\/wp-json\/wp\/v2\/comments?post=1423"}],"version-history":[{"count":1,"href":"https:\/\/insixsigma.com.mx\/en\/wp-json\/wp\/v2\/pages\/1423\/revisions"}],"predecessor-version":[{"id":1424,"href":"https:\/\/insixsigma.com.mx\/en\/wp-json\/wp\/v2\/pages\/1423\/revisions\/1424"}],"up":[{"embeddable":true,"href":"https:\/\/insixsigma.com.mx\/en\/wp-json\/wp\/v2\/pages\/422"}],"wp:featuredmedia":[{"embeddable":true,"href":"https:\/\/insixsigma.com.mx\/en\/wp-json\/wp\/v2\/media\/1433"}],"wp:attachment":[{"href":"https:\/\/insixsigma.com.mx\/en\/wp-json\/wp\/v2\/media?parent=1423"}],"curies":[{"name":"wp","href":"https:\/\/api.w.org\/{rel}","templated":true}]}}