{"id":1417,"date":"2023-04-17T12:30:18","date_gmt":"2023-04-17T18:30:18","guid":{"rendered":"https:\/\/insixsigma.com.mx\/?page_id=1417"},"modified":"2023-05-22T16:52:43","modified_gmt":"2023-05-22T22:52:43","slug":"pulverizado-industrial","status":"publish","type":"page","link":"https:\/\/insixsigma.com.mx\/en\/maquila-alimentos\/pulverizado-industrial\/","title":{"rendered":"Pulverized"},"content":{"rendered":"<p>Reducimos el tama\u00f1o de part\u00edculas s\u00f3lidas o l\u00edquidas en suspensi\u00f3n a trav\u00e9s del uso de maquinarias y equipos especializados, a este proceso se le conoce como pulverizado. Este es un proceso de reducci\u00f3n del tama\u00f1o de part\u00edculas s\u00f3lidas que se hace a trav\u00e9s de la aplicaci\u00f3n de fuerzas mec\u00e1nicas y t\u00e9rmicas, que convierte part\u00edculas s\u00f3lidas en part\u00edculas finas y homog\u00e9neas.<\/p>\n\n\n\n<figure class=\"wp-block-image size-full\"><img loading=\"lazy\" decoding=\"async\" width=\"800\" height=\"516\" src=\"https:\/\/insixsigma.com.mx\/wp-content\/uploads\/2023\/04\/polvos.png\" alt=\"\" class=\"wp-image-1419\" srcset=\"https:\/\/insixsigma.com.mx\/wp-content\/uploads\/2023\/04\/polvos.png 800w, https:\/\/insixsigma.com.mx\/wp-content\/uploads\/2023\/04\/polvos-300x194.png 300w, https:\/\/insixsigma.com.mx\/wp-content\/uploads\/2023\/04\/polvos-768x495.png 768w\" sizes=\"auto, (max-width: 800px) 100vw, 800px\" \/><\/figure>\n\n\n\n<p>Este proceso se lleva a cabo utilizando equipos especializados llamados pulverizadores. La finalidad de este proceso es obtener part\u00edculas uniformes en tama\u00f1o y forma, lo que facilita su manejo y almacenamiento. Adem\u00e1s, el pulverizado se utiliza para mejorar la solubilidad y la estabilidad de algunos productos.<\/p>\n\n\n\n<p>El pulverizado tambi\u00e9n se utiliza para la producci\u00f3n de ingredientes en polvo y la encapsulaci\u00f3n de nutrientes y aromas, mejorando la calidad y la estabilidad de los productos alimenticios.<\/p>\n\n\n\n<p>Preparamos alimentos pulverizados a gran escala como:<\/p>\n\n\n\n<div class=\"wp-block-columns is-layout-flex wp-container-core-columns-is-layout-1 wp-block-columns-is-layout-flex\">\n<div class=\"wp-block-column is-layout-flow wp-block-column-is-layout-flow\">\n<ul class=\"wp-block-list\">\n<li>Color alimenticio<\/li>\n\n\n\n<li>Prote\u00ednas en polvo<\/li>\n\n\n\n<li>Harina de ma\u00edz<\/li>\n<\/ul>\n<\/div>\n\n\n\n<div class=\"wp-block-column is-layout-flow wp-block-column-is-layout-flow\">\n<ul class=\"wp-block-list\">\n<li>Harinas de trigo<\/li>\n\n\n\n<li>Harinas para postres<\/li>\n\n\n\n<li>Harinas premezcladas<\/li>\n<\/ul>\n<\/div>\n\n\n\n<div class=\"wp-block-column is-layout-flow wp-block-column-is-layout-flow\">\n<ul class=\"wp-block-list\">\n<li>Especias<\/li>\n\n\n\n<li>Azucares<\/li>\n\n\n\n<li>Saborizantes<\/li>\n<\/ul>\n<\/div>\n<\/div>\n\n\n\n<p>En <span class=\"highlight\"><mark style=\"background-color:rgba(0, 0, 0, 0)\" class=\"has-inline-color has-dark-blue-color\"><strong>Food Insixsigma<\/strong><\/mark><\/span> contamos con el equipo necesario para pulverizar, envasar y mezclar productos s\u00f3lidos, en polvo y l\u00edquidos.<\/p>\n\n\n\n<div class=\"wp-block-buttons is-layout-flex wp-block-buttons-is-layout-flex\">\n<div class=\"wp-block-button has-custom-width wp-block-button__width-100\"><a class=\"wp-block-button__link has-vivid-cyan-blue-background-color has-background wp-element-button\" href=\"https:\/\/insixsigma.com.mx\/en\/cotiza-maquila-alimentos\/\">Quote your product<\/a><\/div>\n<\/div>","protected":false},"excerpt":{"rendered":"<p>Reducimos el tama\u00f1o de part\u00edculas s\u00f3lidas o l\u00edquidas en suspensi\u00f3n a trav\u00e9s del uso de maquinarias y equipos especializados, a este proceso se le conoce&hellip;<\/p>","protected":false},"author":1,"featured_media":1419,"parent":422,"menu_order":0,"comment_status":"closed","ping_status":"closed","template":"","meta":{"_themeisle_gutenberg_block_has_review":false,"_joinchat":[],"footnotes":""},"class_list":["post-1417","page","type-page","status-publish","has-post-thumbnail","hentry"],"yoast_head":"<!-- This site is optimized with the Yoast SEO plugin v26.8 - https:\/\/yoast.com\/product\/yoast-seo-wordpress\/ -->\n<title>Pulverizado - Food insixsigma<\/title>\n<meta name=\"description\" content=\"El pulverizado industrial busca reducir el tama\u00f1o de part\u00edculas s\u00f3lidas y l\u00edquidas para obtener part\u00edculas uniformes en tama\u00f1o y forma\" \/>\n<meta name=\"robots\" content=\"index, follow, max-snippet:-1, max-image-preview:large, max-video-preview:-1\" \/>\n<link rel=\"canonical\" href=\"https:\/\/insixsigma.com.mx\/en\/maquila-alimentos\/pulverizado-industrial\/\" \/>\n<meta property=\"og:locale\" content=\"en_US\" \/>\n<meta property=\"og:type\" content=\"article\" \/>\n<meta property=\"og:title\" content=\"Pulverizado - Food insixsigma\" \/>\n<meta property=\"og:description\" content=\"El pulverizado industrial busca reducir el tama\u00f1o de part\u00edculas s\u00f3lidas y l\u00edquidas para obtener part\u00edculas uniformes en tama\u00f1o y forma\" \/>\n<meta property=\"og:url\" content=\"https:\/\/insixsigma.com.mx\/en\/maquila-alimentos\/pulverizado-industrial\/\" \/>\n<meta property=\"og:site_name\" content=\"Food insixsigma\" \/>\n<meta property=\"article:publisher\" content=\"https:\/\/www.facebook.com\/p\/Food-Insixsigma-sa-de-cv-100079939892505\/\" \/>\n<meta property=\"article:modified_time\" content=\"2023-05-22T22:52:43+00:00\" \/>\n<meta property=\"og:image\" content=\"https:\/\/insixsigma.com.mx\/wp-content\/uploads\/2023\/04\/polvos.png\" \/>\n\t<meta property=\"og:image:width\" content=\"800\" \/>\n\t<meta property=\"og:image:height\" content=\"516\" \/>\n\t<meta property=\"og:image:type\" content=\"image\/png\" \/>\n<meta name=\"twitter:card\" content=\"summary_large_image\" \/>\n<meta name=\"twitter:label1\" content=\"Est. reading time\" \/>\n\t<meta name=\"twitter:data1\" content=\"2 minutes\" \/>\n<script type=\"application\/ld+json\" class=\"yoast-schema-graph\">{\"@context\":\"https:\/\/schema.org\",\"@graph\":[{\"@type\":\"WebPage\",\"@id\":\"https:\/\/insixsigma.com.mx\/maquila-alimentos\/pulverizado-industrial\/\",\"url\":\"https:\/\/insixsigma.com.mx\/maquila-alimentos\/pulverizado-industrial\/\",\"name\":\"Pulverizado - Food insixsigma\",\"isPartOf\":{\"@id\":\"https:\/\/insixsigma.com.mx\/#website\"},\"primaryImageOfPage\":{\"@id\":\"https:\/\/insixsigma.com.mx\/maquila-alimentos\/pulverizado-industrial\/#primaryimage\"},\"image\":{\"@id\":\"https:\/\/insixsigma.com.mx\/maquila-alimentos\/pulverizado-industrial\/#primaryimage\"},\"thumbnailUrl\":\"https:\/\/insixsigma.com.mx\/wp-content\/uploads\/2023\/04\/polvos.png\",\"datePublished\":\"2023-04-17T18:30:18+00:00\",\"dateModified\":\"2023-05-22T22:52:43+00:00\",\"description\":\"El pulverizado industrial busca reducir el tama\u00f1o de part\u00edculas s\u00f3lidas y l\u00edquidas para obtener part\u00edculas uniformes en tama\u00f1o y forma\",\"breadcrumb\":{\"@id\":\"https:\/\/insixsigma.com.mx\/maquila-alimentos\/pulverizado-industrial\/#breadcrumb\"},\"inLanguage\":\"en-US\",\"potentialAction\":[{\"@type\":\"ReadAction\",\"target\":[\"https:\/\/insixsigma.com.mx\/maquila-alimentos\/pulverizado-industrial\/\"]}]},{\"@type\":\"ImageObject\",\"inLanguage\":\"en-US\",\"@id\":\"https:\/\/insixsigma.com.mx\/maquila-alimentos\/pulverizado-industrial\/#primaryimage\",\"url\":\"https:\/\/insixsigma.com.mx\/wp-content\/uploads\/2023\/04\/polvos.png\",\"contentUrl\":\"https:\/\/insixsigma.com.mx\/wp-content\/uploads\/2023\/04\/polvos.png\",\"width\":800,\"height\":516,\"caption\":\"Pulverizado de alimentos en part\u00edculas finas\"},{\"@type\":\"BreadcrumbList\",\"@id\":\"https:\/\/insixsigma.com.mx\/maquila-alimentos\/pulverizado-industrial\/#breadcrumb\",\"itemListElement\":[{\"@type\":\"ListItem\",\"position\":1,\"name\":\"Home\",\"item\":\"https:\/\/insixsigma.com.mx\/\"},{\"@type\":\"ListItem\",\"position\":2,\"name\":\"Elaboramos tus productos\",\"item\":\"https:\/\/insixsigma.com.mx\/maquila-alimentos\/\"},{\"@type\":\"ListItem\",\"position\":3,\"name\":\"Pulverizado\"}]},{\"@type\":\"WebSite\",\"@id\":\"https:\/\/insixsigma.com.mx\/#website\",\"url\":\"https:\/\/insixsigma.com.mx\/\",\"name\":\"Food insixsigma\",\"description\":\"Maquila de envasado y producci\u00f3n.\",\"publisher\":{\"@id\":\"https:\/\/insixsigma.com.mx\/#organization\"},\"potentialAction\":[{\"@type\":\"SearchAction\",\"target\":{\"@type\":\"EntryPoint\",\"urlTemplate\":\"https:\/\/insixsigma.com.mx\/?s={search_term_string}\"},\"query-input\":{\"@type\":\"PropertyValueSpecification\",\"valueRequired\":true,\"valueName\":\"search_term_string\"}}],\"inLanguage\":\"en-US\"},{\"@type\":\"Organization\",\"@id\":\"https:\/\/insixsigma.com.mx\/#organization\",\"name\":\"Food insixsigma\",\"url\":\"https:\/\/insixsigma.com.mx\/\",\"logo\":{\"@type\":\"ImageObject\",\"inLanguage\":\"en-US\",\"@id\":\"https:\/\/insixsigma.com.mx\/#\/schema\/logo\/image\/\",\"url\":\"https:\/\/insixsigma.com.mx\/wp-content\/uploads\/2022\/09\/LOGOtipo.png\",\"contentUrl\":\"https:\/\/insixsigma.com.mx\/wp-content\/uploads\/2022\/09\/LOGOtipo.png\",\"width\":150,\"height\":100,\"caption\":\"Food insixsigma\"},\"image\":{\"@id\":\"https:\/\/insixsigma.com.mx\/#\/schema\/logo\/image\/\"},\"sameAs\":[\"https:\/\/www.facebook.com\/p\/Food-Insixsigma-sa-de-cv-100079939892505\/\"]}]}<\/script>\n<!-- \/ Yoast SEO plugin. -->","yoast_head_json":{"title":"Pulverizado - Food insixsigma","description":"El pulverizado industrial busca reducir el tama\u00f1o de part\u00edculas s\u00f3lidas y l\u00edquidas para obtener part\u00edculas uniformes en tama\u00f1o y forma","robots":{"index":"index","follow":"follow","max-snippet":"max-snippet:-1","max-image-preview":"max-image-preview:large","max-video-preview":"max-video-preview:-1"},"canonical":"https:\/\/insixsigma.com.mx\/en\/maquila-alimentos\/pulverizado-industrial\/","og_locale":"en_US","og_type":"article","og_title":"Pulverizado - Food insixsigma","og_description":"El pulverizado industrial busca reducir el tama\u00f1o de part\u00edculas s\u00f3lidas y l\u00edquidas para obtener part\u00edculas uniformes en tama\u00f1o y forma","og_url":"https:\/\/insixsigma.com.mx\/en\/maquila-alimentos\/pulverizado-industrial\/","og_site_name":"Food insixsigma","article_publisher":"https:\/\/www.facebook.com\/p\/Food-Insixsigma-sa-de-cv-100079939892505\/","article_modified_time":"2023-05-22T22:52:43+00:00","og_image":[{"width":800,"height":516,"url":"https:\/\/insixsigma.com.mx\/wp-content\/uploads\/2023\/04\/polvos.png","type":"image\/png"}],"twitter_card":"summary_large_image","twitter_misc":{"Est. reading time":"2 minutes"},"schema":{"@context":"https:\/\/schema.org","@graph":[{"@type":"WebPage","@id":"https:\/\/insixsigma.com.mx\/maquila-alimentos\/pulverizado-industrial\/","url":"https:\/\/insixsigma.com.mx\/maquila-alimentos\/pulverizado-industrial\/","name":"Pulverizado - Food insixsigma","isPartOf":{"@id":"https:\/\/insixsigma.com.mx\/#website"},"primaryImageOfPage":{"@id":"https:\/\/insixsigma.com.mx\/maquila-alimentos\/pulverizado-industrial\/#primaryimage"},"image":{"@id":"https:\/\/insixsigma.com.mx\/maquila-alimentos\/pulverizado-industrial\/#primaryimage"},"thumbnailUrl":"https:\/\/insixsigma.com.mx\/wp-content\/uploads\/2023\/04\/polvos.png","datePublished":"2023-04-17T18:30:18+00:00","dateModified":"2023-05-22T22:52:43+00:00","description":"El pulverizado industrial busca reducir el tama\u00f1o de part\u00edculas s\u00f3lidas y l\u00edquidas para obtener part\u00edculas uniformes en tama\u00f1o y forma","breadcrumb":{"@id":"https:\/\/insixsigma.com.mx\/maquila-alimentos\/pulverizado-industrial\/#breadcrumb"},"inLanguage":"en-US","potentialAction":[{"@type":"ReadAction","target":["https:\/\/insixsigma.com.mx\/maquila-alimentos\/pulverizado-industrial\/"]}]},{"@type":"ImageObject","inLanguage":"en-US","@id":"https:\/\/insixsigma.com.mx\/maquila-alimentos\/pulverizado-industrial\/#primaryimage","url":"https:\/\/insixsigma.com.mx\/wp-content\/uploads\/2023\/04\/polvos.png","contentUrl":"https:\/\/insixsigma.com.mx\/wp-content\/uploads\/2023\/04\/polvos.png","width":800,"height":516,"caption":"Pulverizado de alimentos en part\u00edculas finas"},{"@type":"BreadcrumbList","@id":"https:\/\/insixsigma.com.mx\/maquila-alimentos\/pulverizado-industrial\/#breadcrumb","itemListElement":[{"@type":"ListItem","position":1,"name":"Home","item":"https:\/\/insixsigma.com.mx\/"},{"@type":"ListItem","position":2,"name":"Elaboramos tus productos","item":"https:\/\/insixsigma.com.mx\/maquila-alimentos\/"},{"@type":"ListItem","position":3,"name":"Pulverizado"}]},{"@type":"WebSite","@id":"https:\/\/insixsigma.com.mx\/#website","url":"https:\/\/insixsigma.com.mx\/","name":"Food insixsigma","description":"Maquila de envasado y producci\u00f3n.","publisher":{"@id":"https:\/\/insixsigma.com.mx\/#organization"},"potentialAction":[{"@type":"SearchAction","target":{"@type":"EntryPoint","urlTemplate":"https:\/\/insixsigma.com.mx\/?s={search_term_string}"},"query-input":{"@type":"PropertyValueSpecification","valueRequired":true,"valueName":"search_term_string"}}],"inLanguage":"en-US"},{"@type":"Organization","@id":"https:\/\/insixsigma.com.mx\/#organization","name":"Food insixsigma","url":"https:\/\/insixsigma.com.mx\/","logo":{"@type":"ImageObject","inLanguage":"en-US","@id":"https:\/\/insixsigma.com.mx\/#\/schema\/logo\/image\/","url":"https:\/\/insixsigma.com.mx\/wp-content\/uploads\/2022\/09\/LOGOtipo.png","contentUrl":"https:\/\/insixsigma.com.mx\/wp-content\/uploads\/2022\/09\/LOGOtipo.png","width":150,"height":100,"caption":"Food insixsigma"},"image":{"@id":"https:\/\/insixsigma.com.mx\/#\/schema\/logo\/image\/"},"sameAs":["https:\/\/www.facebook.com\/p\/Food-Insixsigma-sa-de-cv-100079939892505\/"]}]}},"_links":{"self":[{"href":"https:\/\/insixsigma.com.mx\/en\/wp-json\/wp\/v2\/pages\/1417","targetHints":{"allow":["GET"]}}],"collection":[{"href":"https:\/\/insixsigma.com.mx\/en\/wp-json\/wp\/v2\/pages"}],"about":[{"href":"https:\/\/insixsigma.com.mx\/en\/wp-json\/wp\/v2\/types\/page"}],"author":[{"embeddable":true,"href":"https:\/\/insixsigma.com.mx\/en\/wp-json\/wp\/v2\/users\/1"}],"replies":[{"embeddable":true,"href":"https:\/\/insixsigma.com.mx\/en\/wp-json\/wp\/v2\/comments?post=1417"}],"version-history":[{"count":2,"href":"https:\/\/insixsigma.com.mx\/en\/wp-json\/wp\/v2\/pages\/1417\/revisions"}],"predecessor-version":[{"id":1421,"href":"https:\/\/insixsigma.com.mx\/en\/wp-json\/wp\/v2\/pages\/1417\/revisions\/1421"}],"up":[{"embeddable":true,"href":"https:\/\/insixsigma.com.mx\/en\/wp-json\/wp\/v2\/pages\/422"}],"wp:featuredmedia":[{"embeddable":true,"href":"https:\/\/insixsigma.com.mx\/en\/wp-json\/wp\/v2\/media\/1419"}],"wp:attachment":[{"href":"https:\/\/insixsigma.com.mx\/en\/wp-json\/wp\/v2\/media?parent=1417"}],"curies":[{"name":"wp","href":"https:\/\/api.w.org\/{rel}","templated":true}]}}