{"id":1409,"date":"2023-03-30T17:28:06","date_gmt":"2023-03-30T23:28:06","guid":{"rendered":"https:\/\/insixsigma.com.mx\/?page_id=1409"},"modified":"2023-05-25T11:59:53","modified_gmt":"2023-05-25T17:59:53","slug":"cocinado-industrial-2","status":"publish","type":"page","link":"https:\/\/insixsigma.com.mx\/en\/maquila-alimentos\/cocinado-industrial-2\/","title":{"rendered":"Industrial Cooking"},"content":{"rendered":"<p>Preparamos alimentos a gran escala cociendo, calentando y mezclando alimentos para satisfacer las demandas del mercado. La cocina industrial involucra el uso de equipo especializado como marmitas que se podr\u00eda decir que son ollas grandes, mezcladoras, moledoras, homogeneizadoras y envasadoras <br>Este proceso es com\u00fanmente utilizado en la industria alimentaria:<\/p>\n\n\n\n<figure class=\"wp-block-image size-full\"><img loading=\"lazy\" decoding=\"async\" width=\"953\" height=\"635\" src=\"https:\/\/insixsigma.com.mx\/wp-content\/uploads\/2023\/05\/DSC09717.png\" alt=\"\" class=\"wp-image-1509\" srcset=\"https:\/\/insixsigma.com.mx\/wp-content\/uploads\/2023\/05\/DSC09717.png 953w, https:\/\/insixsigma.com.mx\/wp-content\/uploads\/2023\/05\/DSC09717-300x200.png 300w, https:\/\/insixsigma.com.mx\/wp-content\/uploads\/2023\/05\/DSC09717-768x512.png 768w, https:\/\/insixsigma.com.mx\/wp-content\/uploads\/2023\/05\/DSC09717-272x182.png 272w\" sizes=\"auto, (max-width: 953px) 100vw, 953px\" \/><\/figure>\n\n\n\n<p>El objetivo es asegurar la eficiencia y uniformidad de la cocci\u00f3n, as\u00ed como minimizar el tiempo y los costes de cocci\u00f3n. El cocinado industrial puede ser una soluci\u00f3n pr\u00e1ctica para escalar las cantidades de productos elaborados sin tener una inversi\u00f3n significante en activos fijos. <\/p>\n\n\n\n<p>La industria alimentaria utiliza tecnolog\u00edas avanzadas para producir alimentos m\u00e1s sanos y nutritivos aumentando su vida de anaquel, por ejemplo, procesos de retorta y pasteurizaci\u00f3n por altas presiones. <\/p>\n\n\n\n<p>Preparamos alimentos a gran escala como:<\/p>\n\n\n\n<div class=\"wp-block-columns is-layout-flex wp-container-core-columns-is-layout-1 wp-block-columns-is-layout-flex\">\n<div class=\"wp-block-column is-layout-flow wp-block-column-is-layout-flow\">\n<ul class=\"wp-block-list\">\n<li>Catsup<\/li>\n\n\n\n<li>Mermelada<\/li>\n\n\n\n<li>Cajeta<\/li>\n<\/ul>\n<\/div>\n\n\n\n<div class=\"wp-block-column is-layout-flow wp-block-column-is-layout-flow\">\n<ul class=\"wp-block-list\">\n<li>Aderezos<\/li>\n\n\n\n<li>Salsas<\/li>\n\n\n\n<li>Salsa para pizza<\/li>\n<\/ul>\n<\/div>\n\n\n\n<div class=\"wp-block-column is-layout-flow wp-block-column-is-layout-flow\">\n<ul class=\"wp-block-list\">\n<li>Pasta de tomate<\/li>\n\n\n\n<li>Caramelo<\/li>\n\n\n\n<li>Jarabe de chocolate<\/li>\n<\/ul>\n<\/div>\n<\/div>\n\n\n\n<p>En <span class=\"highlight\"><mark style=\"background-color:rgba(0, 0, 0, 0)\" class=\"has-inline-color has-dark-blue-color\"><strong>Food Insixsigma<\/strong><\/mark><\/span> contamos con el equipo necesario para cocinar y envasar tu sproductos.<\/p>\n\n\n\n<div class=\"wp-block-buttons is-layout-flex wp-block-buttons-is-layout-flex\">\n<div class=\"wp-block-button has-custom-width wp-block-button__width-100\"><a class=\"wp-block-button__link has-vivid-cyan-blue-background-color has-background wp-element-button\" href=\"https:\/\/insixsigma.com.mx\/en\/cotiza-maquila-alimentos\/\">Quote your product<\/a><\/div>\n<\/div>","protected":false},"excerpt":{"rendered":"<p>Preparamos alimentos a gran escala cociendo, calentando y mezclando alimentos para satisfacer las demandas del mercado. La cocina industrial involucra el uso de equipo especializado&hellip;<\/p>","protected":false},"author":1,"featured_media":1349,"parent":422,"menu_order":0,"comment_status":"closed","ping_status":"closed","template":"","meta":{"_themeisle_gutenberg_block_has_review":false,"_joinchat":[],"footnotes":""},"class_list":["post-1409","page","type-page","status-publish","has-post-thumbnail","hentry"],"yoast_head":"<!-- This site is optimized with the Yoast SEO plugin v26.8 - https:\/\/yoast.com\/product\/yoast-seo-wordpress\/ -->\n<title>Cocinado industrial - Food insixsigma<\/title>\n<meta name=\"description\" content=\"Preparamos alimentos a gran escala cociendo, calentando y mezclando ingredientes para satisfacer las demandas del mercado\" \/>\n<meta name=\"robots\" content=\"index, follow, max-snippet:-1, max-image-preview:large, max-video-preview:-1\" \/>\n<link rel=\"canonical\" href=\"https:\/\/insixsigma.com.mx\/en\/maquila-alimentos\/cocinado-industrial-2\/\" \/>\n<meta property=\"og:locale\" content=\"en_US\" \/>\n<meta property=\"og:type\" content=\"article\" \/>\n<meta property=\"og:title\" content=\"Cocinado industrial - Food insixsigma\" \/>\n<meta property=\"og:description\" content=\"Preparamos alimentos a gran escala cociendo, calentando y mezclando ingredientes para satisfacer las demandas del mercado\" \/>\n<meta property=\"og:url\" content=\"https:\/\/insixsigma.com.mx\/en\/maquila-alimentos\/cocinado-industrial-2\/\" \/>\n<meta property=\"og:site_name\" content=\"Food insixsigma\" \/>\n<meta property=\"article:publisher\" content=\"https:\/\/www.facebook.com\/p\/Food-Insixsigma-sa-de-cv-100079939892505\/\" \/>\n<meta property=\"article:modified_time\" content=\"2023-05-25T17:59:53+00:00\" \/>\n<meta property=\"og:image\" content=\"https:\/\/insixsigma.com.mx\/wp-content\/uploads\/2023\/03\/cocinadoindustrial.jpg\" \/>\n\t<meta property=\"og:image:width\" content=\"550\" \/>\n\t<meta property=\"og:image:height\" content=\"367\" \/>\n\t<meta property=\"og:image:type\" content=\"image\/jpeg\" \/>\n<meta name=\"twitter:card\" content=\"summary_large_image\" \/>\n<meta name=\"twitter:label1\" content=\"Est. reading time\" \/>\n\t<meta name=\"twitter:data1\" content=\"1 minute\" \/>\n<script type=\"application\/ld+json\" class=\"yoast-schema-graph\">{\"@context\":\"https:\/\/schema.org\",\"@graph\":[{\"@type\":\"WebPage\",\"@id\":\"https:\/\/insixsigma.com.mx\/maquila-alimentos\/cocinado-industrial-2\/\",\"url\":\"https:\/\/insixsigma.com.mx\/maquila-alimentos\/cocinado-industrial-2\/\",\"name\":\"Cocinado industrial - Food insixsigma\",\"isPartOf\":{\"@id\":\"https:\/\/insixsigma.com.mx\/#website\"},\"primaryImageOfPage\":{\"@id\":\"https:\/\/insixsigma.com.mx\/maquila-alimentos\/cocinado-industrial-2\/#primaryimage\"},\"image\":{\"@id\":\"https:\/\/insixsigma.com.mx\/maquila-alimentos\/cocinado-industrial-2\/#primaryimage\"},\"thumbnailUrl\":\"https:\/\/insixsigma.com.mx\/wp-content\/uploads\/2023\/03\/cocinadoindustrial.jpg\",\"datePublished\":\"2023-03-30T23:28:06+00:00\",\"dateModified\":\"2023-05-25T17:59:53+00:00\",\"description\":\"Preparamos alimentos a gran escala cociendo, calentando y mezclando ingredientes para satisfacer las demandas del mercado\",\"breadcrumb\":{\"@id\":\"https:\/\/insixsigma.com.mx\/maquila-alimentos\/cocinado-industrial-2\/#breadcrumb\"},\"inLanguage\":\"en-US\",\"potentialAction\":[{\"@type\":\"ReadAction\",\"target\":[\"https:\/\/insixsigma.com.mx\/maquila-alimentos\/cocinado-industrial-2\/\"]}]},{\"@type\":\"ImageObject\",\"inLanguage\":\"en-US\",\"@id\":\"https:\/\/insixsigma.com.mx\/maquila-alimentos\/cocinado-industrial-2\/#primaryimage\",\"url\":\"https:\/\/insixsigma.com.mx\/wp-content\/uploads\/2023\/03\/cocinadoindustrial.jpg\",\"contentUrl\":\"https:\/\/insixsigma.com.mx\/wp-content\/uploads\/2023\/03\/cocinadoindustrial.jpg\",\"width\":550,\"height\":367,\"caption\":\"Maquila de alimentos\"},{\"@type\":\"BreadcrumbList\",\"@id\":\"https:\/\/insixsigma.com.mx\/maquila-alimentos\/cocinado-industrial-2\/#breadcrumb\",\"itemListElement\":[{\"@type\":\"ListItem\",\"position\":1,\"name\":\"Home\",\"item\":\"https:\/\/insixsigma.com.mx\/\"},{\"@type\":\"ListItem\",\"position\":2,\"name\":\"Elaboramos tus productos\",\"item\":\"https:\/\/insixsigma.com.mx\/maquila-alimentos\/\"},{\"@type\":\"ListItem\",\"position\":3,\"name\":\"Cocinado industrial\"}]},{\"@type\":\"WebSite\",\"@id\":\"https:\/\/insixsigma.com.mx\/#website\",\"url\":\"https:\/\/insixsigma.com.mx\/\",\"name\":\"Food insixsigma\",\"description\":\"Maquila de envasado y producci\u00f3n.\",\"publisher\":{\"@id\":\"https:\/\/insixsigma.com.mx\/#organization\"},\"potentialAction\":[{\"@type\":\"SearchAction\",\"target\":{\"@type\":\"EntryPoint\",\"urlTemplate\":\"https:\/\/insixsigma.com.mx\/?s={search_term_string}\"},\"query-input\":{\"@type\":\"PropertyValueSpecification\",\"valueRequired\":true,\"valueName\":\"search_term_string\"}}],\"inLanguage\":\"en-US\"},{\"@type\":\"Organization\",\"@id\":\"https:\/\/insixsigma.com.mx\/#organization\",\"name\":\"Food insixsigma\",\"url\":\"https:\/\/insixsigma.com.mx\/\",\"logo\":{\"@type\":\"ImageObject\",\"inLanguage\":\"en-US\",\"@id\":\"https:\/\/insixsigma.com.mx\/#\/schema\/logo\/image\/\",\"url\":\"https:\/\/insixsigma.com.mx\/wp-content\/uploads\/2022\/09\/LOGOtipo.png\",\"contentUrl\":\"https:\/\/insixsigma.com.mx\/wp-content\/uploads\/2022\/09\/LOGOtipo.png\",\"width\":150,\"height\":100,\"caption\":\"Food insixsigma\"},\"image\":{\"@id\":\"https:\/\/insixsigma.com.mx\/#\/schema\/logo\/image\/\"},\"sameAs\":[\"https:\/\/www.facebook.com\/p\/Food-Insixsigma-sa-de-cv-100079939892505\/\"]}]}<\/script>\n<!-- \/ Yoast SEO plugin. -->","yoast_head_json":{"title":"Cocinado industrial - Food insixsigma","description":"Preparamos alimentos a gran escala cociendo, calentando y mezclando ingredientes para satisfacer las demandas del mercado","robots":{"index":"index","follow":"follow","max-snippet":"max-snippet:-1","max-image-preview":"max-image-preview:large","max-video-preview":"max-video-preview:-1"},"canonical":"https:\/\/insixsigma.com.mx\/en\/maquila-alimentos\/cocinado-industrial-2\/","og_locale":"en_US","og_type":"article","og_title":"Cocinado industrial - Food insixsigma","og_description":"Preparamos alimentos a gran escala cociendo, calentando y mezclando ingredientes para satisfacer las demandas del mercado","og_url":"https:\/\/insixsigma.com.mx\/en\/maquila-alimentos\/cocinado-industrial-2\/","og_site_name":"Food insixsigma","article_publisher":"https:\/\/www.facebook.com\/p\/Food-Insixsigma-sa-de-cv-100079939892505\/","article_modified_time":"2023-05-25T17:59:53+00:00","og_image":[{"width":550,"height":367,"url":"https:\/\/insixsigma.com.mx\/wp-content\/uploads\/2023\/03\/cocinadoindustrial.jpg","type":"image\/jpeg"}],"twitter_card":"summary_large_image","twitter_misc":{"Est. reading time":"1 minute"},"schema":{"@context":"https:\/\/schema.org","@graph":[{"@type":"WebPage","@id":"https:\/\/insixsigma.com.mx\/maquila-alimentos\/cocinado-industrial-2\/","url":"https:\/\/insixsigma.com.mx\/maquila-alimentos\/cocinado-industrial-2\/","name":"Cocinado industrial - Food insixsigma","isPartOf":{"@id":"https:\/\/insixsigma.com.mx\/#website"},"primaryImageOfPage":{"@id":"https:\/\/insixsigma.com.mx\/maquila-alimentos\/cocinado-industrial-2\/#primaryimage"},"image":{"@id":"https:\/\/insixsigma.com.mx\/maquila-alimentos\/cocinado-industrial-2\/#primaryimage"},"thumbnailUrl":"https:\/\/insixsigma.com.mx\/wp-content\/uploads\/2023\/03\/cocinadoindustrial.jpg","datePublished":"2023-03-30T23:28:06+00:00","dateModified":"2023-05-25T17:59:53+00:00","description":"Preparamos alimentos a gran escala cociendo, calentando y mezclando ingredientes para satisfacer las demandas del mercado","breadcrumb":{"@id":"https:\/\/insixsigma.com.mx\/maquila-alimentos\/cocinado-industrial-2\/#breadcrumb"},"inLanguage":"en-US","potentialAction":[{"@type":"ReadAction","target":["https:\/\/insixsigma.com.mx\/maquila-alimentos\/cocinado-industrial-2\/"]}]},{"@type":"ImageObject","inLanguage":"en-US","@id":"https:\/\/insixsigma.com.mx\/maquila-alimentos\/cocinado-industrial-2\/#primaryimage","url":"https:\/\/insixsigma.com.mx\/wp-content\/uploads\/2023\/03\/cocinadoindustrial.jpg","contentUrl":"https:\/\/insixsigma.com.mx\/wp-content\/uploads\/2023\/03\/cocinadoindustrial.jpg","width":550,"height":367,"caption":"Maquila de alimentos"},{"@type":"BreadcrumbList","@id":"https:\/\/insixsigma.com.mx\/maquila-alimentos\/cocinado-industrial-2\/#breadcrumb","itemListElement":[{"@type":"ListItem","position":1,"name":"Home","item":"https:\/\/insixsigma.com.mx\/"},{"@type":"ListItem","position":2,"name":"Elaboramos tus productos","item":"https:\/\/insixsigma.com.mx\/maquila-alimentos\/"},{"@type":"ListItem","position":3,"name":"Cocinado industrial"}]},{"@type":"WebSite","@id":"https:\/\/insixsigma.com.mx\/#website","url":"https:\/\/insixsigma.com.mx\/","name":"Food insixsigma","description":"Maquila de envasado y producci\u00f3n.","publisher":{"@id":"https:\/\/insixsigma.com.mx\/#organization"},"potentialAction":[{"@type":"SearchAction","target":{"@type":"EntryPoint","urlTemplate":"https:\/\/insixsigma.com.mx\/?s={search_term_string}"},"query-input":{"@type":"PropertyValueSpecification","valueRequired":true,"valueName":"search_term_string"}}],"inLanguage":"en-US"},{"@type":"Organization","@id":"https:\/\/insixsigma.com.mx\/#organization","name":"Food insixsigma","url":"https:\/\/insixsigma.com.mx\/","logo":{"@type":"ImageObject","inLanguage":"en-US","@id":"https:\/\/insixsigma.com.mx\/#\/schema\/logo\/image\/","url":"https:\/\/insixsigma.com.mx\/wp-content\/uploads\/2022\/09\/LOGOtipo.png","contentUrl":"https:\/\/insixsigma.com.mx\/wp-content\/uploads\/2022\/09\/LOGOtipo.png","width":150,"height":100,"caption":"Food insixsigma"},"image":{"@id":"https:\/\/insixsigma.com.mx\/#\/schema\/logo\/image\/"},"sameAs":["https:\/\/www.facebook.com\/p\/Food-Insixsigma-sa-de-cv-100079939892505\/"]}]}},"_links":{"self":[{"href":"https:\/\/insixsigma.com.mx\/en\/wp-json\/wp\/v2\/pages\/1409","targetHints":{"allow":["GET"]}}],"collection":[{"href":"https:\/\/insixsigma.com.mx\/en\/wp-json\/wp\/v2\/pages"}],"about":[{"href":"https:\/\/insixsigma.com.mx\/en\/wp-json\/wp\/v2\/types\/page"}],"author":[{"embeddable":true,"href":"https:\/\/insixsigma.com.mx\/en\/wp-json\/wp\/v2\/users\/1"}],"replies":[{"embeddable":true,"href":"https:\/\/insixsigma.com.mx\/en\/wp-json\/wp\/v2\/comments?post=1409"}],"version-history":[{"count":4,"href":"https:\/\/insixsigma.com.mx\/en\/wp-json\/wp\/v2\/pages\/1409\/revisions"}],"predecessor-version":[{"id":1510,"href":"https:\/\/insixsigma.com.mx\/en\/wp-json\/wp\/v2\/pages\/1409\/revisions\/1510"}],"up":[{"embeddable":true,"href":"https:\/\/insixsigma.com.mx\/en\/wp-json\/wp\/v2\/pages\/422"}],"wp:featuredmedia":[{"embeddable":true,"href":"https:\/\/insixsigma.com.mx\/en\/wp-json\/wp\/v2\/media\/1349"}],"wp:attachment":[{"href":"https:\/\/insixsigma.com.mx\/en\/wp-json\/wp\/v2\/media?parent=1409"}],"curies":[{"name":"wp","href":"https:\/\/api.w.org\/{rel}","templated":true}]}}