{"id":126,"date":"2018-02-27T07:51:08","date_gmt":"2018-02-27T07:51:08","guid":{"rendered":"http:\/\/offshorethemes.com\/demo\/sparkconstruction\/?page_id=126"},"modified":"2023-02-17T16:13:11","modified_gmt":"2023-02-17T22:13:11","slug":"justo-a-tiempo","status":"publish","type":"page","link":"https:\/\/insixsigma.com.mx\/en\/justo-a-tiempo\/","title":{"rendered":"Just on time"},"content":{"rendered":"<p>Nuestro sistema justo a tiempo tiene como objetivo entregar el producto terminado justo cuando es necesario. Para esto es necesario cumplir con ciertas condiciones como la recepci\u00f3n de materiales a tiempo, la gesti\u00f3n visual del inventario, el mantenimiento preventivo, la mejora continua y la capacitaci\u00f3n y participaci\u00f3n de los trabajadores<\/p>\n\n\n\n<p>El sistema justo a tiempo es un enfoque de gesti\u00f3n de la producci\u00f3n que se enfoca en reducir el desperdicio y aumentar la eficiencia al producir solo lo que se necesita, cuando se necesita y en la cantidad necesaria. Cumpliendo as\u00ed con los acuerdos a los que se llega con el cliente en cada proyecto. El objetivo del sistema es minimizar el inventario y los costos de producci\u00f3n al mismo tiempo que se maximiza la calidad del producto y la satisfacci\u00f3n del cliente.<\/p>\n\n\n\n<p><\/p>","protected":false},"excerpt":{"rendered":"<p>Nuestro sistema justo a tiempo tiene como objetivo entregar el producto terminado justo cuando es necesario. Para esto es necesario cumplir con ciertas condiciones como&hellip;<\/p>","protected":false},"author":1,"featured_media":1226,"parent":0,"menu_order":0,"comment_status":"closed","ping_status":"closed","template":"","meta":{"_themeisle_gutenberg_block_has_review":false,"_joinchat":[],"footnotes":""},"class_list":["post-126","page","type-page","status-publish","has-post-thumbnail","hentry"],"yoast_head":"<!-- This site is optimized with the Yoast SEO plugin v26.8 - https:\/\/yoast.com\/product\/yoast-seo-wordpress\/ -->\n<title>Justo a tiempo - Food insixsigma<\/title>\n<meta name=\"description\" content=\"Nuestro sistema justo a tiempo tiene como objetivo entregar el producto terminado justo cuando es necesario.\" \/>\n<meta name=\"robots\" content=\"index, follow, max-snippet:-1, max-image-preview:large, max-video-preview:-1\" \/>\n<link rel=\"canonical\" href=\"https:\/\/insixsigma.com.mx\/en\/justo-a-tiempo\/\" \/>\n<meta property=\"og:locale\" content=\"en_US\" \/>\n<meta property=\"og:type\" content=\"article\" \/>\n<meta property=\"og:title\" content=\"Justo a tiempo - Food insixsigma\" \/>\n<meta property=\"og:description\" content=\"Nuestro sistema justo a tiempo tiene como objetivo entregar el producto terminado justo cuando es necesario.\" \/>\n<meta property=\"og:url\" content=\"https:\/\/insixsigma.com.mx\/en\/justo-a-tiempo\/\" \/>\n<meta property=\"og:site_name\" content=\"Food insixsigma\" \/>\n<meta property=\"article:publisher\" content=\"https:\/\/www.facebook.com\/p\/Food-Insixsigma-sa-de-cv-100079939892505\/\" \/>\n<meta property=\"article:modified_time\" content=\"2023-02-17T22:13:11+00:00\" \/>\n<meta property=\"og:image\" content=\"https:\/\/insixsigma.com.mx\/wp-content\/uploads\/2023\/02\/justoatiempo.png\" \/>\n\t<meta property=\"og:image:width\" content=\"1013\" \/>\n\t<meta property=\"og:image:height\" content=\"524\" \/>\n\t<meta property=\"og:image:type\" content=\"image\/png\" \/>\n<meta name=\"twitter:card\" content=\"summary_large_image\" \/>\n<meta name=\"twitter:label1\" content=\"Est. reading time\" \/>\n\t<meta name=\"twitter:data1\" content=\"1 minute\" \/>\n<script type=\"application\/ld+json\" class=\"yoast-schema-graph\">{\"@context\":\"https:\/\/schema.org\",\"@graph\":[{\"@type\":\"WebPage\",\"@id\":\"https:\/\/insixsigma.com.mx\/justo-a-tiempo\/\",\"url\":\"https:\/\/insixsigma.com.mx\/justo-a-tiempo\/\",\"name\":\"Justo a tiempo - Food insixsigma\",\"isPartOf\":{\"@id\":\"https:\/\/insixsigma.com.mx\/#website\"},\"primaryImageOfPage\":{\"@id\":\"https:\/\/insixsigma.com.mx\/justo-a-tiempo\/#primaryimage\"},\"image\":{\"@id\":\"https:\/\/insixsigma.com.mx\/justo-a-tiempo\/#primaryimage\"},\"thumbnailUrl\":\"https:\/\/insixsigma.com.mx\/wp-content\/uploads\/2023\/02\/justoatiempo.png\",\"datePublished\":\"2018-02-27T07:51:08+00:00\",\"dateModified\":\"2023-02-17T22:13:11+00:00\",\"description\":\"Nuestro sistema justo a tiempo tiene como objetivo entregar el producto terminado justo cuando es necesario.\",\"breadcrumb\":{\"@id\":\"https:\/\/insixsigma.com.mx\/justo-a-tiempo\/#breadcrumb\"},\"inLanguage\":\"en-US\",\"potentialAction\":[{\"@type\":\"ReadAction\",\"target\":[\"https:\/\/insixsigma.com.mx\/justo-a-tiempo\/\"]}]},{\"@type\":\"ImageObject\",\"inLanguage\":\"en-US\",\"@id\":\"https:\/\/insixsigma.com.mx\/justo-a-tiempo\/#primaryimage\",\"url\":\"https:\/\/insixsigma.com.mx\/wp-content\/uploads\/2023\/02\/justoatiempo.png\",\"contentUrl\":\"https:\/\/insixsigma.com.mx\/wp-content\/uploads\/2023\/02\/justoatiempo.png\",\"width\":1013,\"height\":524,\"caption\":\"Recibe tu produccion justo a tiempo\"},{\"@type\":\"BreadcrumbList\",\"@id\":\"https:\/\/insixsigma.com.mx\/justo-a-tiempo\/#breadcrumb\",\"itemListElement\":[{\"@type\":\"ListItem\",\"position\":1,\"name\":\"Home\",\"item\":\"https:\/\/insixsigma.com.mx\/\"},{\"@type\":\"ListItem\",\"position\":2,\"name\":\"Justo a tiempo\"}]},{\"@type\":\"WebSite\",\"@id\":\"https:\/\/insixsigma.com.mx\/#website\",\"url\":\"https:\/\/insixsigma.com.mx\/\",\"name\":\"Food insixsigma\",\"description\":\"Maquila de envasado y producci\u00f3n.\",\"publisher\":{\"@id\":\"https:\/\/insixsigma.com.mx\/#organization\"},\"potentialAction\":[{\"@type\":\"SearchAction\",\"target\":{\"@type\":\"EntryPoint\",\"urlTemplate\":\"https:\/\/insixsigma.com.mx\/?s={search_term_string}\"},\"query-input\":{\"@type\":\"PropertyValueSpecification\",\"valueRequired\":true,\"valueName\":\"search_term_string\"}}],\"inLanguage\":\"en-US\"},{\"@type\":\"Organization\",\"@id\":\"https:\/\/insixsigma.com.mx\/#organization\",\"name\":\"Food insixsigma\",\"url\":\"https:\/\/insixsigma.com.mx\/\",\"logo\":{\"@type\":\"ImageObject\",\"inLanguage\":\"en-US\",\"@id\":\"https:\/\/insixsigma.com.mx\/#\/schema\/logo\/image\/\",\"url\":\"https:\/\/insixsigma.com.mx\/wp-content\/uploads\/2022\/09\/LOGOtipo.png\",\"contentUrl\":\"https:\/\/insixsigma.com.mx\/wp-content\/uploads\/2022\/09\/LOGOtipo.png\",\"width\":150,\"height\":100,\"caption\":\"Food insixsigma\"},\"image\":{\"@id\":\"https:\/\/insixsigma.com.mx\/#\/schema\/logo\/image\/\"},\"sameAs\":[\"https:\/\/www.facebook.com\/p\/Food-Insixsigma-sa-de-cv-100079939892505\/\"]}]}<\/script>\n<!-- \/ Yoast SEO plugin. -->","yoast_head_json":{"title":"Justo a tiempo - Food insixsigma","description":"Nuestro sistema justo a tiempo tiene como objetivo entregar el producto terminado justo cuando es necesario.","robots":{"index":"index","follow":"follow","max-snippet":"max-snippet:-1","max-image-preview":"max-image-preview:large","max-video-preview":"max-video-preview:-1"},"canonical":"https:\/\/insixsigma.com.mx\/en\/justo-a-tiempo\/","og_locale":"en_US","og_type":"article","og_title":"Justo a tiempo - Food insixsigma","og_description":"Nuestro sistema justo a tiempo tiene como objetivo entregar el producto terminado justo cuando es necesario.","og_url":"https:\/\/insixsigma.com.mx\/en\/justo-a-tiempo\/","og_site_name":"Food insixsigma","article_publisher":"https:\/\/www.facebook.com\/p\/Food-Insixsigma-sa-de-cv-100079939892505\/","article_modified_time":"2023-02-17T22:13:11+00:00","og_image":[{"width":1013,"height":524,"url":"https:\/\/insixsigma.com.mx\/wp-content\/uploads\/2023\/02\/justoatiempo.png","type":"image\/png"}],"twitter_card":"summary_large_image","twitter_misc":{"Est. reading time":"1 minute"},"schema":{"@context":"https:\/\/schema.org","@graph":[{"@type":"WebPage","@id":"https:\/\/insixsigma.com.mx\/justo-a-tiempo\/","url":"https:\/\/insixsigma.com.mx\/justo-a-tiempo\/","name":"Justo a tiempo - Food insixsigma","isPartOf":{"@id":"https:\/\/insixsigma.com.mx\/#website"},"primaryImageOfPage":{"@id":"https:\/\/insixsigma.com.mx\/justo-a-tiempo\/#primaryimage"},"image":{"@id":"https:\/\/insixsigma.com.mx\/justo-a-tiempo\/#primaryimage"},"thumbnailUrl":"https:\/\/insixsigma.com.mx\/wp-content\/uploads\/2023\/02\/justoatiempo.png","datePublished":"2018-02-27T07:51:08+00:00","dateModified":"2023-02-17T22:13:11+00:00","description":"Nuestro sistema justo a tiempo tiene como objetivo entregar el producto terminado justo cuando es necesario.","breadcrumb":{"@id":"https:\/\/insixsigma.com.mx\/justo-a-tiempo\/#breadcrumb"},"inLanguage":"en-US","potentialAction":[{"@type":"ReadAction","target":["https:\/\/insixsigma.com.mx\/justo-a-tiempo\/"]}]},{"@type":"ImageObject","inLanguage":"en-US","@id":"https:\/\/insixsigma.com.mx\/justo-a-tiempo\/#primaryimage","url":"https:\/\/insixsigma.com.mx\/wp-content\/uploads\/2023\/02\/justoatiempo.png","contentUrl":"https:\/\/insixsigma.com.mx\/wp-content\/uploads\/2023\/02\/justoatiempo.png","width":1013,"height":524,"caption":"Recibe tu produccion justo a tiempo"},{"@type":"BreadcrumbList","@id":"https:\/\/insixsigma.com.mx\/justo-a-tiempo\/#breadcrumb","itemListElement":[{"@type":"ListItem","position":1,"name":"Home","item":"https:\/\/insixsigma.com.mx\/"},{"@type":"ListItem","position":2,"name":"Justo a tiempo"}]},{"@type":"WebSite","@id":"https:\/\/insixsigma.com.mx\/#website","url":"https:\/\/insixsigma.com.mx\/","name":"Food insixsigma","description":"Maquila de envasado y producci\u00f3n.","publisher":{"@id":"https:\/\/insixsigma.com.mx\/#organization"},"potentialAction":[{"@type":"SearchAction","target":{"@type":"EntryPoint","urlTemplate":"https:\/\/insixsigma.com.mx\/?s={search_term_string}"},"query-input":{"@type":"PropertyValueSpecification","valueRequired":true,"valueName":"search_term_string"}}],"inLanguage":"en-US"},{"@type":"Organization","@id":"https:\/\/insixsigma.com.mx\/#organization","name":"Food insixsigma","url":"https:\/\/insixsigma.com.mx\/","logo":{"@type":"ImageObject","inLanguage":"en-US","@id":"https:\/\/insixsigma.com.mx\/#\/schema\/logo\/image\/","url":"https:\/\/insixsigma.com.mx\/wp-content\/uploads\/2022\/09\/LOGOtipo.png","contentUrl":"https:\/\/insixsigma.com.mx\/wp-content\/uploads\/2022\/09\/LOGOtipo.png","width":150,"height":100,"caption":"Food insixsigma"},"image":{"@id":"https:\/\/insixsigma.com.mx\/#\/schema\/logo\/image\/"},"sameAs":["https:\/\/www.facebook.com\/p\/Food-Insixsigma-sa-de-cv-100079939892505\/"]}]}},"_links":{"self":[{"href":"https:\/\/insixsigma.com.mx\/en\/wp-json\/wp\/v2\/pages\/126","targetHints":{"allow":["GET"]}}],"collection":[{"href":"https:\/\/insixsigma.com.mx\/en\/wp-json\/wp\/v2\/pages"}],"about":[{"href":"https:\/\/insixsigma.com.mx\/en\/wp-json\/wp\/v2\/types\/page"}],"author":[{"embeddable":true,"href":"https:\/\/insixsigma.com.mx\/en\/wp-json\/wp\/v2\/users\/1"}],"replies":[{"embeddable":true,"href":"https:\/\/insixsigma.com.mx\/en\/wp-json\/wp\/v2\/comments?post=126"}],"version-history":[{"count":1,"href":"https:\/\/insixsigma.com.mx\/en\/wp-json\/wp\/v2\/pages\/126\/revisions"}],"predecessor-version":[{"id":1227,"href":"https:\/\/insixsigma.com.mx\/en\/wp-json\/wp\/v2\/pages\/126\/revisions\/1227"}],"wp:featuredmedia":[{"embeddable":true,"href":"https:\/\/insixsigma.com.mx\/en\/wp-json\/wp\/v2\/media\/1226"}],"wp:attachment":[{"href":"https:\/\/insixsigma.com.mx\/en\/wp-json\/wp\/v2\/media?parent=126"}],"curies":[{"name":"wp","href":"https:\/\/api.w.org\/{rel}","templated":true}]}}