{"id":1229,"date":"2023-02-17T16:30:20","date_gmt":"2023-02-17T22:30:20","guid":{"rendered":"https:\/\/insixsigma.com.mx\/?page_id=1229"},"modified":"2023-02-27T13:41:54","modified_gmt":"2023-02-27T19:41:54","slug":"mejora-calidad","status":"publish","type":"page","link":"https:\/\/insixsigma.com.mx\/en\/mejora-calidad\/","title":{"rendered":"Improve the quality of your products"},"content":{"rendered":"<p>Nuestro sistema de mejora continua en nuestros sistemas de calidad nos ha permitido certificarnos bajo los est\u00e1ndares <strong>BRCGS<\/strong> y operamos bajo la<strong> Norma ISO 22000<\/strong> que permiten mejorar la calidad de tus productos y garantizar la seguridad alimentaria. Estas certificaciones nos han permitido registrarnos ante<strong> FDA<\/strong>(U.S. Food and Drug administration) para exportar los productos de nuestros clientes y nuestros ciclos de calidad son auditados por <strong>SMETA<\/strong>.<\/p>\n\n\n\n<p>Nuestra mejora continua de calidad en procesos de producci\u00f3n es un proceso constante y proactivo que busca mejorar en la seguridad alimentaria, la satisfacci\u00f3n del cliente, una reducci\u00f3n en el riesgo de enfermedades transmitidas por los alimentos y un mayor cumplimiento normativo.<\/p>\n\n\n\n<h2 id=\"wp-block-themeisle-blocks-advanced-heading-6f680bbb\" class=\"wp-block-themeisle-blocks-advanced-heading wp-block-themeisle-blocks-advanced-heading-6f680bbb\">Certificaci\u00f3n BRCGs<\/h2>\n\n\n\n<p>Esta certificaci\u00f3n se centra en la seguridad alimentaria y los est\u00e1ndares de calidad en la cadena de suministro de alimentos. La certificaci\u00f3n BRCGS puede ayudar a mejorar la calidad de los productos al establecer procedimientos estandarizados y asegurar que se cumplan los requisitos legales y reglamentarios. Adem\u00e1s, la certificaci\u00f3n BRCGS puede mejorar la imagen de la empresa al demostrar su compromiso con la seguridad alimentaria y la calidad. Esta certificaci\u00f3n cumple con normativas alimentarias europeas que son las m\u00e1s exigentes a nivel mundial. Esta norma permite la entrada de tu producto a casi cualquier mercado del mundo.<\/p>\n\n\n\n<h2 id=\"wp-block-themeisle-blocks-advanced-heading-8c5ab09b\" class=\"wp-block-themeisle-blocks-advanced-heading wp-block-themeisle-blocks-advanced-heading-8c5ab09b\">Norma ISO 22000<\/h2>\n\n\n\n<div class=\"wp-block-columns is-layout-flex wp-container-core-columns-is-layout-1 wp-block-columns-is-layout-flex\">\n<div class=\"wp-block-column is-layout-flow wp-block-column-is-layout-flow\">\n<figure class=\"wp-block-image size-full\"><img loading=\"lazy\" decoding=\"async\" width=\"369\" height=\"369\" src=\"https:\/\/insixsigma.com.mx\/wp-content\/uploads\/2023\/02\/sgsISO.png\" alt=\"Empresa maquiladora de alimentos Norma ISO 22000\" class=\"wp-image-1268\" srcset=\"https:\/\/insixsigma.com.mx\/wp-content\/uploads\/2023\/02\/sgsISO.png 369w, https:\/\/insixsigma.com.mx\/wp-content\/uploads\/2023\/02\/sgsISO-300x300.png 300w, https:\/\/insixsigma.com.mx\/wp-content\/uploads\/2023\/02\/sgsISO-150x150.png 150w\" sizes=\"auto, (max-width: 369px) 100vw, 369px\" \/><\/figure>\n<\/div>\n\n\n\n<div class=\"wp-block-column is-layout-flow wp-block-column-is-layout-flow\">\n<p>La Norma ISO 22000 est\u00e1 dise\u00f1ada para ayudar a las organizaciones a establecer, implementar, mantener y mejorar continuamente su sistema de gesti\u00f3n de seguridad alimentaria. Incorpora los principios del An\u00e1lisis de Peligros y Puntos Cr\u00edticos de Control (HACCP) y est\u00e1 alineada con otras normas de sistemas de gesti\u00f3n de ISO como ISO 9001 para gesti\u00f3n de calidad e ISO 14001 para gesti\u00f3n ambiental.<\/p>\n<\/div>\n<\/div>\n\n\n\n<p><\/p>\n\n\n\n<h2 id=\"wp-block-themeisle-blocks-advanced-heading-d445e463\" class=\"wp-block-themeisle-blocks-advanced-heading wp-block-themeisle-blocks-advanced-heading-d445e463\">Registro FDA<\/h2>\n\n\n\n<p>El registro FDA es un requisito legal para todas las empresas que producen, procesan, envasan o almacenan alimentos, medicamentos, productos m\u00e9dicos y productos cosm\u00e9ticos que se consumen en los Estados Unidos. El registro es importante para garantizar la seguridad y eficacia de los productos que se venden en los Estados Unidos.<br>Este sistema permite a la Administraci\u00f3n de Alimentos y Medicamentos (FDA, por sus siglas en ingl\u00e9s) mantener un registro actualizado de las empresas que proveen de estos productos a los Estados Unidos. Este registro incluye informaci\u00f3n como el nombre y la direcci\u00f3n de la empresa, el tipo de producto que produce y las instalaciones de producci\u00f3n. La FDA utiliza esta informaci\u00f3n para monitorear y regular la seguridad de los productos que se venden en los Estados Unidos. Adem\u00e1s, el registro FDA es una herramienta importante para ayudar a la agencia a rastrear y responder r\u00e1pidamente a cualquier problema de seguridad o retirada de productos.<\/p>\n\n\n\n<h2 id=\"wp-block-themeisle-blocks-advanced-heading-0e16b183\" class=\"wp-block-themeisle-blocks-advanced-heading wp-block-themeisle-blocks-advanced-heading-0e16b183\">Auditorias SMETA<\/h2>\n\n\n\n<p>Las auditor\u00edas SMETA son una herramienta de evaluaci\u00f3n de pr\u00e1cticas laborales y \u00e9ticas en la cadena de suministro de una empresa. Esta herramienta de auditor\u00eda fue desarrollada por la Iniciativa de Comercio \u00c9tico (ETI, por sus siglas en ingl\u00e9s) y es ampliamente utilizada por empresas para evaluar a sus proveedores en cuanto a pr\u00e1cticas laborales, \u00e9tica empresarial, salud y seguridad en el trabajo, y medio ambiente.<br>Las auditor\u00edas SMETA se centran en cuatro \u00e1reas principales: \u00e9tica empresarial, derechos laborales, salud y seguridad en el trabajo, y medio ambiente. Los resultados de estas auditor\u00edas son utilizados por las empresas para tomar decisiones informadas sobre sus proveedores, identificar \u00e1reas de mejora y asegurar que sus proveedores cumplen con las normas y est\u00e1ndares \u00e9ticos requeridos.<\/p>\n\n\n\n<div class=\"wp-block-buttons is-layout-flex wp-block-buttons-is-layout-flex\">\n<div class=\"wp-block-button has-custom-width wp-block-button__width-100\"><a class=\"wp-block-button__link has-white-color has-vivid-cyan-blue-background-color has-text-color has-background wp-element-button\" href=\"https:\/\/insixsigma.com.mx\/en\/cotiza-maquila-alimentos\/\" target=\"_blank\" rel=\"noreferrer noopener\">Quote your product<\/a><\/div>\n<\/div>","protected":false},"excerpt":{"rendered":"<p>Nuestro sistema de mejora continua en nuestros sistemas de calidad nos ha permitido certificarnos bajo los est\u00e1ndares BRCGS y operamos bajo la Norma ISO 22000&hellip;<\/p>","protected":false},"author":1,"featured_media":1266,"parent":0,"menu_order":0,"comment_status":"closed","ping_status":"closed","template":"","meta":{"_themeisle_gutenberg_block_has_review":false,"_joinchat":[],"footnotes":""},"class_list":["post-1229","page","type-page","status-publish","has-post-thumbnail","hentry"],"yoast_head":"<!-- This site is optimized with the Yoast SEO plugin v26.8 - https:\/\/yoast.com\/product\/yoast-seo-wordpress\/ -->\n<title>Mejora la calidad de tus productos - Food insixsigma<\/title>\n<meta name=\"description\" content=\"Contamos con certificaciones BRCGS y FDA que buscan mejorar la calidad de tus productos para que puedan llegar a los mercados m\u00e1s estrictos.\" \/>\n<meta name=\"robots\" content=\"index, follow, max-snippet:-1, max-image-preview:large, max-video-preview:-1\" \/>\n<link rel=\"canonical\" href=\"https:\/\/insixsigma.com.mx\/en\/mejora-calidad\/\" \/>\n<meta property=\"og:locale\" content=\"en_US\" \/>\n<meta property=\"og:type\" content=\"article\" \/>\n<meta property=\"og:title\" content=\"Mejora la calidad de tus productos - Food insixsigma\" \/>\n<meta property=\"og:description\" content=\"Contamos con certificaciones BRCGS y FDA que buscan mejorar la calidad de tus productos para que puedan llegar a los mercados m\u00e1s estrictos.\" \/>\n<meta property=\"og:url\" content=\"https:\/\/insixsigma.com.mx\/en\/mejora-calidad\/\" \/>\n<meta property=\"og:site_name\" content=\"Food insixsigma\" \/>\n<meta property=\"article:publisher\" content=\"https:\/\/www.facebook.com\/p\/Food-Insixsigma-sa-de-cv-100079939892505\/\" \/>\n<meta property=\"article:modified_time\" content=\"2023-02-27T19:41:54+00:00\" \/>\n<meta property=\"og:image\" content=\"https:\/\/insixsigma.com.mx\/wp-content\/uploads\/2023\/02\/Certificalidad.png\" \/>\n\t<meta property=\"og:image:width\" content=\"925\" \/>\n\t<meta property=\"og:image:height\" content=\"345\" \/>\n\t<meta property=\"og:image:type\" content=\"image\/png\" \/>\n<meta name=\"twitter:card\" content=\"summary_large_image\" \/>\n<meta name=\"twitter:label1\" content=\"Est. reading time\" \/>\n\t<meta name=\"twitter:data1\" content=\"3 minutes\" \/>\n<script type=\"application\/ld+json\" class=\"yoast-schema-graph\">{\"@context\":\"https:\/\/schema.org\",\"@graph\":[{\"@type\":\"WebPage\",\"@id\":\"https:\/\/insixsigma.com.mx\/mejora-calidad\/\",\"url\":\"https:\/\/insixsigma.com.mx\/mejora-calidad\/\",\"name\":\"Mejora la calidad de tus productos - Food insixsigma\",\"isPartOf\":{\"@id\":\"https:\/\/insixsigma.com.mx\/#website\"},\"primaryImageOfPage\":{\"@id\":\"https:\/\/insixsigma.com.mx\/mejora-calidad\/#primaryimage\"},\"image\":{\"@id\":\"https:\/\/insixsigma.com.mx\/mejora-calidad\/#primaryimage\"},\"thumbnailUrl\":\"https:\/\/insixsigma.com.mx\/wp-content\/uploads\/2023\/02\/Certificalidad.png\",\"datePublished\":\"2023-02-17T22:30:20+00:00\",\"dateModified\":\"2023-02-27T19:41:54+00:00\",\"description\":\"Contamos con certificaciones BRCGS y FDA que buscan mejorar la calidad de tus productos para que puedan llegar a los mercados m\u00e1s estrictos.\",\"breadcrumb\":{\"@id\":\"https:\/\/insixsigma.com.mx\/mejora-calidad\/#breadcrumb\"},\"inLanguage\":\"en-US\",\"potentialAction\":[{\"@type\":\"ReadAction\",\"target\":[\"https:\/\/insixsigma.com.mx\/mejora-calidad\/\"]}]},{\"@type\":\"ImageObject\",\"inLanguage\":\"en-US\",\"@id\":\"https:\/\/insixsigma.com.mx\/mejora-calidad\/#primaryimage\",\"url\":\"https:\/\/insixsigma.com.mx\/wp-content\/uploads\/2023\/02\/Certificalidad.png\",\"contentUrl\":\"https:\/\/insixsigma.com.mx\/wp-content\/uploads\/2023\/02\/Certificalidad.png\",\"width\":925,\"height\":345,\"caption\":\"Empresa maquiladora de procesado y envasado de alimentos registrada ante la FDA, certificada BRC y auditada por SMETA\"},{\"@type\":\"BreadcrumbList\",\"@id\":\"https:\/\/insixsigma.com.mx\/mejora-calidad\/#breadcrumb\",\"itemListElement\":[{\"@type\":\"ListItem\",\"position\":1,\"name\":\"Home\",\"item\":\"https:\/\/insixsigma.com.mx\/\"},{\"@type\":\"ListItem\",\"position\":2,\"name\":\"Mejora la calidad de tus productos\"}]},{\"@type\":\"WebSite\",\"@id\":\"https:\/\/insixsigma.com.mx\/#website\",\"url\":\"https:\/\/insixsigma.com.mx\/\",\"name\":\"Food insixsigma\",\"description\":\"Maquila de envasado y producci\u00f3n.\",\"publisher\":{\"@id\":\"https:\/\/insixsigma.com.mx\/#organization\"},\"potentialAction\":[{\"@type\":\"SearchAction\",\"target\":{\"@type\":\"EntryPoint\",\"urlTemplate\":\"https:\/\/insixsigma.com.mx\/?s={search_term_string}\"},\"query-input\":{\"@type\":\"PropertyValueSpecification\",\"valueRequired\":true,\"valueName\":\"search_term_string\"}}],\"inLanguage\":\"en-US\"},{\"@type\":\"Organization\",\"@id\":\"https:\/\/insixsigma.com.mx\/#organization\",\"name\":\"Food insixsigma\",\"url\":\"https:\/\/insixsigma.com.mx\/\",\"logo\":{\"@type\":\"ImageObject\",\"inLanguage\":\"en-US\",\"@id\":\"https:\/\/insixsigma.com.mx\/#\/schema\/logo\/image\/\",\"url\":\"https:\/\/insixsigma.com.mx\/wp-content\/uploads\/2022\/09\/LOGOtipo.png\",\"contentUrl\":\"https:\/\/insixsigma.com.mx\/wp-content\/uploads\/2022\/09\/LOGOtipo.png\",\"width\":150,\"height\":100,\"caption\":\"Food insixsigma\"},\"image\":{\"@id\":\"https:\/\/insixsigma.com.mx\/#\/schema\/logo\/image\/\"},\"sameAs\":[\"https:\/\/www.facebook.com\/p\/Food-Insixsigma-sa-de-cv-100079939892505\/\"]}]}<\/script>\n<!-- \/ Yoast SEO plugin. -->","yoast_head_json":{"title":"Mejora la calidad de tus productos - Food insixsigma","description":"Contamos con certificaciones BRCGS y FDA que buscan mejorar la calidad de tus productos para que puedan llegar a los mercados m\u00e1s estrictos.","robots":{"index":"index","follow":"follow","max-snippet":"max-snippet:-1","max-image-preview":"max-image-preview:large","max-video-preview":"max-video-preview:-1"},"canonical":"https:\/\/insixsigma.com.mx\/en\/mejora-calidad\/","og_locale":"en_US","og_type":"article","og_title":"Mejora la calidad de tus productos - Food insixsigma","og_description":"Contamos con certificaciones BRCGS y FDA que buscan mejorar la calidad de tus productos para que puedan llegar a los mercados m\u00e1s estrictos.","og_url":"https:\/\/insixsigma.com.mx\/en\/mejora-calidad\/","og_site_name":"Food insixsigma","article_publisher":"https:\/\/www.facebook.com\/p\/Food-Insixsigma-sa-de-cv-100079939892505\/","article_modified_time":"2023-02-27T19:41:54+00:00","og_image":[{"width":925,"height":345,"url":"https:\/\/insixsigma.com.mx\/wp-content\/uploads\/2023\/02\/Certificalidad.png","type":"image\/png"}],"twitter_card":"summary_large_image","twitter_misc":{"Est. reading time":"3 minutes"},"schema":{"@context":"https:\/\/schema.org","@graph":[{"@type":"WebPage","@id":"https:\/\/insixsigma.com.mx\/mejora-calidad\/","url":"https:\/\/insixsigma.com.mx\/mejora-calidad\/","name":"Mejora la calidad de tus productos - Food insixsigma","isPartOf":{"@id":"https:\/\/insixsigma.com.mx\/#website"},"primaryImageOfPage":{"@id":"https:\/\/insixsigma.com.mx\/mejora-calidad\/#primaryimage"},"image":{"@id":"https:\/\/insixsigma.com.mx\/mejora-calidad\/#primaryimage"},"thumbnailUrl":"https:\/\/insixsigma.com.mx\/wp-content\/uploads\/2023\/02\/Certificalidad.png","datePublished":"2023-02-17T22:30:20+00:00","dateModified":"2023-02-27T19:41:54+00:00","description":"Contamos con certificaciones BRCGS y FDA que buscan mejorar la calidad de tus productos para que puedan llegar a los mercados m\u00e1s estrictos.","breadcrumb":{"@id":"https:\/\/insixsigma.com.mx\/mejora-calidad\/#breadcrumb"},"inLanguage":"en-US","potentialAction":[{"@type":"ReadAction","target":["https:\/\/insixsigma.com.mx\/mejora-calidad\/"]}]},{"@type":"ImageObject","inLanguage":"en-US","@id":"https:\/\/insixsigma.com.mx\/mejora-calidad\/#primaryimage","url":"https:\/\/insixsigma.com.mx\/wp-content\/uploads\/2023\/02\/Certificalidad.png","contentUrl":"https:\/\/insixsigma.com.mx\/wp-content\/uploads\/2023\/02\/Certificalidad.png","width":925,"height":345,"caption":"Empresa maquiladora de procesado y envasado de alimentos registrada ante la FDA, certificada BRC y auditada por SMETA"},{"@type":"BreadcrumbList","@id":"https:\/\/insixsigma.com.mx\/mejora-calidad\/#breadcrumb","itemListElement":[{"@type":"ListItem","position":1,"name":"Home","item":"https:\/\/insixsigma.com.mx\/"},{"@type":"ListItem","position":2,"name":"Mejora la calidad de tus productos"}]},{"@type":"WebSite","@id":"https:\/\/insixsigma.com.mx\/#website","url":"https:\/\/insixsigma.com.mx\/","name":"Food insixsigma","description":"Maquila de envasado y producci\u00f3n.","publisher":{"@id":"https:\/\/insixsigma.com.mx\/#organization"},"potentialAction":[{"@type":"SearchAction","target":{"@type":"EntryPoint","urlTemplate":"https:\/\/insixsigma.com.mx\/?s={search_term_string}"},"query-input":{"@type":"PropertyValueSpecification","valueRequired":true,"valueName":"search_term_string"}}],"inLanguage":"en-US"},{"@type":"Organization","@id":"https:\/\/insixsigma.com.mx\/#organization","name":"Food insixsigma","url":"https:\/\/insixsigma.com.mx\/","logo":{"@type":"ImageObject","inLanguage":"en-US","@id":"https:\/\/insixsigma.com.mx\/#\/schema\/logo\/image\/","url":"https:\/\/insixsigma.com.mx\/wp-content\/uploads\/2022\/09\/LOGOtipo.png","contentUrl":"https:\/\/insixsigma.com.mx\/wp-content\/uploads\/2022\/09\/LOGOtipo.png","width":150,"height":100,"caption":"Food insixsigma"},"image":{"@id":"https:\/\/insixsigma.com.mx\/#\/schema\/logo\/image\/"},"sameAs":["https:\/\/www.facebook.com\/p\/Food-Insixsigma-sa-de-cv-100079939892505\/"]}]}},"_links":{"self":[{"href":"https:\/\/insixsigma.com.mx\/en\/wp-json\/wp\/v2\/pages\/1229","targetHints":{"allow":["GET"]}}],"collection":[{"href":"https:\/\/insixsigma.com.mx\/en\/wp-json\/wp\/v2\/pages"}],"about":[{"href":"https:\/\/insixsigma.com.mx\/en\/wp-json\/wp\/v2\/types\/page"}],"author":[{"embeddable":true,"href":"https:\/\/insixsigma.com.mx\/en\/wp-json\/wp\/v2\/users\/1"}],"replies":[{"embeddable":true,"href":"https:\/\/insixsigma.com.mx\/en\/wp-json\/wp\/v2\/comments?post=1229"}],"version-history":[{"count":7,"href":"https:\/\/insixsigma.com.mx\/en\/wp-json\/wp\/v2\/pages\/1229\/revisions"}],"predecessor-version":[{"id":1281,"href":"https:\/\/insixsigma.com.mx\/en\/wp-json\/wp\/v2\/pages\/1229\/revisions\/1281"}],"wp:featuredmedia":[{"embeddable":true,"href":"https:\/\/insixsigma.com.mx\/en\/wp-json\/wp\/v2\/media\/1266"}],"wp:attachment":[{"href":"https:\/\/insixsigma.com.mx\/en\/wp-json\/wp\/v2\/media?parent=1229"}],"curies":[{"name":"wp","href":"https:\/\/api.w.org\/{rel}","templated":true}]}}