{"id":1049,"date":"2023-01-12T12:45:48","date_gmt":"2023-01-12T18:45:48","guid":{"rendered":"https:\/\/insixsigma.com.mx\/?page_id=1049"},"modified":"2023-02-03T10:58:05","modified_gmt":"2023-02-03T16:58:05","slug":"sobre-4-sellos","status":"publish","type":"page","link":"https:\/\/insixsigma.com.mx\/en\/envasamos-tus-productos\/sobre-4-sellos\/","title":{"rendered":"4 seal sachet"},"content":{"rendered":"<p>El <strong>sobre de cuatro sellos<\/strong> de <strong><mark style=\"background-color:rgba(0, 0, 0, 0)\" class=\"has-inline-color has-vivid-cyan-blue-color\">Food Insixsigma<\/mark><\/strong> es un sobre cuadrado o rectangular impreso o no impreso termosellable de cuatro fuelles planos. Las medidas que se pueden manejar en <strong>4 seals bag<\/strong> son:<\/p>\n\n\n\n<div class=\"wp-block-columns is-layout-flex wp-container-core-columns-is-layout-1 wp-block-columns-is-layout-flex\">\n<div class=\"wp-block-column is-layout-flow wp-block-column-is-layout-flow\">\n<blockquote class=\"wp-block-quote is-layout-flow wp-block-quote-is-layout-flow\" style=\"font-style:normal;font-weight:600\">\n<p>M\u00ednimas:<\/p>\n\n\n\n<p>Ancho: 5cm<br>Alto: 4.5cm<br>Gramos: 30<br>Mililitros: 5<\/p>\n<\/blockquote>\n<\/div>\n\n\n\n<div class=\"wp-block-column is-layout-flow wp-block-column-is-layout-flow\">\n<blockquote class=\"wp-block-quote is-layout-flow wp-block-quote-is-layout-flow\" style=\"font-style:normal;font-weight:600\">\n<p>M\u00e1ximas:<\/p>\n\n\n\n<p>Ancho: 30cm<br>Alto: 28cm<br>Kilogramo: 1<br>Litro: 1<\/p>\n<\/blockquote>\n<\/div>\n<\/div>\n\n\n\n<p><strong>Los sobres y bolsas de 4 sellos<\/strong> son un envase flexible para todo tipo de productos por la oferta de maquinaria que hay para estos envases. Se ha desarrollado la tecnolog\u00eda necesaria para la producci\u00f3n a cantidades industriales de cualquier producto en este envase.<\/p>\n\n\n\n<h2 id=\"wp-block-themeisle-blocks-advanced-heading-e9e9b7a4\" class=\"wp-block-themeisle-blocks-advanced-heading wp-block-themeisle-blocks-advanced-heading-e9e9b7a4\">Envase seguro<\/h2>\n\n\n\n<p>El material de envase que se utiliza para realizar las <strong>bolsas de 4 sellos<\/strong> es un material resistente a las condiciones de almacenamiento y venta d\u00f3nde el producto puede ser contaminado o da\u00f1ado. <\/p>\n\n\n\n<p>Los sellos de este envase implican una barrera ante las condiciones de descomposici\u00f3n del producto, pero tambi\u00e9n la hermeticidad de los sellos de este envase aseguran al consumidor la autenticidad <\/p>\n\n\n\n<h3 id=\"wp-block-themeisle-blocks-advanced-heading-c80960d4\" class=\"wp-block-themeisle-blocks-advanced-heading wp-block-themeisle-blocks-advanced-heading-c80960d4\"><strong>Ventajas competitivas de la bolsa de 4 sellos<\/strong><\/h3>\n\n\n\n<blockquote class=\"wp-block-quote is-layout-flow wp-block-quote-is-layout-flow\">\n<p>1. Material de empaque<br>2. Multifuncionalidad<br>3. Econom\u00eda de espacio y peso<br>4. Personalizaci\u00f3n<\/p>\n<\/blockquote>\n\n\n\n<h4 id=\"wp-block-themeisle-blocks-advanced-heading-511202af\" class=\"wp-block-themeisle-blocks-advanced-heading wp-block-themeisle-blocks-advanced-heading-511202af\"><strong>1. Costo de material de empaque<\/strong><\/h4>\n\n\n\n<div class=\"wp-block-columns is-layout-flex wp-container-core-columns-is-layout-2 wp-block-columns-is-layout-flex\">\n<div class=\"wp-block-column is-layout-flow wp-block-column-is-layout-flow\">\n<figure class=\"wp-block-image size-full\"><img loading=\"lazy\" decoding=\"async\" width=\"509\" height=\"318\" src=\"https:\/\/insixsigma.com.mx\/wp-content\/uploads\/2022\/10\/flexografia.jpg\" alt=\"\" class=\"wp-image-897\" srcset=\"https:\/\/insixsigma.com.mx\/wp-content\/uploads\/2022\/10\/flexografia.jpg 509w, https:\/\/insixsigma.com.mx\/wp-content\/uploads\/2022\/10\/flexografia-300x187.jpg 300w\" sizes=\"auto, (max-width: 509px) 100vw, 509px\" \/><\/figure>\n\n\n\n<p>Tambi\u00e9n este material presenta caracter\u00edsticas que lo hacen <strong>resistente a sustancias qu\u00edmicas y agentes f\u00edsicos<\/strong>. El <strong>material de envase es resistente<\/strong> a perforaciones, grietas por flexi\u00f3n, un amplio rango de temperaturas y golpes. Este material <strong>agrega 6 meses de vida \u00fatil<\/strong> a productos alimenticios y si se combina con otros materiales aumenta exponencialmente la vida de los productos. Adem\u00e1s de ser un <strong>material resistente a microondas, pasteurizaci\u00f3n, envasado al vac\u00edo<\/strong> y otros procesos de cocinado y seguridad alimentaria.<\/p>\n\n\n\n<h4 id=\"wp-block-themeisle-blocks-advanced-heading-3823049d\" class=\"wp-block-themeisle-blocks-advanced-heading wp-block-themeisle-blocks-advanced-heading-3823049d\"><strong>3. Econom\u00eda de espacio<\/strong> <strong>y peso<\/strong><\/h4>\n\n\n\n<p>El <strong>sobre de 4 sellos <\/strong>al ser resistente a tantos eventos que se dan durante el almacenaje y la transportaci\u00f3n es un envase \u00f3ptimo para el proceso productivo de alimentos adem\u00e1s de ahorrar hasta un 20% de espacio en comparaci\u00f3n a otros envases, ya que al ser deformable y resistente al mismo tiempo, permite un empaquetado m\u00e1s eficiente en cajas o display. En el punto de venta permite ahorrar espacio con tiras de impulso o display.<\/p>\n<\/div>\n\n\n\n<div class=\"wp-block-column is-layout-flow wp-block-column-is-layout-flow\">\n<p>La <strong>bolsa de 4 sellos<\/strong> usualmente se fabrica a partir de una bobina de BOPP(polipropileno biorientado) que es un <strong>material  un 80 % m\u00e1s econ\u00f3mico<\/strong> en comparaci\u00f3n a otros materiales de envase. Pero mantiene las propiedades de otros materiales c\u00f3mo la <strong>seguridad alimentaria<\/strong> gracias a la barrera resistente al oxigeno y a la humedad adem\u00e1s de protecci\u00f3n contra rayos violeta seg\u00fan la estructura de bobina que se formule.<\/p>\n\n\n\n<figure class=\"wp-block-image size-full\"><img loading=\"lazy\" decoding=\"async\" width=\"831\" height=\"464\" src=\"https:\/\/insixsigma.com.mx\/wp-content\/uploads\/2023\/01\/Sobre4Sellos.png\" alt=\"\" class=\"wp-image-1060\" srcset=\"https:\/\/insixsigma.com.mx\/wp-content\/uploads\/2023\/01\/Sobre4Sellos.png 831w, https:\/\/insixsigma.com.mx\/wp-content\/uploads\/2023\/01\/Sobre4Sellos-300x168.png 300w, https:\/\/insixsigma.com.mx\/wp-content\/uploads\/2023\/01\/Sobre4Sellos-768x429.png 768w, https:\/\/insixsigma.com.mx\/wp-content\/uploads\/2023\/01\/Sobre4Sellos-600x335.png 600w\" sizes=\"auto, (max-width: 831px) 100vw, 831px\" \/><\/figure>\n\n\n\n<h4 id=\"wp-block-themeisle-blocks-advanced-heading-2e67ce3e\" class=\"wp-block-themeisle-blocks-advanced-heading wp-block-themeisle-blocks-advanced-heading-2e67ce3e\"><strong>2.<\/strong> <strong>Multifuncionalidad<\/strong><\/h4>\n\n\n\n<p>En<strong><mark style=\"background-color:rgba(0, 0, 0, 0)\" class=\"has-inline-color has-vivid-cyan-blue-color\"> Food Insixsigma<\/mark><\/strong> contamos con la capacidad productiva para <strong>procesar y envasar productos alimenticios en polvo, l\u00edquido, s\u00f3lido y granulado en Sachet.<\/strong> Existe una inmensidad de productos que ya se envasan en este envase como catsup, jarabe de chocolate, gelatina, sustituto para crema, caf\u00e9 y muchos otros. <strong><mark style=\"background-color:rgba(0, 0, 0, 0)\" class=\"has-inline-color has-vivid-cyan-blue-color\">Food insixsigma<\/mark><\/strong> ofrece la posibilidad de envasar casi cualquier producto en <strong>sachet<\/strong>.<\/p>\n\n\n\n<figure class=\"wp-block-image size-full\"><img loading=\"lazy\" decoding=\"async\" width=\"509\" height=\"202\" src=\"https:\/\/insixsigma.com.mx\/wp-content\/uploads\/2023\/01\/4sellosgrnade.png\" alt=\"\" class=\"wp-image-1061\" srcset=\"https:\/\/insixsigma.com.mx\/wp-content\/uploads\/2023\/01\/4sellosgrnade.png 509w, https:\/\/insixsigma.com.mx\/wp-content\/uploads\/2023\/01\/4sellosgrnade-300x119.png 300w\" sizes=\"auto, (max-width: 509px) 100vw, 509px\" \/><\/figure>\n<\/div>\n<\/div>\n\n\n\n<h4 id=\"wp-block-themeisle-blocks-advanced-heading-d227639e\" class=\"wp-block-themeisle-blocks-advanced-heading wp-block-themeisle-blocks-advanced-heading-d227639e\"><strong>4. Personalizaci\u00f3n<\/strong><\/h4>\n\n\n\n<p>Con <strong><mark style=\"background-color:rgba(0, 0, 0, 0)\" class=\"has-inline-color has-vivid-cyan-blue-color\">Food Insixsigma<\/mark><\/strong> puedes dise\u00f1ar cualquier tipo de envase, la ventaja que nos ofrecen el <strong>sobre de 4 sellos<\/strong> de tener un empaque totalmente personalizable y dise\u00f1able al 100% es una gran oportunidad de ganar mercado por el dise\u00f1o de nuestros empaques y con la creatividad agregando tiras de impulso o displays podemos impactar al consumidor de diversas maneras.<\/p>\n\n\n\n<div class=\"wp-block-buttons is-layout-flex wp-block-buttons-is-layout-flex\">\n<div class=\"wp-block-button has-custom-width wp-block-button__width-100\"><a class=\"wp-block-button__link has-vivid-cyan-blue-background-color has-background wp-element-button\">Quote your product<\/a><\/div>\n<\/div>","protected":false},"excerpt":{"rendered":"<p>El sobre de cuatro sellos de Food Insixsigma es un sobre cuadrado o rectangular impreso o no impreso termosellable de cuatro fuelles planos. Las medidas&hellip;<\/p>","protected":false},"author":1,"featured_media":1066,"parent":416,"menu_order":0,"comment_status":"closed","ping_status":"closed","template":"","meta":{"_themeisle_gutenberg_block_has_review":false,"_joinchat":[],"footnotes":""},"class_list":["post-1049","page","type-page","status-publish","has-post-thumbnail","hentry"],"yoast_head":"<!-- This site is optimized with the Yoast SEO plugin v26.8 - https:\/\/yoast.com\/product\/yoast-seo-wordpress\/ -->\n<title>Sobre 4 sellos - Food insixsigma<\/title>\n<meta name=\"description\" content=\"Los sobres y bolsas de 4 sellos son un envase flexible para todo tipo de productos, son seguros, personalizables y multifuncionales.\" \/>\n<meta name=\"robots\" content=\"index, follow, max-snippet:-1, max-image-preview:large, max-video-preview:-1\" \/>\n<link rel=\"canonical\" href=\"https:\/\/insixsigma.com.mx\/en\/envasamos-tus-productos\/sobre-4-sellos\/\" \/>\n<meta property=\"og:locale\" content=\"en_US\" \/>\n<meta property=\"og:type\" content=\"article\" \/>\n<meta property=\"og:title\" content=\"Sobre 4 sellos - Food insixsigma\" \/>\n<meta property=\"og:description\" content=\"Los sobres y bolsas de 4 sellos son un envase flexible para todo tipo de productos, son seguros, personalizables y multifuncionales.\" \/>\n<meta property=\"og:url\" content=\"https:\/\/insixsigma.com.mx\/en\/envasamos-tus-productos\/sobre-4-sellos\/\" \/>\n<meta property=\"og:site_name\" content=\"Food insixsigma\" \/>\n<meta property=\"article:publisher\" content=\"https:\/\/www.facebook.com\/p\/Food-Insixsigma-sa-de-cv-100079939892505\/\" \/>\n<meta property=\"article:modified_time\" content=\"2023-02-03T16:58:05+00:00\" \/>\n<meta property=\"og:image\" content=\"https:\/\/insixsigma.com.mx\/wp-content\/uploads\/2023\/01\/4SellosPortada.png\" \/>\n\t<meta property=\"og:image:width\" content=\"926\" \/>\n\t<meta property=\"og:image:height\" content=\"152\" \/>\n\t<meta property=\"og:image:type\" content=\"image\/png\" \/>\n<meta name=\"twitter:card\" content=\"summary_large_image\" \/>\n<meta name=\"twitter:label1\" content=\"Est. reading time\" \/>\n\t<meta name=\"twitter:data1\" content=\"4 minutes\" \/>\n<script type=\"application\/ld+json\" class=\"yoast-schema-graph\">{\"@context\":\"https:\/\/schema.org\",\"@graph\":[{\"@type\":\"WebPage\",\"@id\":\"https:\/\/insixsigma.com.mx\/envasamos-tus-productos\/sobre-4-sellos\/\",\"url\":\"https:\/\/insixsigma.com.mx\/envasamos-tus-productos\/sobre-4-sellos\/\",\"name\":\"Sobre 4 sellos - Food insixsigma\",\"isPartOf\":{\"@id\":\"https:\/\/insixsigma.com.mx\/#website\"},\"primaryImageOfPage\":{\"@id\":\"https:\/\/insixsigma.com.mx\/envasamos-tus-productos\/sobre-4-sellos\/#primaryimage\"},\"image\":{\"@id\":\"https:\/\/insixsigma.com.mx\/envasamos-tus-productos\/sobre-4-sellos\/#primaryimage\"},\"thumbnailUrl\":\"https:\/\/insixsigma.com.mx\/wp-content\/uploads\/2023\/01\/4SellosPortada.png\",\"datePublished\":\"2023-01-12T18:45:48+00:00\",\"dateModified\":\"2023-02-03T16:58:05+00:00\",\"description\":\"Los sobres y bolsas de 4 sellos son un envase flexible para todo tipo de productos, son seguros, personalizables y multifuncionales.\",\"breadcrumb\":{\"@id\":\"https:\/\/insixsigma.com.mx\/envasamos-tus-productos\/sobre-4-sellos\/#breadcrumb\"},\"inLanguage\":\"en-US\",\"potentialAction\":[{\"@type\":\"ReadAction\",\"target\":[\"https:\/\/insixsigma.com.mx\/envasamos-tus-productos\/sobre-4-sellos\/\"]}]},{\"@type\":\"ImageObject\",\"inLanguage\":\"en-US\",\"@id\":\"https:\/\/insixsigma.com.mx\/envasamos-tus-productos\/sobre-4-sellos\/#primaryimage\",\"url\":\"https:\/\/insixsigma.com.mx\/wp-content\/uploads\/2023\/01\/4SellosPortada.png\",\"contentUrl\":\"https:\/\/insixsigma.com.mx\/wp-content\/uploads\/2023\/01\/4SellosPortada.png\",\"width\":926,\"height\":152,\"caption\":\"Sobre para liquidos\"},{\"@type\":\"BreadcrumbList\",\"@id\":\"https:\/\/insixsigma.com.mx\/envasamos-tus-productos\/sobre-4-sellos\/#breadcrumb\",\"itemListElement\":[{\"@type\":\"ListItem\",\"position\":1,\"name\":\"Home\",\"item\":\"https:\/\/insixsigma.com.mx\/\"},{\"@type\":\"ListItem\",\"position\":2,\"name\":\"Envasamos tus productos\",\"item\":\"https:\/\/insixsigma.com.mx\/envasamos-tus-productos\/\"},{\"@type\":\"ListItem\",\"position\":3,\"name\":\"Sobre 4 sellos\"}]},{\"@type\":\"WebSite\",\"@id\":\"https:\/\/insixsigma.com.mx\/#website\",\"url\":\"https:\/\/insixsigma.com.mx\/\",\"name\":\"Food insixsigma\",\"description\":\"Maquila de envasado y producci\u00f3n.\",\"publisher\":{\"@id\":\"https:\/\/insixsigma.com.mx\/#organization\"},\"potentialAction\":[{\"@type\":\"SearchAction\",\"target\":{\"@type\":\"EntryPoint\",\"urlTemplate\":\"https:\/\/insixsigma.com.mx\/?s={search_term_string}\"},\"query-input\":{\"@type\":\"PropertyValueSpecification\",\"valueRequired\":true,\"valueName\":\"search_term_string\"}}],\"inLanguage\":\"en-US\"},{\"@type\":\"Organization\",\"@id\":\"https:\/\/insixsigma.com.mx\/#organization\",\"name\":\"Food insixsigma\",\"url\":\"https:\/\/insixsigma.com.mx\/\",\"logo\":{\"@type\":\"ImageObject\",\"inLanguage\":\"en-US\",\"@id\":\"https:\/\/insixsigma.com.mx\/#\/schema\/logo\/image\/\",\"url\":\"https:\/\/insixsigma.com.mx\/wp-content\/uploads\/2022\/09\/LOGOtipo.png\",\"contentUrl\":\"https:\/\/insixsigma.com.mx\/wp-content\/uploads\/2022\/09\/LOGOtipo.png\",\"width\":150,\"height\":100,\"caption\":\"Food insixsigma\"},\"image\":{\"@id\":\"https:\/\/insixsigma.com.mx\/#\/schema\/logo\/image\/\"},\"sameAs\":[\"https:\/\/www.facebook.com\/p\/Food-Insixsigma-sa-de-cv-100079939892505\/\"]}]}<\/script>\n<!-- \/ Yoast SEO plugin. -->","yoast_head_json":{"title":"Sobre 4 sellos - Food insixsigma","description":"Los sobres y bolsas de 4 sellos son un envase flexible para todo tipo de productos, son seguros, personalizables y multifuncionales.","robots":{"index":"index","follow":"follow","max-snippet":"max-snippet:-1","max-image-preview":"max-image-preview:large","max-video-preview":"max-video-preview:-1"},"canonical":"https:\/\/insixsigma.com.mx\/en\/envasamos-tus-productos\/sobre-4-sellos\/","og_locale":"en_US","og_type":"article","og_title":"Sobre 4 sellos - Food insixsigma","og_description":"Los sobres y bolsas de 4 sellos son un envase flexible para todo tipo de productos, son seguros, personalizables y multifuncionales.","og_url":"https:\/\/insixsigma.com.mx\/en\/envasamos-tus-productos\/sobre-4-sellos\/","og_site_name":"Food insixsigma","article_publisher":"https:\/\/www.facebook.com\/p\/Food-Insixsigma-sa-de-cv-100079939892505\/","article_modified_time":"2023-02-03T16:58:05+00:00","og_image":[{"width":926,"height":152,"url":"https:\/\/insixsigma.com.mx\/wp-content\/uploads\/2023\/01\/4SellosPortada.png","type":"image\/png"}],"twitter_card":"summary_large_image","twitter_misc":{"Est. reading time":"4 minutes"},"schema":{"@context":"https:\/\/schema.org","@graph":[{"@type":"WebPage","@id":"https:\/\/insixsigma.com.mx\/envasamos-tus-productos\/sobre-4-sellos\/","url":"https:\/\/insixsigma.com.mx\/envasamos-tus-productos\/sobre-4-sellos\/","name":"Sobre 4 sellos - Food insixsigma","isPartOf":{"@id":"https:\/\/insixsigma.com.mx\/#website"},"primaryImageOfPage":{"@id":"https:\/\/insixsigma.com.mx\/envasamos-tus-productos\/sobre-4-sellos\/#primaryimage"},"image":{"@id":"https:\/\/insixsigma.com.mx\/envasamos-tus-productos\/sobre-4-sellos\/#primaryimage"},"thumbnailUrl":"https:\/\/insixsigma.com.mx\/wp-content\/uploads\/2023\/01\/4SellosPortada.png","datePublished":"2023-01-12T18:45:48+00:00","dateModified":"2023-02-03T16:58:05+00:00","description":"Los sobres y bolsas de 4 sellos son un envase flexible para todo tipo de productos, son seguros, personalizables y multifuncionales.","breadcrumb":{"@id":"https:\/\/insixsigma.com.mx\/envasamos-tus-productos\/sobre-4-sellos\/#breadcrumb"},"inLanguage":"en-US","potentialAction":[{"@type":"ReadAction","target":["https:\/\/insixsigma.com.mx\/envasamos-tus-productos\/sobre-4-sellos\/"]}]},{"@type":"ImageObject","inLanguage":"en-US","@id":"https:\/\/insixsigma.com.mx\/envasamos-tus-productos\/sobre-4-sellos\/#primaryimage","url":"https:\/\/insixsigma.com.mx\/wp-content\/uploads\/2023\/01\/4SellosPortada.png","contentUrl":"https:\/\/insixsigma.com.mx\/wp-content\/uploads\/2023\/01\/4SellosPortada.png","width":926,"height":152,"caption":"Sobre para liquidos"},{"@type":"BreadcrumbList","@id":"https:\/\/insixsigma.com.mx\/envasamos-tus-productos\/sobre-4-sellos\/#breadcrumb","itemListElement":[{"@type":"ListItem","position":1,"name":"Home","item":"https:\/\/insixsigma.com.mx\/"},{"@type":"ListItem","position":2,"name":"Envasamos tus productos","item":"https:\/\/insixsigma.com.mx\/envasamos-tus-productos\/"},{"@type":"ListItem","position":3,"name":"Sobre 4 sellos"}]},{"@type":"WebSite","@id":"https:\/\/insixsigma.com.mx\/#website","url":"https:\/\/insixsigma.com.mx\/","name":"Food insixsigma","description":"Maquila de envasado y producci\u00f3n.","publisher":{"@id":"https:\/\/insixsigma.com.mx\/#organization"},"potentialAction":[{"@type":"SearchAction","target":{"@type":"EntryPoint","urlTemplate":"https:\/\/insixsigma.com.mx\/?s={search_term_string}"},"query-input":{"@type":"PropertyValueSpecification","valueRequired":true,"valueName":"search_term_string"}}],"inLanguage":"en-US"},{"@type":"Organization","@id":"https:\/\/insixsigma.com.mx\/#organization","name":"Food insixsigma","url":"https:\/\/insixsigma.com.mx\/","logo":{"@type":"ImageObject","inLanguage":"en-US","@id":"https:\/\/insixsigma.com.mx\/#\/schema\/logo\/image\/","url":"https:\/\/insixsigma.com.mx\/wp-content\/uploads\/2022\/09\/LOGOtipo.png","contentUrl":"https:\/\/insixsigma.com.mx\/wp-content\/uploads\/2022\/09\/LOGOtipo.png","width":150,"height":100,"caption":"Food insixsigma"},"image":{"@id":"https:\/\/insixsigma.com.mx\/#\/schema\/logo\/image\/"},"sameAs":["https:\/\/www.facebook.com\/p\/Food-Insixsigma-sa-de-cv-100079939892505\/"]}]}},"_links":{"self":[{"href":"https:\/\/insixsigma.com.mx\/en\/wp-json\/wp\/v2\/pages\/1049","targetHints":{"allow":["GET"]}}],"collection":[{"href":"https:\/\/insixsigma.com.mx\/en\/wp-json\/wp\/v2\/pages"}],"about":[{"href":"https:\/\/insixsigma.com.mx\/en\/wp-json\/wp\/v2\/types\/page"}],"author":[{"embeddable":true,"href":"https:\/\/insixsigma.com.mx\/en\/wp-json\/wp\/v2\/users\/1"}],"replies":[{"embeddable":true,"href":"https:\/\/insixsigma.com.mx\/en\/wp-json\/wp\/v2\/comments?post=1049"}],"version-history":[{"count":3,"href":"https:\/\/insixsigma.com.mx\/en\/wp-json\/wp\/v2\/pages\/1049\/revisions"}],"predecessor-version":[{"id":1065,"href":"https:\/\/insixsigma.com.mx\/en\/wp-json\/wp\/v2\/pages\/1049\/revisions\/1065"}],"up":[{"embeddable":true,"href":"https:\/\/insixsigma.com.mx\/en\/wp-json\/wp\/v2\/pages\/416"}],"wp:featuredmedia":[{"embeddable":true,"href":"https:\/\/insixsigma.com.mx\/en\/wp-json\/wp\/v2\/media\/1066"}],"wp:attachment":[{"href":"https:\/\/insixsigma.com.mx\/en\/wp-json\/wp\/v2\/media?parent=1049"}],"curies":[{"name":"wp","href":"https:\/\/api.w.org\/{rel}","templated":true}]}}