{"id":1031,"date":"2023-02-03T09:19:59","date_gmt":"2023-02-03T15:19:59","guid":{"rendered":"https:\/\/insixsigma.com.mx\/?page_id=1031"},"modified":"2023-02-28T11:47:16","modified_gmt":"2023-02-28T17:47:16","slug":"envases-rigidos","status":"publish","type":"page","link":"https:\/\/insixsigma.com.mx\/en\/envasamos-tus-productos\/envases-rigidos\/","title":{"rendered":"Rigid plastic packages"},"content":{"rendered":"<p><strong><mark style=\"background-color:rgba(0, 0, 0, 0)\" class=\"has-inline-color has-vivid-cyan-blue-color\">Food Insixsigma<\/mark><\/strong> tiene la capacidad y experiencia de trabajar con envases r\u00edgidos seguros para alimentos como lo son el <strong>PET<\/strong>(polietileno tereftalato), <strong>HDPE<\/strong>(polietileno de alta densidad), <strong>PVC<\/strong>(cloruro de polivinilo), <strong>LDPE<\/strong>(polietileno de baja densidad), <strong>PP<\/strong>(polipropileno), <strong>PS<\/strong>(poliestireno) y <strong>otros envases pl\u00e1sticos r\u00edgidos<\/strong>. <\/p>\n\n\n\n<p>Los servicios que ofrecemos para el envasado de alimentos en envases r\u00edgidos son <strong>procesado,<\/strong> <strong>llenado, sellado, etiquetado, codificado, empacado y paletizado.<\/strong><\/p>\n\n\n\n<h2 id=\"wp-block-themeisle-blocks-advanced-heading-9f49a15d\" class=\"wp-block-themeisle-blocks-advanced-heading wp-block-themeisle-blocks-advanced-heading-9f49a15d\"><strong>Ventajas competitivas<\/strong><\/h2>\n\n\n\n<blockquote class=\"wp-block-quote is-layout-flow wp-block-quote-is-layout-flow\">\n<p>1. Seguridad de material de empaque<br>2. Durabilidad<br>3. Multifuncionalidad<br>4. Personalizaci\u00f3n<\/p>\n<\/blockquote>\n\n\n\n<h3 id=\"wp-block-themeisle-blocks-advanced-heading-1ab01804\" class=\"wp-block-themeisle-blocks-advanced-heading wp-block-themeisle-blocks-advanced-heading-1ab01804\"><strong>1. Seguridad del material de empaque<\/strong><\/h3>\n\n\n\n<div class=\"wp-block-columns is-layout-flex wp-container-core-columns-is-layout-1 wp-block-columns-is-layout-flex\">\n<div class=\"wp-block-column is-layout-flow wp-block-column-is-layout-flow\">\n<figure class=\"wp-block-image size-full\"><img loading=\"lazy\" decoding=\"async\" width=\"577\" height=\"309\" src=\"https:\/\/insixsigma.com.mx\/wp-content\/uploads\/2023\/02\/EnvasesRigidos.png\" alt=\"\" class=\"wp-image-1070\" srcset=\"https:\/\/insixsigma.com.mx\/wp-content\/uploads\/2023\/02\/EnvasesRigidos.png 577w, https:\/\/insixsigma.com.mx\/wp-content\/uploads\/2023\/02\/EnvasesRigidos-300x161.png 300w\" sizes=\"auto, (max-width: 577px) 100vw, 577px\" \/><\/figure>\n\n\n\n<h3 id=\"wp-block-themeisle-blocks-advanced-heading-0c8e16c4\" class=\"wp-block-themeisle-blocks-advanced-heading wp-block-themeisle-blocks-advanced-heading-0c8e16c4\"><strong>2. Durabilidad<\/strong><\/h3>\n\n\n\n<p>Los materiales con los que son realizados los envases r\u00edgidos para alimentos de <strong><mark style=\"background-color:rgba(0, 0, 0, 0)\" class=\"has-inline-color has-vivid-cyan-blue-color\">Food Insixsigma<\/mark><\/strong> son altamente resistentes a las eventualidades que se puedan llegar a dar en el manejo de productos durante el env\u00edo y el uso. Tambi\u00e9n estos son altamente durables durante el tiempo, estos envases son usualmente resellables por lo que pueden ser utilizados a lo largo del tiempo, sin embargo despu\u00e9s de ser abiertos la seguridad del alimento se ve comprometida por lo que disminuye la vida de anaquel del alimento.<\/p>\n\n\n\n<figure class=\"wp-block-image size-full\"><img loading=\"lazy\" decoding=\"async\" width=\"502\" height=\"456\" src=\"https:\/\/insixsigma.com.mx\/wp-content\/uploads\/2023\/02\/EnvaseRigidos-1.png\" alt=\"\" class=\"wp-image-1084\" srcset=\"https:\/\/insixsigma.com.mx\/wp-content\/uploads\/2023\/02\/EnvaseRigidos-1.png 502w, https:\/\/insixsigma.com.mx\/wp-content\/uploads\/2023\/02\/EnvaseRigidos-1-300x273.png 300w\" sizes=\"auto, (max-width: 502px) 100vw, 502px\" \/><\/figure>\n<\/div>\n\n\n\n<div class=\"wp-block-column is-layout-flow wp-block-column-is-layout-flow\">\n<p>Los pl\u00e1sticos utilizados para envases r\u00edgidos de alimentos en <mark style=\"background-color:rgba(0, 0, 0, 0)\" class=\"has-inline-color has-vivid-cyan-blue-color\"><strong>Food Insixsigma<\/strong><\/mark> protegen al alimento de las condiciones clim\u00e1ticas, rayos UV, polvo, humedad, microbios y bacterias que puedan estar en el ambiente. <\/p>\n\n\n\n<p>La seguridad alimentaria es uno de los factores m\u00e1s importantes de un producto ante el consumidor y la ley alimentaria de todos los pa\u00edses. Por lo que la elecci\u00f3n del material de envase es esencial para cualquier proyecto.<\/p>\n\n\n\n<figure class=\"wp-block-image size-full\"><img loading=\"lazy\" decoding=\"async\" width=\"360\" height=\"324\" src=\"https:\/\/insixsigma.com.mx\/wp-content\/uploads\/2023\/02\/paquete-realista-yogur-paquete-blanco-botellas_1284-27183.webp\" alt=\"\" class=\"wp-image-1071\" srcset=\"https:\/\/insixsigma.com.mx\/wp-content\/uploads\/2023\/02\/paquete-realista-yogur-paquete-blanco-botellas_1284-27183.webp 360w, https:\/\/insixsigma.com.mx\/wp-content\/uploads\/2023\/02\/paquete-realista-yogur-paquete-blanco-botellas_1284-27183-300x270.webp 300w\" sizes=\"auto, (max-width: 360px) 100vw, 360px\" \/><\/figure>\n\n\n\n<h3 id=\"wp-block-themeisle-blocks-advanced-heading-df30ad6a\" class=\"wp-block-themeisle-blocks-advanced-heading wp-block-themeisle-blocks-advanced-heading-df30ad6a\"><strong>3.<\/strong> <strong>Multifuncionalidad<\/strong><\/h3>\n\n\n\n<p>En<strong><mark style=\"background-color:rgba(0, 0, 0, 0)\" class=\"has-inline-color has-vivid-cyan-blue-color\"> Food Insixsigma<\/mark><\/strong> contamos con la capacidad productiva para <strong>procesar y envasar productos alimenticios en polvo, l\u00edquido, s\u00f3lido y granulado en envases r\u00edgidos.<\/strong> Existe una inmensidad de productos que ya se envasan en envases r\u00edgidos como catsup, jarabe de chocolate, salsa bbq, mermeladas, chile en polvo, proteinas,  gomitas, dulces y muchos otros. <strong><mark style=\"background-color:rgba(0, 0, 0, 0)\" class=\"has-inline-color has-vivid-cyan-blue-color\">Food insixsigma<\/mark><\/strong> ofrece la posibilidad de envasar casi cualquier producto en <strong>envase r\u00edgido<\/strong>.<\/p>\n<\/div>\n<\/div>\n\n\n\n<h3 id=\"wp-block-themeisle-blocks-advanced-heading-41b1d67e\" class=\"wp-block-themeisle-blocks-advanced-heading wp-block-themeisle-blocks-advanced-heading-41b1d67e\"><strong>4. Personalizaci\u00f3n<\/strong><\/h3>\n\n\n\n<p>Con <strong><mark style=\"background-color:rgba(0, 0, 0, 0)\" class=\"has-inline-color has-vivid-cyan-blue-color\">Food Insixsigma<\/mark><\/strong> puedes dise\u00f1ar cualquier tipo de envase, la ventaja que nos ofrecen el envase r\u00edgido es que partir de un n\u00famero determinado de piezas podemos tener un empaque totalmente <strong>personalizable y dise\u00f1able<\/strong> al 100% es una gran oportunidad de ganar mercado por el dise\u00f1o de nuestros empaques.<\/p>\n\n\n\n<figure class=\"wp-block-image size-large\"><img loading=\"lazy\" decoding=\"async\" width=\"1024\" height=\"252\" src=\"https:\/\/insixsigma.com.mx\/wp-content\/uploads\/2023\/02\/Rigidos-1024x252.png\" alt=\"\" class=\"wp-image-1086\" srcset=\"https:\/\/insixsigma.com.mx\/wp-content\/uploads\/2023\/02\/Rigidos-1024x252.png 1024w, https:\/\/insixsigma.com.mx\/wp-content\/uploads\/2023\/02\/Rigidos-300x74.png 300w, https:\/\/insixsigma.com.mx\/wp-content\/uploads\/2023\/02\/Rigidos-768x189.png 768w, https:\/\/insixsigma.com.mx\/wp-content\/uploads\/2023\/02\/Rigidos-600x148.png 600w, https:\/\/insixsigma.com.mx\/wp-content\/uploads\/2023\/02\/Rigidos.png 1051w\" sizes=\"auto, (max-width: 1024px) 100vw, 1024px\" \/><\/figure>\n\n\n\n<div class=\"wp-block-buttons is-layout-flex wp-block-buttons-is-layout-flex\">\n<div class=\"wp-block-button has-custom-width wp-block-button__width-100\"><a class=\"wp-block-button__link has-vivid-cyan-blue-background-color has-background wp-element-button\">Quote your product<\/a><\/div>\n<\/div>","protected":false},"excerpt":{"rendered":"<p>Food Insixsigma tiene la capacidad y experiencia de trabajar con envases r\u00edgidos seguros para alimentos como lo son el PET(polietileno tereftalato), HDPE(polietileno de alta densidad),&hellip;<\/p>","protected":false},"author":1,"featured_media":1136,"parent":416,"menu_order":0,"comment_status":"closed","ping_status":"closed","template":"","meta":{"_themeisle_gutenberg_block_has_review":false,"_joinchat":[],"footnotes":""},"class_list":["post-1031","page","type-page","status-publish","has-post-thumbnail","hentry"],"yoast_head":"<!-- This site is optimized with the Yoast SEO plugin v26.8 - https:\/\/yoast.com\/product\/yoast-seo-wordpress\/ -->\n<title>Envases r\u00edgidos - Food insixsigma<\/title>\n<meta name=\"description\" content=\"Los envases r\u00edgidos est\u00e1n hechos a partir de pol\u00edmeros que forman un pl\u00e1stico duro que protegen al producto.\" \/>\n<meta name=\"robots\" content=\"index, follow, max-snippet:-1, max-image-preview:large, max-video-preview:-1\" \/>\n<link rel=\"canonical\" href=\"https:\/\/insixsigma.com.mx\/en\/envasamos-tus-productos\/envases-rigidos\/\" \/>\n<meta property=\"og:locale\" content=\"en_US\" \/>\n<meta property=\"og:type\" content=\"article\" \/>\n<meta property=\"og:title\" content=\"Envases r\u00edgidos - Food insixsigma\" \/>\n<meta property=\"og:description\" content=\"Los envases r\u00edgidos est\u00e1n hechos a partir de pol\u00edmeros que forman un pl\u00e1stico duro que protegen al producto.\" \/>\n<meta property=\"og:url\" content=\"https:\/\/insixsigma.com.mx\/en\/envasamos-tus-productos\/envases-rigidos\/\" \/>\n<meta property=\"og:site_name\" content=\"Food insixsigma\" \/>\n<meta property=\"article:publisher\" content=\"https:\/\/www.facebook.com\/p\/Food-Insixsigma-sa-de-cv-100079939892505\/\" \/>\n<meta property=\"article:modified_time\" content=\"2023-02-28T17:47:16+00:00\" \/>\n<meta property=\"og:image\" content=\"https:\/\/insixsigma.com.mx\/wp-content\/uploads\/2023\/02\/envasesrigidosPortada-1.png\" \/>\n\t<meta property=\"og:image:width\" content=\"926\" \/>\n\t<meta property=\"og:image:height\" content=\"152\" \/>\n\t<meta property=\"og:image:type\" content=\"image\/png\" \/>\n<meta name=\"twitter:card\" content=\"summary_large_image\" \/>\n<meta name=\"twitter:label1\" content=\"Est. reading time\" \/>\n\t<meta name=\"twitter:data1\" content=\"3 minutes\" \/>\n<script type=\"application\/ld+json\" class=\"yoast-schema-graph\">{\"@context\":\"https:\/\/schema.org\",\"@graph\":[{\"@type\":\"WebPage\",\"@id\":\"https:\/\/insixsigma.com.mx\/envasamos-tus-productos\/envases-rigidos\/\",\"url\":\"https:\/\/insixsigma.com.mx\/envasamos-tus-productos\/envases-rigidos\/\",\"name\":\"Envases r\u00edgidos - Food insixsigma\",\"isPartOf\":{\"@id\":\"https:\/\/insixsigma.com.mx\/#website\"},\"primaryImageOfPage\":{\"@id\":\"https:\/\/insixsigma.com.mx\/envasamos-tus-productos\/envases-rigidos\/#primaryimage\"},\"image\":{\"@id\":\"https:\/\/insixsigma.com.mx\/envasamos-tus-productos\/envases-rigidos\/#primaryimage\"},\"thumbnailUrl\":\"https:\/\/insixsigma.com.mx\/wp-content\/uploads\/2023\/02\/envasesrigidosPortada-1.png\",\"datePublished\":\"2023-02-03T15:19:59+00:00\",\"dateModified\":\"2023-02-28T17:47:16+00:00\",\"description\":\"Los envases r\u00edgidos est\u00e1n hechos a partir de pol\u00edmeros que forman un pl\u00e1stico duro que protegen al producto.\",\"breadcrumb\":{\"@id\":\"https:\/\/insixsigma.com.mx\/envasamos-tus-productos\/envases-rigidos\/#breadcrumb\"},\"inLanguage\":\"en-US\",\"potentialAction\":[{\"@type\":\"ReadAction\",\"target\":[\"https:\/\/insixsigma.com.mx\/envasamos-tus-productos\/envases-rigidos\/\"]}]},{\"@type\":\"ImageObject\",\"inLanguage\":\"en-US\",\"@id\":\"https:\/\/insixsigma.com.mx\/envasamos-tus-productos\/envases-rigidos\/#primaryimage\",\"url\":\"https:\/\/insixsigma.com.mx\/wp-content\/uploads\/2023\/02\/envasesrigidosPortada-1.png\",\"contentUrl\":\"https:\/\/insixsigma.com.mx\/wp-content\/uploads\/2023\/02\/envasesrigidosPortada-1.png\",\"width\":926,\"height\":152,\"caption\":\"Envases r\u00edgidos de Food Insixsigma\"},{\"@type\":\"BreadcrumbList\",\"@id\":\"https:\/\/insixsigma.com.mx\/envasamos-tus-productos\/envases-rigidos\/#breadcrumb\",\"itemListElement\":[{\"@type\":\"ListItem\",\"position\":1,\"name\":\"Home\",\"item\":\"https:\/\/insixsigma.com.mx\/\"},{\"@type\":\"ListItem\",\"position\":2,\"name\":\"Envasamos tus productos\",\"item\":\"https:\/\/insixsigma.com.mx\/envasamos-tus-productos\/\"},{\"@type\":\"ListItem\",\"position\":3,\"name\":\"Envases r\u00edgidos\"}]},{\"@type\":\"WebSite\",\"@id\":\"https:\/\/insixsigma.com.mx\/#website\",\"url\":\"https:\/\/insixsigma.com.mx\/\",\"name\":\"Food insixsigma\",\"description\":\"Maquila de envasado y producci\u00f3n.\",\"publisher\":{\"@id\":\"https:\/\/insixsigma.com.mx\/#organization\"},\"potentialAction\":[{\"@type\":\"SearchAction\",\"target\":{\"@type\":\"EntryPoint\",\"urlTemplate\":\"https:\/\/insixsigma.com.mx\/?s={search_term_string}\"},\"query-input\":{\"@type\":\"PropertyValueSpecification\",\"valueRequired\":true,\"valueName\":\"search_term_string\"}}],\"inLanguage\":\"en-US\"},{\"@type\":\"Organization\",\"@id\":\"https:\/\/insixsigma.com.mx\/#organization\",\"name\":\"Food insixsigma\",\"url\":\"https:\/\/insixsigma.com.mx\/\",\"logo\":{\"@type\":\"ImageObject\",\"inLanguage\":\"en-US\",\"@id\":\"https:\/\/insixsigma.com.mx\/#\/schema\/logo\/image\/\",\"url\":\"https:\/\/insixsigma.com.mx\/wp-content\/uploads\/2022\/09\/LOGOtipo.png\",\"contentUrl\":\"https:\/\/insixsigma.com.mx\/wp-content\/uploads\/2022\/09\/LOGOtipo.png\",\"width\":150,\"height\":100,\"caption\":\"Food insixsigma\"},\"image\":{\"@id\":\"https:\/\/insixsigma.com.mx\/#\/schema\/logo\/image\/\"},\"sameAs\":[\"https:\/\/www.facebook.com\/p\/Food-Insixsigma-sa-de-cv-100079939892505\/\"]}]}<\/script>\n<!-- \/ Yoast SEO plugin. -->","yoast_head_json":{"title":"Envases r\u00edgidos - Food insixsigma","description":"Los envases r\u00edgidos est\u00e1n hechos a partir de pol\u00edmeros que forman un pl\u00e1stico duro que protegen al producto.","robots":{"index":"index","follow":"follow","max-snippet":"max-snippet:-1","max-image-preview":"max-image-preview:large","max-video-preview":"max-video-preview:-1"},"canonical":"https:\/\/insixsigma.com.mx\/en\/envasamos-tus-productos\/envases-rigidos\/","og_locale":"en_US","og_type":"article","og_title":"Envases r\u00edgidos - Food insixsigma","og_description":"Los envases r\u00edgidos est\u00e1n hechos a partir de pol\u00edmeros que forman un pl\u00e1stico duro que protegen al producto.","og_url":"https:\/\/insixsigma.com.mx\/en\/envasamos-tus-productos\/envases-rigidos\/","og_site_name":"Food insixsigma","article_publisher":"https:\/\/www.facebook.com\/p\/Food-Insixsigma-sa-de-cv-100079939892505\/","article_modified_time":"2023-02-28T17:47:16+00:00","og_image":[{"width":926,"height":152,"url":"https:\/\/insixsigma.com.mx\/wp-content\/uploads\/2023\/02\/envasesrigidosPortada-1.png","type":"image\/png"}],"twitter_card":"summary_large_image","twitter_misc":{"Est. reading time":"3 minutes"},"schema":{"@context":"https:\/\/schema.org","@graph":[{"@type":"WebPage","@id":"https:\/\/insixsigma.com.mx\/envasamos-tus-productos\/envases-rigidos\/","url":"https:\/\/insixsigma.com.mx\/envasamos-tus-productos\/envases-rigidos\/","name":"Envases r\u00edgidos - Food insixsigma","isPartOf":{"@id":"https:\/\/insixsigma.com.mx\/#website"},"primaryImageOfPage":{"@id":"https:\/\/insixsigma.com.mx\/envasamos-tus-productos\/envases-rigidos\/#primaryimage"},"image":{"@id":"https:\/\/insixsigma.com.mx\/envasamos-tus-productos\/envases-rigidos\/#primaryimage"},"thumbnailUrl":"https:\/\/insixsigma.com.mx\/wp-content\/uploads\/2023\/02\/envasesrigidosPortada-1.png","datePublished":"2023-02-03T15:19:59+00:00","dateModified":"2023-02-28T17:47:16+00:00","description":"Los envases r\u00edgidos est\u00e1n hechos a partir de pol\u00edmeros que forman un pl\u00e1stico duro que protegen al producto.","breadcrumb":{"@id":"https:\/\/insixsigma.com.mx\/envasamos-tus-productos\/envases-rigidos\/#breadcrumb"},"inLanguage":"en-US","potentialAction":[{"@type":"ReadAction","target":["https:\/\/insixsigma.com.mx\/envasamos-tus-productos\/envases-rigidos\/"]}]},{"@type":"ImageObject","inLanguage":"en-US","@id":"https:\/\/insixsigma.com.mx\/envasamos-tus-productos\/envases-rigidos\/#primaryimage","url":"https:\/\/insixsigma.com.mx\/wp-content\/uploads\/2023\/02\/envasesrigidosPortada-1.png","contentUrl":"https:\/\/insixsigma.com.mx\/wp-content\/uploads\/2023\/02\/envasesrigidosPortada-1.png","width":926,"height":152,"caption":"Envases r\u00edgidos de Food Insixsigma"},{"@type":"BreadcrumbList","@id":"https:\/\/insixsigma.com.mx\/envasamos-tus-productos\/envases-rigidos\/#breadcrumb","itemListElement":[{"@type":"ListItem","position":1,"name":"Home","item":"https:\/\/insixsigma.com.mx\/"},{"@type":"ListItem","position":2,"name":"Envasamos tus productos","item":"https:\/\/insixsigma.com.mx\/envasamos-tus-productos\/"},{"@type":"ListItem","position":3,"name":"Envases r\u00edgidos"}]},{"@type":"WebSite","@id":"https:\/\/insixsigma.com.mx\/#website","url":"https:\/\/insixsigma.com.mx\/","name":"Food insixsigma","description":"Maquila de envasado y producci\u00f3n.","publisher":{"@id":"https:\/\/insixsigma.com.mx\/#organization"},"potentialAction":[{"@type":"SearchAction","target":{"@type":"EntryPoint","urlTemplate":"https:\/\/insixsigma.com.mx\/?s={search_term_string}"},"query-input":{"@type":"PropertyValueSpecification","valueRequired":true,"valueName":"search_term_string"}}],"inLanguage":"en-US"},{"@type":"Organization","@id":"https:\/\/insixsigma.com.mx\/#organization","name":"Food insixsigma","url":"https:\/\/insixsigma.com.mx\/","logo":{"@type":"ImageObject","inLanguage":"en-US","@id":"https:\/\/insixsigma.com.mx\/#\/schema\/logo\/image\/","url":"https:\/\/insixsigma.com.mx\/wp-content\/uploads\/2022\/09\/LOGOtipo.png","contentUrl":"https:\/\/insixsigma.com.mx\/wp-content\/uploads\/2022\/09\/LOGOtipo.png","width":150,"height":100,"caption":"Food insixsigma"},"image":{"@id":"https:\/\/insixsigma.com.mx\/#\/schema\/logo\/image\/"},"sameAs":["https:\/\/www.facebook.com\/p\/Food-Insixsigma-sa-de-cv-100079939892505\/"]}]}},"_links":{"self":[{"href":"https:\/\/insixsigma.com.mx\/en\/wp-json\/wp\/v2\/pages\/1031","targetHints":{"allow":["GET"]}}],"collection":[{"href":"https:\/\/insixsigma.com.mx\/en\/wp-json\/wp\/v2\/pages"}],"about":[{"href":"https:\/\/insixsigma.com.mx\/en\/wp-json\/wp\/v2\/types\/page"}],"author":[{"embeddable":true,"href":"https:\/\/insixsigma.com.mx\/en\/wp-json\/wp\/v2\/users\/1"}],"replies":[{"embeddable":true,"href":"https:\/\/insixsigma.com.mx\/en\/wp-json\/wp\/v2\/comments?post=1031"}],"version-history":[{"count":6,"href":"https:\/\/insixsigma.com.mx\/en\/wp-json\/wp\/v2\/pages\/1031\/revisions"}],"predecessor-version":[{"id":1179,"href":"https:\/\/insixsigma.com.mx\/en\/wp-json\/wp\/v2\/pages\/1031\/revisions\/1179"}],"up":[{"embeddable":true,"href":"https:\/\/insixsigma.com.mx\/en\/wp-json\/wp\/v2\/pages\/416"}],"wp:featuredmedia":[{"embeddable":true,"href":"https:\/\/insixsigma.com.mx\/en\/wp-json\/wp\/v2\/media\/1136"}],"wp:attachment":[{"href":"https:\/\/insixsigma.com.mx\/en\/wp-json\/wp\/v2\/media?parent=1031"}],"curies":[{"name":"wp","href":"https:\/\/api.w.org\/{rel}","templated":true}]}}