{"id":1030,"date":"2023-01-12T11:34:31","date_gmt":"2023-01-12T17:34:31","guid":{"rendered":"https:\/\/insixsigma.com.mx\/?page_id=1030"},"modified":"2023-02-01T14:32:28","modified_gmt":"2023-02-01T20:32:28","slug":"sobre-3-sellos","status":"publish","type":"page","link":"https:\/\/insixsigma.com.mx\/en\/envasamos-tus-productos\/sobre-3-sellos\/","title":{"rendered":"3 seal sachet"},"content":{"rendered":"<p>El <strong>Sobre de tres sellos<\/strong> es un envase flexible impreso o no impreso termosellable con tres fuelles, dos horizontales planos y uno vertical. Que tambi\u00e9n seg\u00fan el dise\u00f1o del envase pueden ser dos verticales y uno horizontal. Las medidas que se pueden manejar en <strong>3 seal sachet<\/strong> son:<\/p>\n\n\n\n<div class=\"wp-block-columns is-layout-flex wp-container-core-columns-is-layout-1 wp-block-columns-is-layout-flex\">\n<div class=\"wp-block-column is-layout-flow wp-block-column-is-layout-flow\">\n<blockquote class=\"wp-block-quote is-layout-flow wp-block-quote-is-layout-flow\" style=\"font-style:normal;font-weight:600\">\n<p>M\u00ednimas:<\/p>\n\n\n\n<p>Ancho: 6cm<br>Alto: 10cm<br>Gramos: 30<br>Mililitros: 5<\/p>\n<\/blockquote>\n<\/div>\n\n\n\n<div class=\"wp-block-column is-layout-flow wp-block-column-is-layout-flow\">\n<blockquote class=\"wp-block-quote is-layout-flow wp-block-quote-is-layout-flow\" style=\"font-style:normal;font-weight:600\">\n<p>M\u00e1ximas:<\/p>\n\n\n\n<p>Ancho: 14cm<br>Alto: 21cm<br>Gramos: 400<br>Mililitros: 400<\/p>\n<cite>*Medidas ilustrativas sujetas a pruebas de producto<\/cite><\/blockquote>\n<\/div>\n<\/div>\n\n\n\n<h2 id=\"wp-block-themeisle-blocks-advanced-heading-004cd111\" class=\"wp-block-themeisle-blocks-advanced-heading wp-block-themeisle-blocks-advanced-heading-004cd111\"><strong>Cuando el costo importa<\/strong><\/h2>\n\n\n\n<p>El <strong>sobre de tres sellos<\/strong> fue dise\u00f1ado especialmente para <strong>disminuir costos en el envasado<\/strong>, al tener un solo sello lateral permite envasar un mayor volumen de producto comparado con un sobre de otro tipo del mismo tama\u00f1o.<br>Su dise\u00f1o mec\u00e1nico permite que las maquinas que lo forman y sellan puedan trabajar a una velocidad muy alta y sin fallos, lo que permite una m\u00e1xima productividad de la m\u00e1quina para <strong>aumentar la rentabilidad de la operaci\u00f3n<\/strong>.<\/p>\n\n\n\n<div class=\"wp-block-columns is-layout-flex wp-container-core-columns-is-layout-2 wp-block-columns-is-layout-flex\">\n<div class=\"wp-block-column is-layout-flow wp-block-column-is-layout-flow\">\n<figure class=\"wp-block-image size-full\"><img loading=\"lazy\" decoding=\"async\" width=\"509\" height=\"318\" src=\"https:\/\/insixsigma.com.mx\/wp-content\/uploads\/2022\/10\/flexografia.jpg\" alt=\"\" class=\"wp-image-897\" srcset=\"https:\/\/insixsigma.com.mx\/wp-content\/uploads\/2022\/10\/flexografia.jpg 509w, https:\/\/insixsigma.com.mx\/wp-content\/uploads\/2022\/10\/flexografia-300x187.jpg 300w\" sizes=\"auto, (max-width: 509px) 100vw, 509px\" \/><\/figure>\n\n\n\n<p>Tambi\u00e9n este material presenta caracter\u00edsticas que lo hacen resistente a sustancias qu\u00edmicas y agentes f\u00edsicos. El material de envase es resistente a perforaciones, grietas por flexi\u00f3n, un amplio rango de temperaturas y golpes. <strong>Este material agrega 6 meses de vida \u00fatil a productos alimenticios<\/strong> y si se combina con otros materiales aumenta exponencialmente la vida de los productos. Adem\u00e1s de ser un material resistente a microondas, pasteurizaci\u00f3n, envasado al vac\u00edo y otros procesos de cocinado y seguridad alimentaria.<\/p>\n\n\n\n<h3 id=\"wp-block-themeisle-blocks-advanced-heading-9e0a81e9\" class=\"wp-block-themeisle-blocks-advanced-heading wp-block-themeisle-blocks-advanced-heading-9e0a81e9\"><strong>Econom\u00eda de espacio<\/strong> <strong>y peso<\/strong><\/h3>\n\n\n\n<p>El <strong>sobre de 3 sellos <\/strong>puede ahorrar hasta un 20% de espacio en comparaci\u00f3n a otros envases, ya que al ser deformable y resistente al mismo tiempo, permite un empaquetado m\u00e1s eficiente en cajas o display. En el punto de venta permite ahorrar espacio con tiras de impulso o display.<\/p>\n\n\n\n<figure class=\"wp-block-image size-full\"><img loading=\"lazy\" decoding=\"async\" width=\"544\" height=\"275\" src=\"https:\/\/insixsigma.com.mx\/wp-content\/uploads\/2023\/01\/Ejemplo3Sellos-1.png\" alt=\"\" class=\"wp-image-1052\" srcset=\"https:\/\/insixsigma.com.mx\/wp-content\/uploads\/2023\/01\/Ejemplo3Sellos-1.png 544w, https:\/\/insixsigma.com.mx\/wp-content\/uploads\/2023\/01\/Ejemplo3Sellos-1-300x152.png 300w\" sizes=\"auto, (max-width: 544px) 100vw, 544px\" \/><\/figure>\n<\/div>\n\n\n\n<div class=\"wp-block-column is-layout-flow wp-block-column-is-layout-flow\">\n<p>Este tipo de empaque usualmente se fabrica a partir de una bobina de BOPP(polipropileno biorientado) que es un material  un 80 % m\u00e1s econ\u00f3mico en comparaci\u00f3n a otros materiales de envase. Pero mantiene las propiedades de otros materiales c\u00f3mo la seguridad alimentaria gracias a la barrera resistente al oxigeno y a la humedad adem\u00e1s de protecci\u00f3n contra rayos violeta seg\u00fan la estructura de bobina que se formule.<\/p>\n\n\n\n<figure class=\"wp-block-image size-full\"><img loading=\"lazy\" decoding=\"async\" width=\"567\" height=\"363\" src=\"https:\/\/insixsigma.com.mx\/wp-content\/uploads\/2023\/01\/Sobres3Sellos.png\" alt=\"\" class=\"wp-image-1050\" srcset=\"https:\/\/insixsigma.com.mx\/wp-content\/uploads\/2023\/01\/Sobres3Sellos.png 567w, https:\/\/insixsigma.com.mx\/wp-content\/uploads\/2023\/01\/Sobres3Sellos-300x192.png 300w\" sizes=\"auto, (max-width: 567px) 100vw, 567px\" \/><\/figure>\n\n\n\n<p>El <strong>sobre de 3 sellos esta dise\u00f1ado para ser utilizado una vez <\/strong>por su tama\u00f1o y tambi\u00e9n su dise\u00f1o de abre f\u00e1cil. Es muy utilizado para las cadenas de autoservicios para envasar catsup, mayonesa y otras salsas. Para el consumidor final este envase suele utilizarse para azucar, t\u00e9, miel y muchos otros productos. <\/p>\n\n\n\n<h3 id=\"wp-block-themeisle-blocks-advanced-heading-5a6517e3\" class=\"wp-block-themeisle-blocks-advanced-heading wp-block-themeisle-blocks-advanced-heading-5a6517e3\"><strong>Multifuncionalidad<\/strong><\/h3>\n\n\n\n<p>En<strong><mark style=\"background-color:rgba(0, 0, 0, 0)\" class=\"has-inline-color has-vivid-cyan-blue-color\"> Food Insixsigma<\/mark><\/strong> contamos con la capacidad productiva para <strong>procesar y envasar productos alimenticios en polvo, l\u00edquido, s\u00f3lido y granulado en Sobre de 3 sellos.<\/strong> Existe una inmensidad de productos que ya se envasan en este envase como catsup, jarabe de chocolate, gelatina, sustituto para crema, caf\u00e9 y muchos otros. <\/p>\n<\/div>\n<\/div>\n\n\n\n<p>Con <strong><mark style=\"background-color:rgba(0, 0, 0, 0)\" class=\"has-inline-color has-vivid-cyan-blue-color\">Food Insixsigma<\/mark><\/strong> puedes dise\u00f1ar cualquier tipo de envase, la ventaja que nos ofrece el <strong>sobre de 3 sellos<\/strong> es tener un empaque totalmente personalizable y dise\u00f1able al 100% es una gran oportunidad de ganar mercado por el dise\u00f1o de tus empaques y con la creatividad agregando tiras de impulso o displays podemos impactar al consumidor de diversas maneras.<\/p>\n\n\n\n<div class=\"wp-block-buttons is-layout-flex wp-block-buttons-is-layout-flex\">\n<div class=\"wp-block-button has-custom-width wp-block-button__width-100\"><a class=\"wp-block-button__link has-vivid-cyan-blue-background-color has-background wp-element-button\">Quote your product<\/a><\/div>\n<\/div>","protected":false},"excerpt":{"rendered":"<p>El Sobre de tres sellos es un envase flexible impreso o no impreso termosellable con tres fuelles, dos horizontales planos y uno vertical. Que tambi\u00e9n&hellip;<\/p>","protected":false},"author":1,"featured_media":1054,"parent":416,"menu_order":0,"comment_status":"closed","ping_status":"closed","template":"","meta":{"_themeisle_gutenberg_block_has_review":false,"_joinchat":[],"footnotes":""},"class_list":["post-1030","page","type-page","status-publish","has-post-thumbnail","hentry"],"yoast_head":"<!-- This site is optimized with the Yoast SEO plugin v26.8 - https:\/\/yoast.com\/product\/yoast-seo-wordpress\/ -->\n<title>Sobre 3 sellos - Food insixsigma<\/title>\n<meta name=\"description\" content=\"Envase flexible de tres sellos para envasar alimentos l\u00edquidos y polvos.\" \/>\n<meta name=\"robots\" content=\"index, follow, max-snippet:-1, max-image-preview:large, max-video-preview:-1\" \/>\n<link rel=\"canonical\" href=\"https:\/\/insixsigma.com.mx\/en\/envasamos-tus-productos\/sobre-3-sellos\/\" \/>\n<meta property=\"og:locale\" content=\"en_US\" \/>\n<meta property=\"og:type\" content=\"article\" \/>\n<meta property=\"og:title\" content=\"Sobre 3 sellos - Food insixsigma\" \/>\n<meta property=\"og:description\" content=\"Envase flexible de tres sellos para envasar alimentos l\u00edquidos y polvos.\" \/>\n<meta property=\"og:url\" content=\"https:\/\/insixsigma.com.mx\/en\/envasamos-tus-productos\/sobre-3-sellos\/\" \/>\n<meta property=\"og:site_name\" content=\"Food insixsigma\" \/>\n<meta property=\"article:publisher\" content=\"https:\/\/www.facebook.com\/p\/Food-Insixsigma-sa-de-cv-100079939892505\/\" \/>\n<meta property=\"article:modified_time\" content=\"2023-02-01T20:32:28+00:00\" \/>\n<meta property=\"og:image\" content=\"https:\/\/insixsigma.com.mx\/wp-content\/uploads\/2023\/01\/3SellosPortada.png\" \/>\n\t<meta property=\"og:image:width\" content=\"926\" \/>\n\t<meta property=\"og:image:height\" content=\"152\" \/>\n\t<meta property=\"og:image:type\" content=\"image\/png\" \/>\n<meta name=\"twitter:card\" content=\"summary_large_image\" \/>\n<meta name=\"twitter:label1\" content=\"Est. reading time\" \/>\n\t<meta name=\"twitter:data1\" content=\"3 minutes\" \/>\n<script type=\"application\/ld+json\" class=\"yoast-schema-graph\">{\"@context\":\"https:\/\/schema.org\",\"@graph\":[{\"@type\":\"WebPage\",\"@id\":\"https:\/\/insixsigma.com.mx\/envasamos-tus-productos\/sobre-3-sellos\/\",\"url\":\"https:\/\/insixsigma.com.mx\/envasamos-tus-productos\/sobre-3-sellos\/\",\"name\":\"Sobre 3 sellos - Food insixsigma\",\"isPartOf\":{\"@id\":\"https:\/\/insixsigma.com.mx\/#website\"},\"primaryImageOfPage\":{\"@id\":\"https:\/\/insixsigma.com.mx\/envasamos-tus-productos\/sobre-3-sellos\/#primaryimage\"},\"image\":{\"@id\":\"https:\/\/insixsigma.com.mx\/envasamos-tus-productos\/sobre-3-sellos\/#primaryimage\"},\"thumbnailUrl\":\"https:\/\/insixsigma.com.mx\/wp-content\/uploads\/2023\/01\/3SellosPortada.png\",\"datePublished\":\"2023-01-12T17:34:31+00:00\",\"dateModified\":\"2023-02-01T20:32:28+00:00\",\"description\":\"Envase flexible de tres sellos para envasar alimentos l\u00edquidos y polvos.\",\"breadcrumb\":{\"@id\":\"https:\/\/insixsigma.com.mx\/envasamos-tus-productos\/sobre-3-sellos\/#breadcrumb\"},\"inLanguage\":\"en-US\",\"potentialAction\":[{\"@type\":\"ReadAction\",\"target\":[\"https:\/\/insixsigma.com.mx\/envasamos-tus-productos\/sobre-3-sellos\/\"]}]},{\"@type\":\"ImageObject\",\"inLanguage\":\"en-US\",\"@id\":\"https:\/\/insixsigma.com.mx\/envasamos-tus-productos\/sobre-3-sellos\/#primaryimage\",\"url\":\"https:\/\/insixsigma.com.mx\/wp-content\/uploads\/2023\/01\/3SellosPortada.png\",\"contentUrl\":\"https:\/\/insixsigma.com.mx\/wp-content\/uploads\/2023\/01\/3SellosPortada.png\",\"width\":926,\"height\":152,\"caption\":\"Sachet tres sellos\"},{\"@type\":\"BreadcrumbList\",\"@id\":\"https:\/\/insixsigma.com.mx\/envasamos-tus-productos\/sobre-3-sellos\/#breadcrumb\",\"itemListElement\":[{\"@type\":\"ListItem\",\"position\":1,\"name\":\"Home\",\"item\":\"https:\/\/insixsigma.com.mx\/\"},{\"@type\":\"ListItem\",\"position\":2,\"name\":\"Envasamos tus productos\",\"item\":\"https:\/\/insixsigma.com.mx\/envasamos-tus-productos\/\"},{\"@type\":\"ListItem\",\"position\":3,\"name\":\"Sobre 3 sellos\"}]},{\"@type\":\"WebSite\",\"@id\":\"https:\/\/insixsigma.com.mx\/#website\",\"url\":\"https:\/\/insixsigma.com.mx\/\",\"name\":\"Food insixsigma\",\"description\":\"Maquila de envasado y producci\u00f3n.\",\"publisher\":{\"@id\":\"https:\/\/insixsigma.com.mx\/#organization\"},\"potentialAction\":[{\"@type\":\"SearchAction\",\"target\":{\"@type\":\"EntryPoint\",\"urlTemplate\":\"https:\/\/insixsigma.com.mx\/?s={search_term_string}\"},\"query-input\":{\"@type\":\"PropertyValueSpecification\",\"valueRequired\":true,\"valueName\":\"search_term_string\"}}],\"inLanguage\":\"en-US\"},{\"@type\":\"Organization\",\"@id\":\"https:\/\/insixsigma.com.mx\/#organization\",\"name\":\"Food insixsigma\",\"url\":\"https:\/\/insixsigma.com.mx\/\",\"logo\":{\"@type\":\"ImageObject\",\"inLanguage\":\"en-US\",\"@id\":\"https:\/\/insixsigma.com.mx\/#\/schema\/logo\/image\/\",\"url\":\"https:\/\/insixsigma.com.mx\/wp-content\/uploads\/2022\/09\/LOGOtipo.png\",\"contentUrl\":\"https:\/\/insixsigma.com.mx\/wp-content\/uploads\/2022\/09\/LOGOtipo.png\",\"width\":150,\"height\":100,\"caption\":\"Food insixsigma\"},\"image\":{\"@id\":\"https:\/\/insixsigma.com.mx\/#\/schema\/logo\/image\/\"},\"sameAs\":[\"https:\/\/www.facebook.com\/p\/Food-Insixsigma-sa-de-cv-100079939892505\/\"]}]}<\/script>\n<!-- \/ Yoast SEO plugin. -->","yoast_head_json":{"title":"Sobre 3 sellos - Food insixsigma","description":"Envase flexible de tres sellos para envasar alimentos l\u00edquidos y polvos.","robots":{"index":"index","follow":"follow","max-snippet":"max-snippet:-1","max-image-preview":"max-image-preview:large","max-video-preview":"max-video-preview:-1"},"canonical":"https:\/\/insixsigma.com.mx\/en\/envasamos-tus-productos\/sobre-3-sellos\/","og_locale":"en_US","og_type":"article","og_title":"Sobre 3 sellos - Food insixsigma","og_description":"Envase flexible de tres sellos para envasar alimentos l\u00edquidos y polvos.","og_url":"https:\/\/insixsigma.com.mx\/en\/envasamos-tus-productos\/sobre-3-sellos\/","og_site_name":"Food insixsigma","article_publisher":"https:\/\/www.facebook.com\/p\/Food-Insixsigma-sa-de-cv-100079939892505\/","article_modified_time":"2023-02-01T20:32:28+00:00","og_image":[{"width":926,"height":152,"url":"https:\/\/insixsigma.com.mx\/wp-content\/uploads\/2023\/01\/3SellosPortada.png","type":"image\/png"}],"twitter_card":"summary_large_image","twitter_misc":{"Est. reading time":"3 minutes"},"schema":{"@context":"https:\/\/schema.org","@graph":[{"@type":"WebPage","@id":"https:\/\/insixsigma.com.mx\/envasamos-tus-productos\/sobre-3-sellos\/","url":"https:\/\/insixsigma.com.mx\/envasamos-tus-productos\/sobre-3-sellos\/","name":"Sobre 3 sellos - Food insixsigma","isPartOf":{"@id":"https:\/\/insixsigma.com.mx\/#website"},"primaryImageOfPage":{"@id":"https:\/\/insixsigma.com.mx\/envasamos-tus-productos\/sobre-3-sellos\/#primaryimage"},"image":{"@id":"https:\/\/insixsigma.com.mx\/envasamos-tus-productos\/sobre-3-sellos\/#primaryimage"},"thumbnailUrl":"https:\/\/insixsigma.com.mx\/wp-content\/uploads\/2023\/01\/3SellosPortada.png","datePublished":"2023-01-12T17:34:31+00:00","dateModified":"2023-02-01T20:32:28+00:00","description":"Envase flexible de tres sellos para envasar alimentos l\u00edquidos y polvos.","breadcrumb":{"@id":"https:\/\/insixsigma.com.mx\/envasamos-tus-productos\/sobre-3-sellos\/#breadcrumb"},"inLanguage":"en-US","potentialAction":[{"@type":"ReadAction","target":["https:\/\/insixsigma.com.mx\/envasamos-tus-productos\/sobre-3-sellos\/"]}]},{"@type":"ImageObject","inLanguage":"en-US","@id":"https:\/\/insixsigma.com.mx\/envasamos-tus-productos\/sobre-3-sellos\/#primaryimage","url":"https:\/\/insixsigma.com.mx\/wp-content\/uploads\/2023\/01\/3SellosPortada.png","contentUrl":"https:\/\/insixsigma.com.mx\/wp-content\/uploads\/2023\/01\/3SellosPortada.png","width":926,"height":152,"caption":"Sachet tres sellos"},{"@type":"BreadcrumbList","@id":"https:\/\/insixsigma.com.mx\/envasamos-tus-productos\/sobre-3-sellos\/#breadcrumb","itemListElement":[{"@type":"ListItem","position":1,"name":"Home","item":"https:\/\/insixsigma.com.mx\/"},{"@type":"ListItem","position":2,"name":"Envasamos tus productos","item":"https:\/\/insixsigma.com.mx\/envasamos-tus-productos\/"},{"@type":"ListItem","position":3,"name":"Sobre 3 sellos"}]},{"@type":"WebSite","@id":"https:\/\/insixsigma.com.mx\/#website","url":"https:\/\/insixsigma.com.mx\/","name":"Food insixsigma","description":"Maquila de envasado y producci\u00f3n.","publisher":{"@id":"https:\/\/insixsigma.com.mx\/#organization"},"potentialAction":[{"@type":"SearchAction","target":{"@type":"EntryPoint","urlTemplate":"https:\/\/insixsigma.com.mx\/?s={search_term_string}"},"query-input":{"@type":"PropertyValueSpecification","valueRequired":true,"valueName":"search_term_string"}}],"inLanguage":"en-US"},{"@type":"Organization","@id":"https:\/\/insixsigma.com.mx\/#organization","name":"Food insixsigma","url":"https:\/\/insixsigma.com.mx\/","logo":{"@type":"ImageObject","inLanguage":"en-US","@id":"https:\/\/insixsigma.com.mx\/#\/schema\/logo\/image\/","url":"https:\/\/insixsigma.com.mx\/wp-content\/uploads\/2022\/09\/LOGOtipo.png","contentUrl":"https:\/\/insixsigma.com.mx\/wp-content\/uploads\/2022\/09\/LOGOtipo.png","width":150,"height":100,"caption":"Food insixsigma"},"image":{"@id":"https:\/\/insixsigma.com.mx\/#\/schema\/logo\/image\/"},"sameAs":["https:\/\/www.facebook.com\/p\/Food-Insixsigma-sa-de-cv-100079939892505\/"]}]}},"_links":{"self":[{"href":"https:\/\/insixsigma.com.mx\/en\/wp-json\/wp\/v2\/pages\/1030","targetHints":{"allow":["GET"]}}],"collection":[{"href":"https:\/\/insixsigma.com.mx\/en\/wp-json\/wp\/v2\/pages"}],"about":[{"href":"https:\/\/insixsigma.com.mx\/en\/wp-json\/wp\/v2\/types\/page"}],"author":[{"embeddable":true,"href":"https:\/\/insixsigma.com.mx\/en\/wp-json\/wp\/v2\/users\/1"}],"replies":[{"embeddable":true,"href":"https:\/\/insixsigma.com.mx\/en\/wp-json\/wp\/v2\/comments?post=1030"}],"version-history":[{"count":4,"href":"https:\/\/insixsigma.com.mx\/en\/wp-json\/wp\/v2\/pages\/1030\/revisions"}],"predecessor-version":[{"id":1079,"href":"https:\/\/insixsigma.com.mx\/en\/wp-json\/wp\/v2\/pages\/1030\/revisions\/1079"}],"up":[{"embeddable":true,"href":"https:\/\/insixsigma.com.mx\/en\/wp-json\/wp\/v2\/pages\/416"}],"wp:featuredmedia":[{"embeddable":true,"href":"https:\/\/insixsigma.com.mx\/en\/wp-json\/wp\/v2\/media\/1054"}],"wp:attachment":[{"href":"https:\/\/insixsigma.com.mx\/en\/wp-json\/wp\/v2\/media?parent=1030"}],"curies":[{"name":"wp","href":"https:\/\/api.w.org\/{rel}","templated":true}]}}