{"id":1028,"date":"2023-01-11T09:55:39","date_gmt":"2023-01-11T15:55:39","guid":{"rendered":"https:\/\/insixsigma.com.mx\/?page_id=1028"},"modified":"2023-02-28T11:59:50","modified_gmt":"2023-02-28T17:59:50","slug":"bolsa-pillow","status":"publish","type":"page","link":"https:\/\/insixsigma.com.mx\/en\/envasamos-tus-productos\/bolsa-pillow\/","title":{"rendered":"Pillow bag"},"content":{"rendered":"<p>La bolsa <strong>pillow<\/strong> es un envase flexible de 3 sellos, dos horizontales y uno vertical en la parte posterior del envase. Este envase puede ser utilizado para s\u00f3lidos, granulados, polvos y l\u00edquidos. <\/p>\n\n\n\n<p>Las medidas con las que podemos formar esta bolsa son:<\/p>\n\n\n\n<div class=\"wp-block-columns is-layout-flex wp-container-core-columns-is-layout-1 wp-block-columns-is-layout-flex\">\n<div class=\"wp-block-column is-layout-flow wp-block-column-is-layout-flow\">\n<blockquote class=\"wp-block-quote is-layout-flow wp-block-quote-is-layout-flow\" style=\"font-style:normal;font-weight:600\">\n<p>M\u00ednimas:<\/p>\n\n\n\n<p>Ancho: 5cm<br>Alto: 6cm<br>Gramos: 5<\/p>\n<\/blockquote>\n<\/div>\n\n\n\n<div class=\"wp-block-column is-layout-flow wp-block-column-is-layout-flow\">\n<blockquote class=\"wp-block-quote is-layout-flow wp-block-quote-is-layout-flow\" style=\"font-style:normal;font-weight:600\">\n<p>M\u00e1ximas:<\/p>\n\n\n\n<p>Ancho: 20cm<br>Alto: 40cm<br>Gramos: 1500<\/p>\n<\/blockquote>\n<\/div>\n<\/div>\n\n\n\n<figure class=\"wp-block-image size-large\"><img loading=\"lazy\" decoding=\"async\" width=\"1024\" height=\"251\" src=\"https:\/\/insixsigma.com.mx\/wp-content\/uploads\/2023\/01\/BolsasPillow-1024x251.png\" alt=\"\" class=\"wp-image-1033\" srcset=\"https:\/\/insixsigma.com.mx\/wp-content\/uploads\/2023\/01\/BolsasPillow-1024x251.png 1024w, https:\/\/insixsigma.com.mx\/wp-content\/uploads\/2023\/01\/BolsasPillow-300x74.png 300w, https:\/\/insixsigma.com.mx\/wp-content\/uploads\/2023\/01\/BolsasPillow-768x189.png 768w, https:\/\/insixsigma.com.mx\/wp-content\/uploads\/2023\/01\/BolsasPillow-600x147.png 600w, https:\/\/insixsigma.com.mx\/wp-content\/uploads\/2023\/01\/BolsasPillow.png 1332w\" sizes=\"auto, (max-width: 1024px) 100vw, 1024px\" \/><\/figure>\n\n\n\n<p><strong><mark style=\"background-color:rgba(0, 0, 0, 0)\" class=\"has-inline-color has-vivid-cyan-blue-color\">Food Insixsigma<\/mark><\/strong> cuenta con la maquinaria necesaria para formar, llenar y sellar <strong>bolsa pillow<\/strong> con calidad de exportaci\u00f3n por lo que tenemos la versatilidad de crear un empaque sorprendente en textura y colores para este tipo de sobre. <\/p>\n\n\n\n<p>Las ventajas del <strong>sobre pillow<\/strong> son:<\/p>\n\n\n\n<ul class=\"wp-block-list\">\n<li>Facilidad de distribuci\u00f3n por su peso y maniobrabilidad<\/li>\n\n\n\n<li>Disminuci\u00f3n de costos por la materia prima y producci\u00f3n en masa <\/li>\n\n\n\n<li>Alta resistencia a altas presiones y durabilidad ante el manejo en tiendas<\/li>\n<\/ul>\n\n\n\n<p>La<strong> bolsa en T<\/strong> tambi\u00e9n llamada ha demostrado por su facilidad de manejo y disminuci\u00f3n de costos una gran versatilidad para su uso, algunos ejemplos de los <strong>productos que se envasan en bolsa pillow<\/strong> son: caf\u00e9, gelatina, snacks, chocolate en polvo, aceite, chile en polvo, entre otros.<\/p>\n\n\n\n<p>Una de las grandes ventajas de este envase es que al ser una bolsa totalmente imprimible, se pude lograr un envase muy llamativo y con una gran presencia de marca en el anaquel. Otro forma de presentarlo es en caja display para que se presente de pie en los anaqueles del punto de venta.<\/p>\n\n\n\n<p>Al ser un envase relativamente f\u00e1cil de formar y sellar se puede lograr una gran velocidad de producci\u00f3n y la maquinaria est\u00e1 muy bien optimizada para este tipo de envases. Lo que lo vuelve un empaque muy econ\u00f3mico en comparaci\u00f3n de otros envases.<\/p>\n\n\n\n<div class=\"wp-block-buttons is-layout-flex wp-block-buttons-is-layout-flex\">\n<div class=\"wp-block-button has-custom-width wp-block-button__width-100\"><a class=\"wp-block-button__link has-vivid-cyan-blue-background-color has-background wp-element-button\" href=\"\" target=\"_blank\" rel=\"noreferrer noopener\">Quote your product<\/a><\/div>\n<\/div>\n\n\n\n<figure class=\"wp-block-image alignfull size-full\"><img loading=\"lazy\" decoding=\"async\" width=\"628\" height=\"240\" src=\"https:\/\/insixsigma.com.mx\/wp-content\/uploads\/2023\/02\/image-2.png\" alt=\"\" class=\"wp-image-1173\" srcset=\"https:\/\/insixsigma.com.mx\/wp-content\/uploads\/2023\/02\/image-2.png 628w, https:\/\/insixsigma.com.mx\/wp-content\/uploads\/2023\/02\/image-2-300x115.png 300w, https:\/\/insixsigma.com.mx\/wp-content\/uploads\/2023\/02\/image-2-600x229.png 600w\" sizes=\"auto, (max-width: 628px) 100vw, 628px\" \/><\/figure>","protected":false},"excerpt":{"rendered":"<p>La bolsa pillow es un envase flexible de 3 sellos, dos horizontales y uno vertical en la parte posterior del envase. Este envase puede ser&hellip;<\/p>","protected":false},"author":1,"featured_media":1035,"parent":416,"menu_order":0,"comment_status":"closed","ping_status":"closed","template":"","meta":{"_themeisle_gutenberg_block_has_review":false,"_joinchat":[],"footnotes":""},"class_list":["post-1028","page","type-page","status-publish","has-post-thumbnail","hentry"],"yoast_head":"<!-- This site is optimized with the Yoast SEO plugin v26.8 - https:\/\/yoast.com\/product\/yoast-seo-wordpress\/ -->\n<title>Bolsa Pillow - Food insixsigma<\/title>\n<meta name=\"description\" content=\"La bolsa pillow ha demostrado facilidad de manejo y disminuci\u00f3n de costos una gran versatilidad para su uso.\" \/>\n<meta name=\"robots\" content=\"index, follow, max-snippet:-1, max-image-preview:large, max-video-preview:-1\" \/>\n<link rel=\"canonical\" href=\"https:\/\/insixsigma.com.mx\/en\/envasamos-tus-productos\/bolsa-pillow\/\" \/>\n<meta property=\"og:locale\" content=\"en_US\" \/>\n<meta property=\"og:type\" content=\"article\" \/>\n<meta property=\"og:title\" content=\"Bolsa Pillow - Food insixsigma\" \/>\n<meta property=\"og:description\" content=\"La bolsa pillow ha demostrado facilidad de manejo y disminuci\u00f3n de costos una gran versatilidad para su uso.\" \/>\n<meta property=\"og:url\" content=\"https:\/\/insixsigma.com.mx\/en\/envasamos-tus-productos\/bolsa-pillow\/\" \/>\n<meta property=\"og:site_name\" content=\"Food insixsigma\" \/>\n<meta property=\"article:publisher\" content=\"https:\/\/www.facebook.com\/p\/Food-Insixsigma-sa-de-cv-100079939892505\/\" \/>\n<meta property=\"article:modified_time\" content=\"2023-02-28T17:59:50+00:00\" \/>\n<meta property=\"og:image\" content=\"https:\/\/insixsigma.com.mx\/wp-content\/uploads\/2023\/01\/PillowPortada.png\" \/>\n\t<meta property=\"og:image:width\" content=\"926\" \/>\n\t<meta property=\"og:image:height\" content=\"152\" \/>\n\t<meta property=\"og:image:type\" content=\"image\/png\" \/>\n<meta name=\"twitter:card\" content=\"summary_large_image\" \/>\n<meta name=\"twitter:label1\" content=\"Est. reading time\" \/>\n\t<meta name=\"twitter:data1\" content=\"2 minutes\" \/>\n<script type=\"application\/ld+json\" class=\"yoast-schema-graph\">{\"@context\":\"https:\/\/schema.org\",\"@graph\":[{\"@type\":\"WebPage\",\"@id\":\"https:\/\/insixsigma.com.mx\/envasamos-tus-productos\/bolsa-pillow\/\",\"url\":\"https:\/\/insixsigma.com.mx\/envasamos-tus-productos\/bolsa-pillow\/\",\"name\":\"Bolsa Pillow - Food insixsigma\",\"isPartOf\":{\"@id\":\"https:\/\/insixsigma.com.mx\/#website\"},\"primaryImageOfPage\":{\"@id\":\"https:\/\/insixsigma.com.mx\/envasamos-tus-productos\/bolsa-pillow\/#primaryimage\"},\"image\":{\"@id\":\"https:\/\/insixsigma.com.mx\/envasamos-tus-productos\/bolsa-pillow\/#primaryimage\"},\"thumbnailUrl\":\"https:\/\/insixsigma.com.mx\/wp-content\/uploads\/2023\/01\/PillowPortada.png\",\"datePublished\":\"2023-01-11T15:55:39+00:00\",\"dateModified\":\"2023-02-28T17:59:50+00:00\",\"description\":\"La bolsa pillow ha demostrado facilidad de manejo y disminuci\u00f3n de costos una gran versatilidad para su uso.\",\"breadcrumb\":{\"@id\":\"https:\/\/insixsigma.com.mx\/envasamos-tus-productos\/bolsa-pillow\/#breadcrumb\"},\"inLanguage\":\"en-US\",\"potentialAction\":[{\"@type\":\"ReadAction\",\"target\":[\"https:\/\/insixsigma.com.mx\/envasamos-tus-productos\/bolsa-pillow\/\"]}]},{\"@type\":\"ImageObject\",\"inLanguage\":\"en-US\",\"@id\":\"https:\/\/insixsigma.com.mx\/envasamos-tus-productos\/bolsa-pillow\/#primaryimage\",\"url\":\"https:\/\/insixsigma.com.mx\/wp-content\/uploads\/2023\/01\/PillowPortada.png\",\"contentUrl\":\"https:\/\/insixsigma.com.mx\/wp-content\/uploads\/2023\/01\/PillowPortada.png\",\"width\":926,\"height\":152,\"caption\":\"Bolsa pillow\"},{\"@type\":\"BreadcrumbList\",\"@id\":\"https:\/\/insixsigma.com.mx\/envasamos-tus-productos\/bolsa-pillow\/#breadcrumb\",\"itemListElement\":[{\"@type\":\"ListItem\",\"position\":1,\"name\":\"Home\",\"item\":\"https:\/\/insixsigma.com.mx\/\"},{\"@type\":\"ListItem\",\"position\":2,\"name\":\"Envasamos tus productos\",\"item\":\"https:\/\/insixsigma.com.mx\/envasamos-tus-productos\/\"},{\"@type\":\"ListItem\",\"position\":3,\"name\":\"Bolsa Pillow\"}]},{\"@type\":\"WebSite\",\"@id\":\"https:\/\/insixsigma.com.mx\/#website\",\"url\":\"https:\/\/insixsigma.com.mx\/\",\"name\":\"Food insixsigma\",\"description\":\"Maquila de envasado y producci\u00f3n.\",\"publisher\":{\"@id\":\"https:\/\/insixsigma.com.mx\/#organization\"},\"potentialAction\":[{\"@type\":\"SearchAction\",\"target\":{\"@type\":\"EntryPoint\",\"urlTemplate\":\"https:\/\/insixsigma.com.mx\/?s={search_term_string}\"},\"query-input\":{\"@type\":\"PropertyValueSpecification\",\"valueRequired\":true,\"valueName\":\"search_term_string\"}}],\"inLanguage\":\"en-US\"},{\"@type\":\"Organization\",\"@id\":\"https:\/\/insixsigma.com.mx\/#organization\",\"name\":\"Food insixsigma\",\"url\":\"https:\/\/insixsigma.com.mx\/\",\"logo\":{\"@type\":\"ImageObject\",\"inLanguage\":\"en-US\",\"@id\":\"https:\/\/insixsigma.com.mx\/#\/schema\/logo\/image\/\",\"url\":\"https:\/\/insixsigma.com.mx\/wp-content\/uploads\/2022\/09\/LOGOtipo.png\",\"contentUrl\":\"https:\/\/insixsigma.com.mx\/wp-content\/uploads\/2022\/09\/LOGOtipo.png\",\"width\":150,\"height\":100,\"caption\":\"Food insixsigma\"},\"image\":{\"@id\":\"https:\/\/insixsigma.com.mx\/#\/schema\/logo\/image\/\"},\"sameAs\":[\"https:\/\/www.facebook.com\/p\/Food-Insixsigma-sa-de-cv-100079939892505\/\"]}]}<\/script>\n<!-- \/ Yoast SEO plugin. -->","yoast_head_json":{"title":"Bolsa Pillow - Food insixsigma","description":"La bolsa pillow ha demostrado facilidad de manejo y disminuci\u00f3n de costos una gran versatilidad para su uso.","robots":{"index":"index","follow":"follow","max-snippet":"max-snippet:-1","max-image-preview":"max-image-preview:large","max-video-preview":"max-video-preview:-1"},"canonical":"https:\/\/insixsigma.com.mx\/en\/envasamos-tus-productos\/bolsa-pillow\/","og_locale":"en_US","og_type":"article","og_title":"Bolsa Pillow - Food insixsigma","og_description":"La bolsa pillow ha demostrado facilidad de manejo y disminuci\u00f3n de costos una gran versatilidad para su uso.","og_url":"https:\/\/insixsigma.com.mx\/en\/envasamos-tus-productos\/bolsa-pillow\/","og_site_name":"Food insixsigma","article_publisher":"https:\/\/www.facebook.com\/p\/Food-Insixsigma-sa-de-cv-100079939892505\/","article_modified_time":"2023-02-28T17:59:50+00:00","og_image":[{"width":926,"height":152,"url":"https:\/\/insixsigma.com.mx\/wp-content\/uploads\/2023\/01\/PillowPortada.png","type":"image\/png"}],"twitter_card":"summary_large_image","twitter_misc":{"Est. reading time":"2 minutes"},"schema":{"@context":"https:\/\/schema.org","@graph":[{"@type":"WebPage","@id":"https:\/\/insixsigma.com.mx\/envasamos-tus-productos\/bolsa-pillow\/","url":"https:\/\/insixsigma.com.mx\/envasamos-tus-productos\/bolsa-pillow\/","name":"Bolsa Pillow - Food insixsigma","isPartOf":{"@id":"https:\/\/insixsigma.com.mx\/#website"},"primaryImageOfPage":{"@id":"https:\/\/insixsigma.com.mx\/envasamos-tus-productos\/bolsa-pillow\/#primaryimage"},"image":{"@id":"https:\/\/insixsigma.com.mx\/envasamos-tus-productos\/bolsa-pillow\/#primaryimage"},"thumbnailUrl":"https:\/\/insixsigma.com.mx\/wp-content\/uploads\/2023\/01\/PillowPortada.png","datePublished":"2023-01-11T15:55:39+00:00","dateModified":"2023-02-28T17:59:50+00:00","description":"La bolsa pillow ha demostrado facilidad de manejo y disminuci\u00f3n de costos una gran versatilidad para su uso.","breadcrumb":{"@id":"https:\/\/insixsigma.com.mx\/envasamos-tus-productos\/bolsa-pillow\/#breadcrumb"},"inLanguage":"en-US","potentialAction":[{"@type":"ReadAction","target":["https:\/\/insixsigma.com.mx\/envasamos-tus-productos\/bolsa-pillow\/"]}]},{"@type":"ImageObject","inLanguage":"en-US","@id":"https:\/\/insixsigma.com.mx\/envasamos-tus-productos\/bolsa-pillow\/#primaryimage","url":"https:\/\/insixsigma.com.mx\/wp-content\/uploads\/2023\/01\/PillowPortada.png","contentUrl":"https:\/\/insixsigma.com.mx\/wp-content\/uploads\/2023\/01\/PillowPortada.png","width":926,"height":152,"caption":"Bolsa pillow"},{"@type":"BreadcrumbList","@id":"https:\/\/insixsigma.com.mx\/envasamos-tus-productos\/bolsa-pillow\/#breadcrumb","itemListElement":[{"@type":"ListItem","position":1,"name":"Home","item":"https:\/\/insixsigma.com.mx\/"},{"@type":"ListItem","position":2,"name":"Envasamos tus productos","item":"https:\/\/insixsigma.com.mx\/envasamos-tus-productos\/"},{"@type":"ListItem","position":3,"name":"Bolsa Pillow"}]},{"@type":"WebSite","@id":"https:\/\/insixsigma.com.mx\/#website","url":"https:\/\/insixsigma.com.mx\/","name":"Food insixsigma","description":"Maquila de envasado y producci\u00f3n.","publisher":{"@id":"https:\/\/insixsigma.com.mx\/#organization"},"potentialAction":[{"@type":"SearchAction","target":{"@type":"EntryPoint","urlTemplate":"https:\/\/insixsigma.com.mx\/?s={search_term_string}"},"query-input":{"@type":"PropertyValueSpecification","valueRequired":true,"valueName":"search_term_string"}}],"inLanguage":"en-US"},{"@type":"Organization","@id":"https:\/\/insixsigma.com.mx\/#organization","name":"Food insixsigma","url":"https:\/\/insixsigma.com.mx\/","logo":{"@type":"ImageObject","inLanguage":"en-US","@id":"https:\/\/insixsigma.com.mx\/#\/schema\/logo\/image\/","url":"https:\/\/insixsigma.com.mx\/wp-content\/uploads\/2022\/09\/LOGOtipo.png","contentUrl":"https:\/\/insixsigma.com.mx\/wp-content\/uploads\/2022\/09\/LOGOtipo.png","width":150,"height":100,"caption":"Food insixsigma"},"image":{"@id":"https:\/\/insixsigma.com.mx\/#\/schema\/logo\/image\/"},"sameAs":["https:\/\/www.facebook.com\/p\/Food-Insixsigma-sa-de-cv-100079939892505\/"]}]}},"_links":{"self":[{"href":"https:\/\/insixsigma.com.mx\/en\/wp-json\/wp\/v2\/pages\/1028","targetHints":{"allow":["GET"]}}],"collection":[{"href":"https:\/\/insixsigma.com.mx\/en\/wp-json\/wp\/v2\/pages"}],"about":[{"href":"https:\/\/insixsigma.com.mx\/en\/wp-json\/wp\/v2\/types\/page"}],"author":[{"embeddable":true,"href":"https:\/\/insixsigma.com.mx\/en\/wp-json\/wp\/v2\/users\/1"}],"replies":[{"embeddable":true,"href":"https:\/\/insixsigma.com.mx\/en\/wp-json\/wp\/v2\/comments?post=1028"}],"version-history":[{"count":4,"href":"https:\/\/insixsigma.com.mx\/en\/wp-json\/wp\/v2\/pages\/1028\/revisions"}],"predecessor-version":[{"id":1300,"href":"https:\/\/insixsigma.com.mx\/en\/wp-json\/wp\/v2\/pages\/1028\/revisions\/1300"}],"up":[{"embeddable":true,"href":"https:\/\/insixsigma.com.mx\/en\/wp-json\/wp\/v2\/pages\/416"}],"wp:featuredmedia":[{"embeddable":true,"href":"https:\/\/insixsigma.com.mx\/en\/wp-json\/wp\/v2\/media\/1035"}],"wp:attachment":[{"href":"https:\/\/insixsigma.com.mx\/en\/wp-json\/wp\/v2\/media?parent=1028"}],"curies":[{"name":"wp","href":"https:\/\/api.w.org\/{rel}","templated":true}]}}